{"id":122,"date":"2018-08-19T20:08:50","date_gmt":"2018-08-19T20:08:50","guid":{"rendered":"https:\/\/palotina.ufpr.br\/bichodagua\/?page_id=122"},"modified":"2019-09-26T17:51:15","modified_gmt":"2019-09-26T17:51:15","slug":"atividades","status":"publish","type":"page","link":"https:\/\/palotina.ufpr.br\/bichodagua\/atividades\/","title":{"rendered":"Atividades"},"content":{"rendered":"<p><img fetchpriority=\"high\" decoding=\"async\" class=\"wp-image-130 size-full aligncenter\" src=\"https:\/\/palotina.ufpr.br\/bichodagua\/wp-content\/uploads\/sites\/18\/2018\/08\/Design-sem-nom5e.png\" width=\"500\" height=\"222\" srcset=\"https:\/\/palotina.ufpr.br\/bichodagua\/wp-content\/uploads\/sites\/18\/2018\/08\/Design-sem-nom5e.png 500w, https:\/\/palotina.ufpr.br\/bichodagua\/wp-content\/uploads\/sites\/18\/2018\/08\/Design-sem-nom5e-300x133.png 300w\" sizes=\"(max-width: 500px) 100vw, 500px\" \/><\/p>\n<hr \/>\n<h4>1 &#8211; Jogo das 7 diferen\u00e7as.<\/h4>\n<p>Neste jogo voc\u00ea deve encontrar as 7 diferen\u00e7as na imagem. No link, o professor ter\u00e1 acesso ao arquivo juntamente com o gabarito para confer\u00eancia.<\/p>\n<p><img decoding=\"async\" class=\"alignnone wp-image-239 \" src=\"https:\/\/palotina.ufpr.br\/bichodagua\/wp-content\/uploads\/sites\/18\/2018\/08\/Sem-T\u00edtulo-4.jpg\" alt=\"Sem T\u00edtulo-4\" width=\"450\" height=\"236\" srcset=\"https:\/\/palotina.ufpr.br\/bichodagua\/wp-content\/uploads\/sites\/18\/2018\/08\/Sem-T\u00edtulo-4.jpg 925w, https:\/\/palotina.ufpr.br\/bichodagua\/wp-content\/uploads\/sites\/18\/2018\/08\/Sem-T\u00edtulo-4-300x158.jpg 300w, https:\/\/palotina.ufpr.br\/bichodagua\/wp-content\/uploads\/sites\/18\/2018\/08\/Sem-T\u00edtulo-4-768x404.jpg 768w\" sizes=\"(max-width: 450px) 100vw, 450px\" \/><\/p>\n<p><a href=\"http:\/\/www.mediafire.com\/file\/ja13ptpisn6j2ww\/7+diferen%C3%A7as+com+a+resposta.pdf\" target=\"_blank\">Baixe aqui<\/a><\/p>\n<hr \/>\n<h4>2 &#8211; Jogo das Palavras<\/h4>\n<p>Nesse jogo voc\u00ea deve formar palavras com base nos s\u00edmbolos, onde cada s\u00edmbolo representa uma letra.<\/p>\n<p><img decoding=\"async\" class=\"alignnone wp-image-243 \" src=\"https:\/\/palotina.ufpr.br\/bichodagua\/wp-content\/uploads\/sites\/18\/2018\/08\/Palavras.jpg\" alt=\"Palavras\" width=\"437\" height=\"313\" srcset=\"https:\/\/palotina.ufpr.br\/bichodagua\/wp-content\/uploads\/sites\/18\/2018\/08\/Palavras.jpg 703w, https:\/\/palotina.ufpr.br\/bichodagua\/wp-content\/uploads\/sites\/18\/2018\/08\/Palavras-300x215.jpg 300w\" sizes=\"(max-width: 437px) 100vw, 437px\" \/><\/p>\n<p><a href=\"http:\/\/www.mediafire.com\/file\/p6cv7rczrrx6vvz\/Jogo+de+Palavras.pdf\">Baixe aqui<\/a><\/p>\n<hr \/>\n<h4>3 &#8211; Ca\u00e7a Palavras<\/h4>\n<p>Aqui, voc\u00ea deve encontrar palavras relacionadas aos macroinvertebrados bent\u00f4nicos.<\/p>\n<p><img loading=\"lazy\" decoding=\"async\" class=\"alignnone wp-image-246 \" src=\"https:\/\/palotina.ufpr.br\/bichodagua\/wp-content\/uploads\/sites\/18\/2018\/08\/Ca\u00e7a.jpg\" alt=\"Ca\u00e7a\" width=\"449\" height=\"249\" srcset=\"https:\/\/palotina.ufpr.br\/bichodagua\/wp-content\/uploads\/sites\/18\/2018\/08\/Ca\u00e7a.jpg 703w, https:\/\/palotina.ufpr.br\/bichodagua\/wp-content\/uploads\/sites\/18\/2018\/08\/Ca\u00e7a-300x166.jpg 300w\" sizes=\"(max-width: 449px) 100vw, 449px\" \/><\/p>\n<p><a href=\"http:\/\/www.mediafire.com\/file\/lfke23o16gms3uh\/Brincando+e+Aprendendo.pdf\" target=\"_blank\">Baixe aqui<\/a><\/p>\n<hr \/>\n<h4>4 &#8211; Cruzadinha<\/h4>\n<p>Nesta atividade voc\u00ea deve preencher as lacunas e encaixar as palavras corretamente.<\/p>\n<p><img loading=\"lazy\" decoding=\"async\" class=\"alignnone wp-image-262 \" src=\"https:\/\/palotina.ufpr.br\/bichodagua\/wp-content\/uploads\/sites\/18\/2018\/08\/Cruzadinha-1.jpg\" alt=\"Cruzadinha\" width=\"436\" height=\"390\" srcset=\"https:\/\/palotina.ufpr.br\/bichodagua\/wp-content\/uploads\/sites\/18\/2018\/08\/Cruzadinha-1.jpg 610w, https:\/\/palotina.ufpr.br\/bichodagua\/wp-content\/uploads\/sites\/18\/2018\/08\/Cruzadinha-1-300x269.jpg 300w\" sizes=\"(max-width: 436px) 100vw, 436px\" \/><\/p>\n<p><a href=\"http:\/\/www.mediafire.com\/file\/ao2u0n8a5wec99o\/Cruzadinha.pdf\/file\" target=\"_blank\">Baixe aqui<\/a><\/p>\n<h4>5 &#8211; Para colorir<\/h4>\n<p>Imagens ilustrativas\u00a0para colorir referentes aos macroinvertebrados bent\u00f4nicos.<\/p>\n<p><img loading=\"lazy\" decoding=\"async\" class=\"alignnone wp-image-273 \" src=\"https:\/\/palotina.ufpr.br\/bichodagua\/wp-content\/uploads\/sites\/18\/2018\/08\/colorirr.jpg\" alt=\"colorirr\" width=\"274\" height=\"422\" srcset=\"https:\/\/palotina.ufpr.br\/bichodagua\/wp-content\/uploads\/sites\/18\/2018\/08\/colorirr.jpg 331w, https:\/\/palotina.ufpr.br\/bichodagua\/wp-content\/uploads\/sites\/18\/2018\/08\/colorirr-195x300.jpg 195w\" sizes=\"(max-width: 274px) 100vw, 274px\" \/><\/p>\n<p><a href=\"http:\/\/www.mediafire.com\/file\/b45nkbi3dag3jey\/Colorir.pdf\/file\" target=\"_blank\">Baixe aqui<\/a><\/p>\n<hr \/>\n<h4>6 &#8211; L\u00f3gica de programa\u00e7\u00e3o.<\/h4>\n<p>Jogo para fixa\u00e7\u00e3o dos conte\u00fados j\u00e1 apresentados.<\/p>\n<p><img loading=\"lazy\" decoding=\"async\" class=\"alignnone size-medium wp-image-378\" src=\"https:\/\/palotina.ufpr.br\/bichodagua\/wp-content\/uploads\/sites\/18\/2018\/08\/Design-sem-nome-300x169.png\" alt=\"Design sem nome\" width=\"300\" height=\"169\" srcset=\"https:\/\/palotina.ufpr.br\/bichodagua\/wp-content\/uploads\/sites\/18\/2018\/08\/Design-sem-nome-300x169.png 300w, https:\/\/palotina.ufpr.br\/bichodagua\/wp-content\/uploads\/sites\/18\/2018\/08\/Design-sem-nome-768x432.png 768w, https:\/\/palotina.ufpr.br\/bichodagua\/wp-content\/uploads\/sites\/18\/2018\/08\/Design-sem-nome-1024x576.png 1024w, https:\/\/palotina.ufpr.br\/bichodagua\/wp-content\/uploads\/sites\/18\/2018\/08\/Design-sem-nome.png 1920w\" sizes=\"(max-width: 300px) 100vw, 300px\" \/><\/p>\n<hr \/>\n<h4>7 &#8211; Jogo da mem\u00f3ria<\/h4>\n<p>Utiliza imagens ilustrativas dos organismos possibilitando que sejam abordados t\u00f3picos relacionados a nomenclatura e a import\u00e2ncia desses organismos.<\/p>\n<p><img loading=\"lazy\" decoding=\"async\" class=\"alignnone size-full wp-image-609\" src=\"https:\/\/palotina.ufpr.br\/bichodagua\/wp-content\/uploads\/sites\/18\/2018\/08\/capa_link.jpg\" alt=\"capa_link\" width=\"120\" height=\"150\" \/><br \/>\n<button class=\"btn default\"><a href=\"https:\/\/palotina.ufpr.br\/JOGO_MEMORIA\/\">Jogar<\/a><\/button><\/p>\n","protected":false},"excerpt":{"rendered":"<p>1 &#8211; Jogo das 7 diferen\u00e7as. Neste jogo voc\u00ea deve encontrar as 7 diferen\u00e7as na imagem. No link, o professor ter\u00e1 acesso ao arquivo juntamente com o gabarito para confer\u00eancia. Baixe aqui 2 &#8211; Jogo das Palavras Nesse jogo voc\u00ea deve formar palavras com base nos s\u00edmbolos, onde cada s\u00edmbolo representa uma letra. Baixe aqui [&hellip;]<\/p>\n","protected":false},"author":1422,"featured_media":0,"parent":0,"menu_order":0,"comment_status":"closed","ping_status":"closed","template":"","meta":{"_acf_changed":false,"footnotes":""},"class_list":["post-122","page","type-page","status-publish","hentry"],"acf":[],"_links":{"self":[{"href":"https:\/\/palotina.ufpr.br\/bichodagua\/wp-json\/wp\/v2\/pages\/122","targetHints":{"allow":["GET"]}}],"collection":[{"href":"https:\/\/palotina.ufpr.br\/bichodagua\/wp-json\/wp\/v2\/pages"}],"about":[{"href":"https:\/\/palotina.ufpr.br\/bichodagua\/wp-json\/wp\/v2\/types\/page"}],"author":[{"embeddable":true,"href":"https:\/\/palotina.ufpr.br\/bichodagua\/wp-json\/wp\/v2\/users\/1422"}],"replies":[{"embeddable":true,"href":"https:\/\/palotina.ufpr.br\/bichodagua\/wp-json\/wp\/v2\/comments?post=122"}],"version-history":[{"count":41,"href":"https:\/\/palotina.ufpr.br\/bichodagua\/wp-json\/wp\/v2\/pages\/122\/revisions"}],"predecessor-version":[{"id":711,"href":"https:\/\/palotina.ufpr.br\/bichodagua\/wp-json\/wp\/v2\/pages\/122\/revisions\/711"}],"wp:attachment":[{"href":"https:\/\/palotina.ufpr.br\/bichodagua\/wp-json\/wp\/v2\/media?parent=122"}],"curies":[{"name":"wp","href":"https:\/\/api.w.org\/{rel}","templated":true}]}}