{"id":135,"date":"2018-08-19T21:33:10","date_gmt":"2018-08-19T21:33:10","guid":{"rendered":"https:\/\/palotina.ufpr.br\/bichodagua\/?page_id=135"},"modified":"2019-07-09T14:19:50","modified_gmt":"2019-07-09T14:19:50","slug":"sobre-o-projeto","status":"publish","type":"page","link":"https:\/\/palotina.ufpr.br\/bichodagua\/sobre-o-projeto\/","title":{"rendered":"Sobre o Projeto"},"content":{"rendered":"<h5>Esse projeto \u00e9 apresentado em diversos eventos com o objetivo de mostrar \u00e0 comunidade a import\u00e2ncia desses organismos.\u00a0Tamb\u00e9m \u00e9 desenvolvido em escolas,\u00a0com o intuito de conscientizar sobre a necessidade de preserva\u00e7\u00e3o e recupera\u00e7\u00e3o dos ambientes aqu\u00e1ticos, mostrando a todos a import\u00e2ncia dos macroinvertebrados bent\u00f4nicos como bioindicadores naturais,<span style=\"font-weight: bold\">\u00a0c<\/span>ontribuindo assim na forma\u00e7\u00e3o de uma consci\u00eancia ecol\u00f3gica, despertando interesse na conserva\u00e7\u00e3o dos recursos h\u00eddricos e a compreens\u00e3o sobre como a Universidade \u00e9 capaz de agregar saberes \u00e0 sociedade.<\/h5>\n<h5><span style=\"font-weight: 400\">O projeto integra a\u00e7\u00f5es de ensino e pesquisa, visando a indissociabilidade entre os mesmos, e estimulando, entre outros, a forma\u00e7\u00e3o de <\/span><b>Agentes ambientais.\u00a0<\/b><\/h5>\n<h5><\/h5>\n<p>&nbsp;<\/p>\n<h5><span style=\"font-weight: 400\">Etapas do projeto:<\/span><\/h5>\n<p>&nbsp;<\/p>\n<h4><i><span style=\"color: #000080\"> \u2022<\/span>\u00a0<\/i><span style=\"color: #000080\"><strong>Primeira etapa:<\/strong> <span style=\"color: #333399\">Atividade de Campo (Coleta)<\/span><\/span><\/h4>\n<p><img fetchpriority=\"high\" decoding=\"async\" class=\"alignnone size-medium wp-image-181\" src=\"https:\/\/palotina.ufpr.br\/bichodagua\/wp-content\/uploads\/sites\/18\/2018\/08\/Imagem2-300x273.jpg\" alt=\"Imagem2\" width=\"300\" height=\"273\" srcset=\"https:\/\/palotina.ufpr.br\/bichodagua\/wp-content\/uploads\/sites\/18\/2018\/08\/Imagem2-300x273.jpg 300w, https:\/\/palotina.ufpr.br\/bichodagua\/wp-content\/uploads\/sites\/18\/2018\/08\/Imagem2-768x700.jpg 768w, https:\/\/palotina.ufpr.br\/bichodagua\/wp-content\/uploads\/sites\/18\/2018\/08\/Imagem2.jpg 779w\" sizes=\"(max-width: 300px) 100vw, 300px\" \/><img decoding=\"async\" class=\"alignnone size-medium wp-image-180\" src=\"https:\/\/palotina.ufpr.br\/bichodagua\/wp-content\/uploads\/sites\/18\/2018\/08\/Imagem1-267x300.jpg\" alt=\"Imagem1\" width=\"267\" height=\"300\" srcset=\"https:\/\/palotina.ufpr.br\/bichodagua\/wp-content\/uploads\/sites\/18\/2018\/08\/Imagem1-267x300.jpg 267w, https:\/\/palotina.ufpr.br\/bichodagua\/wp-content\/uploads\/sites\/18\/2018\/08\/Imagem1.jpg 633w\" sizes=\"(max-width: 267px) 100vw, 267px\" \/><\/p>\n<p>&nbsp;<\/p>\n<h2 style=\"text-align: center\"><b><i>\u00a0<\/i><\/b><\/h2>\n<h4 style=\"text-align: center\"><span style=\"color: #000000\"><b>M\u00e9todos para<\/b><b> Col<\/b><b>eta<\/b><\/span><\/h4>\n<p><img decoding=\"async\" class=\"alignnone size-medium wp-image-190\" src=\"https:\/\/palotina.ufpr.br\/bichodagua\/wp-content\/uploads\/sites\/18\/2018\/08\/Imagem7-300x200.jpg\" alt=\"Imagem7\" width=\"300\" height=\"200\" srcset=\"https:\/\/palotina.ufpr.br\/bichodagua\/wp-content\/uploads\/sites\/18\/2018\/08\/Imagem7-300x200.jpg 300w, https:\/\/palotina.ufpr.br\/bichodagua\/wp-content\/uploads\/sites\/18\/2018\/08\/Imagem7.jpg 408w\" sizes=\"(max-width: 300px) 100vw, 300px\" \/>\u00a0<img loading=\"lazy\" decoding=\"async\" class=\"alignnone size-medium wp-image-188\" src=\"https:\/\/palotina.ufpr.br\/bichodagua\/wp-content\/uploads\/sites\/18\/2018\/08\/Imagem5-300x208.jpg\" alt=\"Imagem5\" width=\"300\" height=\"208\" srcset=\"https:\/\/palotina.ufpr.br\/bichodagua\/wp-content\/uploads\/sites\/18\/2018\/08\/Imagem5-300x208.jpg 300w, https:\/\/palotina.ufpr.br\/bichodagua\/wp-content\/uploads\/sites\/18\/2018\/08\/Imagem5.jpg 486w\" sizes=\"(max-width: 300px) 100vw, 300px\" \/><img loading=\"lazy\" decoding=\"async\" class=\"alignnone size-medium wp-image-189\" src=\"https:\/\/palotina.ufpr.br\/bichodagua\/wp-content\/uploads\/sites\/18\/2018\/08\/Imagem6-166x300.jpg\" alt=\"Imagem6\" width=\"166\" height=\"300\" srcset=\"https:\/\/palotina.ufpr.br\/bichodagua\/wp-content\/uploads\/sites\/18\/2018\/08\/Imagem6-166x300.jpg 166w, https:\/\/palotina.ufpr.br\/bichodagua\/wp-content\/uploads\/sites\/18\/2018\/08\/Imagem6.jpg 322w\" sizes=\"(max-width: 166px) 100vw, 166px\" \/><\/p>\n<p>&nbsp;<\/p>\n<p>&nbsp;<\/p>\n<p><img loading=\"lazy\" decoding=\"async\" class=\"alignnone size-medium wp-image-191\" src=\"https:\/\/palotina.ufpr.br\/bichodagua\/wp-content\/uploads\/sites\/18\/2018\/08\/Imagem9-200x300.jpg\" alt=\"Imagem9\" width=\"200\" height=\"300\" srcset=\"https:\/\/palotina.ufpr.br\/bichodagua\/wp-content\/uploads\/sites\/18\/2018\/08\/Imagem9-200x300.jpg 200w, https:\/\/palotina.ufpr.br\/bichodagua\/wp-content\/uploads\/sites\/18\/2018\/08\/Imagem9.jpg 297w\" sizes=\"(max-width: 200px) 100vw, 200px\" \/>\u00a0<img loading=\"lazy\" decoding=\"async\" class=\"alignnone size-medium wp-image-193\" src=\"https:\/\/palotina.ufpr.br\/bichodagua\/wp-content\/uploads\/sites\/18\/2018\/08\/Imagem8-225x300.jpg\" alt=\"Imagem8\" width=\"225\" height=\"300\" srcset=\"https:\/\/palotina.ufpr.br\/bichodagua\/wp-content\/uploads\/sites\/18\/2018\/08\/Imagem8-225x300.jpg 225w, https:\/\/palotina.ufpr.br\/bichodagua\/wp-content\/uploads\/sites\/18\/2018\/08\/Imagem8.jpg 323w\" sizes=\"(max-width: 225px) 100vw, 225px\" \/><img loading=\"lazy\" decoding=\"async\" class=\"alignnone size-medium wp-image-194\" src=\"https:\/\/palotina.ufpr.br\/bichodagua\/wp-content\/uploads\/sites\/18\/2018\/08\/Imagem10-1-233x300.jpg\" alt=\"Imagem10\" width=\"233\" height=\"300\" srcset=\"https:\/\/palotina.ufpr.br\/bichodagua\/wp-content\/uploads\/sites\/18\/2018\/08\/Imagem10-1-233x300.jpg 233w, https:\/\/palotina.ufpr.br\/bichodagua\/wp-content\/uploads\/sites\/18\/2018\/08\/Imagem10-1.jpg 371w\" sizes=\"(max-width: 233px) 100vw, 233px\" \/><\/p>\n<p>&nbsp;<\/p>\n<p>&nbsp;<\/p>\n<h4 style=\"text-align: center\"><span style=\"color: #000000\"><strong>Atividade Laboratorial<\/strong><\/span><\/h4>\n<p>&nbsp;<\/p>\n<h2 style=\"text-align: center\"><img loading=\"lazy\" decoding=\"async\" class=\"wp-image-198 alignleft\" src=\"https:\/\/palotina.ufpr.br\/bichodagua\/wp-content\/uploads\/sites\/18\/2018\/08\/Imagem11.png\" alt=\"Imagem11\" width=\"315\" height=\"294\" srcset=\"https:\/\/palotina.ufpr.br\/bichodagua\/wp-content\/uploads\/sites\/18\/2018\/08\/Imagem11.png 654w, https:\/\/palotina.ufpr.br\/bichodagua\/wp-content\/uploads\/sites\/18\/2018\/08\/Imagem11-300x279.png 300w\" sizes=\"(max-width: 315px) 100vw, 315px\" \/><\/h2>\n<p><img loading=\"lazy\" decoding=\"async\" class=\"wp-image-200 alignnone\" src=\"https:\/\/palotina.ufpr.br\/bichodagua\/wp-content\/uploads\/sites\/18\/2018\/08\/Imagem12-1.png\" alt=\"Imagem12\" width=\"394\" height=\"322\" srcset=\"https:\/\/palotina.ufpr.br\/bichodagua\/wp-content\/uploads\/sites\/18\/2018\/08\/Imagem12-1.png 699w, https:\/\/palotina.ufpr.br\/bichodagua\/wp-content\/uploads\/sites\/18\/2018\/08\/Imagem12-1-300x245.png 300w\" sizes=\"(max-width: 394px) 100vw, 394px\" \/><\/p>\n<h4><span style=\"color: #000080\"><strong><span style=\"color: #000080\">\u2022<\/span> Segunda Etapa:<\/strong> <span style=\"color: #333399\">Realiza\u00e7\u00e3o de oficinas e palestras em escolas<\/span><\/span><\/h4>\n<p>&nbsp;<\/p>\n<h5>Exposi\u00e7\u00e3o do projeto.<\/h5>\n<h4><\/h4>\n<h4 style=\"text-align: justify\"><img loading=\"lazy\" decoding=\"async\" class=\"alignnone wp-image-230 \" src=\"https:\/\/palotina.ufpr.br\/bichodagua\/wp-content\/uploads\/sites\/18\/2018\/08\/Imagem1-1-300x225.jpg\" alt=\"Imagem1\" width=\"315\" height=\"236\" srcset=\"https:\/\/palotina.ufpr.br\/bichodagua\/wp-content\/uploads\/sites\/18\/2018\/08\/Imagem1-1-300x225.jpg 300w, https:\/\/palotina.ufpr.br\/bichodagua\/wp-content\/uploads\/sites\/18\/2018\/08\/Imagem1-1-768x577.jpg 768w, https:\/\/palotina.ufpr.br\/bichodagua\/wp-content\/uploads\/sites\/18\/2018\/08\/Imagem1-1.jpg 965w\" sizes=\"(max-width: 315px) 100vw, 315px\" \/>\u00a0<img loading=\"lazy\" decoding=\"async\" class=\"alignnone wp-image-232\" src=\"https:\/\/palotina.ufpr.br\/bichodagua\/wp-content\/uploads\/sites\/18\/2018\/08\/gab-300x226.jpg\" alt=\"gab\" width=\"300\" height=\"226\" srcset=\"https:\/\/palotina.ufpr.br\/bichodagua\/wp-content\/uploads\/sites\/18\/2018\/08\/gab-300x226.jpg 300w, https:\/\/palotina.ufpr.br\/bichodagua\/wp-content\/uploads\/sites\/18\/2018\/08\/gab-768x579.jpg 768w, https:\/\/palotina.ufpr.br\/bichodagua\/wp-content\/uploads\/sites\/18\/2018\/08\/gab.jpg 977w\" sizes=\"(max-width: 300px) 100vw, 300px\" \/><\/h4>\n<p>&nbsp;<\/p>\n<h5>Aplica\u00e7\u00e3o de atividades para fixa\u00e7\u00e3o de conhecimento de maneira l\u00fadica e divertida.<\/h5>\n<p>&nbsp;<\/p>\n<p><img loading=\"lazy\" decoding=\"async\" class=\"wp-image-235 aligncenter\" src=\"https:\/\/palotina.ufpr.br\/bichodagua\/wp-content\/uploads\/sites\/18\/2018\/08\/Imagem5-1024x781.png\" alt=\"Imagem5\" width=\"466\" height=\"355\" srcset=\"https:\/\/palotina.ufpr.br\/bichodagua\/wp-content\/uploads\/sites\/18\/2018\/08\/Imagem5-1024x781.png 1024w, https:\/\/palotina.ufpr.br\/bichodagua\/wp-content\/uploads\/sites\/18\/2018\/08\/Imagem5-300x229.png 300w, https:\/\/palotina.ufpr.br\/bichodagua\/wp-content\/uploads\/sites\/18\/2018\/08\/Imagem5-768x586.png 768w, https:\/\/palotina.ufpr.br\/bichodagua\/wp-content\/uploads\/sites\/18\/2018\/08\/Imagem5.png 1350w\" sizes=\"(max-width: 466px) 100vw, 466px\" \/><\/p>\n<p>&nbsp;<\/p>\n<h5>Desenvolvimento das atividades propostas:<\/h5>\n<p>&nbsp;<\/p>\n<p>&nbsp;<\/p>\n<h5 style=\"text-align: center\"><strong>Observa\u00e7\u00e3o real dos organismos.\u00a0 \u00a0 \u00a0 \u00a0 \u00a0 \u00a0 \u00a0 \u00a0 \u00a0 \u00a0 \u00a0 \u00a0 \u00a0 \u00a0 \u00a0 \u00a0 \u00a0 \u00a0 \u00a0 \u00a0 \u00a0 \u00a0 \u00a0 \u00a0 \u00a0 \u00a0 \u00a0 \u00a0 \u00a0<\/strong><\/h5>\n<hr \/>\n<p><img loading=\"lazy\" decoding=\"async\" class=\"alignnone wp-image-248\" src=\"https:\/\/palotina.ufpr.br\/bichodagua\/wp-content\/uploads\/sites\/18\/2018\/08\/imagem-s-300x225.png\" alt=\"imagem s\" width=\"330\" height=\"240\" \/><\/p>\n<p>&nbsp;<\/p>\n<p>&nbsp;<\/p>\n<h5 style=\"text-align: center\"><strong>\u00a0 \u00a0 \u00a0 \u00a0 \u00a0 \u00a0 \u00a0 \u00a0 \u00a0 \u00a0 \u00a0 \u00a0 \u00a0 \u00a0Brincando com o jogo da mem\u00f3ria.<\/strong><\/h5>\n<hr \/>\n<p><img loading=\"lazy\" decoding=\"async\" class=\"size-medium wp-image-249 alignright\" src=\"https:\/\/palotina.ufpr.br\/bichodagua\/wp-content\/uploads\/sites\/18\/2018\/08\/imagem-s2-300x300.jpg\" alt=\"imagem s2\" width=\"300\" height=\"300\" srcset=\"https:\/\/palotina.ufpr.br\/bichodagua\/wp-content\/uploads\/sites\/18\/2018\/08\/imagem-s2-300x300.jpg 300w, https:\/\/palotina.ufpr.br\/bichodagua\/wp-content\/uploads\/sites\/18\/2018\/08\/imagem-s2-150x150.jpg 150w, https:\/\/palotina.ufpr.br\/bichodagua\/wp-content\/uploads\/sites\/18\/2018\/08\/imagem-s2-768x767.jpg 768w, https:\/\/palotina.ufpr.br\/bichodagua\/wp-content\/uploads\/sites\/18\/2018\/08\/imagem-s2.jpg 896w\" sizes=\"(max-width: 300px) 100vw, 300px\" \/><\/p>\n<p>&nbsp;<\/p>\n<p>&nbsp;<\/p>\n<h5><strong>Din\u00e2mica\u00a0do rio cont\u00ednuo.<\/strong><\/h5>\n<h6>Essa atividade \u00e9 desenvolvida em equipe com objetivo de chegar ao outro lado do tapete atrav\u00e9s de perguntas e respostas.<\/h6>\n<hr \/>\n<p><img loading=\"lazy\" decoding=\"async\" class=\"alignnone wp-image-251 size-large\" src=\"https:\/\/palotina.ufpr.br\/bichodagua\/wp-content\/uploads\/sites\/18\/2018\/08\/Imagem1-2-1024x309.png\" alt=\"Imagem1\" width=\"1024\" height=\"309\" srcset=\"https:\/\/palotina.ufpr.br\/bichodagua\/wp-content\/uploads\/sites\/18\/2018\/08\/Imagem1-2-1024x309.png 1024w, https:\/\/palotina.ufpr.br\/bichodagua\/wp-content\/uploads\/sites\/18\/2018\/08\/Imagem1-2-300x91.png 300w, https:\/\/palotina.ufpr.br\/bichodagua\/wp-content\/uploads\/sites\/18\/2018\/08\/Imagem1-2-768x232.png 768w, https:\/\/palotina.ufpr.br\/bichodagua\/wp-content\/uploads\/sites\/18\/2018\/08\/Imagem1-2.png 1852w\" sizes=\"(max-width: 1024px) 100vw, 1024px\" \/><\/p>\n<p>&nbsp;<\/p>\n<p>&nbsp;<\/p>\n<h5 style=\"text-align: justify\">Ap\u00f3s o termino da exposi\u00e7\u00e3o do projeto, os alunos retornam a aula, e com o material em m\u00e3os, finalizam as atividades propostas.<\/h5>\n<hr \/>\n<p>&nbsp;<\/p>\n","protected":false},"excerpt":{"rendered":"<p>Esse projeto \u00e9 apresentado em diversos eventos com o objetivo de mostrar \u00e0 comunidade a import\u00e2ncia desses organismos.\u00a0Tamb\u00e9m \u00e9 desenvolvido em escolas,\u00a0com o intuito de conscientizar sobre a necessidade de preserva\u00e7\u00e3o e recupera\u00e7\u00e3o dos ambientes aqu\u00e1ticos, mostrando a todos a import\u00e2ncia dos macroinvertebrados bent\u00f4nicos como bioindicadores naturais,\u00a0contribuindo assim na forma\u00e7\u00e3o de uma consci\u00eancia ecol\u00f3gica, despertando [&hellip;]<\/p>\n","protected":false},"author":1422,"featured_media":0,"parent":0,"menu_order":0,"comment_status":"closed","ping_status":"closed","template":"","meta":{"_acf_changed":false,"footnotes":""},"class_list":["post-135","page","type-page","status-publish","hentry"],"acf":[],"_links":{"self":[{"href":"https:\/\/palotina.ufpr.br\/bichodagua\/wp-json\/wp\/v2\/pages\/135","targetHints":{"allow":["GET"]}}],"collection":[{"href":"https:\/\/palotina.ufpr.br\/bichodagua\/wp-json\/wp\/v2\/pages"}],"about":[{"href":"https:\/\/palotina.ufpr.br\/bichodagua\/wp-json\/wp\/v2\/types\/page"}],"author":[{"embeddable":true,"href":"https:\/\/palotina.ufpr.br\/bichodagua\/wp-json\/wp\/v2\/users\/1422"}],"replies":[{"embeddable":true,"href":"https:\/\/palotina.ufpr.br\/bichodagua\/wp-json\/wp\/v2\/comments?post=135"}],"version-history":[{"count":37,"href":"https:\/\/palotina.ufpr.br\/bichodagua\/wp-json\/wp\/v2\/pages\/135\/revisions"}],"predecessor-version":[{"id":682,"href":"https:\/\/palotina.ufpr.br\/bichodagua\/wp-json\/wp\/v2\/pages\/135\/revisions\/682"}],"wp:attachment":[{"href":"https:\/\/palotina.ufpr.br\/bichodagua\/wp-json\/wp\/v2\/media?parent=135"}],"curies":[{"name":"wp","href":"https:\/\/api.w.org\/{rel}","templated":true}]}}