{"id":138,"date":"2018-08-19T21:33:37","date_gmt":"2018-08-19T21:33:37","guid":{"rendered":"https:\/\/palotina.ufpr.br\/bichodagua\/?page_id=138"},"modified":"2019-07-30T15:55:19","modified_gmt":"2019-07-30T15:55:19","slug":"conhecer-para-preservar","status":"publish","type":"page","link":"https:\/\/palotina.ufpr.br\/bichodagua\/conhecer-para-preservar\/","title":{"rendered":"Conhecer para Preservar"},"content":{"rendered":"<h6 style=\"padding-left: 210px\"><img fetchpriority=\"high\" decoding=\"async\" class=\"aligncenter wp-image-673 size-full\" src=\"https:\/\/palotina.ufpr.br\/bichodagua\/wp-content\/uploads\/sites\/18\/2018\/08\/Macrosinvertebrados-Bent\u00f4nicos.png\" alt=\"Macrosinvertebrados Bent\u00f4nicos!\" width=\"500\" height=\"222\" srcset=\"https:\/\/palotina.ufpr.br\/bichodagua\/wp-content\/uploads\/sites\/18\/2018\/08\/Macrosinvertebrados-Bent\u00f4nicos.png 500w, https:\/\/palotina.ufpr.br\/bichodagua\/wp-content\/uploads\/sites\/18\/2018\/08\/Macrosinvertebrados-Bent\u00f4nicos-300x133.png 300w, https:\/\/palotina.ufpr.br\/bichodagua\/wp-content\/uploads\/sites\/18\/2018\/08\/Macrosinvertebrados-Bent\u00f4nicos-160x71.png 160w\" sizes=\"(max-width: 500px) 100vw, 500px\" \/><\/h6>\n<hr \/>\n<h6 style=\"text-align: left\">O monitoramento de recursos h\u00eddricos assegura o desenvolvimento econ\u00f4mico, a qualidade de vida e a preserva\u00e7\u00e3o do meio ambiente. Com isso a avalia\u00e7\u00e3o biol\u00f3gica da \u00e1gua torna-se de extrema import\u00e2ncia.<\/h6>\n<h6 style=\"text-align: left\">Um dos m\u00e9todos utilizados para a avalia\u00e7\u00e3o da qualidade das \u00e1guas, consiste no uso de indicadores biol\u00f3gicos, dentre esses os macroinvertebrados Bent\u00f4nico<\/h6>\n<h6 style=\"text-align: left\">O que s\u00e3o esses bioindicadores?<\/h6>\n<h6 style=\"text-align: left\">S\u00e3o organismos bent\u00f4nicos que habitam no substrato dos ecossistemas aqu\u00e1ticos l\u00f3ticos ou l\u00eanticos, ao menos em uma etapa do seu ciclo de vida. O substrato \u00e9 o sedimento existente no fundo do ecossistema aqu\u00e1tico, podendo ser arenoso, argiloso, dentre outros. Os organismos tamb\u00e9m podem ficar aderidos \u00e0s rochas, plantas aqu\u00e1ticas ou folhas depositadas nos rios.<\/h6>\n<h6>Quais s\u00e3o suas caracter\u00edsticas?<\/h6>\n<ul>\n<li>\n<h6><span style=\"font-weight: 400\">F\u00e1cil identifica\u00e7\u00e3o;<\/span><\/h6>\n<\/li>\n<li style=\"font-weight: 400\">\n<h6><span style=\"font-weight: 400\">Grande tamanho, baixa mobilidade e longo ciclo de vida<\/span><span style=\"font-weight: 400\">.<\/span><\/h6>\n<\/li>\n<li style=\"font-weight: 400\">\n<h6><span style=\"font-weight: 400\">Grande n\u00famero de esp\u00e9cies;<\/span><\/h6>\n<\/li>\n<li style=\"font-weight: 400\">\n<h6><span style=\"font-weight: 400\">Habita em rios de pequenas dimens\u00f5es\/fauna extremamente rica;<\/span><\/h6>\n<\/li>\n<li style=\"font-weight: 400\">\n<h6><span style=\"font-weight: 400\">Natureza relativamente sedent\u00e1ria;<\/span><\/h6>\n<\/li>\n<li style=\"font-weight: 400\">\n<h6><span style=\"font-weight: 400\">De coleta simples, de baixo custo.<\/span><\/h6>\n<\/li>\n<\/ul>\n<h5><span style=\"font-weight: 400\">\u00a0 \u00a0 \u00a0Quais as condi\u00e7\u00f5es necess\u00e1rias para composi\u00e7\u00e3o completa da comunidade?<\/span><\/h5>\n<h6><span style=\"font-weight: 400\">A distribui\u00e7\u00e3o, a ocorr\u00eancia e a abund\u00e2ncia da macrofauna bent\u00f4nica dependem muito das caracter\u00edsticas ambientais predominantes, principalmente quanto corrente, substrato, disponibilidade de alimento, abrigo contra predadores e homeostase do meio (MERRITT e CUMMINS, 1996).<\/span><\/h6>\n<p>&nbsp;<\/p>\n<p>&nbsp;<\/p>\n<h5><span style=\"font-weight: 400\">\u00a0 \u00a0 \u00a0Por que esses organismos s\u00e3o utilizados para avaliar o ambiente?<\/span><\/h5>\n<h6><span style=\"font-weight: 400\">Devido a propriedade que possuem de ser ou n\u00e3o sens\u00edveis a polui\u00e7\u00e3o ou degrada\u00e7\u00e3o dos ecossistemas aqu\u00e1ticos alguns macroinvertebrados bent\u00f4nicos s\u00e3o especialmente utilizados como bioindicadores para avaliar a qualidade da \u00e1gua. Este m\u00e9todo parte do princ\u00edpio de que diferentes organismos apresentam diferentes n\u00edveis de toler\u00e2ncia a poluentes. <\/span><span style=\"font-weight: 400\">Um ambiente preservado apresenta uma maior diversidade de organismos.\u00a0<\/span><\/h6>\n<p>&nbsp;<\/p>\n<p>&nbsp;<\/p>\n<h5><span style=\"font-weight: 400\">\u00a0 \u00a0 \u00a0Que local ocupam na cadeia alimentar?<\/span><\/h5>\n<h6><span style=\"font-weight: 400\">Em geral se situam numa posi\u00e7\u00e3o intermedi\u00e1ria na cadeia alimentar, tendo como principal alimenta\u00e7\u00e3o algas e microorganismos, sendo os peixes e outros vertebrados seus principais predadores (SILVEIRA, 2004).<\/span><\/h6>\n<p>&nbsp;<\/p>\n<p>&nbsp;<\/p>\n<h5><span style=\"font-weight: 400\">\u00a0 \u00a0 \u00a0Para al\u00e9m de Bioindicadores naturais, qual a import\u00e2ncia desses organismos?<\/span><\/h5>\n<h6><span style=\"font-weight: 400\">Os macroinvertebrados bent\u00f4nicos desempenham importante papel na din\u00e2mica de nutrientes transformando mat\u00e9ria org\u00e2nica em energia (CALLISTO &amp; ESTEVES apud MARQUES et al, 1999). O biorrevolvimento da superf\u00edcie do sedimento e a fragmenta\u00e7\u00e3o proveniente da vegeta\u00e7\u00e3o rip\u00e1ria s\u00e3o exemplos de processos de libera\u00e7\u00e3o de nutrientes para a \u00e1gua, realizados por esses organismos (DEV\u00c1I, 1990).<\/span><\/h6>\n<p>&nbsp;<\/p>\n<p>&nbsp;<\/p>\n<h5><span style=\"font-weight: 400\">\u00a0 \u00a0 \u00a0Qual a import\u00e2ncia da preserva\u00e7\u00e3o da mata ciliar para esses organismos?<\/span><\/h5>\n<h6><span style=\"font-weight: 400\">A vegeta\u00e7\u00e3o dos rios e igarap\u00e9s, conhecida tamb\u00e9m como mata rip\u00e1ria, \u00e9 muito importante para sobreviv\u00eancia dos insetos aqu\u00e1ticos. Sendo o ber\u00e7\u00e1rio da grande maioria deles, pois as f\u00eameas colocam seus ovos nas folhas, troncos e ra\u00edzes dessa vegeta\u00e7\u00e3o. Por esse motivo preservar a mata que fica ao redor dos rios, igarap\u00e9s e lagos \u00e9 muito importante para manter a vida nesses ambientes. Os insetos fazem parte da teia alimentar, assim, s\u00e3o importantes para que peixes e outros animais que moram nesses locais possam crescer e sobreviver.<\/span><\/h6>\n<p>&nbsp;<\/p>\n<h3 style=\"text-align: center\">Um pouco sobre as ordens:<\/h3>\n<p>&nbsp;<\/p>\n<p style=\"padding-left: 120px\"><img decoding=\"async\" class=\"aligncenter wp-image-697 size-full\" src=\"https:\/\/palotina.ufpr.br\/bichodagua\/wp-content\/uploads\/sites\/18\/2018\/08\/Tabela-Real-Real.png\" width=\"720\" height=\"1768\" srcset=\"https:\/\/palotina.ufpr.br\/bichodagua\/wp-content\/uploads\/sites\/18\/2018\/08\/Tabela-Real-Real.png 720w, https:\/\/palotina.ufpr.br\/bichodagua\/wp-content\/uploads\/sites\/18\/2018\/08\/Tabela-Real-Real-122x300.png 122w, https:\/\/palotina.ufpr.br\/bichodagua\/wp-content\/uploads\/sites\/18\/2018\/08\/Tabela-Real-Real-417x1024.png 417w, https:\/\/palotina.ufpr.br\/bichodagua\/wp-content\/uploads\/sites\/18\/2018\/08\/Tabela-Real-Real-49x120.png 49w\" sizes=\"(max-width: 720px) 100vw, 720px\" \/><\/p>\n","protected":false},"excerpt":{"rendered":"<p>O monitoramento de recursos h\u00eddricos assegura o desenvolvimento econ\u00f4mico, a qualidade de vida e a preserva\u00e7\u00e3o do meio ambiente. Com isso a avalia\u00e7\u00e3o biol\u00f3gica da \u00e1gua torna-se de extrema import\u00e2ncia. Um dos m\u00e9todos utilizados para a avalia\u00e7\u00e3o da qualidade das \u00e1guas, consiste no uso de indicadores biol\u00f3gicos, dentre esses os macroinvertebrados Bent\u00f4nico O que s\u00e3o [&hellip;]<\/p>\n","protected":false},"author":1422,"featured_media":0,"parent":0,"menu_order":0,"comment_status":"closed","ping_status":"closed","template":"","meta":{"_acf_changed":false,"footnotes":""},"class_list":["post-138","page","type-page","status-publish","hentry"],"acf":[],"_links":{"self":[{"href":"https:\/\/palotina.ufpr.br\/bichodagua\/wp-json\/wp\/v2\/pages\/138","targetHints":{"allow":["GET"]}}],"collection":[{"href":"https:\/\/palotina.ufpr.br\/bichodagua\/wp-json\/wp\/v2\/pages"}],"about":[{"href":"https:\/\/palotina.ufpr.br\/bichodagua\/wp-json\/wp\/v2\/types\/page"}],"author":[{"embeddable":true,"href":"https:\/\/palotina.ufpr.br\/bichodagua\/wp-json\/wp\/v2\/users\/1422"}],"replies":[{"embeddable":true,"href":"https:\/\/palotina.ufpr.br\/bichodagua\/wp-json\/wp\/v2\/comments?post=138"}],"version-history":[{"count":59,"href":"https:\/\/palotina.ufpr.br\/bichodagua\/wp-json\/wp\/v2\/pages\/138\/revisions"}],"predecessor-version":[{"id":706,"href":"https:\/\/palotina.ufpr.br\/bichodagua\/wp-json\/wp\/v2\/pages\/138\/revisions\/706"}],"wp:attachment":[{"href":"https:\/\/palotina.ufpr.br\/bichodagua\/wp-json\/wp\/v2\/media?parent=138"}],"curies":[{"name":"wp","href":"https:\/\/api.w.org\/{rel}","templated":true}]}}