{"id":337,"date":"2018-10-31T01:19:00","date_gmt":"2018-10-31T01:19:00","guid":{"rendered":"https:\/\/palotina.ufpr.br\/bichodagua\/?page_id=337"},"modified":"2019-01-25T18:22:13","modified_gmt":"2019-01-25T18:22:13","slug":"pagina-inicial","status":"publish","type":"page","link":"https:\/\/palotina.ufpr.br\/bichodagua\/","title":{"rendered":"P\u00e1gina Inicial"},"content":{"rendered":"<h4 style=\"text-align: center\"><\/h4>\n<h4 style=\"text-align: center\"><\/h4>\n<h4 style=\"text-align: center\"><span style=\"color: #380101\">Divulga\u00e7\u00e3o para a comunidade<\/span><\/h4>\n<section style=\"text-align: center\">\n<p id=\"jogador1\">\n<\/section>\n<section>\n<div id=\"mesa\"><\/div>\n<div><\/div>\n<\/section>\n<p>&nbsp;<\/p>\n<h5 style=\"text-align: center\"><span style=\"color: #0000ff\">O projeto sendo apresentado. Algumas dessas, s\u00e3o no laborat\u00f3rio da pr\u00f3pria universidade, possibilitando a aproxima\u00e7\u00e3o\u00a0entre comunidade e universidade.<\/span><\/h5>\n<p>&nbsp;<\/p>\n<p><img decoding=\"async\" class=\"ngg_displayed_gallery mceItem\" src=\"https:\/\/palotina.ufpr.br\/bichodagua\/nextgen-attach_to_post\/preview\/id--451\" \/><\/p>\n<hr \/>\n<h5><\/h5>\n<h5 style=\"text-align: center\"><span style=\"color: #0000ff\">Exposi\u00e7\u00e3o ao corpo docente sobre quais foram as a\u00e7\u00f5es e resultados obtidos no decorrer do projeto.<\/span><\/h5>\n<p>&nbsp;<\/p>\n<p><img decoding=\"async\" class=\"ngg_displayed_gallery mceItem\" src=\"https:\/\/palotina.ufpr.br\/bichodagua\/nextgen-attach_to_post\/preview\/id--462\" \/><\/p>\n<hr \/>\n<p>&nbsp;<\/p>\n<h5 style=\"text-align: center\"><span style=\"color: #0000ff\">Apresenta\u00e7\u00e3o do projeto na Feira de Exposi\u00e7\u00f5es de\u00a0Palotina &#8211; PR.<\/span><\/h5>\n<p>&nbsp;<\/p>\n<p><img decoding=\"async\" class=\"ngg_displayed_gallery mceItem\" src=\"https:\/\/palotina.ufpr.br\/bichodagua\/nextgen-attach_to_post\/preview\/id--481\" \/><\/p>\n<hr \/>\n<p>&nbsp;<\/p>\n<h5 style=\"text-align: center\"><span style=\"color: #0000ff\">Dia do Cooperativismo na pra\u00e7a Amadeo Piovesan.<\/span><\/h5>\n<p>&nbsp;<\/p>\n<p><img decoding=\"async\" class=\"ngg_displayed_gallery mceItem\" src=\"https:\/\/palotina.ufpr.br\/bichodagua\/nextgen-attach_to_post\/preview\/id--502\" \/><\/p>\n<hr \/>\n<h4 style=\"text-align: center\"><\/h4>\n<h5 style=\"text-align: center\"><span style=\"color: #0000ff\">Technova\u00e7\u00e3o\/Innovacities em Cascavel &#8211; PR<\/span><\/h5>\n<p>&nbsp;<\/p>\n<p>&nbsp;<\/p>\n<p><img decoding=\"async\" class=\"ngg_displayed_gallery mceItem\" src=\"https:\/\/palotina.ufpr.br\/bichodagua\/nextgen-attach_to_post\/preview\/id--519\" \/><\/p>\n<hr \/>\n<h4 style=\"text-align: center\"><span style=\"color: #0000ff\">Imagens reais tiradas em laborat\u00f3rio de alguns dos organismos analisados\u00a0pelo projeto.<\/span><\/h4>\n<p>&nbsp;<\/p>\n<p><img decoding=\"async\" class=\"ngg_displayed_gallery mceItem aligncenter\" src=\"https:\/\/palotina.ufpr.br\/bichodagua\/nextgen-attach_to_post\/preview\/id--342\" \/><\/p>\n","protected":false},"excerpt":{"rendered":"<p>Divulga\u00e7\u00e3o para a comunidade &nbsp; O projeto sendo apresentado. Algumas dessas, s\u00e3o no laborat\u00f3rio da pr\u00f3pria universidade, possibilitando a aproxima\u00e7\u00e3o\u00a0entre comunidade e universidade. &nbsp; Exposi\u00e7\u00e3o ao corpo docente sobre quais foram as a\u00e7\u00f5es e resultados obtidos no decorrer do projeto. &nbsp; &nbsp; Apresenta\u00e7\u00e3o do projeto na Feira de Exposi\u00e7\u00f5es de\u00a0Palotina &#8211; PR. &nbsp; &nbsp; Dia [&hellip;]<\/p>\n","protected":false},"author":1422,"featured_media":0,"parent":0,"menu_order":0,"comment_status":"closed","ping_status":"closed","template":"","meta":{"_acf_changed":false,"footnotes":""},"class_list":["post-337","page","type-page","status-publish","hentry"],"acf":[],"_links":{"self":[{"href":"https:\/\/palotina.ufpr.br\/bichodagua\/wp-json\/wp\/v2\/pages\/337","targetHints":{"allow":["GET"]}}],"collection":[{"href":"https:\/\/palotina.ufpr.br\/bichodagua\/wp-json\/wp\/v2\/pages"}],"about":[{"href":"https:\/\/palotina.ufpr.br\/bichodagua\/wp-json\/wp\/v2\/types\/page"}],"author":[{"embeddable":true,"href":"https:\/\/palotina.ufpr.br\/bichodagua\/wp-json\/wp\/v2\/users\/1422"}],"replies":[{"embeddable":true,"href":"https:\/\/palotina.ufpr.br\/bichodagua\/wp-json\/wp\/v2\/comments?post=337"}],"version-history":[{"count":52,"href":"https:\/\/palotina.ufpr.br\/bichodagua\/wp-json\/wp\/v2\/pages\/337\/revisions"}],"predecessor-version":[{"id":597,"href":"https:\/\/palotina.ufpr.br\/bichodagua\/wp-json\/wp\/v2\/pages\/337\/revisions\/597"}],"wp:attachment":[{"href":"https:\/\/palotina.ufpr.br\/bichodagua\/wp-json\/wp\/v2\/media?parent=337"}],"curies":[{"name":"wp","href":"https:\/\/api.w.org\/{rel}","templated":true}]}}