{"id":102,"date":"2016-07-06T01:19:05","date_gmt":"2016-07-06T01:19:05","guid":{"rendered":"https:\/\/palotina.ufpr.br\/bioenergia\/?page_id=102"},"modified":"2024-07-30T23:24:46","modified_gmt":"2024-07-30T23:24:46","slug":"formularios","status":"publish","type":"page","link":"https:\/\/palotina.ufpr.br\/bioenergia\/formularios\/","title":{"rendered":"Formul\u00e1rios"},"content":{"rendered":"<hr \/>\n<p><strong><span style=\"color: #008000\">DOCUMENTOS PARA NOVOS INGRESSANTES &#8211; SELE\u00c7\u00c3O ALUNO REGULAR<\/span><\/strong><\/p>\n<p><span style=\"color: #008000\"><strong><span style=\"color: #000000\">Processo seletivo<\/span><\/strong><\/span><\/p>\n<ul>\n<li>ANEXO I \u2013 MODELO DE CURR\u00cdCULO E ORDEM DE DOCUMENTA\u00c7\u00c3O <a href=\"https:\/\/palotina.ufpr.br\/bioenergia\/wp-content\/uploads\/sites\/5\/2018\/10\/ANEXO-II-\u2013-MODELO-DE-CURR\u00cdCULO-E-ORDEM-DE-DOCUMENTA\u00c7\u00c3O-BOLSA_qualisCapes_2018.doc\" target=\"_blank\" rel=\"noopener\"><span style=\"color: #0000ff\">.doc<\/span><\/a><\/li>\n<\/ul>\n<p><span style=\"color: #008000\"><strong><span style=\"color: #000000\">Confirma\u00e7\u00e3o de matr\u00edcula para aprovados no processo seletivo<\/span><br \/>\n<\/strong><\/span><\/p>\n<ul>\n<li>REQUERIMENTO DE MATR\u00cdCULA ALUNO REGULAR\u00a0\u00a0<a href=\"https:\/\/palotina.ufpr.br\/bioenergia\/wp-content\/uploads\/sites\/5\/2019\/02\/11-MODELO-DE-CONFIRMA\u00c7\u00c2O-DE-MATRICULA.docx\" target=\"_blank\" rel=\"noopener\"><span style=\"color: #0000ff\">.<\/span><span style=\"color: #0000ff\">doc<\/span><\/a><\/li>\n<\/ul>\n<hr \/>\n<p><strong><span style=\"color: #008000\">MATR\u00cdCULA PARA CURSAR DISCIPLINA ISOLADA &#8211; ALUNOS EXTERNOS AO PROGRAMA<\/span><\/strong><\/p>\n<p><span style=\"color: #000000\"><strong>Inscri\u00e7\u00e3o de Aluno Especial<\/strong><\/span><\/p>\n<ul>\n<li>\u00a0FORMUL\u00c1RIO DE INSCRI\u00c7\u00c3O PARA ALUNO ESPECIAL <span style=\"color: #0000ff\"><a style=\"color: #0000ff\" href=\"https:\/\/palotina.ufpr.br\/bioenergia\/wp-content\/uploads\/sites\/5\/2022\/08\/ALUNO-ESPECIAL_Formulario-de-inscricao.docx\">.doc<\/a><\/span><\/li>\n<\/ul>\n<hr \/>\n<p><strong><span style=\"color: #008000\">BOLSA DE ESTUDOS<\/span><\/strong><\/p>\n<hr \/>\n<p><span style=\"color: #000000\"><strong>Sele\u00e7\u00e3o de bolsas<\/strong><\/span><\/p>\n<ul>\n<li>FICHA DE INSCRI\u00c7\u00c3O PARA SELE\u00c7\u00c3O DE BOLSA <strong>\u00a0<\/strong><span style=\"color: #0000ff\"><a style=\"color: #0000ff\" href=\"https:\/\/palotina.ufpr.br\/bioenergia\/wp-content\/uploads\/sites\/5\/2016\/07\/ANEXO-I-FICHA-DE-INSCRI\u00c7\u00c3O-BOLSA.doc\">.<\/a><a style=\"color: #0000ff\" href=\"https:\/\/palotina.ufpr.br\/bioenergia\/wp-content\/uploads\/sites\/5\/2016\/07\/ANEXO-I-FICHA-DE-INSCRI\u00c7\u00c3O-BOLSA_2020.doc\">doc<\/a><\/span><\/li>\n<li>ANEXO II \u2013 MODELO DE CURR\u00cdCULO E ORDEM DE DOCUMENTA\u00c7\u00c3O PARA SELE\u00c7\u00c3O DE BOLSA\u00a0\u00a0<span style=\"color: #0000ff\"><a style=\"color: #0000ff\" href=\"https:\/\/palotina.ufpr.br\/bioenergia\/wp-content\/uploads\/sites\/5\/2018\/10\/ANEXO-II-\u2013-MODELO-DE-CURR\u00cdCULO-E-ORDEM-DE-DOCUMENTA\u00c7\u00c3O-BOLSA_qualisCapes_2018.doc\" target=\"_blank\" rel=\"noopener\">.doc<\/a><\/span><\/li>\n<\/ul>\n<hr \/>\n<p><strong><span style=\"color: #008000\">DOCUMENTOS PARA ALUNOS REGULARES<\/span><\/strong><\/p>\n<hr \/>\n<p><span style=\"color: #000000\"><strong>Disciplinas de Disserta\u00e7\u00e3o &#8211; modelos\u00a0<\/strong><\/span><\/p>\n<ul>\n<li>DISSERTA\u00c7\u00c3O I &#8211; MODELO DE PROJETO <a href=\"https:\/\/palotina.ufpr.br\/bioenergia\/wp-content\/uploads\/sites\/5\/2018\/02\/1-MODELO-PARA-ELABORA\u00c7\u00c3O-DE-PROJETO-DE-PESQUISA-DISSERTA\u00c7\u00c3O-I-_2018.doc\" target=\"_blank\" rel=\"noopener\">.<span style=\"color: #0000ff\">doc<\/span><\/a><\/li>\n<li>DISSERTA\u00c7\u00c3O II &#8211; RELAT\u00d3RIO DE ATIVIDADES <a href=\"https:\/\/palotina.ufpr.br\/bioenergia\/wp-content\/uploads\/sites\/5\/2018\/02\/2-RELAT\u00d3RIO-DE-ATIVIDADE-DISSERTA\u00c7\u00c3O-II_2018.doc\" target=\"_blank\" rel=\"noopener\">.<span style=\"color: #0000ff\">doc<\/span><\/a><\/li>\n<li>DISSERTA\u00c7\u00c3O III e DISSERTA\u00c7\u00c3O IV: normas ABNT para disserta\u00e7\u00f5es (<a href=\"https:\/\/bibliotecas.ufpr.br\/\"><strong><span style=\"color: #0000ff\">Link: Biblioteca UFPR<\/span><\/strong><\/a>)\n<ul>\n<li>FICHA DE AVALIA\u00c7\u00c3O &#8211; DISSERTA\u00c7\u00c3O III\u00a0<a href=\"https:\/\/palotina.ufpr.br\/bioenergia\/wp-content\/uploads\/sites\/5\/2018\/02\/3-FICHA-DE-AVALIA\u00c7\u00c3O-DISSERTA\u00c7\u00c3O-III_2018.doc\" target=\"_blank\" rel=\"noopener\">.<span style=\"color: #0000ff\">doc<\/span><\/a><\/li>\n<li>FICHA DE AVALIA\u00c7\u00c3O &#8211; DISSERTA\u00c7\u00c3O IV\u00a0<a href=\"https:\/\/palotina.ufpr.br\/bioenergia\/wp-content\/uploads\/sites\/5\/2018\/02\/4-FICHA-DE-AVALIA\u00c7\u00c3O-DISSERTA\u00c7\u00c3O-IV_2018.doc\" target=\"_blank\" rel=\"noopener\">.<span style=\"color: #0000ff\">doc<\/span><\/a><\/li>\n<\/ul>\n<\/li>\n<\/ul>\n<p>* acessar o calend\u00e1rio de disciplinas na aba lateral!<\/p>\n<p><span style=\"color: #000000\"><strong>Disciplinas de\u00a0 Semin\u00e1rios<\/strong><\/span><\/p>\n<ul>\n<li>N\u00e3o h\u00e1 modelo.<\/li>\n<li>Consistem na apresenta\u00e7\u00e3o de slides sobre o projeto de pesquisa, contemplando contexto e referencial te\u00f3rico, objetivos, materiais e m\u00e9todos, resultados obtidos\/esperados e cronograma.<\/li>\n<\/ul>\n<p><span style=\"color: #000000\"><strong>Disciplina de Est\u00e1gio de Doc\u00eancia<\/strong><\/span><\/p>\n<ul>\n<li>REQUERIMENTO DE\u00a0EST\u00c1GIO DE DOC\u00caNCIA <a href=\"https:\/\/palotina.ufpr.br\/bioenergia\/wp-content\/uploads\/sites\/5\/2018\/02\/5-REQUERIMENTO_EST\u00c1GIO_DE_DOCENCIA_2018.docx\" target=\"_blank\" rel=\"noopener\">.<span style=\"color: #0000ff\">doc<\/span><\/a><\/li>\n<li>RELAT\u00d3RIO DE EST\u00c1GIO DE DOC\u00caNCIA<a href=\"https:\/\/palotina.ufpr.br\/bioenergia\/wp-content\/uploads\/sites\/5\/2018\/02\/6-RELAT\u00d3RIO_EST\u00c1GIO_DE_DOCENCIA_2018.docx\" target=\"_blank\" rel=\"noopener\"> .<span style=\"color: #0000ff\">doc<\/span><\/a><\/li>\n<\/ul>\n<hr \/>\n<p><strong><span style=\"color: #008000\">SOLICITA\u00c7\u00d5ES<\/span><\/strong><\/p>\n<hr \/>\n<p><span style=\"color: #000000\">Formul\u00e1rio de solicita\u00e7\u00e3o de inclus\u00e3o de Coorientador<\/span>\u00a0<span style=\"color: #0000ff\"><a style=\"color: #0000ff\" href=\"https:\/\/palotina.ufpr.br\/bioenergia\/wp-content\/uploads\/sites\/5\/2018\/05\/9-FICHA-DE-COORIENTA\u00c7\u00c3O.docx\" target=\"_blank\" rel=\"noopener\">.doc<\/a><\/span><\/p>\n<p><span style=\"color: #000000\">Formul\u00e1rio de cadastro de membro de bancas de defesa<\/span>\u00a0<a style=\"background-color: #ffffff\" href=\"https:\/\/palotina.ufpr.br\/bioenergia\/wp-content\/uploads\/sites\/5\/2019\/03\/10-FICHA-DE-CADASTRO-DE-MEMBRO-DA-BANCA.docx\"><span style=\"color: #0000ff\">.doc<\/span><\/a><\/p>\n<p><span style=\"color: #000000\">Formul\u00e1rio de solicita\u00e7\u00e3o de prorroga\u00e7\u00e3o do prazo de defesa\/qualifica\u00e7\u00e3o <span style=\"color: #0000ff\"><a style=\"color: #0000ff\" href=\"https:\/\/palotina.ufpr.br\/bioenergia\/wp-content\/uploads\/sites\/5\/2024\/06\/SOLICITACAO-DE-PRORROGACAO.docx\">.docx<\/a><\/span><\/span><\/p>\n<hr \/>\n<p><strong><span style=\"color: #008000\">P\u00d3S DEFESA<\/span><\/strong><\/p>\n<hr \/>\n<ul>\n<li>Carta de autoriza\u00e7\u00e3o para publica\u00e7\u00e3o de Disserta\u00e7\u00e3o <span style=\"color: #0000ff\"><a style=\"color: #0000ff\" href=\"https:\/\/palotina.ufpr.br\/bioenergia\/wp-content\/uploads\/sites\/5\/2018\/02\/12-CARTA-DE-AUTORIZA\u00c7\u00c3O-CAPES-PUBLICA\u00c7\u00c3O.docx\" target=\"_blank\" rel=\"noopener\">.doc<\/a><\/span><\/li>\n<\/ul>\n","protected":false},"excerpt":{"rendered":"<p>DOCUMENTOS PARA NOVOS INGRESSANTES &#8211; SELE\u00c7\u00c3O ALUNO REGULAR Processo seletivo ANEXO I \u2013 MODELO DE CURR\u00cdCULO E ORDEM DE DOCUMENTA\u00c7\u00c3O .doc Confirma\u00e7\u00e3o de matr\u00edcula para aprovados no processo seletivo REQUERIMENTO DE MATR\u00cdCULA ALUNO REGULAR\u00a0\u00a0.doc MATR\u00cdCULA PARA CURSAR DISCIPLINA ISOLADA &#8211; ALUNOS EXTERNOS AO PROGRAMA Inscri\u00e7\u00e3o de Aluno Especial \u00a0FORMUL\u00c1RIO DE INSCRI\u00c7\u00c3O PARA ALUNO ESPECIAL .doc &hellip; <a href=\"https:\/\/palotina.ufpr.br\/bioenergia\/formularios\/\">Continue reading <span class=\"meta-nav\">&rarr;<\/span><\/a><\/p>\n","protected":false},"author":1404,"featured_media":0,"parent":0,"menu_order":0,"comment_status":"closed","ping_status":"closed","template":"template-twocolumnsright.php","meta":{"_acf_changed":false,"footnotes":""},"class_list":["post-102","page","type-page","status-publish","hentry"],"acf":[],"_links":{"self":[{"href":"https:\/\/palotina.ufpr.br\/bioenergia\/wp-json\/wp\/v2\/pages\/102","targetHints":{"allow":["GET"]}}],"collection":[{"href":"https:\/\/palotina.ufpr.br\/bioenergia\/wp-json\/wp\/v2\/pages"}],"about":[{"href":"https:\/\/palotina.ufpr.br\/bioenergia\/wp-json\/wp\/v2\/types\/page"}],"author":[{"embeddable":true,"href":"https:\/\/palotina.ufpr.br\/bioenergia\/wp-json\/wp\/v2\/users\/1404"}],"replies":[{"embeddable":true,"href":"https:\/\/palotina.ufpr.br\/bioenergia\/wp-json\/wp\/v2\/comments?post=102"}],"version-history":[{"count":62,"href":"https:\/\/palotina.ufpr.br\/bioenergia\/wp-json\/wp\/v2\/pages\/102\/revisions"}],"predecessor-version":[{"id":1545,"href":"https:\/\/palotina.ufpr.br\/bioenergia\/wp-json\/wp\/v2\/pages\/102\/revisions\/1545"}],"wp:attachment":[{"href":"https:\/\/palotina.ufpr.br\/bioenergia\/wp-json\/wp\/v2\/media?parent=102"}],"curies":[{"name":"wp","href":"https:\/\/api.w.org\/{rel}","templated":true}]}}