{"id":181,"date":"2016-07-06T21:01:36","date_gmt":"2016-07-06T21:01:36","guid":{"rendered":"https:\/\/palotina.ufpr.br\/bioenergia\/?page_id=181"},"modified":"2023-01-24T19:15:49","modified_gmt":"2023-01-24T19:15:49","slug":"linhas-de-pesquisa","status":"publish","type":"page","link":"https:\/\/palotina.ufpr.br\/bioenergia\/linhas-de-pesquisa\/","title":{"rendered":"Linhas de Pesquisa"},"content":{"rendered":"<p>O PPG em Bioenergia possui duas linhas de pesquisa:<\/p>\n<hr \/>\n<p style=\"text-align: justify\"><span style=\"color: #008000\"><strong>1 &#8211; Biocombust\u00edveis:<\/strong> <span style=\"color: #000000\">s\u00e3o derivados de biomassa que podem substituir, parcial ou totalmente, combust\u00edveis derivados de fontes f\u00f3sseis. Nesta linha de pesquisa s\u00e3o executadas pesquisas quanto a: sele\u00e7\u00e3o, melhoramento, manejo, produ\u00e7\u00e3o e caracteriza\u00e7\u00e3o de biomassa vegetais e animais convencionais e alternativas para obten\u00e7\u00e3o de biocombust\u00edveis. Pr\u00e9-tratamentos, purifica\u00e7\u00e3o e tratamentos de biomassa e subprodutos, estudo de opera\u00e7\u00f5es unit\u00e1rias, s\u00edntese e otimiza\u00e7\u00e3o de processos, avalia\u00e7\u00e3o e otimiza\u00e7\u00e3o de rotas tecnol\u00f3gicas, produ\u00e7\u00e3o, caracteriza\u00e7\u00e3o e otimiza\u00e7\u00e3o de catalisadores e sele\u00e7\u00e3o e caracteriza\u00e7\u00e3o de processos biol\u00f3gicos para transforma\u00e7\u00e3o de biomassa em biocombust\u00edveis. Qualidade de biocombust\u00edveis quanto a estabilidade, armazenamento, e utiliza\u00e7\u00e3o conforme normas e especifica\u00e7\u00f5es t\u00e9cnicas convencionais e alternativas com uso de t\u00e9cnicas e m\u00e9todos anal\u00edticos convencionais e alternativos e\/ou atrav\u00e9s de testes indiretos pelo desempenho de m\u00e1quinas t\u00e9rmicas. Impactos econ\u00f4micos, sociais e ambientais do uso de biocombust\u00edveis. \u00cdndices de sustentabilidade na cadeia dos biocombust\u00edveis. Sistemas inteligentes na cadeia dos biocombust\u00edveis<\/span><\/span><span style=\"color: #000000\">.<\/span><\/p>\n<hr \/>\n<p style=\"text-align: justify\"><span style=\"color: #008000\"><strong>2 &#8211; Energias Renov\u00e1veis:<\/strong><\/span> <span style=\"color: #000000\">s\u00e3o as energias oriundas da natureza, como: solar, e\u00f3lica, hidrog\u00eanio, geot\u00e9rmica, maremotriz e hidr\u00e1ulica. Nesta linha s\u00e3o pesquisadas as mat\u00e9rias-primas, tais como corantes naturais, sint\u00e9ticos, pol\u00edmeros condutores flex\u00edveis, vidros condutores, metais, eletr\u00f3litos, biomassa, \u00f3leos, produtos qu\u00edmicos,\u00a0 motores, bombas, reatores, c\u00e9lulas na produ\u00e7\u00e3o, efici\u00eancia energ\u00e9tica e energias renov\u00e1veis derivadas de c\u00e9lulas fotovoltaicas, hidrog\u00eanio, energia e\u00f3lica, maremotriz, sistemas termoel\u00e9tricos ou termo solares; transmiss\u00e3o de energia el\u00e9trica oriunda da matriz de energias renov\u00e1veis. Sistemas inteligentes,\u00a0 sistemas h\u00edbridos, armazenamento e\u00a0 sustentabilidade.<\/span><\/p>\n<hr \/>\n<p style=\"text-align: justify\">\n<p style=\"text-align: justify\">\n<p style=\"text-align: justify\">\n","protected":false},"excerpt":{"rendered":"<p>O PPG em Bioenergia possui duas linhas de pesquisa: 1 &#8211; Biocombust\u00edveis: s\u00e3o derivados de biomassa que podem substituir, parcial ou totalmente, combust\u00edveis derivados de fontes f\u00f3sseis. Nesta linha de pesquisa s\u00e3o executadas pesquisas quanto a: sele\u00e7\u00e3o, melhoramento, manejo, produ\u00e7\u00e3o e caracteriza\u00e7\u00e3o de biomassa vegetais e animais convencionais e alternativas para obten\u00e7\u00e3o de biocombust\u00edveis. Pr\u00e9-tratamentos, &hellip; <a href=\"https:\/\/palotina.ufpr.br\/bioenergia\/linhas-de-pesquisa\/\">Continue reading <span class=\"meta-nav\">&rarr;<\/span><\/a><\/p>\n","protected":false},"author":1404,"featured_media":0,"parent":0,"menu_order":0,"comment_status":"closed","ping_status":"closed","template":"template-twocolumnsright.php","meta":{"_acf_changed":false,"footnotes":""},"class_list":["post-181","page","type-page","status-publish","hentry"],"acf":[],"_links":{"self":[{"href":"https:\/\/palotina.ufpr.br\/bioenergia\/wp-json\/wp\/v2\/pages\/181","targetHints":{"allow":["GET"]}}],"collection":[{"href":"https:\/\/palotina.ufpr.br\/bioenergia\/wp-json\/wp\/v2\/pages"}],"about":[{"href":"https:\/\/palotina.ufpr.br\/bioenergia\/wp-json\/wp\/v2\/types\/page"}],"author":[{"embeddable":true,"href":"https:\/\/palotina.ufpr.br\/bioenergia\/wp-json\/wp\/v2\/users\/1404"}],"replies":[{"embeddable":true,"href":"https:\/\/palotina.ufpr.br\/bioenergia\/wp-json\/wp\/v2\/comments?post=181"}],"version-history":[{"count":5,"href":"https:\/\/palotina.ufpr.br\/bioenergia\/wp-json\/wp\/v2\/pages\/181\/revisions"}],"predecessor-version":[{"id":1348,"href":"https:\/\/palotina.ufpr.br\/bioenergia\/wp-json\/wp\/v2\/pages\/181\/revisions\/1348"}],"wp:attachment":[{"href":"https:\/\/palotina.ufpr.br\/bioenergia\/wp-json\/wp\/v2\/media?parent=181"}],"curies":[{"name":"wp","href":"https:\/\/api.w.org\/{rel}","templated":true}]}}