{"id":223,"date":"2016-07-07T01:01:39","date_gmt":"2016-07-07T01:01:39","guid":{"rendered":"https:\/\/palotina.ufpr.br\/bioenergia\/?page_id=223"},"modified":"2025-02-05T20:18:15","modified_gmt":"2025-02-05T20:18:15","slug":"disciplinas-1","status":"publish","type":"page","link":"https:\/\/palotina.ufpr.br\/bioenergia\/disciplinas-1\/","title":{"rendered":"Disciplinas"},"content":{"rendered":"<h3><\/h3>\n<h3 style=\"text-align: center\"><strong>INTEGRALIZA\u00c7\u00c3O DOS CR\u00c9DITOS<\/strong><\/h3>\n<ul>\n<li><strong><span style=\"color: #0000ff\">Para consultar o calend\u00e1rio de oferta de disciplinas, clique na ABA LATERAL (Calend\u00e1rio).<\/span><\/strong><\/li>\n<\/ul>\n<p>Sobre a integraliza\u00e7\u00e3o de cr\u00e9ditos em disciplinas e atividades de pesquisa, segue o disposto no regimento:<\/p>\n<p><strong>Art. 37\u00b0 do Regimento PPGB. <\/strong>O\u00a0discente dever\u00e1 integralizar a seguinte quantidade de cr\u00e9ditos:<\/p>\n<h4><span style=\"color: #008000\"><strong>CURSO DE MESTRADO &#8211; creditos necess\u00e1rios<\/strong><\/span><\/h4>\n<pre><strong><span class=\"fontstyle0\">\u00a71\u00ba<\/span>.<\/strong> Integralizar um m\u00ednimo de 75 cr\u00e9ditos, ou 1.125 horas, distribu\u00eddos em:\nI. 14 cr\u00e9ditos em disciplinas OBRIGAT\u00d3RIAS (<em>ver obrigat\u00f3rias Mestrado<\/em>);\nII. 02 cr\u00e9ditos em disciplinas OPTATIVAS DE DOM\u00cdNIO CONEXO;\nIII. 08 cr\u00e9ditos em disciplinas OPTATIVAS DE LINHA DE PESQUISA;\nIV. 51 cr\u00e9ditos em disciplinas de ATIVIDADES DE PESQUISA (disserta\u00e7\u00e3o).<\/pre>\n<h4>* <a href=\"https:\/\/palotina.ufpr.br\/bioenergia\/wp-content\/uploads\/sites\/5\/2024\/12\/Plano-para-cumprir-os-creditos-MESTRADO.pdf\">Sugest\u00e3o de plano para cumprir os cr\u00e9ditos MESTRADO<\/a><\/h4>\n<h4><span style=\"color: #008000\"><strong>CURSO DE DOUTORADO &#8211; cr\u00e9ditos necess\u00e1rios<\/strong><\/span><\/h4>\n<pre><strong><span class=\"fontstyle0\">\u00a72\u00ba<\/span>.<\/strong> Integralizar um m\u00ednimo de 140 cr\u00e9ditos, ou 2.100 horas, distribu\u00eddos em:\nI. 14 cr\u00e9ditos em disciplinas OBRIGAT\u00d3RIAS (<em>ver obrigat\u00f3rias Doutorado<\/em>);\nII. 02 cr\u00e9ditos em disciplinas OPTATIVAS DE DOM\u00cdNIO CONEXO;\nIII. 08 cr\u00e9ditos em disciplinas OPTATIVAS DE LINHA DE PESQUISA;\nIV. 51 cr\u00e9ditos em disciplinas de ATIVIDADES DE PESQUISA (disserta\u00e7\u00e3o).<\/pre>\n<h4><strong>* <a href=\"https:\/\/palotina.ufpr.br\/bioenergia\/wp-content\/uploads\/sites\/5\/2024\/12\/Plano-para-cumprir-os-creditos-DOUTORADO.pdf\">Sugest\u00e3o de plano para cumprir os cr\u00e9ditos DOUTORADO<\/a><\/strong><strong>\u00a0<\/strong><\/h4>\n<p>* No m\u00ednimo 75 % dos cr\u00e9ditos dever\u00e3o ser realizados no PPGB, tanto para Mestrado quanto Doutorado.<\/p>\n<p>** <strong>Alunos egressos<\/strong> do curso de Mestrado do PPGB, podem solicitar convalida\u00e7\u00e3o de 8 (oito) cr\u00e9ditos em disciplinas obrigat\u00f3rias e 2 (dois) cr\u00e9ditos em disciplina de dom\u00ednio conexo do Doutorado. Tamb\u00e9m, poder\u00e3o integralizar at\u00e9 25% dos seus cr\u00e9ditos em disciplinas optativas fora do PPGB (6 cr\u00e9ditos no m\u00e1ximo), que dever\u00e3o ser realizados com anu\u00eancia do orientador. Ter\u00e3o direito a convalida\u00e7\u00e3o alunos que conclu\u00edram o mestrado em at\u00e9 cinco anos antes do ingresso no Doutorado. Os pedidos dever\u00e3o ser aprovados pelo Colegiado Local e homologados no Colegiado Geral.<\/p>\n<p><strong>*** Discentes Bolsistas no Doutorado<\/strong> tem a obrigatoriedade de cumprir os 2 cr\u00e9ditos da disciplina Est\u00e1gio de Doc\u00eancia 3. <strong>Discentes n\u00e3o bolsistas<\/strong> pode optar por cumprir o cr\u00e9dito em Est\u00e1gio Doc\u00eancia 3 ou em disciplina optativa de dom\u00ednio conexo.<\/p>\n<ol>\n<li>\n<h4><span style=\"color: #008000\"><strong>DISCIPLINAS OBRIGAT\u00d3RIAS<br \/>\n<\/strong><\/span><\/h4>\n<ul>\n<li>Energia e Bioenergia &#8211; <strong>04 cr\u00e9ditos (60 horas) &#8211; <em>MESTRADO\/DOUTORADO<\/em><\/strong><\/li>\n<li>Combust\u00edveis e Biocombust\u00edveis &#8211; <strong>04 cr\u00e9ditos (60 horas) &#8211; <em>MESTRADO\/DOUTORADO<\/em><\/strong><\/li>\n<li>Semin\u00e1rios I &#8211; <strong>02 cr\u00e9ditos (30 horas) &#8211; <em>MESTRADO<\/em><\/strong><\/li>\n<li>Semin\u00e1rios II &#8211; <strong>02 cr\u00e9ditos (30 horas) &#8211; <em>MESTRADO<\/em><\/strong><\/li>\n<li>Est\u00e1gio em Doc\u00eancia na Gradua\u00e7\u00e3o I &#8211; <strong>02 cr\u00e9ditos (30 horas) &#8211; <em>MESTRADO<\/em><\/strong><\/li>\n<li>Semin\u00e1rios III &#8211; <strong>02 cr\u00e9ditos (30 horas) &#8211; DOUTORADO<\/strong><\/li>\n<li>Semin\u00e1rios IV &#8211; <strong>02 cr\u00e9ditos (30 horas) &#8211; DOUTORADO<\/strong><\/li>\n<li>Est\u00e1gio em Doc\u00eancia na Gradua\u00e7\u00e3o II &#8211; <strong>02 cr\u00e9ditos (30 horas) &#8211; DOUTORADO<\/strong><\/li>\n<li>Est\u00e1gio em Doc\u00eancia na Gradua\u00e7\u00e3o III &#8211; <strong>02 cr\u00e9ditos (30 horas) &#8211; DOUTORADO*<\/strong>\n<ul>\n<li>*<strong>Discentes n\u00e3o bolsistas<\/strong> pode optar por cumprir o cr\u00e9dito em Est\u00e1gio Doc\u00eancia 3 ou em disciplina optativa de dom\u00ednio conexo.<\/li>\n<\/ul>\n<\/li>\n<\/ul>\n<\/li>\n<li>\n<h4><span style=\"color: #993300\"><strong>DISCIPLINAS OPTATIVAS<\/strong><\/span><\/h4>\n<ul>\n<li>\n<h4><span style=\"color: #ff6600\">Optativas de dom\u00ednio conexo<\/span><\/h4>\n<ul>\n<li>Metologia da Pesquisa Cient\u00edfica <strong>&#8211; 02 cr\u00e9ditos (30 horas) &#8211; <em>MESTRADO\/DOUTORADO<\/em><\/strong><\/li>\n<li>Planejamento Experimental &#8211; <strong>02 cr\u00e9ditos (30 horas) &#8211; <em>MESTRADO\/DOUTORADO<\/em><\/strong><\/li>\n<\/ul>\n<\/li>\n<li>\n<h4><span style=\"color: #ff6600\">Optativas para Linha de Pesquisa 1 (Biocombust\u00edveis)<\/span><\/h4>\n<ul>\n<li><span id=\"page3R_mcid51\" class=\"markedContent\"><span dir=\"ltr\" role=\"presentation\">Mat\u00e9rias<\/span><span dir=\"ltr\" role=\"presentation\">&#8211;<\/span><span dir=\"ltr\" role=\"presentation\">P<\/span><span dir=\"ltr\" role=\"presentation\">rimas Florestais, Agroindustriais e <\/span><span dir=\"ltr\" role=\"presentation\">Alternativas <\/span><\/span>&#8211; <strong>04 cr\u00e9ditos (60 horas) &#8211; <em>MESTRADO\/DOUTORADO<\/em><\/strong><\/li>\n<li><span id=\"page3R_mcid54\" class=\"markedContent\"><span dir=\"ltr\" role=\"presentation\">Composi\u00e7\u00e3o e Caracteriza\u00e7\u00e3o de Biomassa e Biocombust\u00edveis <\/span><\/span><span id=\"page3R_mcid55\" class=\"markedContent\"><\/span>&#8211; <strong>04 cr\u00e9ditos (60 horas) &#8211; <em>MESTRADO\/DOUTORADO<\/em><\/strong><\/li>\n<\/ul>\n<\/li>\n<li>\n<h4><span style=\"color: #ff6600\">Optativas para Linha de Pesquisa 2 (Energias Renov\u00e1veis)<\/span><\/h4>\n<ul>\n<li><span id=\"page3R_mcid63\" class=\"markedContent\"><span dir=\"ltr\" role=\"presentation\">Energia Solar &#8211; <strong>04 cr\u00e9ditos (60 horas) &#8211; <em>MESTRADO\/DOUTORADO<\/em><\/strong><br \/>\n<\/span><\/span><\/li>\n<li>Produ\u00e7\u00e3o e uso de Hidrog\u00eanio e c\u00e9lulas combust\u00edveis &#8211; <strong>04 cr\u00e9ditos (60 horas) &#8211; <em>MESTRADO\/DOUTORADO<\/em><\/strong><\/li>\n<\/ul>\n<\/li>\n<li>\n<h4><span style=\"color: #ff6600\">Optativas para as Linhas de Pesquisa 1 e 2 (Biocombust\u00edveis e Energias Renov\u00e1veis)<\/span><\/h4>\n<ul>\n<li><span id=\"page21R_mcid19\" class=\"markedContent\"><span dir=\"ltr\" role=\"presentation\">Avalia\u00e7\u00e3o S\u00f3cio<\/span><span dir=\"ltr\" role=\"presentation\">&#8211;<\/span><span dir=\"ltr\" role=\"presentation\">E<\/span><span dir=\"ltr\" role=\"presentation\">con\u00f4mica e Financeira <\/span><span dir=\"ltr\" role=\"presentation\">de Produtos e Processos <span id=\"page21R_mcid10\" class=\"markedContent\">&#8211; <strong>04 cr\u00e9ditos (60 horas)\u00a0<\/strong><\/span><\/span><\/span><strong>&#8211; <em>MESTRADO\/DOUTORADO<\/em><\/strong><\/li>\n<li><span id=\"page21R_mcid23\" class=\"markedContent\"><span dir=\"ltr\" role=\"presentation\">Aspectos e Impactos S\u00f3cio-Ambientais <span id=\"page21R_mcid10\" class=\"markedContent\">&#8211; <strong>04 cr\u00e9ditos (60 horas) &#8211;<\/strong><\/span><\/span><\/span><strong>\u00a0<em>MESTRADO\/DOUTORADO<\/em><\/strong><\/li>\n<li><span id=\"page21R_mcid6\" class=\"markedContent\"><span dir=\"ltr\" role=\"presentation\">Aplica\u00e7\u00e3o e Processos de uso de Coprodutos &#8211; <strong>04 cr\u00e9ditos (60 horas)\u00a0<\/strong><\/span><\/span><span id=\"page21R_mcid23\" class=\"markedContent\"><span dir=\"ltr\" role=\"presentation\"><span id=\"page21R_mcid10\" class=\"markedContent\"><strong>&#8211;<\/strong><\/span><\/span><\/span><strong>\u00a0<em>MESTRADO\/DOUTORADO<\/em><\/strong><\/li>\n<li><span id=\"page21R_mcid10\" class=\"markedContent\"><span dir=\"ltr\" role=\"presentation\">Estocagem, transmiss\u00e3o e log\u00edstica de distribui\u00e7\u00e3o de Energias &#8211; <strong>04 cr\u00e9ditos (60 horas)\u00a0<\/strong><\/span><\/span><span id=\"page21R_mcid23\" class=\"markedContent\"><span dir=\"ltr\" role=\"presentation\"><span id=\"page21R_mcid10\" class=\"markedContent\"><strong>&#8211;<\/strong><\/span><\/span><\/span><strong>\u00a0<em>MESTRADO\/DOUTORADO<\/em><\/strong><\/li>\n<li>Sistemas Energ\u00e9ticos H\u00edbridos\u00a0<span id=\"page21R_mcid10\" class=\"markedContent\"><span dir=\"ltr\" role=\"presentation\">&#8211; <strong>04 cr\u00e9ditos (60 horas)\u00a0<\/strong><\/span><\/span><span id=\"page21R_mcid23\" class=\"markedContent\"><span dir=\"ltr\" role=\"presentation\"><span id=\"page21R_mcid10\" class=\"markedContent\"><strong>&#8211;<\/strong><\/span><\/span><\/span><strong>\u00a0<em>MESTRADO\/DOUTORADO<\/em><\/strong><\/li>\n<li>Tecnologia e Inova\u00e7\u00e3o em Biocombust\u00edveis e Energias renov\u00e1veis\u00a0<span id=\"page21R_mcid10\" class=\"markedContent\"><span dir=\"ltr\" role=\"presentation\">&#8211; <strong>04 cr\u00e9ditos (60 horas)\u00a0<\/strong><\/span><\/span><span id=\"page21R_mcid23\" class=\"markedContent\"><span dir=\"ltr\" role=\"presentation\"><span id=\"page21R_mcid10\" class=\"markedContent\"><strong>&#8211;<\/strong><\/span><\/span><\/span><strong>\u00a0<em>MESTRADO\/DOUTORADO<\/em><\/strong><\/li>\n<\/ul>\n<\/li>\n<li>\n<h4><span style=\"color: #ff6600\">T\u00f3picos Especiais<\/span><\/h4>\n<ul>\n<li><span id=\"page21R_mcid19\" class=\"markedContent\"><span dir=\"ltr\" role=\"presentation\">T\u00f3picos Especiais 1 <span id=\"page21R_mcid10\" class=\"markedContent\">&#8211; <strong>01 cr\u00e9ditos (15 horas)\u00a0<\/strong><\/span><\/span><\/span><span id=\"page21R_mcid23\" class=\"markedContent\"><span dir=\"ltr\" role=\"presentation\"><span id=\"page21R_mcid10\" class=\"markedContent\"><strong>&#8211;<\/strong><\/span><\/span><\/span><strong>\u00a0<em>MESTRADO\/DOUTORADO<\/em><\/strong><\/li>\n<li><span id=\"page21R_mcid23\" class=\"markedContent\"><span dir=\"ltr\" role=\"presentation\">T\u00f3picos Especiais 2 <span id=\"page21R_mcid10\" class=\"markedContent\">&#8211; <strong>02 cr\u00e9ditos (30 horas)\u00a0<\/strong><\/span><\/span><\/span><span id=\"page21R_mcid24\" class=\"markedContent\"><\/span><span id=\"page21R_mcid23\" class=\"markedContent\"><span dir=\"ltr\" role=\"presentation\"><span id=\"page21R_mcid10\" class=\"markedContent\"><strong>&#8211;<\/strong><\/span><\/span><\/span><strong>\u00a0<em>MESTRADO\/DOUTORADO<\/em><\/strong><\/li>\n<li><span id=\"page21R_mcid23\" class=\"markedContent\"><span dir=\"ltr\" role=\"presentation\">T\u00f3picos Especiais 2 <span id=\"page21R_mcid10\" class=\"markedContent\">&#8211; <strong>04 cr\u00e9ditos (60 horas)\u00a0<\/strong><\/span><\/span><\/span><span id=\"page21R_mcid23\" class=\"markedContent\"><span dir=\"ltr\" role=\"presentation\"><span id=\"page21R_mcid10\" class=\"markedContent\"><strong>&#8211;<\/strong><\/span><\/span><\/span><strong>\u00a0<em>MESTRADO\/DOUTORADO<\/em><\/strong><\/li>\n<\/ul>\n<\/li>\n<\/ul>\n<\/li>\n<li>\n<h4><span style=\"color: #0000ff\"><strong>ATIVIDADES DE PESQUISA<\/strong><\/span><\/h4>\n<ul>\n<li>Disserta\u00e7\u00e3o 1 &#8211; <strong>8 cr\u00e9ditos (120 horas) <\/strong><span id=\"page21R_mcid23\" class=\"markedContent\"><span dir=\"ltr\" role=\"presentation\"><span id=\"page21R_mcid10\" class=\"markedContent\"><strong>&#8211;<\/strong><\/span><\/span><\/span><strong>\u00a0<em>MESTRADO<\/em><\/strong><\/li>\n<li>Disserta\u00e7\u00e3o 2 &#8211; <strong>8 cr\u00e9ditos (120 horas) <\/strong><span id=\"page21R_mcid23\" class=\"markedContent\"><span dir=\"ltr\" role=\"presentation\"><span id=\"page21R_mcid10\" class=\"markedContent\"><strong>&#8211;<\/strong><\/span><\/span><\/span><strong>\u00a0<em>MESTRADO<\/em><\/strong><\/li>\n<li>Disserta\u00e7\u00e3o 3 &#8211; <strong>15 cr\u00e9ditos (225 horas)\u00a0<\/strong><span id=\"page21R_mcid23\" class=\"markedContent\"><span dir=\"ltr\" role=\"presentation\"><span id=\"page21R_mcid10\" class=\"markedContent\"><strong>&#8211;<\/strong><\/span><\/span><\/span><strong>\u00a0<em>MESTRADO<\/em><\/strong><\/li>\n<li>Disserta\u00e7\u00e3o 4 &#8211; <strong>20 cr\u00e9ditos (300 horas)\u00a0<\/strong><span id=\"page21R_mcid23\" class=\"markedContent\"><span dir=\"ltr\" role=\"presentation\"><span id=\"page21R_mcid10\" class=\"markedContent\"><strong>&#8211;<\/strong><\/span><\/span><\/span><strong>\u00a0<em>MESTRADO<\/em><\/strong><\/li>\n<li>Tese 1 &#8211; <strong>10 cr\u00e9ditos (150 horas) <\/strong><span id=\"page21R_mcid23\" class=\"markedContent\"><span dir=\"ltr\" role=\"presentation\"><span id=\"page21R_mcid10\" class=\"markedContent\"><strong>&#8211;<\/strong><\/span><\/span><\/span><strong>\u00a0<em>DOUTORADO<\/em><\/strong><\/li>\n<li>Tese 2 &#8211; <strong>10 cr\u00e9ditos (150 horas) <\/strong><span id=\"page21R_mcid23\" class=\"markedContent\"><span dir=\"ltr\" role=\"presentation\"><span id=\"page21R_mcid10\" class=\"markedContent\"><strong>&#8211;<\/strong><\/span><\/span><\/span><strong> <em>DOUTORADO<\/em><\/strong><\/li>\n<li>Tese 3 &#8211; <strong>10 cr\u00e9ditos (150 horas) <\/strong><span id=\"page21R_mcid23\" class=\"markedContent\"><span dir=\"ltr\" role=\"presentation\"><span id=\"page21R_mcid10\" class=\"markedContent\"><strong>&#8211;<\/strong><\/span><\/span><\/span><strong> <em>DOUTORADO<\/em><\/strong><\/li>\n<li>Tese 4 &#8211; <strong>10 cr\u00e9ditos (150 horas) <\/strong><span id=\"page21R_mcid23\" class=\"markedContent\"><span dir=\"ltr\" role=\"presentation\"><span id=\"page21R_mcid10\" class=\"markedContent\"><strong>&#8211;<\/strong><\/span><\/span><\/span><strong> <em>DOUTORADO<\/em><\/strong><\/li>\n<li>Tese 5 &#8211; <strong>15 cr\u00e9ditos (225 horas) <\/strong><span id=\"page21R_mcid23\" class=\"markedContent\"><span dir=\"ltr\" role=\"presentation\"><span id=\"page21R_mcid10\" class=\"markedContent\"><strong>&#8211;<\/strong><\/span><\/span><\/span><strong> <em>DOUTORADO<\/em><\/strong><\/li>\n<li>Tese 6 &#8211; <strong>15 cr\u00e9ditos (225 horas) <\/strong><span id=\"page21R_mcid23\" class=\"markedContent\"><span dir=\"ltr\" role=\"presentation\"><span id=\"page21R_mcid10\" class=\"markedContent\"><strong>&#8211;<\/strong><\/span><\/span><\/span><strong> <em>DOUTORADO<\/em><\/strong><\/li>\n<li>Tese 7 &#8211; <strong>15 cr\u00e9ditos (225 horas)\u00a0<\/strong><span id=\"page21R_mcid23\" class=\"markedContent\"><span dir=\"ltr\" role=\"presentation\"><span id=\"page21R_mcid10\" class=\"markedContent\"><strong>&#8211;<\/strong><\/span><\/span><\/span><strong> <em>DOUTORADO<\/em><\/strong><\/li>\n<li>Tese 8 &#8211; <strong>15 cr\u00e9ditos (225 horas) <\/strong><span id=\"page21R_mcid23\" class=\"markedContent\"><span dir=\"ltr\" role=\"presentation\"><span id=\"page21R_mcid10\" class=\"markedContent\"><strong>&#8211;<\/strong><\/span><\/span><\/span><strong> <em>DOUTORADO<\/em><\/strong><\/li>\n<\/ul>\n<\/li>\n<\/ol>\n<h4><\/h4>\n<h2 style=\"text-align: center\"><a href=\"https:\/\/palotina.ufpr.br\/bioenergia\/wp-content\/uploads\/sites\/5\/2024\/10\/RELACAO-DE-DISCIPLINAS-PPGB-ME-e-DO_UFPR.pdf\">EMENTAS E PROGRAMAS DAS DISCIPLINAS DO PPGB<\/a><\/h2>\n","protected":false},"excerpt":{"rendered":"<p>INTEGRALIZA\u00c7\u00c3O DOS CR\u00c9DITOS Para consultar o calend\u00e1rio de oferta de disciplinas, clique na ABA LATERAL (Calend\u00e1rio). Sobre a integraliza\u00e7\u00e3o de cr\u00e9ditos em disciplinas e atividades de pesquisa, segue o disposto no regimento: Art. 37\u00b0 do Regimento PPGB. O\u00a0discente dever\u00e1 integralizar a seguinte quantidade de cr\u00e9ditos: CURSO DE MESTRADO &#8211; creditos necess\u00e1rios \u00a71\u00ba. Integralizar um m\u00ednimo &hellip; <a href=\"https:\/\/palotina.ufpr.br\/bioenergia\/disciplinas-1\/\">Continue reading <span class=\"meta-nav\">&rarr;<\/span><\/a><\/p>\n","protected":false},"author":1404,"featured_media":0,"parent":0,"menu_order":0,"comment_status":"closed","ping_status":"closed","template":"template-twocolumnsright.php","meta":{"_acf_changed":false,"footnotes":""},"class_list":["post-223","page","type-page","status-publish","hentry"],"acf":[],"_links":{"self":[{"href":"https:\/\/palotina.ufpr.br\/bioenergia\/wp-json\/wp\/v2\/pages\/223","targetHints":{"allow":["GET"]}}],"collection":[{"href":"https:\/\/palotina.ufpr.br\/bioenergia\/wp-json\/wp\/v2\/pages"}],"about":[{"href":"https:\/\/palotina.ufpr.br\/bioenergia\/wp-json\/wp\/v2\/types\/page"}],"author":[{"embeddable":true,"href":"https:\/\/palotina.ufpr.br\/bioenergia\/wp-json\/wp\/v2\/users\/1404"}],"replies":[{"embeddable":true,"href":"https:\/\/palotina.ufpr.br\/bioenergia\/wp-json\/wp\/v2\/comments?post=223"}],"version-history":[{"count":130,"href":"https:\/\/palotina.ufpr.br\/bioenergia\/wp-json\/wp\/v2\/pages\/223\/revisions"}],"predecessor-version":[{"id":1639,"href":"https:\/\/palotina.ufpr.br\/bioenergia\/wp-json\/wp\/v2\/pages\/223\/revisions\/1639"}],"wp:attachment":[{"href":"https:\/\/palotina.ufpr.br\/bioenergia\/wp-json\/wp\/v2\/media?parent=223"}],"curies":[{"name":"wp","href":"https:\/\/api.w.org\/{rel}","templated":true}]}}