{"id":29,"date":"2016-07-05T20:57:15","date_gmt":"2016-07-05T20:57:15","guid":{"rendered":"https:\/\/palotina.ufpr.br\/bioenergia\/?page_id=29"},"modified":"2024-12-12T23:44:12","modified_gmt":"2024-12-12T23:44:12","slug":"programa","status":"publish","type":"page","link":"https:\/\/palotina.ufpr.br\/bioenergia\/programa\/","title":{"rendered":"O Programa"},"content":{"rendered":"<p style=\"text-align: center\"><span style=\"color: #008000\"><strong>PROGRAMA DE P\u00d3S-GRADUA\u00c7\u00c3O EM BIOENERGIA &#8211; MESTRADO E DOUTORADO<\/strong><\/span><\/p>\n<p style=\"text-align: justify\"><span style=\"color: #008000\"><strong><span style=\"color: #008000\">Miss\u00e3o:<\/span>\u00a0<\/strong><\/span><span style=\"color: #993300\"><span style=\"color: #000000\">formar e qualificar profissionais em n\u00edvel superior para desenvolver atividades ligadas ao ensino, pesquisa, extens\u00e3o, desenvolvimento tecnol\u00f3gico e inovador e, ao exerc\u00edcio de atividades em Bioenergia.<\/span><\/span><\/p>\n<hr \/>\n<p style=\"text-align: justify\"><span style=\"color: #008000\"><strong>Hist\u00f3rico:<\/strong>\u00a0<\/span><span style=\"color: #000000\">O <span style=\"color: #2d5924\">Programa<\/span> de P\u00f3s-Gradua\u00e7\u00e3o em Bioenergia Stricto Sensu (PPGB), \u00a0\u00e9 um Curso em Associa\u00e7\u00e3o em Rede, e iniciou suas atividades em mar\u00e7o de 2010, homologado pelo Conselho Nacional de Educa\u00e7\u00e3o atrav\u00e9s da <a href=\"http:\/\/pesquisa.in.gov.br\/imprensa\/jsp\/visualiza\/index.jsp?data=27\/07\/2012&amp;jornal=1&amp;pagina=10&amp;totalA\" target=\"_blank\" rel=\"noopener\">Port. MEC 979, de 26\/07\/2012<\/a>, se\u00e7\u00e3o 1, p\u00e1gina 10. <strong>Atualmente \u00e9 conceito 4 na CAPES (CTC-ES 215<sup>a<\/sup> Reuni\u00e3o 2022)<\/strong>.<\/span><\/p>\n<p style=\"text-align: justify\"><span style=\"color: #000000\">\u00c9 composto pelas Institui\u00e7\u00f5es de Ensino Superior (IES) Associadas: UEL, UFPR, UEM, UEPG, Unioeste e Unicentro, respons\u00e1veis pelas atividades administrativas e pedag\u00f3gicas do Programa. Possui parcerias, apoio e colabora\u00e7\u00f5es com outras IES e institutos de pesquisa: Embrapa-PR, Iapar-Emater, Tecpar, UTFPR.\u00a0<\/span><\/p>\n<p style=\"text-align: justify\"><span style=\"color: #000000\">A Coordena\u00e7\u00e3o Geral do Programa \u00e9 exercida no \u00e2mbito interinstitucional por uma das Associadas, em sistema de rod\u00edzio, respeitando os Comit\u00eas e\/ou Coordena\u00e7\u00f5es de P\u00f3s-Gradua\u00e7\u00e3o e Conselhos Superiores de cada institui\u00e7\u00e3o. Cada uma das Institui\u00e7\u00f5es Associadas conta com sua respectiva Coordena\u00e7\u00e3o Local.<\/span><\/p>\n<hr \/>\n<p style=\"text-align: justify\"><span style=\"color: #008000\"><strong>Palavra da Coordena\u00e7\u00e3o do Bioenergia na UFPR &#8211; Gest\u00e3o 2023\/2025: <\/strong><\/span><span style=\"color: #000000\">O PPGB tem como metas principais: (1) Consolidar a inser\u00e7\u00e3o regional com parcerias com universidades, funda\u00e7\u00f5es, empresas publicas e privadas do Paran\u00e1; (2) Fomentar a internacionaliza\u00e7\u00e3o do programa, atrav\u00e9s da participa\u00e7\u00e3o de docentes e discentes em parcerias, interc\u00e2mbios e eventos cient\u00edficos internacionais; (3)\u00a0<\/span><span style=\"color: #000000\">Melhorar a estrutura interna do programa, por meio da capta\u00e7\u00e3o de recursos em editais internos e externos; (4) Aumentar a inser\u00e7\u00e3o e o impacto da produ\u00e7\u00e3o cient\u00edfica e demais produtos gerados pelas pesquisas.<\/span><\/p>\n<p><strong>Coordenador Local (Gest\u00e3o 2023-2025):<\/strong><br \/>\nProf. RODRIGO SEQUINEL<br \/>\nE-mail: rodrigosequinel@ufpr.br<\/p>\n<p><strong>Vice \u2013 Coordenadora Local (Gest\u00e3o 2023-2025):<\/strong><br \/>\nProfa Adriana Ferla de Oliveira<br \/>\nE-mail: adrianaferla@ufpr.br<\/p>\n<hr \/>\n<p><strong>Coordenador Geral da Rede do PPGB:<\/strong><br \/>\nProf. PEDRO HENRIQUE WEIRICH NETO<br \/>\nE-mail: lama1@uepg.br<\/p>\n<p><strong>Vice \u2013 Coordenadora Geral da Rede PPGB:<\/strong><br \/>\nProf. ANDR\u00c9 LAZARIN GALLINA<br \/>\nE-mail: <span style=\"color: #333333\"><em>andregallina@unicentro.br<\/em><\/span><\/p>\n<p><img fetchpriority=\"high\" decoding=\"async\" class=\"aligncenter size-medium wp-image-1625\" src=\"https:\/\/palotina.ufpr.br\/bioenergia\/wp-content\/uploads\/sites\/5\/2024\/12\/Colorido-azul-300x169.jpeg\" alt=\"\" width=\"300\" height=\"169\" srcset=\"https:\/\/palotina.ufpr.br\/bioenergia\/wp-content\/uploads\/sites\/5\/2024\/12\/Colorido-azul-300x169.jpeg 300w, https:\/\/palotina.ufpr.br\/bioenergia\/wp-content\/uploads\/sites\/5\/2024\/12\/Colorido-azul-1024x576.jpeg 1024w, https:\/\/palotina.ufpr.br\/bioenergia\/wp-content\/uploads\/sites\/5\/2024\/12\/Colorido-azul-768x432.jpeg 768w, https:\/\/palotina.ufpr.br\/bioenergia\/wp-content\/uploads\/sites\/5\/2024\/12\/Colorido-azul-1536x864.jpeg 1536w, https:\/\/palotina.ufpr.br\/bioenergia\/wp-content\/uploads\/sites\/5\/2024\/12\/Colorido-azul-555x312.jpeg 555w, https:\/\/palotina.ufpr.br\/bioenergia\/wp-content\/uploads\/sites\/5\/2024\/12\/Colorido-azul.jpeg 1600w\" sizes=\"(max-width: 300px) 100vw, 300px\" \/><\/p>\n","protected":false},"excerpt":{"rendered":"<p>PROGRAMA DE P\u00d3S-GRADUA\u00c7\u00c3O EM BIOENERGIA &#8211; MESTRADO E DOUTORADO Miss\u00e3o:\u00a0formar e qualificar profissionais em n\u00edvel superior para desenvolver atividades ligadas ao ensino, pesquisa, extens\u00e3o, desenvolvimento tecnol\u00f3gico e inovador e, ao exerc\u00edcio de atividades em Bioenergia. Hist\u00f3rico:\u00a0O Programa de P\u00f3s-Gradua\u00e7\u00e3o em Bioenergia Stricto Sensu (PPGB), \u00a0\u00e9 um Curso em Associa\u00e7\u00e3o em Rede, e iniciou suas atividades &hellip; <a href=\"https:\/\/palotina.ufpr.br\/bioenergia\/programa\/\">Continue reading <span class=\"meta-nav\">&rarr;<\/span><\/a><\/p>\n","protected":false},"author":1404,"featured_media":0,"parent":0,"menu_order":0,"comment_status":"closed","ping_status":"closed","template":"template-twocolumnsright.php","meta":{"_acf_changed":false,"footnotes":""},"class_list":["post-29","page","type-page","status-publish","hentry"],"acf":[],"_links":{"self":[{"href":"https:\/\/palotina.ufpr.br\/bioenergia\/wp-json\/wp\/v2\/pages\/29","targetHints":{"allow":["GET"]}}],"collection":[{"href":"https:\/\/palotina.ufpr.br\/bioenergia\/wp-json\/wp\/v2\/pages"}],"about":[{"href":"https:\/\/palotina.ufpr.br\/bioenergia\/wp-json\/wp\/v2\/types\/page"}],"author":[{"embeddable":true,"href":"https:\/\/palotina.ufpr.br\/bioenergia\/wp-json\/wp\/v2\/users\/1404"}],"replies":[{"embeddable":true,"href":"https:\/\/palotina.ufpr.br\/bioenergia\/wp-json\/wp\/v2\/comments?post=29"}],"version-history":[{"count":36,"href":"https:\/\/palotina.ufpr.br\/bioenergia\/wp-json\/wp\/v2\/pages\/29\/revisions"}],"predecessor-version":[{"id":1628,"href":"https:\/\/palotina.ufpr.br\/bioenergia\/wp-json\/wp\/v2\/pages\/29\/revisions\/1628"}],"wp:attachment":[{"href":"https:\/\/palotina.ufpr.br\/bioenergia\/wp-json\/wp\/v2\/media?parent=29"}],"curies":[{"name":"wp","href":"https:\/\/api.w.org\/{rel}","templated":true}]}}