{"id":49,"date":"2016-07-05T21:08:40","date_gmt":"2016-07-05T21:08:40","guid":{"rendered":"https:\/\/palotina.ufpr.br\/bioenergia\/?page_id=49"},"modified":"2016-10-26T16:23:57","modified_gmt":"2016-10-26T16:23:57","slug":"dissertacoes","status":"publish","type":"page","link":"https:\/\/palotina.ufpr.br\/bioenergia\/dissertacoes\/","title":{"rendered":"Disserta\u00e7\u00f5es"},"content":{"rendered":"<hr \/>\n<p style=\"text-align: left\"><span style=\"text-decoration: underline\"><strong>2016<\/strong><\/span><\/p>\n<p>Titulo:\u00a0<a href=\"http:\/\/acervodigital.ufpr.br\/handle\/1884\/42423\">Otimiza\u00e7\u00e3o do processo de biogest\u00e3o anaer\u00f3bia a partir da mistura de \u00e1gua residual de suinocultura, vinha\u00e7a e gliceraol bruto<\/a><\/p>\n<p>Autor: Meier, Thompson Ricardo Weiser\u00a0(2016);<\/p>\n<p>&nbsp;<\/p>\n<hr \/>\n<p style=\"text-align: left\"><span style=\"text-decoration: underline\"><strong>2015<\/strong><\/span><\/p>\n<p>Titulo:\u00a0<a href=\"http:\/\/acervodigital.ufpr.br\/handle\/1884\/41372\">S\u00edntese de \u00e9steres et\u00edlicos por transesterifica\u00e7\u00e3o in situ em biomassa de microalgas provenientes de um sistema de tratamento de emiss\u00f5es atmosf\u00e9ricas<\/a><\/p>\n<p>Autor: Cavalcanti, Val\u00e9ria Ferreira\u00a0(2015)<\/p>\n<p>&nbsp;<\/p>\n<p>Titulo:\u00a0<a href=\"http:\/\/acervodigital.ufpr.br\/handle\/1884\/40947\">Viabilidade econ\u00f4mica do biodiesel de soja no Paran\u00e1 : estudo de caso<\/a><\/p>\n<p>Autor: M\u00fchlmann, Warna Elisabeth Henrichsen\u00a0(2015)<\/p>\n<p>&nbsp;<\/p>\n<p>Titulo:\u00a0<a href=\"http:\/\/acervodigital.ufpr.br\/handle\/1884\/37978\">Reforma a seco do metano para produ\u00e7\u00e3o de hidrog\u00eanio utilizando catalisadores Ni\/Al2O3 : uma alternativa para o biog\u00e1s<\/a><\/p>\n<p>Autor: Schwengber, Carine Aline\u00a0(2015)<\/p>\n<p>&nbsp;<\/p>\n<hr \/>\n<p style=\"text-align: left\"><span style=\"text-decoration: underline\"><strong>2014<\/strong><\/span><\/p>\n<p>Titulo:\u00a0<a href=\"http:\/\/acervodigital.ufpr.br\/handle\/1884\/40766\">Potencial energ\u00e9tico da biomassa de pinus e misturas para ind\u00fastria de papel<\/a><\/p>\n<p>Kurchaidt, Sueli Zminko\u00a0(2014)<\/p>\n<p>&nbsp;<\/p>\n<p>Titulo:\u00a0<a href=\"http:\/\/acervodigital.ufpr.br\/handle\/1884\/39124\">Potencial energ\u00e9tico de bambus plantados no Brasil : Phyllostachys bambusoides (Madake), Phyllostachys nigra cv henonis (Hatiku) e Phyllostachys pubescens (Moss\u00f4)<\/a><\/p>\n<p>Autor: Kerschbaumer, Fernando Eduardo\u00a0(2014)<\/p>\n<p>&nbsp;<\/p>\n<p>Titulo:\u00a0<a href=\"http:\/\/acervodigital.ufpr.br\/handle\/1884\/36038\">Obten\u00e7\u00e3o de catalisador a partir de carapa\u00e7as de camar\u00e3o tratadas com fluoreto de pot\u00e1ssio e aplica\u00e7\u00e3o em rea\u00e7\u00f5es de transesterifica\u00e7\u00e3o<\/a><\/p>\n<p>Autor: Biondo, Carlos Eduardo Guerino\u00a0(2014)<\/p>\n<p>&nbsp;<\/p>\n<hr \/>\n<p style=\"text-align: left\"><span style=\"text-decoration: underline\"><strong>2013<\/strong><\/span><\/p>\n<p>Titulo:\u00a0<a href=\"http:\/\/acervodigital.ufpr.br\/handle\/1884\/29703\">Caracteriza\u00e7\u00e3o e classifica\u00e7\u00e3o de co-produtos compactados da biomassa para fins energ\u00e9ticos<\/a><\/p>\n<p>Autor: Capote, Franciele Gesleine\u00a0(2013)<\/p>\n<p>&nbsp;<\/p>\n<hr \/>\n<p style=\"text-align: left\"><span style=\"text-decoration: underline\"><strong>2012<\/strong><\/span><\/p>\n<p>Titulo:\u00a0<a href=\"http:\/\/acervodigital.ufpr.br\/handle\/1884\/38072\">Influ\u00eancia dos par\u00e2metros de especifica\u00e7\u00e3o sobre as garantias de qualidade do biodiesel comercializado no Brasil<\/a><\/p>\n<p>Autor: Vechiatto, Wellington Wagner Dias\u00a0(2012)<\/p>\n<hr \/>\n<p>&nbsp;<\/p>\n","protected":false},"excerpt":{"rendered":"<p>2016 Titulo:\u00a0Otimiza\u00e7\u00e3o do processo de biogest\u00e3o anaer\u00f3bia a partir da mistura de \u00e1gua residual de suinocultura, vinha\u00e7a e gliceraol bruto Autor: Meier, Thompson Ricardo Weiser\u00a0(2016); &nbsp; 2015 Titulo:\u00a0S\u00edntese de \u00e9steres et\u00edlicos por transesterifica\u00e7\u00e3o in situ em biomassa de microalgas provenientes de um sistema de tratamento de emiss\u00f5es atmosf\u00e9ricas Autor: Cavalcanti, Val\u00e9ria Ferreira\u00a0(2015) &nbsp; Titulo:\u00a0Viabilidade econ\u00f4mica &hellip; <a href=\"https:\/\/palotina.ufpr.br\/bioenergia\/dissertacoes\/\">Continue reading <span class=\"meta-nav\">&rarr;<\/span><\/a><\/p>\n","protected":false},"author":1404,"featured_media":0,"parent":0,"menu_order":0,"comment_status":"closed","ping_status":"closed","template":"template-twocolumnsright.php","meta":{"_acf_changed":false,"footnotes":""},"class_list":["post-49","page","type-page","status-publish","hentry"],"acf":[],"_links":{"self":[{"href":"https:\/\/palotina.ufpr.br\/bioenergia\/wp-json\/wp\/v2\/pages\/49","targetHints":{"allow":["GET"]}}],"collection":[{"href":"https:\/\/palotina.ufpr.br\/bioenergia\/wp-json\/wp\/v2\/pages"}],"about":[{"href":"https:\/\/palotina.ufpr.br\/bioenergia\/wp-json\/wp\/v2\/types\/page"}],"author":[{"embeddable":true,"href":"https:\/\/palotina.ufpr.br\/bioenergia\/wp-json\/wp\/v2\/users\/1404"}],"replies":[{"embeddable":true,"href":"https:\/\/palotina.ufpr.br\/bioenergia\/wp-json\/wp\/v2\/comments?post=49"}],"version-history":[{"count":8,"href":"https:\/\/palotina.ufpr.br\/bioenergia\/wp-json\/wp\/v2\/pages\/49\/revisions"}],"predecessor-version":[{"id":415,"href":"https:\/\/palotina.ufpr.br\/bioenergia\/wp-json\/wp\/v2\/pages\/49\/revisions\/415"}],"wp:attachment":[{"href":"https:\/\/palotina.ufpr.br\/bioenergia\/wp-json\/wp\/v2\/media?parent=49"}],"curies":[{"name":"wp","href":"https:\/\/api.w.org\/{rel}","templated":true}]}}