{"id":4643,"date":"2017-08-08T11:46:53","date_gmt":"2017-08-08T11:46:53","guid":{"rendered":"https:\/\/palotina.ufpr.br\/dzo\/?page_id=4643"},"modified":"2026-04-04T14:57:54","modified_gmt":"2026-04-04T14:57:54","slug":"editais","status":"publish","type":"page","link":"https:\/\/palotina.ufpr.br\/dzo\/editais\/","title":{"rendered":"Editais"},"content":{"rendered":"\t\t<div data-elementor-type=\"wp-page\" data-elementor-id=\"4643\" class=\"elementor elementor-4643\">\n\t\t\t\t\t\t<section class=\"elementor-section elementor-top-section elementor-element elementor-element-f3a4a73 elementor-section-boxed elementor-section-height-default elementor-section-height-default\" data-id=\"f3a4a73\" data-element_type=\"section\" data-e-type=\"section\">\n\t\t\t\t\t\t<div class=\"elementor-container elementor-column-gap-default\">\n\t\t\t\t\t<div class=\"elementor-column elementor-col-100 elementor-top-column elementor-element elementor-element-7bbf844\" data-id=\"7bbf844\" data-element_type=\"column\" data-e-type=\"column\">\n\t\t\t<div class=\"elementor-widget-wrap elementor-element-populated\">\n\t\t\t\t\t\t<div class=\"elementor-element elementor-element-aa94db7 elementor-widget elementor-widget-image\" data-id=\"aa94db7\" data-element_type=\"widget\" data-e-type=\"widget\" data-widget_type=\"image.default\">\n\t\t\t\t<div class=\"elementor-widget-container\">\n\t\t\t\t\t\t\t\t\t\t\t\t\t\t\t<img decoding=\"async\" width=\"150\" height=\"150\" src=\"https:\/\/palotina.ufpr.br\/dzo\/wp-content\/uploads\/sites\/10\/2025\/02\/download-150x150.jpeg\" class=\"attachment-thumbnail size-thumbnail wp-image-9514\" alt=\"\" srcset=\"https:\/\/palotina.ufpr.br\/dzo\/wp-content\/uploads\/sites\/10\/2025\/02\/download-150x150.jpeg 150w, https:\/\/palotina.ufpr.br\/dzo\/wp-content\/uploads\/sites\/10\/2025\/02\/download-300x298.jpeg 300w, https:\/\/palotina.ufpr.br\/dzo\/wp-content\/uploads\/sites\/10\/2025\/02\/download-121x120.jpeg 121w, https:\/\/palotina.ufpr.br\/dzo\/wp-content\/uploads\/sites\/10\/2025\/02\/download.jpeg 735w\" sizes=\"(max-width: 150px) 100vw, 150px\" \/>\t\t\t\t\t\t\t\t\t\t\t\t\t\t\t<\/div>\n\t\t\t\t<\/div>\n\t\t\t\t\t<\/div>\n\t\t<\/div>\n\t\t\t\t\t<\/div>\n\t\t<\/section>\n\t\t\t\t<section class=\"elementor-section elementor-top-section elementor-element elementor-element-543cbc9 elementor-section-boxed elementor-section-height-default elementor-section-height-default\" data-id=\"543cbc9\" data-element_type=\"section\" data-e-type=\"section\">\n\t\t\t\t\t\t<div class=\"elementor-container elementor-column-gap-default\">\n\t\t\t\t\t<div class=\"elementor-column elementor-col-100 elementor-top-column elementor-element elementor-element-ecc68f4\" data-id=\"ecc68f4\" data-element_type=\"column\" data-e-type=\"column\">\n\t\t\t<div class=\"elementor-widget-wrap elementor-element-populated\">\n\t\t\t\t\t\t<div class=\"elementor-element elementor-element-ded69cb elementor-widget elementor-widget-heading\" data-id=\"ded69cb\" data-element_type=\"widget\" data-e-type=\"widget\" data-widget_type=\"heading.default\">\n\t\t\t\t<div class=\"elementor-widget-container\">\n\t\t\t\t\t<h4 class=\"elementor-heading-title elementor-size-default\"><a href=\"https:\/\/prograp.ufpr.br\/coafe\/wp-content\/uploads\/sites\/15\/2025\/12\/EDITAL_10.2025.PROGRAP.COAPPE.pdf\" target=\"_blank\">EDITAL N\u00ba 10\/2025\/PROGRAP\/COAPPE - PROGRAMA INSTITUCIONAL DE\nMONITORIA 2026-1<br><\/a><\/h4>\t\t\t\t<\/div>\n\t\t\t\t<\/div>\n\t\t\t\t\t<\/div>\n\t\t<\/div>\n\t\t\t\t\t<\/div>\n\t\t<\/section>\n\t\t\t\t<section class=\"elementor-section elementor-top-section elementor-element elementor-element-bbb8daa elementor-section-boxed elementor-section-height-default elementor-section-height-default\" data-id=\"bbb8daa\" data-element_type=\"section\" data-e-type=\"section\">\n\t\t\t\t\t\t<div class=\"elementor-container elementor-column-gap-default\">\n\t\t\t\t\t<div class=\"elementor-column elementor-col-100 elementor-top-column elementor-element elementor-element-5a34576\" data-id=\"5a34576\" data-element_type=\"column\" data-e-type=\"column\">\n\t\t\t<div class=\"elementor-widget-wrap elementor-element-populated\">\n\t\t\t\t\t\t<div class=\"elementor-element elementor-element-32ccc5b elementor-widget elementor-widget-heading\" data-id=\"32ccc5b\" data-element_type=\"widget\" data-e-type=\"widget\" data-widget_type=\"heading.default\">\n\t\t\t\t<div class=\"elementor-widget-container\">\n\t\t\t\t\t<h5 class=\"elementor-heading-title elementor-size-default\">Prof Jos\u00e9 Ant\u00f4nio de Freitas<\/h5>\t\t\t\t<\/div>\n\t\t\t\t<\/div>\n\t\t\t\t<div class=\"elementor-element elementor-element-6721397 elementor-widget elementor-widget-text-editor\" data-id=\"6721397\" data-element_type=\"widget\" data-e-type=\"widget\" data-widget_type=\"text-editor.default\">\n\t\t\t\t<div class=\"elementor-widget-container\">\n\t\t\t\t\t\t\t\t\t<p><a href=\"https:\/\/palotina.ufpr.br\/dzo\/wp-content\/uploads\/sites\/10\/2026\/02\/EDITAL_DE_SELECAO_DE_MONITORES__1_.pdf\" target=\"_blank\" rel=\"noopener\">Edital_de_selecao_disciplina_Produ\u00e7\u00e3o_de_Bovinos<\/a><\/p>\t\t\t\t\t\t\t\t<\/div>\n\t\t\t\t<\/div>\n\t\t\t\t\t<\/div>\n\t\t<\/div>\n\t\t\t\t\t<\/div>\n\t\t<\/section>\n\t\t\t\t<section class=\"elementor-section elementor-top-section elementor-element elementor-element-bfe6763 elementor-section-boxed elementor-section-height-default elementor-section-height-default\" data-id=\"bfe6763\" data-element_type=\"section\" data-e-type=\"section\">\n\t\t\t\t\t\t<div class=\"elementor-container elementor-column-gap-default\">\n\t\t\t\t\t<div class=\"elementor-column elementor-col-100 elementor-top-column elementor-element elementor-element-90ed5cc\" data-id=\"90ed5cc\" data-element_type=\"column\" data-e-type=\"column\">\n\t\t\t<div class=\"elementor-widget-wrap elementor-element-populated\">\n\t\t\t\t\t\t<div class=\"elementor-element elementor-element-8e667eb elementor-widget elementor-widget-heading\" data-id=\"8e667eb\" data-element_type=\"widget\" data-e-type=\"widget\" data-widget_type=\"heading.default\">\n\t\t\t\t<div class=\"elementor-widget-container\">\n\t\t\t\t\t<h5 class=\"elementor-heading-title elementor-size-default\">Prof Willian Gon\u00e7alves do Nascimento<\/h5>\t\t\t\t<\/div>\n\t\t\t\t<\/div>\n\t\t\t\t<div class=\"elementor-element elementor-element-2b2b2ad elementor-widget elementor-widget-text-editor\" data-id=\"2b2b2ad\" data-element_type=\"widget\" data-e-type=\"widget\" data-widget_type=\"text-editor.default\">\n\t\t\t\t<div class=\"elementor-widget-container\">\n\t\t\t\t\t\t\t\t\t<p><a href=\"https:\/\/palotina.ufpr.br\/dzo\/wp-content\/uploads\/sites\/10\/2026\/02\/Edital_de_selecao_monitoria_DZO019_-_DZO114_-_DZO116.pdf\" target=\"_blank\" rel=\"noopener\">Edital_de_selecao_disciplinas_DZO019_DZO114_DZO116<\/a><\/p><p><a href=\"https:\/\/palotina.ufpr.br\/dzo\/wp-content\/uploads\/sites\/10\/2026\/03\/Resultado_da_Selecao_monitoria_2026-1_assinado.pdf\" target=\"_blank\" rel=\"noopener\">Resultado_da_Selecao_monitoria_2026-1<\/a><\/p>\t\t\t\t\t\t\t\t<\/div>\n\t\t\t\t<\/div>\n\t\t\t\t\t<\/div>\n\t\t<\/div>\n\t\t\t\t\t<\/div>\n\t\t<\/section>\n\t\t\t\t<\/div>\n\t\t","protected":false},"excerpt":{"rendered":"<p>EDITAL N\u00ba 10\/2025\/PROGRAP\/COAPPE &#8211; PROGRAMA INSTITUCIONAL DE MONITORIA 2026-1 Prof Jos\u00e9 Ant\u00f4nio de Freitas Edital_de_selecao_disciplina_Produ\u00e7\u00e3o_de_Bovinos Prof Willian Gon\u00e7alves do Nascimento Edital_de_selecao_disciplinas_DZO019_DZO114_DZO116 Resultado_da_Selecao_monitoria_2026-1<\/p>\n","protected":false},"author":1395,"featured_media":0,"parent":0,"menu_order":0,"comment_status":"closed","ping_status":"closed","template":"","meta":{"_acf_changed":false,"footnotes":""},"class_list":["post-4643","page","type-page","status-publish","hentry"],"acf":[],"_links":{"self":[{"href":"https:\/\/palotina.ufpr.br\/dzo\/wp-json\/wp\/v2\/pages\/4643","targetHints":{"allow":["GET"]}}],"collection":[{"href":"https:\/\/palotina.ufpr.br\/dzo\/wp-json\/wp\/v2\/pages"}],"about":[{"href":"https:\/\/palotina.ufpr.br\/dzo\/wp-json\/wp\/v2\/types\/page"}],"author":[{"embeddable":true,"href":"https:\/\/palotina.ufpr.br\/dzo\/wp-json\/wp\/v2\/users\/1395"}],"replies":[{"embeddable":true,"href":"https:\/\/palotina.ufpr.br\/dzo\/wp-json\/wp\/v2\/comments?post=4643"}],"version-history":[{"count":263,"href":"https:\/\/palotina.ufpr.br\/dzo\/wp-json\/wp\/v2\/pages\/4643\/revisions"}],"predecessor-version":[{"id":9646,"href":"https:\/\/palotina.ufpr.br\/dzo\/wp-json\/wp\/v2\/pages\/4643\/revisions\/9646"}],"wp:attachment":[{"href":"https:\/\/palotina.ufpr.br\/dzo\/wp-json\/wp\/v2\/media?parent=4643"}],"curies":[{"name":"wp","href":"https:\/\/api.w.org\/{rel}","templated":true}]}}