{"id":5,"date":"2016-09-08T17:44:04","date_gmt":"2016-09-08T17:44:04","guid":{"rendered":"https:\/\/palotina.ufpr.br\/dzootecnia\/?page_id=5"},"modified":"2023-07-29T02:12:56","modified_gmt":"2023-07-29T02:12:56","slug":"zootecnia","status":"publish","type":"page","link":"https:\/\/palotina.ufpr.br\/dzo\/","title":{"rendered":"In\u00edcio"},"content":{"rendered":"\t\t<div data-elementor-type=\"wp-page\" data-elementor-id=\"5\" class=\"elementor elementor-5\">\n\t\t\t\t\t\t<section class=\"elementor-section elementor-top-section elementor-element elementor-element-b7bcf32 elementor-section-boxed elementor-section-height-default elementor-section-height-default\" data-id=\"b7bcf32\" data-element_type=\"section\" data-e-type=\"section\">\n\t\t\t\t\t\t<div class=\"elementor-container elementor-column-gap-default\">\n\t\t\t\t\t<div class=\"elementor-column elementor-col-50 elementor-top-column elementor-element elementor-element-21b2e59\" data-id=\"21b2e59\" data-element_type=\"column\" data-e-type=\"column\">\n\t\t\t<div class=\"elementor-widget-wrap elementor-element-populated\">\n\t\t\t\t\t\t<div class=\"elementor-element elementor-element-e3afdac elementor-widget elementor-widget-image\" data-id=\"e3afdac\" data-element_type=\"widget\" data-e-type=\"widget\" data-widget_type=\"image.default\">\n\t\t\t\t<div class=\"elementor-widget-container\">\n\t\t\t\t\t\t\t\t\t\t\t\t\t\t\t<img fetchpriority=\"high\" decoding=\"async\" width=\"300\" height=\"300\" src=\"https:\/\/palotina.ufpr.br\/dzo\/wp-content\/uploads\/sites\/10\/2016\/09\/cropped-DZO-logo-300x300.png\" class=\"attachment-medium size-medium wp-image-8977\" alt=\"\" srcset=\"https:\/\/palotina.ufpr.br\/dzo\/wp-content\/uploads\/sites\/10\/2016\/09\/cropped-DZO-logo-300x300.png 300w, https:\/\/palotina.ufpr.br\/dzo\/wp-content\/uploads\/sites\/10\/2016\/09\/cropped-DZO-logo-150x150.png 150w, https:\/\/palotina.ufpr.br\/dzo\/wp-content\/uploads\/sites\/10\/2016\/09\/cropped-DZO-logo-270x270.png 270w, https:\/\/palotina.ufpr.br\/dzo\/wp-content\/uploads\/sites\/10\/2016\/09\/cropped-DZO-logo-192x192.png 192w, https:\/\/palotina.ufpr.br\/dzo\/wp-content\/uploads\/sites\/10\/2016\/09\/cropped-DZO-logo-180x180.png 180w, https:\/\/palotina.ufpr.br\/dzo\/wp-content\/uploads\/sites\/10\/2016\/09\/cropped-DZO-logo-32x32.png 32w, https:\/\/palotina.ufpr.br\/dzo\/wp-content\/uploads\/sites\/10\/2016\/09\/cropped-DZO-logo.png 512w\" sizes=\"(max-width: 300px) 100vw, 300px\" \/>\t\t\t\t\t\t\t\t\t\t\t\t\t\t\t<\/div>\n\t\t\t\t<\/div>\n\t\t\t\t\t<\/div>\n\t\t<\/div>\n\t\t\t\t<div class=\"elementor-column elementor-col-50 elementor-top-column elementor-element elementor-element-945e120\" data-id=\"945e120\" data-element_type=\"column\" data-e-type=\"column\">\n\t\t\t<div class=\"elementor-widget-wrap elementor-element-populated\">\n\t\t\t\t\t\t<div class=\"elementor-element elementor-element-b8a0813 elementor-widget elementor-widget-text-editor\" data-id=\"b8a0813\" data-element_type=\"widget\" data-e-type=\"widget\" data-widget_type=\"text-editor.default\">\n\t\t\t\t<div class=\"elementor-widget-container\">\n\t\t\t\t\t\t\t\t\t<h5 class=\"MsoNormal\">&nbsp; &nbsp; O Departamento de Zootecnia (DZO) da UFPR Setor Palotina foi criado em 2014 com o objetivo de qualificar profissionais de diversas \u00e1reas de forma\u00e7\u00e3o para atuarem na \u00e1rea de produ\u00e7\u00e3o animal. O DZO conta atualmente com 12 docentes permanentes com titula\u00e7\u00e3o de doutor. Atende aos cursos de gradua\u00e7\u00e3o em Agronomia, Engenharia de Aquicultura e Medicina Veterin\u00e1ria do Setor Palotina, sendo respons\u00e1vel por 46 disciplinas na \u00e1rea da produ\u00e7\u00e3o animal. Al\u00e9m do ensino de gradua\u00e7\u00e3o os docentes atuam no ensino de p\u00f3s-gradua\u00e7\u00e3o, pesquisa e extens\u00e3o.&nbsp;<\/h5>\t\t\t\t\t\t\t\t<\/div>\n\t\t\t\t<\/div>\n\t\t\t\t\t<\/div>\n\t\t<\/div>\n\t\t\t\t\t<\/div>\n\t\t<\/section>\n\t\t\t\t<section class=\"elementor-section elementor-top-section elementor-element elementor-element-affee93 elementor-section-boxed elementor-section-height-default elementor-section-height-default\" data-id=\"affee93\" data-element_type=\"section\" data-e-type=\"section\">\n\t\t\t\t\t\t<div class=\"elementor-container elementor-column-gap-default\">\n\t\t\t\t\t<div class=\"elementor-column elementor-col-100 elementor-top-column elementor-element elementor-element-c0415ac\" data-id=\"c0415ac\" data-element_type=\"column\" data-e-type=\"column\">\n\t\t\t<div class=\"elementor-widget-wrap elementor-element-populated\">\n\t\t\t\t\t\t<div class=\"elementor-element elementor-element-db825dc elementor-widget elementor-widget-text-editor\" data-id=\"db825dc\" data-element_type=\"widget\" data-e-type=\"widget\" data-widget_type=\"text-editor.default\">\n\t\t\t\t<div class=\"elementor-widget-container\">\n\t\t\t\t\t\t\t\t\t<h5 class=\"MsoNormal\">&nbsp; &nbsp; &nbsp;O DZO apresenta grande produtividade na pesquisa contando com dois professores com bolsa de produtividade em pesquisa do CNPq e tamb\u00e9m projetos de extens\u00e3o aprovados junto a UFPR e que visam o desenvolvimento sustent\u00e1vel da produ\u00e7\u00e3o animal. O Departamento de Zootecnia est\u00e1 vinculado aos Programas de P\u00f3s-Gradua\u00e7\u00e3o em Aquicultura e Desenvolvimento Sustent\u00e1vel e Ci\u00eancia Animal do Setor Palotina e conta com diversos laborat\u00f3rios nas diferentes \u00e1reas da produ\u00e7\u00e3o animal e duas \u00e1reas experimentais, uma em aquicultura no munic\u00edpio de Marip\u00e1 e um laborat\u00f3rio de experimenta\u00e7\u00e3o av\u00edcola na Linha 5000, a cerca de 13 quil\u00f4metros da sede do Setor Palotina da Universidade Federal do Paran\u00e1 (UFPR).<\/h5>\t\t\t\t\t\t\t\t<\/div>\n\t\t\t\t<\/div>\n\t\t\t\t\t<\/div>\n\t\t<\/div>\n\t\t\t\t\t<\/div>\n\t\t<\/section>\n\t\t\t\t<\/div>\n\t\t","protected":false},"excerpt":{"rendered":"<p>\/*! elementor &#8211; v3.6.5 &#8211; 27-04-2022 *\/ .elementor-widget-image{text-align:center}.elementor-widget-image a{display:inline-block}.elementor-widget-image a img[src$=&#8221;.svg&#8221;]{width:48px}.elementor-widget-image img{vertical-align:middle;display:inline-block} &nbsp; &nbsp; O Departamento de Zootecnia (DZO) da UFPR Setor Palotina foi criado em 2014 com o objetivo de qualificar profissionais de diversas \u00e1reas de forma\u00e7\u00e3o para atuarem na \u00e1rea de produ\u00e7\u00e3o animal. O DZO conta atualmente com 12 docentes permanentes com titula\u00e7\u00e3o [&hellip;]<\/p>\n","protected":false},"author":1411,"featured_media":0,"parent":0,"menu_order":0,"comment_status":"closed","ping_status":"closed","template":"","meta":{"_acf_changed":false,"footnotes":""},"class_list":["post-5","page","type-page","status-publish","hentry"],"acf":[],"_links":{"self":[{"href":"https:\/\/palotina.ufpr.br\/dzo\/wp-json\/wp\/v2\/pages\/5","targetHints":{"allow":["GET"]}}],"collection":[{"href":"https:\/\/palotina.ufpr.br\/dzo\/wp-json\/wp\/v2\/pages"}],"about":[{"href":"https:\/\/palotina.ufpr.br\/dzo\/wp-json\/wp\/v2\/types\/page"}],"author":[{"embeddable":true,"href":"https:\/\/palotina.ufpr.br\/dzo\/wp-json\/wp\/v2\/users\/1411"}],"replies":[{"embeddable":true,"href":"https:\/\/palotina.ufpr.br\/dzo\/wp-json\/wp\/v2\/comments?post=5"}],"version-history":[{"count":41,"href":"https:\/\/palotina.ufpr.br\/dzo\/wp-json\/wp\/v2\/pages\/5\/revisions"}],"predecessor-version":[{"id":9024,"href":"https:\/\/palotina.ufpr.br\/dzo\/wp-json\/wp\/v2\/pages\/5\/revisions\/9024"}],"wp:attachment":[{"href":"https:\/\/palotina.ufpr.br\/dzo\/wp-json\/wp\/v2\/media?parent=5"}],"curies":[{"name":"wp","href":"https:\/\/api.w.org\/{rel}","templated":true}]}}