{"id":8335,"date":"2022-02-09T12:46:29","date_gmt":"2022-02-09T12:46:29","guid":{"rendered":"https:\/\/palotina.ufpr.br\/dzo\/?page_id=8335"},"modified":"2022-06-17T08:40:06","modified_gmt":"2022-06-17T08:40:06","slug":"livro","status":"publish","type":"page","link":"https:\/\/palotina.ufpr.br\/dzo\/livro\/","title":{"rendered":"livro"},"content":{"rendered":"<h3 class=\"CDt4Ke zfr3Q\"><span class=\" jgG6ef\"><strong>PARA ADQUIRIR O SEU EXEMPLAR DO LIVRO:<\/strong><\/span><\/h3>\n<h3><span class=\" jgG6ef\"><em><strong>&#8220;Confinamento de Bovinos de Corte como Alternativa Rent\u00e1vel&#8221;<\/strong><\/em><\/span><\/h3>\n<p><img fetchpriority=\"high\" decoding=\"async\" class=\"size-medium wp-image-8258 alignleft\" src=\"https:\/\/palotina.ufpr.br\/dzo\/wp-content\/uploads\/sites\/10\/2016\/09\/CAPA-LIVRO-215x300.png\" alt=\"CAPA LIVRO\" width=\"215\" height=\"300\" srcset=\"https:\/\/palotina.ufpr.br\/dzo\/wp-content\/uploads\/sites\/10\/2016\/09\/CAPA-LIVRO-215x300.png 215w, https:\/\/palotina.ufpr.br\/dzo\/wp-content\/uploads\/sites\/10\/2016\/09\/CAPA-LIVRO-86x120.png 86w, https:\/\/palotina.ufpr.br\/dzo\/wp-content\/uploads\/sites\/10\/2016\/09\/CAPA-LIVRO.png 439w\" sizes=\"(max-width: 215px) 100vw, 215px\" \/><img decoding=\"async\" class=\"aligncenter size-medium wp-image-8342\" src=\"https:\/\/palotina.ufpr.br\/dzo\/wp-content\/uploads\/sites\/10\/2022\/02\/Captura-de-tela-2022-02-09-09.34.36-214x300.png\" alt=\"Captura de tela 2022-02-09 09.34.36\" width=\"214\" height=\"300\" srcset=\"https:\/\/palotina.ufpr.br\/dzo\/wp-content\/uploads\/sites\/10\/2022\/02\/Captura-de-tela-2022-02-09-09.34.36-214x300.png 214w, https:\/\/palotina.ufpr.br\/dzo\/wp-content\/uploads\/sites\/10\/2022\/02\/Captura-de-tela-2022-02-09-09.34.36-730x1024.png 730w, https:\/\/palotina.ufpr.br\/dzo\/wp-content\/uploads\/sites\/10\/2022\/02\/Captura-de-tela-2022-02-09-09.34.36-86x120.png 86w, https:\/\/palotina.ufpr.br\/dzo\/wp-content\/uploads\/sites\/10\/2022\/02\/Captura-de-tela-2022-02-09-09.34.36.png 764w\" sizes=\"(max-width: 214px) 100vw, 214px\" \/><\/p>\n<h4><span class=\" jgG6ef\">Siga os seguintes procedimentos:<\/span><\/h4>\n<ol class=\"n8H08c BKnRcf\">\n<li class=\"TYR86d wXCUfe zfr3Q\">\n<h4 class=\"CDt4Ke zfr3Q\" style=\"text-align: justify\"><span class=\" jgG6ef\">Envie e-mail para<\/span><strong><span class=\" jgG6ef\">\u00a0<\/span><\/strong><span class=\" jgG6ef aw5Odc\">williangoncalves@ufpr.br, escrevendo o nome completo e o<\/span><span class=\" jgG6ef\">\u00a0endere\u00e7o para envio do livro (ou outras d\u00favidas que tenha sobre como adquirir um ou mais exemplares do livro);<\/span><\/h4>\n<\/li>\n<li class=\"TYR86d wXCUfe zfr3Q\">\n<h4>Voc\u00ea receber\u00e1 uma confirma\u00e7\u00e3o e os dados para pagamento, que pode ser por transfer\u00eancia banc\u00e1ria ou PIX<\/h4>\n<\/li>\n<li class=\"TYR86d wXCUfe zfr3Q\">\n<h4>Enviar por e-mail o comprovante de dep\u00f3sito ou transfer\u00eancia.<\/h4>\n<\/li>\n<li class=\"TYR86d wXCUfe zfr3Q\">\n<h4>Voc\u00ea receber\u00e1 uma confirma\u00e7\u00e3o e o c\u00f3digo de rastreio do correio<\/h4>\n<\/li>\n<\/ol>\n<h4 class=\"CDt4Ke zfr3Q\" style=\"text-align: justify\">*O <strong>valor do investimento<\/strong> \u00e9 de apenas <strong>R$20,00<\/strong> + a taxa de envio pelos Correios (<strong>R$9,30<\/strong>), como correspond\u00eancia registrada, para qualquer local do Brasil.<\/h4>\n<h4 class=\"CDt4Ke zfr3Q\" style=\"text-align: justify\">*Para\u00a0adquirir pessoalmente na UFPR Setor Palotina o\u00a0<strong>valor do investimento<\/strong> \u00e9 de apenas <strong>R$20,00<\/strong>, entrar em contato por e-mail com Prof. Willian (<span class=\" jgG6ef aw5Odc\">williangoncalves@ufpr.br) ou o Prof. Jos\u00e9 Ant\u00f4nio (freitasjaf@ufpr.br)<\/span><\/h4>\n","protected":false},"excerpt":{"rendered":"<p>PARA ADQUIRIR O SEU EXEMPLAR DO LIVRO: &#8220;Confinamento de Bovinos de Corte como Alternativa Rent\u00e1vel&#8221; Siga os seguintes procedimentos: Envie e-mail para\u00a0williangoncalves@ufpr.br, escrevendo o nome completo e o\u00a0endere\u00e7o para envio do livro (ou outras d\u00favidas que tenha sobre como adquirir um ou mais exemplares do livro); Voc\u00ea receber\u00e1 uma confirma\u00e7\u00e3o e os dados para pagamento, [&hellip;]<\/p>\n","protected":false},"author":1411,"featured_media":0,"parent":0,"menu_order":0,"comment_status":"closed","ping_status":"closed","template":"","meta":{"_acf_changed":false,"footnotes":""},"class_list":["post-8335","page","type-page","status-publish","hentry"],"acf":[],"_links":{"self":[{"href":"https:\/\/palotina.ufpr.br\/dzo\/wp-json\/wp\/v2\/pages\/8335","targetHints":{"allow":["GET"]}}],"collection":[{"href":"https:\/\/palotina.ufpr.br\/dzo\/wp-json\/wp\/v2\/pages"}],"about":[{"href":"https:\/\/palotina.ufpr.br\/dzo\/wp-json\/wp\/v2\/types\/page"}],"author":[{"embeddable":true,"href":"https:\/\/palotina.ufpr.br\/dzo\/wp-json\/wp\/v2\/users\/1411"}],"replies":[{"embeddable":true,"href":"https:\/\/palotina.ufpr.br\/dzo\/wp-json\/wp\/v2\/comments?post=8335"}],"version-history":[{"count":10,"href":"https:\/\/palotina.ufpr.br\/dzo\/wp-json\/wp\/v2\/pages\/8335\/revisions"}],"predecessor-version":[{"id":8467,"href":"https:\/\/palotina.ufpr.br\/dzo\/wp-json\/wp\/v2\/pages\/8335\/revisions\/8467"}],"wp:attachment":[{"href":"https:\/\/palotina.ufpr.br\/dzo\/wp-json\/wp\/v2\/media?parent=8335"}],"curies":[{"name":"wp","href":"https:\/\/api.w.org\/{rel}","templated":true}]}}