{"id":15,"date":"2017-09-25T14:41:59","date_gmt":"2017-09-25T14:41:59","guid":{"rendered":"https:\/\/palotina.ufpr.br\/engrenovaveis\/?page_id=15"},"modified":"2026-02-26T11:37:27","modified_gmt":"2026-02-26T11:37:27","slug":"home","status":"publish","type":"page","link":"https:\/\/palotina.ufpr.br\/energiaufpr\/","title":{"rendered":"O Curso"},"content":{"rendered":"<p><img fetchpriority=\"high\" decoding=\"async\" class=\"alignnone size-full wp-image-326\" src=\"https:\/\/palotina.ufpr.br\/engrenovaveis\/wp-content\/uploads\/sites\/16\/2018\/10\/marca_eng_energia-01.png\" alt=\"marca_eng_energia-01\" width=\"5245\" height=\"1333\" srcset=\"https:\/\/palotina.ufpr.br\/energiaufpr\/wp-content\/uploads\/sites\/16\/2018\/10\/marca_eng_energia-01.png 5245w, https:\/\/palotina.ufpr.br\/energiaufpr\/wp-content\/uploads\/sites\/16\/2018\/10\/marca_eng_energia-01-300x76.png 300w, https:\/\/palotina.ufpr.br\/energiaufpr\/wp-content\/uploads\/sites\/16\/2018\/10\/marca_eng_energia-01-768x195.png 768w, https:\/\/palotina.ufpr.br\/energiaufpr\/wp-content\/uploads\/sites\/16\/2018\/10\/marca_eng_energia-01-1024x260.png 1024w, https:\/\/palotina.ufpr.br\/energiaufpr\/wp-content\/uploads\/sites\/16\/2018\/10\/marca_eng_energia-01-160x41.png 160w\" sizes=\"(max-width: 5245px) 100vw, 5245px\" \/><\/p>\n<h4>Para acompanhar novidades, siga a coordena\u00e7\u00e3o do curso atrav\u00e9s do <a href=\"https:\/\/www.facebook.com\/engenergia.ufpr.7\">Facebook <\/a>e <a href=\"https:\/\/www.instagram.com\/energiaufpr\/\">Instagram<\/a>.<\/h4>\n<h4>P\u00e1gina atualizada dia 26\/02\/2026<\/h4>\n<p style=\"text-align: center\">___________________________________________________________________________________________<\/p>\n<p><strong>Vis\u00e3o geral:<\/strong><\/p>\n<p><img decoding=\"async\" class=\"alignnone size-full wp-image-923\" src=\"https:\/\/palotina.ufpr.br\/energiaufpr\/wp-content\/uploads\/sites\/16\/2026\/02\/unnamed-2-scaled.jpg\" alt=\"\" width=\"2560\" height=\"1429\" srcset=\"https:\/\/palotina.ufpr.br\/energiaufpr\/wp-content\/uploads\/sites\/16\/2026\/02\/unnamed-2-scaled.jpg 2560w, https:\/\/palotina.ufpr.br\/energiaufpr\/wp-content\/uploads\/sites\/16\/2026\/02\/unnamed-2-300x167.jpg 300w, https:\/\/palotina.ufpr.br\/energiaufpr\/wp-content\/uploads\/sites\/16\/2026\/02\/unnamed-2-1024x572.jpg 1024w, https:\/\/palotina.ufpr.br\/energiaufpr\/wp-content\/uploads\/sites\/16\/2026\/02\/unnamed-2-768x429.jpg 768w, https:\/\/palotina.ufpr.br\/energiaufpr\/wp-content\/uploads\/sites\/16\/2026\/02\/unnamed-2-1536x857.jpg 1536w, https:\/\/palotina.ufpr.br\/energiaufpr\/wp-content\/uploads\/sites\/16\/2026\/02\/unnamed-2-2048x1143.jpg 2048w, https:\/\/palotina.ufpr.br\/energiaufpr\/wp-content\/uploads\/sites\/16\/2026\/02\/unnamed-2-160x89.jpg 160w\" sizes=\"(max-width: 2560px) 100vw, 2560px\" \/><\/p>\n<p style=\"text-align: left\">O curso de Engenharia de Energia da UFPR \u2013 Setor Palotina tem forte caracter\u00edstica transversal nas sub\u00e1reas de conhecimento que abrangem o tema Energia abordadas por Engenharias como: El\u00e9trica, Mec\u00e2nica e Qu\u00edmica. Este perfil se justifica principalmente pela grande amplitude do conceito de energia e as diferentes formas pelas quais ela se manifesta na natureza.<\/p>\n<p>O profissional Engenheiro de Energia se tornou extremamente necess\u00e1rio devido a tr\u00eas fatores principais:<\/p>\n<ul>\n<li>A sociedade atual clama por uma maior e melhor utiliza\u00e7\u00e3o de recursos energ\u00e9ticos locais e renov\u00e1veis inexplorados a n\u00edvel regional, impactando de modo direto e positivo na redu\u00e7\u00e3o de problemas t\u00e9cnicos e financeiros de natureza log\u00edstica envolvendo o transporte de energia a grandes dist\u00e2ncias em suas mais variadas formas, contribuindo assim para um maior desenvolvimento socioecon\u00f4mico sustent\u00e1vel;<\/li>\n<li>Surge a necessidade da forma\u00e7\u00e3o de indiv\u00edduos que compreendam a cadeia completa de convers\u00f5es de diferentes formas de energia, de modo a fechar as lacunas abertas pela segmenta\u00e7\u00e3o com que geralmente o tema \u00e9 abordado. Esta abordagem diferenciada permite que o egresso desenvolva uma vis\u00e3o abrangente e integrada dos sistemas de energia;<\/li>\n<li>A forte preocupa\u00e7\u00e3o em conter o crescimento de emiss\u00f5es de gases de efeito estufa originados nas atividades industriais passa obrigatoriamente pelo repensar mais eficiente na explora\u00e7\u00e3o de recursos n\u00e3o-renov\u00e1veis e pela transi\u00e7\u00e3o da matriz energ\u00e9tica mundial dependente de petr\u00f3leo, carv\u00e3o e derivados para uma matriz renov\u00e1vel, por\u00e9m t\u00e9cnica e economicamente est\u00e1vel e segura. Este desafio demanda profissionais que tenham s\u00f3lida base de forma\u00e7\u00e3o interdisciplinar para que se debrucem em pesquisa, desenvolvimento e inova\u00e7\u00e3o focada aos recursos renov\u00e1veis.<\/li>\n<\/ul>\n<p>Observando as demandas da regi\u00e3o em que se encontra inserido, o curso de Engenharia de Energia da UFPR \u2013 Setor Palotina apresenta seu foco principal voltado aos Biocombust\u00edveis S\u00f3lidos, L\u00edquidos e Gasosos. Por\u00e9m, atento para as demandas nacionais e internacionais relacionadas ao tema, o curso abrange v\u00e1rias disciplinas espec\u00edficas que abordam outras importantes formas de explora\u00e7\u00e3o de recursos energ\u00e9ticos renov\u00e1veis, como por exemplo: Energia Hidr\u00e1ulica, Energia E\u00f3lica, Energia Solar T\u00e9rmica, Energia Solar Fotovoltaica e Tecnologia do Hidrog\u00eanio.<\/p>\n<p>Pretende-se ainda que o egresso possa trabalhar com conex\u00e3o de fontes de energia junto \u00e0 rede el\u00e9trica, tratando de modo especial o novo conceito de gera\u00e7\u00e3o distribu\u00edda de energia el\u00e9trica. Al\u00e9m disso, o uso final da energia tamb\u00e9m \u00e9 tema abordado pelo curso, sendo discutidas formas de uso eficiente e conserva\u00e7\u00e3o de energia.<\/p>\n<h4 class=\"rteleft\"><strong>Quadro:<\/strong><\/h4>\n<p>Titula\u00e7\u00e3o: Engenheiro de Energia<\/p>\n<p>Dura\u00e7\u00e3o do curso: 5\u00a0anos<\/p>\n<p>Turno:\u00a0matutino<\/p>\n<p>Vagas:\u00a060 anuais<\/p>\n<p>Local de oferta:\u00a0Rua Pioneiro, 2153, Palotina\/PR<\/p>\n<h4><strong>Perfil do egresso:<\/strong><\/h4>\n<p>Tem-se como objetivo\u00a0formar profissionais aptos a compreender, planejar, desenvolver, projetar e operar novas tecnologias, m\u00e9todos e sistemas relacionados aos sistemas de energia de acordo com as necessidades do mercado e da sociedade. Para tal, o curso pretende formar bachar\u00e9is em engenheira munidos de\u00a0forte forma\u00e7\u00e3o\u00a0b\u00e1sica em engenharia e de um s\u00f3lido curr\u00edculo profissionalizante.<\/p>\n<hr \/>\n<p><strong>\u00a0<\/strong><\/p>\n","protected":false},"excerpt":{"rendered":"<p>Para acompanhar novidades, siga a coordena\u00e7\u00e3o do curso atrav\u00e9s do Facebook e Instagram. P\u00e1gina atualizada dia 26\/02\/2026 ___________________________________________________________________________________________ Vis\u00e3o geral: O curso de Engenharia de Energia da UFPR \u2013 Setor Palotina tem forte caracter\u00edstica transversal nas sub\u00e1reas de conhecimento que abrangem o tema Energia abordadas por Engenharias como: El\u00e9trica, Mec\u00e2nica e Qu\u00edmica. Este perfil se [&hellip;]<\/p>\n","protected":false},"author":1418,"featured_media":0,"parent":0,"menu_order":0,"comment_status":"closed","ping_status":"closed","template":"","meta":{"_acf_changed":false,"footnotes":""},"class_list":["post-15","page","type-page","status-publish","hentry"],"acf":[],"_links":{"self":[{"href":"https:\/\/palotina.ufpr.br\/energiaufpr\/wp-json\/wp\/v2\/pages\/15","targetHints":{"allow":["GET"]}}],"collection":[{"href":"https:\/\/palotina.ufpr.br\/energiaufpr\/wp-json\/wp\/v2\/pages"}],"about":[{"href":"https:\/\/palotina.ufpr.br\/energiaufpr\/wp-json\/wp\/v2\/types\/page"}],"author":[{"embeddable":true,"href":"https:\/\/palotina.ufpr.br\/energiaufpr\/wp-json\/wp\/v2\/users\/1418"}],"replies":[{"embeddable":true,"href":"https:\/\/palotina.ufpr.br\/energiaufpr\/wp-json\/wp\/v2\/comments?post=15"}],"version-history":[{"count":32,"href":"https:\/\/palotina.ufpr.br\/energiaufpr\/wp-json\/wp\/v2\/pages\/15\/revisions"}],"predecessor-version":[{"id":935,"href":"https:\/\/palotina.ufpr.br\/energiaufpr\/wp-json\/wp\/v2\/pages\/15\/revisions\/935"}],"wp:attachment":[{"href":"https:\/\/palotina.ufpr.br\/energiaufpr\/wp-json\/wp\/v2\/media?parent=15"}],"curies":[{"name":"wp","href":"https:\/\/api.w.org\/{rel}","templated":true}]}}