{"id":30,"date":"2017-09-25T14:48:59","date_gmt":"2017-09-25T14:48:59","guid":{"rendered":"https:\/\/palotina.ufpr.br\/engrenovaveis\/?page_id=30"},"modified":"2026-02-26T11:39:58","modified_gmt":"2026-02-26T11:39:58","slug":"informacoes","status":"publish","type":"page","link":"https:\/\/palotina.ufpr.br\/energiaufpr\/informacoes\/","title":{"rendered":"Informa\u00e7\u00f5es"},"content":{"rendered":"<p>&nbsp;<\/p>\n<p><strong>Est\u00e1gios:<\/strong><\/p>\n<p>O PPC do curso prev\u00ea a possibilidade do aluno realizar est\u00e1gios n\u00e3o obrigat\u00f3rios e o est\u00e1gio supervisionado obrigat\u00f3rio no \u00faltimo semestre do curso.<\/p>\n<p>Regras para est\u00e1gios: Anexo III do <a href=\"https:\/\/palotina.ufpr.br\/energiaufpr\/wp-content\/uploads\/sites\/16\/2026\/02\/PPC.pdf\">PPC do curso.<\/a><\/p>\n<p>Mais informa\u00e7\u00f5es est\u00e3o dispon\u00edveis no site da Unidade de Est\u00e1gios da UFPR: https:\/\/prograp.ufpr.br\/coafe\/ue\/<\/p>\n<p>&nbsp;<\/p>\n<p><strong>Trabalho de conclus\u00e3o de curso:<\/strong><\/p>\n<p>Regras para TCC dispon\u00edveis no Anexo IV do <a href=\"https:\/\/palotina.ufpr.br\/energiaufpr\/wp-content\/uploads\/sites\/16\/2026\/02\/PPC.pdf\">PPC do curso<\/a>.<\/p>\n<p>&nbsp;<\/p>\n<p><strong>Curriculariza\u00e7\u00e3o da Extens\u00e3o:<\/strong><\/p>\n<p>Aten\u00e7\u00e3o: os alunos que ingressaram a partir de 2025 devem obrigatoriamente cumprir a carga hor\u00e1ria de 371h em atividades de extens\u00e3o.<\/p>\n<p>Regras da curriculariza\u00e7\u00e3o da extens\u00e3o: Anexo V do <a href=\"https:\/\/palotina.ufpr.br\/energiaufpr\/wp-content\/uploads\/sites\/16\/2026\/02\/PPC.pdf\">PPC do curso<\/a>.<\/p>\n<p>&nbsp;<\/p>\n<p><strong>Informa\u00e7\u00f5es gerais:<\/strong><\/p>\n<p><a href=\"https:\/\/palotina.ufpr.br\/energiaufpr\/wp-content\/uploads\/sites\/16\/2026\/02\/resolucoes-confea-1076_2016.pdf\">Atribui\u00e7\u00f5es do Engenheiro de Energia<\/a> (Resolu\u00e7\u00e3o CONFEA);<\/p>\n<p><a href=\"https:\/\/palotina.ufpr.br\/energiaufpr\/wp-content\/uploads\/sites\/16\/2026\/02\/PPC.pdf\">Projeto Pedag\u00f3gico do Curso &#8211; PPC novo (2025);<\/a><\/p>\n<p>Atividades Formativas, <a href=\"https:\/\/palotina.ufpr.br\/engrenovaveis\/wp-content\/uploads\/sites\/16\/2017\/09\/atividades-frmativas.pdf\" target=\"_blank\" rel=\"noopener\">anexo IV;<\/a><\/p>\n<p><a href=\"https:\/\/palotina.ufpr.br\/energiaufpr\/wp-content\/uploads\/sites\/16\/2021\/12\/PLANEJAMENTO-ESTRAT\u00c9GICO_2020_vers\u00e3o-FDA-2021.pdf\">Planejamento estrat\u00e9gico do curso.<\/a><\/p>\n<p>Avalia\u00e7\u00e3o interna: o hist\u00f3rio de avalia\u00e7\u00e3o de disciplinas do curso pelos discentes est\u00e1 dispon\u00edvel <a href=\"http:\/\/www.avaliacao.ufpr.br\/relatorios\">aqui<\/a>. Para visualizar os relat\u00f3rios, selecione o nome do curso e per\u00edodo desejado.<\/p>\n<p>Altera\u00e7\u00e3o do nome do curso (<a href=\"https:\/\/palotina.ufpr.br\/energiaufpr\/wp-content\/uploads\/sites\/16\/2019\/03\/coun16-18-Resolu\u00e7\u00e3o-definitiva-de-altera\u00e7\u00e3o.pdf\">portaria<\/a>).<\/p>\n<p>&nbsp;<\/p>\n<p><strong>Comiss\u00f5es:<\/strong><\/p>\n<p>N\u00facleo Docente Estruturante\u00a0&#8211;\u00a0<a href=\"https:\/\/palotina.ufpr.br\/energiaufpr\/wp-content\/uploads\/sites\/16\/2026\/02\/SEI_7605973_Portaria_1526_2025_PL.pdf\" target=\"_blank\" rel=\"noopener\">Portaria Vigente<\/a>;<\/p>\n<p>Comiss\u00e3o Orientadora de Est\u00e1gios &#8211;\u00a0<a href=\"https:\/\/palotina.ufpr.br\/energiaufpr\/wp-content\/uploads\/sites\/16\/2026\/02\/SEI_8063796_Portaria_1607_2025_PL-1.pdf\">Portaria Vigente;<\/a><\/p>\n<p>Colegiado do curso &#8211;\u00a0<a href=\"https:\/\/palotina.ufpr.br\/energiaufpr\/wp-content\/uploads\/sites\/16\/2026\/02\/SEI_8421241_Portaria_1668_2025_PL.pdf\">Portaria Vigente;<\/a><\/p>\n<p>Atividades formativas &#8211; <a href=\"https:\/\/palotina.ufpr.br\/energiaufpr\/wp-content\/uploads\/sites\/16\/2026\/02\/SEI_7811222_Portaria_1559_2025_PL.pdf\">Portaria Vigente.<\/a><\/p>\n<p>&nbsp;<\/p>\n","protected":false},"excerpt":{"rendered":"<p>&nbsp; Est\u00e1gios: O PPC do curso prev\u00ea a possibilidade do aluno realizar est\u00e1gios n\u00e3o obrigat\u00f3rios e o est\u00e1gio supervisionado obrigat\u00f3rio no \u00faltimo semestre do curso. Regras para est\u00e1gios: Anexo III do PPC do curso. Mais informa\u00e7\u00f5es est\u00e3o dispon\u00edveis no site da Unidade de Est\u00e1gios da UFPR: https:\/\/prograp.ufpr.br\/coafe\/ue\/ &nbsp; Trabalho de conclus\u00e3o de curso: Regras para [&hellip;]<\/p>\n","protected":false},"author":1418,"featured_media":0,"parent":0,"menu_order":0,"comment_status":"closed","ping_status":"closed","template":"","meta":{"_acf_changed":false,"footnotes":""},"class_list":["post-30","page","type-page","status-publish","hentry"],"acf":[],"_links":{"self":[{"href":"https:\/\/palotina.ufpr.br\/energiaufpr\/wp-json\/wp\/v2\/pages\/30","targetHints":{"allow":["GET"]}}],"collection":[{"href":"https:\/\/palotina.ufpr.br\/energiaufpr\/wp-json\/wp\/v2\/pages"}],"about":[{"href":"https:\/\/palotina.ufpr.br\/energiaufpr\/wp-json\/wp\/v2\/types\/page"}],"author":[{"embeddable":true,"href":"https:\/\/palotina.ufpr.br\/energiaufpr\/wp-json\/wp\/v2\/users\/1418"}],"replies":[{"embeddable":true,"href":"https:\/\/palotina.ufpr.br\/energiaufpr\/wp-json\/wp\/v2\/comments?post=30"}],"version-history":[{"count":38,"href":"https:\/\/palotina.ufpr.br\/energiaufpr\/wp-json\/wp\/v2\/pages\/30\/revisions"}],"predecessor-version":[{"id":937,"href":"https:\/\/palotina.ufpr.br\/energiaufpr\/wp-json\/wp\/v2\/pages\/30\/revisions\/937"}],"wp:attachment":[{"href":"https:\/\/palotina.ufpr.br\/energiaufpr\/wp-json\/wp\/v2\/media?parent=30"}],"curies":[{"name":"wp","href":"https:\/\/api.w.org\/{rel}","templated":true}]}}