{"id":333,"date":"2018-10-10T13:42:54","date_gmt":"2018-10-10T13:42:54","guid":{"rendered":"https:\/\/palotina.ufpr.br\/engrenovaveis\/?page_id=333"},"modified":"2018-10-10T13:42:54","modified_gmt":"2018-10-10T13:42:54","slug":"laboratorios-de-quimica","status":"publish","type":"page","link":"https:\/\/palotina.ufpr.br\/energiaufpr\/laboratorios-de-quimica\/","title":{"rendered":"Laborat\u00f3rios de Qu\u00edmica"},"content":{"rendered":"<p>QU\u00cdMICA: O Setor Palotina conta com um Bloco Did\u00e1tico de Laborat\u00f3rios de Qu\u00edmica, que contempla 04 laborat\u00f3rios especializados para uso do Curso e que s\u00e3o compartilhados com outros cursos do Setor Palotina, visando efici\u00eancia da utiliza\u00e7\u00e3o e gest\u00e3o, sem qualquer preju\u00edzo \u00e0s disciplinas oferecidas ao curso de Engenharia de Energias Renov\u00e1veis. Todos os laborat\u00f3rios do bloco de Qu\u00edmica possuem normas de seguran\u00e7a e t\u00e9cnicos especializados dedicados a realizar a gest\u00e3o das atividades did\u00e1tico-administrativas. O bloco conta com banheiros e portas de acesso bem localizadas. <\/p>\n<p>Quando fora de hor\u00e1rio de uso, os laborat\u00f3rios permanecem fechados por quest\u00e3o de seguran\u00e7a e controle visto que em todos os laborat\u00f3rios h\u00e1 reagentes qu\u00edmicos e equipamentos especializados.<br \/>\nO acesso a esses laborat\u00f3rios se d\u00e1 principalmente durante as aulas pr\u00e1ticas de Qu\u00edmica. Todavia, os laborat\u00f3rios est\u00e3o \u00e0 disposi\u00e7\u00e3o dos alunos para serem utilizados por meio da realiza\u00e7\u00e3o de projetos acad\u00eamicos de pesquisa, extens\u00e3o e TCC, sob a orienta\u00e7\u00e3o dos docentes do curso e supervis\u00e3o dos t\u00e9cnicos de laborat\u00f3rio. <\/p>\n<p>Os laborat\u00f3rios constantes neste Bloco s\u00e3o:<\/p>\n<p>01 \u2013 LABORAT\u00d3RIO DE QU\u00cdMICA ORG\u00c2NICA: com capacidade para 25 alunos, bancadas e ambiente adequado para distribui\u00e7\u00e3o de equipamentos e vidrarias necess\u00e1rias para o desenvolvimento das aulas. Os equipamentos est\u00e3o dispostos nas bancadas laterais, sendo que as bancadas centrais s\u00e3o utilizadas pelos alunos durantes as aulas pr\u00e1ticas. Est\u00e1 em pleno funcionamento.<\/p>\n<p>01 \u2013 LABORAT\u00d3RIO DE QU\u00cdMICA ANAL\u00cdTICA: com capacidade para 25 alunos, bancadas e ambiente adequado para distribui\u00e7\u00e3o de equipamentos e vidrarias necess\u00e1rias para o desenvolvimento das aulas. Os equipamentos est\u00e3o dispostos nas bancadas laterais, sendo que as bancadas centrais s\u00e3o utilizadas pelos alunos durantes as aulas pr\u00e1ticas. Est\u00e1 em pleno funcionamento.<\/p>\n<p>01 \u2013 LABORAT\u00d3RIO DE QU\u00cdMICA GERAL: com capacidade para 25 alunos, bancadas e ambiente adequado para distribui\u00e7\u00e3o de equipamentos e vidrarias necess\u00e1rias para o desenvolvimento das aulas. Os equipamentos est\u00e3o dispostos nas bancadas laterais, sendo que as bancadas centrais s\u00e3o utilizadas pelos alunos durantes as aulas pr\u00e1ticas. Est\u00e1 em pleno funcionamento.<\/p>\n<p>01 \u2013 LABORAT\u00d3RIO DE QU\u00cdMICA INSTRUMENTAL: com capacidade para 20 alunos, bancadas e ambiente adequado para distribui\u00e7\u00e3o de equipamentos e vidrarias necess\u00e1rias para o desenvolvimento das aulas. Os equipamentos est\u00e3o dispostos nas bancadas laterais, sendo que as bancadas centrais s\u00e3o utilizadas pelos alunos durantes as aulas pr\u00e1ticas. H\u00e1 uma divis\u00f3ria para delimitar o espa\u00e7o adequado para perman\u00eancia dos equipamentos que necessitam de condi\u00e7\u00e3o e instala\u00e7\u00f5es especiais. Est\u00e1 em pleno funcionamento.<\/p>\n<p>O Bloco tamb\u00e9m disp\u00f5e de uma sala de apoio que serve para a prepara\u00e7\u00e3o de amostras, armazenamento de caixas e frascos. Al\u00e9m disso, tamb\u00e9m conta com uma sala de almoxarifado para armazenar frascos e reagentes fechados. Conta tamb\u00e9m com uma sala de apoio para perman\u00eancia dos t\u00e9cnicos de laborat\u00f3rio. O bloco conta com um projetor multim\u00eddia para utiliza\u00e7\u00e3o nos laborat\u00f3rios mediante solicita\u00e7\u00e3o dos docentes.<\/p>\n","protected":false},"excerpt":{"rendered":"<p>QU\u00cdMICA: O Setor Palotina conta com um Bloco Did\u00e1tico de Laborat\u00f3rios de Qu\u00edmica, que contempla 04 laborat\u00f3rios especializados para uso do Curso e que s\u00e3o compartilhados com outros cursos do Setor Palotina, visando efici\u00eancia da utiliza\u00e7\u00e3o e gest\u00e3o, sem qualquer preju\u00edzo \u00e0s disciplinas oferecidas ao curso de Engenharia de Energias Renov\u00e1veis. Todos os laborat\u00f3rios do [&hellip;]<\/p>\n","protected":false},"author":1418,"featured_media":0,"parent":0,"menu_order":0,"comment_status":"closed","ping_status":"closed","template":"","meta":{"_acf_changed":false,"footnotes":""},"class_list":["post-333","page","type-page","status-publish","hentry"],"acf":[],"_links":{"self":[{"href":"https:\/\/palotina.ufpr.br\/energiaufpr\/wp-json\/wp\/v2\/pages\/333","targetHints":{"allow":["GET"]}}],"collection":[{"href":"https:\/\/palotina.ufpr.br\/energiaufpr\/wp-json\/wp\/v2\/pages"}],"about":[{"href":"https:\/\/palotina.ufpr.br\/energiaufpr\/wp-json\/wp\/v2\/types\/page"}],"author":[{"embeddable":true,"href":"https:\/\/palotina.ufpr.br\/energiaufpr\/wp-json\/wp\/v2\/users\/1418"}],"replies":[{"embeddable":true,"href":"https:\/\/palotina.ufpr.br\/energiaufpr\/wp-json\/wp\/v2\/comments?post=333"}],"version-history":[{"count":1,"href":"https:\/\/palotina.ufpr.br\/energiaufpr\/wp-json\/wp\/v2\/pages\/333\/revisions"}],"predecessor-version":[{"id":334,"href":"https:\/\/palotina.ufpr.br\/energiaufpr\/wp-json\/wp\/v2\/pages\/333\/revisions\/334"}],"wp:attachment":[{"href":"https:\/\/palotina.ufpr.br\/energiaufpr\/wp-json\/wp\/v2\/media?parent=333"}],"curies":[{"name":"wp","href":"https:\/\/api.w.org\/{rel}","templated":true}]}}