{"id":339,"date":"2018-10-10T13:50:52","date_gmt":"2018-10-10T13:50:52","guid":{"rendered":"https:\/\/palotina.ufpr.br\/engrenovaveis\/?page_id=339"},"modified":"2019-04-18T18:41:45","modified_gmt":"2019-04-18T18:41:45","slug":"laboratorio-de-maquinas-eletricas","status":"publish","type":"page","link":"https:\/\/palotina.ufpr.br\/energiaufpr\/laboratorio-de-maquinas-eletricas\/","title":{"rendered":"Laborat\u00f3rio de M\u00e1quinas El\u00e9tricas"},"content":{"rendered":"<p>O Laborat\u00f3rio de M\u00c1QUINAS EL\u00c9TRICAS da UTFPR tem capacidade para 20 alunos, bancadas e ambiente adequado para distribui\u00e7\u00e3o de equipamentos e itens necess\u00e1rios para o desenvolvimento das aulas. Os equipamentos est\u00e3o dispostos nas bancadas laterais. Est\u00e1 em pleno funcionamento.<\/p>\n","protected":false},"excerpt":{"rendered":"<p>O Laborat\u00f3rio de M\u00c1QUINAS EL\u00c9TRICAS da UTFPR tem capacidade para 20 alunos, bancadas e ambiente adequado para distribui\u00e7\u00e3o de equipamentos e itens necess\u00e1rios para o desenvolvimento das aulas. Os equipamentos est\u00e3o dispostos nas bancadas laterais. Est\u00e1 em pleno funcionamento.<\/p>\n","protected":false},"author":1418,"featured_media":0,"parent":0,"menu_order":0,"comment_status":"closed","ping_status":"closed","template":"","meta":{"_acf_changed":false,"footnotes":""},"class_list":["post-339","page","type-page","status-publish","hentry"],"acf":[],"_links":{"self":[{"href":"https:\/\/palotina.ufpr.br\/energiaufpr\/wp-json\/wp\/v2\/pages\/339","targetHints":{"allow":["GET"]}}],"collection":[{"href":"https:\/\/palotina.ufpr.br\/energiaufpr\/wp-json\/wp\/v2\/pages"}],"about":[{"href":"https:\/\/palotina.ufpr.br\/energiaufpr\/wp-json\/wp\/v2\/types\/page"}],"author":[{"embeddable":true,"href":"https:\/\/palotina.ufpr.br\/energiaufpr\/wp-json\/wp\/v2\/users\/1418"}],"replies":[{"embeddable":true,"href":"https:\/\/palotina.ufpr.br\/energiaufpr\/wp-json\/wp\/v2\/comments?post=339"}],"version-history":[{"count":3,"href":"https:\/\/palotina.ufpr.br\/energiaufpr\/wp-json\/wp\/v2\/pages\/339\/revisions"}],"predecessor-version":[{"id":484,"href":"https:\/\/palotina.ufpr.br\/energiaufpr\/wp-json\/wp\/v2\/pages\/339\/revisions\/484"}],"wp:attachment":[{"href":"https:\/\/palotina.ufpr.br\/energiaufpr\/wp-json\/wp\/v2\/media?parent=339"}],"curies":[{"name":"wp","href":"https:\/\/api.w.org\/{rel}","templated":true}]}}