{"id":34,"date":"2017-09-25T14:49:46","date_gmt":"2017-09-25T14:49:46","guid":{"rendered":"https:\/\/palotina.ufpr.br\/engrenovaveis\/?page_id=34"},"modified":"2026-02-13T13:34:13","modified_gmt":"2026-02-13T13:34:13","slug":"infraestrutura","status":"publish","type":"page","link":"https:\/\/palotina.ufpr.br\/energiaufpr\/infraestrutura\/","title":{"rendered":"Infraestrutura"},"content":{"rendered":"<h4 class=\"font_8\">Estrutura f\u00edsica<\/h4>\n<div>\n<div id=\"comp-j1m6ore8\" class=\"s5\">\n<p class=\"font_8\">O Setor Palotina conta com ar condicionado em todas as salas. Contando com bloco administrativo, secretarias, salas de professores, laborat\u00f3rios e salas de aula. As salas de aula t\u00eam quadro de giz, computador\u00a0 e projetor multim\u00eddia. As entradas dos blocos possuem rampas de acesso para cadeirantes e elevadores. Instala\u00e7\u00f5es sanit\u00e1rias com barras de apoio nas paredes e bebedouros. O estacionamento disp\u00f5e de vagas preferenciais. As estantes na biblioteca e as bancadas dos laborat\u00f3rios apresentam-se em condi\u00e7\u00f5es apropriadas para a circula\u00e7\u00e3o.<\/p>\n<hr \/>\n<div id=\"comp-j1m6qr7g\" class=\"s5\">\n<h4 class=\"font_8\">Estrutura tecnol\u00f3gica<\/h4>\n<p><a href=\"https:\/\/palotina.ufpr.br\/energiaufpr\/laboratorio-de-sistmas-eletromecanicos-aplicados-a-engenharia-de-energia\/\">Laborat\u00f3rio de Sistemas Eletromec\u00e2nicos Aplicados \u00e0 Engenharia de Energia<\/a><\/p>\n<p><a href=\"https:\/\/palotina.ufpr.br\/energiaufpr\/laboratorios-de-informatica\/\" target=\"_blank\" rel=\"noopener\">Laborat\u00f3rios de Inform\u00e1tica<\/a><\/p>\n<p><a href=\"https:\/\/palotina.ufpr.br\/energiaufpr\/laboratorios-de-quimica\/\" target=\"_blank\" rel=\"noopener\">Laborat\u00f3rios de Qu\u00edmica<\/a><\/p>\n<p><a href=\"https:\/\/palotina.ufpr.br\/energiaufpr\/laboratorios-de-fisica\/\" target=\"_blank\" rel=\"noopener\">Laborat\u00f3rios de F\u00edsica<\/a><\/p>\n<p><a href=\"https:\/\/palotina.ufpr.br\/energiaufpr\/laboratorio-de-expressao-grafica-2\/\" target=\"_blank\" rel=\"noopener\">Laborat\u00f3rio de Express\u00e3o Gr\u00e1fica<\/a><\/p>\n<p><a href=\"https:\/\/palotina.ufpr.br\/energiaufpr\/laboratorio-de-maquinas-termicas\/\" target=\"_blank\" rel=\"noopener\">Laborat\u00f3rio de M\u00e1quinas T\u00e9rmicas<\/a><\/p>\n<p><a href=\"https:\/\/palotina.ufpr.br\/catprobio\/\" target=\"_blank\" rel=\"noopener\">Laborat\u00f3rio de Materiais e Energias Renov\u00e1veis<\/a><\/p>\n<p><a href=\"https:\/\/palotina.ufpr.br\/lpb\/\" target=\"_blank\" rel=\"noopener\">Laborat\u00f3rio de Produ\u00e7\u00e3o de Biocombust\u00edveis<\/a><\/p>\n<h4 class=\"font_8\">Coopera\u00e7\u00e3o t\u00e9cnica UTFPR-UFPR<\/h4>\n<p>De forma a garantir em plenitude o cumprimento do projeto pedag\u00f3gico do curso foi assinado termo de conv\u00eanio entre a UFPR e Universidade Tecnol\u00f3gica Federal do Paran\u00e1 (UTFPR). Tal processo resultou no termo de coopera\u00e7\u00e3o T\u00e9cnica N\u00b0108\/2017, o qual garante a utiliza\u00e7\u00e3o dos laborat\u00f3rios de ensino por docentes e discentes.<\/p>\n<p><a href=\"https:\/\/palotina.ufpr.br\/energiaufpr\/laboratorio-de-maquinas-eletricas\/\" target=\"_blank\" rel=\"noopener\">Laborat\u00f3rio de M\u00e1quinas El\u00e9tricas<\/a><\/p>\n<p><a href=\"https:\/\/palotina.ufpr.br\/energiaufpr\/laboratorio-de-automacao-e-acionamentos-eletromecanicos\/\" target=\"_blank\" rel=\"noopener\">Laborat\u00f3rio de Automa\u00e7\u00e3o e Acionamentos Eletromec\u00e2nicos<\/a><\/p>\n<p><a href=\"https:\/\/palotina.ufpr.br\/energiaufpr\/laboratorio-de-instalacoes-eletricas-e-circuitos\/\" target=\"_blank\" rel=\"noopener\">Laborat\u00f3rio de Instala\u00e7\u00f5es El\u00e9tricas e Circuitos<\/a><\/p>\n<p><a href=\"https:\/\/palotina.ufpr.br\/energiaufpr\/laboratorio-de-sistemas-digitais\/\" target=\"_blank\" rel=\"noopener\">Laborat\u00f3rio de Sistemas Digitais<\/a><\/p>\n<hr \/>\n<p><strong>Portal do Aluno UFPR<\/strong><\/p>\n<\/div>\n<div id=\"comp-j1m6qr7h\" class=\"s5\">\n<p class=\"font_8\">O Portal do Aluno \u00e9 uma aplica\u00e7\u00e3o web que disponibiliza aos seus usu\u00e1rios v\u00e1rias funcionalidades com rela\u00e7\u00e3o \u00e0 vida acad\u00eamica do aluno.<\/p>\n<p class=\"font_8\">Para acessar o portal do aluno voc\u00ea deve digitar sua Matr\u00edcula, exemplo:\u00a0GRR99999999 e senha.<\/p>\n<p class=\"font_8\"><a href=\"https:\/\/portaldoaluno.ufpr.br\/aluno\/\" target=\"_blank\" rel=\"noopener\">https:\/\/portaldoaluno.ufpr.br\/aluno\/<\/a><\/p>\n<hr \/>\n<h4 class=\"font_4\">Conta de email<\/h4>\n<p class=\"font_8\">Todos os alunos t\u00eam direito a um email @ufpr.br, este email \u00e9 a forma de acesso para a rede sem fio e servi\u00e7os web. Para solicitar o email -&gt;\u00a0<a href=\"https:\/\/www.intranet.ufpr.br\/intranet\/public\/solicitacaoEmail!inputFormCPF.action\" target=\"_blank\" rel=\"noopener\">Solicita\u00e7\u00e3o de conta de EMail Pessoal\/Profissional @UFPR.BR<\/a><\/p>\n<hr \/>\n<h4 class=\"font_8\">Servi\u00e7o Web<\/h4>\n<p class=\"font_8\">A servidora\u00a0<a href=\"http:\/\/people.ufpr.br\/\" target=\"_blank\" rel=\"noopener\">people.ufpr.br<\/a>\u00a0\u00e9 destinada para hospedar p\u00e1ginas pessoais de Professores, T\u00e9cnico-Administrativos e Alunos da UFPR utilizando a infraestrutura do DATACENTER do\u00a0<a href=\"https:\/\/cce.ufpr.br\/\" target=\"_blank\" rel=\"noopener\">Centro de Computa\u00e7\u00e3o e Eletr\u00f4nica \u2013 CCE<\/a>.<\/p>\n<p>http:\/\/people.ufpr.br\/~&lt;nome-do-usu\u00e1rio&gt;<\/p>\n<p>Usu\u00e1rio e senha s\u00e3o os mesmos do e-mail @ufpr.br<\/p>\n<hr \/>\n<h4 class=\"font_4\">Acesso \u00e0 internet<\/h4>\n<p class=\"font_8\">Todo o Setor Palotina \u00e9 coberto pelo sinal wifi da UFPR_SEM_FIO. O usu\u00e1rio e a senha s\u00e3o os mesmos utilizados para acesso ao email @ufpr.br.<\/p>\n<hr \/>\n<h4 class=\"font_8\">Bibliografia do Curso<\/h4>\n<p class=\"font_8\"><a href=\"http:\/\/www.portal.ufpr.br\/\" target=\"_blank\" rel=\"noopener\">Sistema de Bibliotecas da UFPR (SiBi\/UFPR)<\/a><\/p>\n<p class=\"font_8\"><a href=\"http:\/\/acervo.ufpr.br\/\" target=\"_blank\" rel=\"noopener\">Consultar Acervo<\/a><\/p>\n<p class=\"font_8\"><a href=\"http:\/\/www.portal.ufpr.br\/renovacao.html\" target=\"_blank\" rel=\"noopener\">Renova\u00e7\u00e3o Online<\/a><\/p>\n<p class=\"font_8\"><a href=\"https:\/\/palotina.ufpr.br\/energiaufpr\/wp-content\/uploads\/sites\/16\/2018\/12\/SEI_23075.071874_2018_19.pdf\">Relat\u00f3rio de adequa\u00e7\u00e3o da bibliografia do curso elaborado pelo NDE do curso<\/a><\/p>\n<\/div>\n<\/div>\n<\/div>\n","protected":false},"excerpt":{"rendered":"<p>Estrutura f\u00edsica O Setor Palotina conta com ar condicionado em todas as salas. Contando com bloco administrativo, secretarias, salas de professores, laborat\u00f3rios e salas de aula. As salas de aula t\u00eam quadro de giz, computador\u00a0 e projetor multim\u00eddia. As entradas dos blocos possuem rampas de acesso para cadeirantes e elevadores. Instala\u00e7\u00f5es sanit\u00e1rias com barras de [&hellip;]<\/p>\n","protected":false},"author":1418,"featured_media":0,"parent":0,"menu_order":0,"comment_status":"closed","ping_status":"closed","template":"","meta":{"_acf_changed":false,"footnotes":""},"class_list":["post-34","page","type-page","status-publish","hentry"],"acf":[],"_links":{"self":[{"href":"https:\/\/palotina.ufpr.br\/energiaufpr\/wp-json\/wp\/v2\/pages\/34","targetHints":{"allow":["GET"]}}],"collection":[{"href":"https:\/\/palotina.ufpr.br\/energiaufpr\/wp-json\/wp\/v2\/pages"}],"about":[{"href":"https:\/\/palotina.ufpr.br\/energiaufpr\/wp-json\/wp\/v2\/types\/page"}],"author":[{"embeddable":true,"href":"https:\/\/palotina.ufpr.br\/energiaufpr\/wp-json\/wp\/v2\/users\/1418"}],"replies":[{"embeddable":true,"href":"https:\/\/palotina.ufpr.br\/energiaufpr\/wp-json\/wp\/v2\/comments?post=34"}],"version-history":[{"count":19,"href":"https:\/\/palotina.ufpr.br\/energiaufpr\/wp-json\/wp\/v2\/pages\/34\/revisions"}],"predecessor-version":[{"id":934,"href":"https:\/\/palotina.ufpr.br\/energiaufpr\/wp-json\/wp\/v2\/pages\/34\/revisions\/934"}],"wp:attachment":[{"href":"https:\/\/palotina.ufpr.br\/energiaufpr\/wp-json\/wp\/v2\/media?parent=34"}],"curies":[{"name":"wp","href":"https:\/\/api.w.org\/{rel}","templated":true}]}}