{"id":512,"date":"2019-12-10T18:46:55","date_gmt":"2019-12-10T18:46:55","guid":{"rendered":"https:\/\/palotina.ufpr.br\/energiaufpr\/?page_id=512"},"modified":"2020-10-02T17:39:44","modified_gmt":"2020-10-02T17:39:44","slug":"trabalhos-de-conclusao-de-curso","status":"publish","type":"page","link":"https:\/\/palotina.ufpr.br\/energiaufpr\/trabalhos-de-conclusao-de-curso\/","title":{"rendered":"Trabalhos de Conclus\u00e3o de Curso"},"content":{"rendered":"<p><strong>2020-1<\/strong><\/p>\n<p>Avalia\u00e7\u00e3o da influ\u00eancia do sombreamento na pot\u00eancia instant\u00e2nea de m\u00f3dulos fotovoltaicos &#8211;\u00a0<a href=\"https:\/\/palotina.ufpr.br\/energiaufpr\/wp-content\/uploads\/sites\/16\/2019\/12\/Debora-H-Micheletti.pdf\">PDF<\/a><\/p>\n<p>An\u00e1lise t\u00e9cnica e financeira da proposta de um parque e\u00f3lico nos Campos Gerais do Paran\u00e1 &#8211; <a href=\"https:\/\/palotina.ufpr.br\/energiaufpr\/wp-content\/uploads\/sites\/16\/2019\/12\/TCC___Jan_Lucas___Definitivo.pdf\">PDF<\/a><\/p>\n<p><strong>2019-1<\/strong><\/p>\n<p>Estudos envolvendo a aplica\u00e7\u00e3o do carv\u00e3o ativado comercial para a remo\u00e7\u00e3o de H2S do Biog\u00e1s &#8211; <a href=\"https:\/\/palotina.ufpr.br\/energiaufpr\/wp-content\/uploads\/sites\/16\/2019\/12\/TCC-ELIANE-SOARES.pdf\">PDF<\/a><\/p>\n<p>Modelagem e an\u00e1lise experimental de um motor Stirling tipo Alfa\u00a0&#8211;\u00a0<a href=\"https:\/\/palotina.ufpr.br\/energiaufpr\/wp-content\/uploads\/sites\/16\/2019\/12\/TCC-nathalia-dullius.pdf\">PDF<\/a><\/p>\n<p>Modelagem e an\u00e1lise experimental de um motor Stirling tipo\u00a0Beta\u00a0&#8211;\u00a0<a href=\"https:\/\/palotina.ufpr.br\/energiaufpr\/wp-content\/uploads\/sites\/16\/2019\/12\/TCC-Eduardo-Sakaguti.pdf\">PDF<\/a><\/p>\n<p>Avalia\u00e7\u00e3o da produ\u00e7\u00e3o de biog\u00e1s por codigest\u00e3o anaer\u00f3bia de poli-hidroxibutirato (PHB) em \u00e1gua residual de suinocultura (ARS) em fase mesof\u00edlica\u00a0&#8211;\u00a0<a href=\"https:\/\/palotina.ufpr.br\/energiaufpr\/wp-content\/uploads\/sites\/16\/2019\/12\/TCC-Anderson-Heidt-Vers\u00e3o-Final-Oficial.pdf\">PDF<\/a><\/p>\n<p>Efeito da agita\u00e7\u00e3o na codigest\u00e3o anaer\u00f3bia de dejeto su\u00edno e res\u00edduo alimentar\u00a0&#8211;\u00a0<a href=\"https:\/\/palotina.ufpr.br\/energiaufpr\/wp-content\/uploads\/sites\/16\/2019\/12\/TCC_Fabiana_de_Marqui_Mantovan.pdf\">PDF<\/a><\/p>\n<p>Impactos do despacho centralizado da gera\u00e7\u00e3o distribu\u00edda sobre a tens\u00e3o em barras da rede b\u00e1sica: um estudo de caso em regime permanente &#8211;\u00a0<a href=\"https:\/\/palotina.ufpr.br\/energiaufpr\/wp-content\/uploads\/sites\/16\/2020\/05\/TCC-L.Furlan-Final.pdf\">PDF<\/a><\/p>\n<p>Impactos do avan\u00e7o concentrado vs. pulverizado da gera\u00e7\u00e3o distribu\u00edda sobre a tens\u00e3o da rede b\u00e1sica: um estudo de caso em regime permanente &#8211;\u00a0<a href=\"https:\/\/palotina.ufpr.br\/energiaufpr\/wp-content\/uploads\/sites\/16\/2020\/05\/TCC-jean-UFPR.pdf\">PDF<\/a><\/p>\n","protected":false},"excerpt":{"rendered":"<p>2020-1 Avalia\u00e7\u00e3o da influ\u00eancia do sombreamento na pot\u00eancia instant\u00e2nea de m\u00f3dulos fotovoltaicos &#8211;\u00a0PDF An\u00e1lise t\u00e9cnica e financeira da proposta de um parque e\u00f3lico nos Campos Gerais do Paran\u00e1 &#8211; PDF 2019-1 Estudos envolvendo a aplica\u00e7\u00e3o do carv\u00e3o ativado comercial para a remo\u00e7\u00e3o de H2S do Biog\u00e1s &#8211; PDF Modelagem e an\u00e1lise experimental de um motor [&hellip;]<\/p>\n","protected":false},"author":1418,"featured_media":0,"parent":0,"menu_order":0,"comment_status":"closed","ping_status":"closed","template":"","meta":{"_acf_changed":false,"footnotes":""},"class_list":["post-512","page","type-page","status-publish","hentry"],"acf":[],"_links":{"self":[{"href":"https:\/\/palotina.ufpr.br\/energiaufpr\/wp-json\/wp\/v2\/pages\/512","targetHints":{"allow":["GET"]}}],"collection":[{"href":"https:\/\/palotina.ufpr.br\/energiaufpr\/wp-json\/wp\/v2\/pages"}],"about":[{"href":"https:\/\/palotina.ufpr.br\/energiaufpr\/wp-json\/wp\/v2\/types\/page"}],"author":[{"embeddable":true,"href":"https:\/\/palotina.ufpr.br\/energiaufpr\/wp-json\/wp\/v2\/users\/1418"}],"replies":[{"embeddable":true,"href":"https:\/\/palotina.ufpr.br\/energiaufpr\/wp-json\/wp\/v2\/comments?post=512"}],"version-history":[{"count":8,"href":"https:\/\/palotina.ufpr.br\/energiaufpr\/wp-json\/wp\/v2\/pages\/512\/revisions"}],"predecessor-version":[{"id":649,"href":"https:\/\/palotina.ufpr.br\/energiaufpr\/wp-json\/wp\/v2\/pages\/512\/revisions\/649"}],"wp:attachment":[{"href":"https:\/\/palotina.ufpr.br\/energiaufpr\/wp-json\/wp\/v2\/media?parent=512"}],"curies":[{"name":"wp","href":"https:\/\/api.w.org\/{rel}","templated":true}]}}