{"id":343,"date":"2016-11-19T12:22:40","date_gmt":"2016-11-19T12:22:40","guid":{"rendered":"https:\/\/palotina.ufpr.br\/engenharia-de-aquicultura\/?page_id=343"},"modified":"2022-05-19T04:26:48","modified_gmt":"2022-05-19T04:26:48","slug":"programa-de-orientacao-academica","status":"publish","type":"page","link":"https:\/\/palotina.ufpr.br\/engenharia-de-aquicultura\/programa-de-orientacao-academica\/","title":{"rendered":"UFPR | Programa de Orienta\u00e7\u00e3o Acad\u00eamica(POA)"},"content":{"rendered":"\n<p>Em constru\u00e7\u00e3o<\/p>\n","protected":false},"excerpt":{"rendered":"<p>Em constru\u00e7\u00e3o<\/p>\n","protected":false},"author":1399,"featured_media":0,"parent":0,"menu_order":0,"comment_status":"closed","ping_status":"closed","template":"","meta":{"_acf_changed":false,"footnotes":""},"class_list":["post-343","page","type-page","status-publish","hentry","nodate","item-wrap"],"acf":[],"_links":{"self":[{"href":"https:\/\/palotina.ufpr.br\/engenharia-de-aquicultura\/wp-json\/wp\/v2\/pages\/343","targetHints":{"allow":["GET"]}}],"collection":[{"href":"https:\/\/palotina.ufpr.br\/engenharia-de-aquicultura\/wp-json\/wp\/v2\/pages"}],"about":[{"href":"https:\/\/palotina.ufpr.br\/engenharia-de-aquicultura\/wp-json\/wp\/v2\/types\/page"}],"author":[{"embeddable":true,"href":"https:\/\/palotina.ufpr.br\/engenharia-de-aquicultura\/wp-json\/wp\/v2\/users\/1399"}],"replies":[{"embeddable":true,"href":"https:\/\/palotina.ufpr.br\/engenharia-de-aquicultura\/wp-json\/wp\/v2\/comments?post=343"}],"version-history":[{"count":5,"href":"https:\/\/palotina.ufpr.br\/engenharia-de-aquicultura\/wp-json\/wp\/v2\/pages\/343\/revisions"}],"predecessor-version":[{"id":1133,"href":"https:\/\/palotina.ufpr.br\/engenharia-de-aquicultura\/wp-json\/wp\/v2\/pages\/343\/revisions\/1133"}],"wp:attachment":[{"href":"https:\/\/palotina.ufpr.br\/engenharia-de-aquicultura\/wp-json\/wp\/v2\/media?parent=343"}],"curies":[{"name":"wp","href":"https:\/\/api.w.org\/{rel}","templated":true}]}}