{"id":582,"date":"2020-11-16T18:18:47","date_gmt":"2020-11-16T18:18:47","guid":{"rendered":"https:\/\/palotina.ufpr.br\/engenharia-de-aquicultura\/?page_id=582"},"modified":"2020-11-16T18:18:47","modified_gmt":"2020-11-16T18:18:47","slug":"documentos-tcc","status":"publish","type":"page","link":"https:\/\/palotina.ufpr.br\/engenharia-de-aquicultura\/documentos-tcc\/","title":{"rendered":"Documentos TCC"},"content":{"rendered":"<p><a href=\"https:\/\/palotina.ufpr.br\/engenharia-de-aquicultura\/wp-content\/uploads\/sites\/12\/2020\/11\/PPC_ENG_AQUICULTURA_1608_2019_VERS\u00c3O-FINAL-CORRIGIDA-PROGRAD17_09_Atualiza\u00e7\u00e3o-de-normas-do-TCC-18-02-2020-1.pdf\">Normas do TCC (vers\u00e3o 2020)<\/a><\/p>\n","protected":false},"excerpt":{"rendered":"<p>Normas do TCC (vers\u00e3o 2020)<\/p>\n","protected":false},"author":1399,"featured_media":0,"parent":0,"menu_order":0,"comment_status":"closed","ping_status":"closed","template":"","meta":{"_acf_changed":false,"footnotes":""},"class_list":["post-582","page","type-page","status-publish","hentry","nodate","item-wrap"],"acf":[],"_links":{"self":[{"href":"https:\/\/palotina.ufpr.br\/engenharia-de-aquicultura\/wp-json\/wp\/v2\/pages\/582","targetHints":{"allow":["GET"]}}],"collection":[{"href":"https:\/\/palotina.ufpr.br\/engenharia-de-aquicultura\/wp-json\/wp\/v2\/pages"}],"about":[{"href":"https:\/\/palotina.ufpr.br\/engenharia-de-aquicultura\/wp-json\/wp\/v2\/types\/page"}],"author":[{"embeddable":true,"href":"https:\/\/palotina.ufpr.br\/engenharia-de-aquicultura\/wp-json\/wp\/v2\/users\/1399"}],"replies":[{"embeddable":true,"href":"https:\/\/palotina.ufpr.br\/engenharia-de-aquicultura\/wp-json\/wp\/v2\/comments?post=582"}],"version-history":[{"count":1,"href":"https:\/\/palotina.ufpr.br\/engenharia-de-aquicultura\/wp-json\/wp\/v2\/pages\/582\/revisions"}],"predecessor-version":[{"id":584,"href":"https:\/\/palotina.ufpr.br\/engenharia-de-aquicultura\/wp-json\/wp\/v2\/pages\/582\/revisions\/584"}],"wp:attachment":[{"href":"https:\/\/palotina.ufpr.br\/engenharia-de-aquicultura\/wp-json\/wp\/v2\/media?parent=582"}],"curies":[{"name":"wp","href":"https:\/\/api.w.org\/{rel}","templated":true}]}}