{"id":124,"date":"2017-11-14T23:13:07","date_gmt":"2017-11-15T01:13:07","guid":{"rendered":"https:\/\/palotina.ufpr.br\/labiogen\/?page_id=124"},"modified":"2017-11-30T12:52:01","modified_gmt":"2017-11-30T14:52:01","slug":"linhas-de-pesquisa","status":"publish","type":"page","link":"https:\/\/palotina.ufpr.br\/labiogen\/linhas-de-pesquisa\/","title":{"rendered":"Linhas de Pesquisa"},"content":{"rendered":"<p><strong>1. Linha: Biotecnologia Vegetal e Ambiental<\/strong><br \/>\nDocentes Envolvidos: Prof.\u00aa Dr.\u00aa Eliane Cristina Gruszka Vendruscolo<br \/>\nObjetivos:\u00a0Avaliar entre os principais gen\u00f3tipos de trigo comerciais os de melhor resposta fisiol\u00f3gica e desempenho de produtividade quanto a associa\u00e7\u00e3o com a bact\u00e9ria diazotr\u00f3fica endof\u00edtica Herbaspirillum seropedica nas condi\u00e7\u00f5es de solo e clima da regi\u00e3o oeste do Paran\u00e1. Avaliar <em>in vitro<\/em>\u00a0e em vaso o desenvolvimento de sementes e pl\u00e2ntulas de trigo (<em>Triticum aestivum<\/em> cv) dos cultivares oriundos da COODETEC quando, respectivamente inoculadas e co-cultivadas com a bact\u00e9ria diazotr\u00f3fica endof\u00edtica <em>Herbaspirillum seropedicae<\/em>\u00a0Smr1, tendo para controle pl\u00e2ntulas e sementes n\u00e3o inoculadas e adubadas com formula\u00e7\u00e3o comercial de nitrog\u00eanio -Avaliar a resposta de plantas de trigo em vasos quanto \u00e0 inocula\u00e7\u00e3o com <em>Herbaspirillum seropedicae<\/em>, com e sem aduba\u00e7\u00e3o de fertilizante nitrogenado e quanto ao seu desenvolvimento, al\u00e9m da produ\u00e7\u00e3o de massa foliar e radicular, nitrog\u00eanio total, quantifica\u00e7\u00e3o de am\u00f4nio, glutamina sintetase, qualidade de farinha pela presen\u00e7a de gliadinas e gluteninas e o peso de 100 sementes, avaliando o incremento na produtividade. Avaliar o efeito do estresse ambiental-d\u00e9ficit h\u00eddrico na associa\u00e7\u00e3o poaceae-bact\u00e9ria.<br \/>\nGrande \u00e1rea: Ci\u00eancias Biol\u00f3gicas \/ \u00c1rea: Gen\u00e9tica \/ \u00c1rea: Microbiologia.<br \/>\nSetores de atividade: Produtos e Processos Biotecnol\u00f3gicos Vinculados\u00a0\u00e0 Agricultura.\u00a0<br class=\"clear\" \/>Palavras-chave: Bact\u00e9rias Diazotr\u00f3ficas; Fixa\u00e7\u00e3o Biol\u00f3gica de Nitrog\u00eanio; Fisiologia; Crescimento Vegetal; Gen\u00e9tica de Microorganismos; Melhoramento Vegetal.<\/p>\n<p><strong>2. Linha: Estabelecimento de protocolo de <strong>Regenera\u00e7\u00e3o de Plantas de Trigo\u00a0a partir de Embri\u00f5es\u00a0Maduros<\/strong><\/strong><br \/>\nDocentes Envolvidos: Prof.\u00aa Dr.\u00aa Eliane Cristina Gruszka Vendruscolo<br \/>\nObjetivos: O objetivo geral \u00e9 estabelecer um protocolo usando embri\u00f5es maduros (sementes maduras) para sele\u00e7\u00e3o\u00a0<em>in vitro<\/em>\u00a0e transforma\u00e7\u00e3o gen\u00e9tica de plantas em larga escala.<br \/>\nGrande \u00e1rea: Ci\u00eancias Agr\u00e1rias<br \/>\nSetores de atividade: Produtos e Processos Biotecnol\u00f3gicos Vinculados\u00a0\u00e0 Agricultura.\u00a0<br class=\"clear\" \/>Palavras-chave: Gen\u00e9tica; Cultura de Tecidos.<\/p>\n<p><strong>3. Linha: Estabelecimento de protocolo de Cultura de Tecidos de Girassol (<em>Helianthus annus<\/em>)<\/strong><br \/>\nDocentes Envolvidos: Prof.\u00aa Dr.\u00aa Eliane Cristina Gruszka Vendruscolo<br \/>\nObjetivos:\u00a0Estabelecer a Regenera\u00e7\u00e3o do Girassol no Laborat\u00f3rio de Cultura de tecidos com objetivo de Transforma\u00e7\u00e3o Gen\u00e9tica Futuras.<br \/>\nGrande \u00e1rea: Ci\u00eancias Biol\u00f3gicas \/ \u00c1rea: Gen\u00e9tica \/ \u00c1rea: Microbiologia.<br \/>\nSetores de atividade: Produtos e Processos Biotecnol\u00f3gicos Vinculados\u00a0\u00e0 Agricultura.\u00a0<br class=\"clear\" \/>Palavras-chave: Biologia Molecular; Cultura de Tecidos.<\/p>\n<p><b>4. Linha: Transforma\u00e7\u00e3o de Trombeteiro (<\/b><em style=\"font-weight: bold\">Brugmansia<\/em><b> Sp.) via <em>Agrobacterium rhizogenes<\/em> e avalia\u00e7\u00e3o da produ\u00e7\u00e3o\u00a0de\u00a0alcal\u00f3ides<\/b><br \/>\nDocentes Envolvidos: Prof.\u00aa Dr.\u00aa Eliane Cristina Gruszka Vendruscolo<br \/>\nObjetivos:\u00a0Estabelecer protocolo de regenera\u00e7\u00e3o a partir de embri\u00f5es maduros, possibilitando um sistema de regenera\u00e7\u00e3o r\u00e1pido e vers\u00e1til e de transforma\u00e7\u00e3o gen\u00e9tica de plantas visando a forma\u00e7\u00e3o de ra\u00edzes em cabeleira para an\u00e1lise da concentra\u00e7\u00e3o de alcal\u00f3ides tropanos.<br \/>\nGrande \u00e1rea: Ci\u00eancias Biol\u00f3gicas<br \/>\nSetores de atividade: Agricultura, Pecu\u00e1ria, Produ\u00e7\u00e3o Florestal, Pesca e Aquicultura.\u00a0<br class=\"clear\" \/>Palavras-chave: Biologia Molecular; Cultura de Tecidos; Metab\u00f3litos Secund\u00e1rios.<\/p>\n<p><b>5. Linha: Estudo da diversidade populacional de bact\u00e9rias diazotr\u00f3ficas para a promo\u00e7\u00e3o do crescimento vegetal e produ\u00e7\u00e3o de reguladores de crescimento em trigo (<em>Triticum aestivum<\/em> ) na regi\u00e3o Oeste do Paran\u00e1<\/b><br \/>\nDocentes Envolvidos: Prof.\u00aa Dr.\u00aa Eliane Cristina Gruszka Vendruscolo<br \/>\nObjetivos:\u00a0Isolar e identificar bact\u00e9rias diazotr\u00f3ficas de plantas de trigo e milho em tr\u00eas \u00e1reas de mata na Regi\u00e3o Oeste do Paran\u00e1. &#8211; Testar a capacidade de solubiliza\u00e7\u00e3o de fosfato, produ\u00e7\u00e3o da auxina \u00e1cido indol ac\u00e9tico (AIA) e da atividade enzim\u00e1tica da nitrogenase via redu\u00e7\u00e3o de acetileno (ARA) das bact\u00e9rias isoladas de plantas de trigo e milho. &#8211; Caracterizar e identificar molecularmente as bact\u00e9rias diazotr\u00f3ficas isoladas. &#8211; Avaliar a morfologia radicular <em>in vitro<\/em> atrav\u00e9s do ensaio de ades\u00e3o. -Avaliar sob condi\u00e7\u00e3o de casa de vegeta\u00e7\u00e3o o efeito da inocula\u00e7\u00e3o das bact\u00e9rias diazotr\u00f3ficas isoladas, sobre o desenvolvimento de plantas de trigo, em diferentes est\u00e1dios fenol\u00f3gicos.<br \/>\nGrande \u00e1rea: Ci\u00eancias Biol\u00f3gicas<br \/>\nSetores de atividade: Agricultura, Pecu\u00e1ria, Silvicultura e Explora\u00e7\u00e3o Florestal.\u00a0<br class=\"clear\" \/>Palavras-chave: Biotecnologia; Associa\u00e7\u00e3o ben\u00e9fica; diversidade microbiana; Gen\u00e9tica de Microorganismos.<\/p>\n<p><b>6. Linha: Estudo da associa\u00e7\u00e3o ben\u00e9fica de bact\u00e9rias e variedades brasileiras de trigo comercial<\/b><br \/>\nDocentes Envolvidos: Prof.\u00aa Dr.\u00aa Marise Fonseca dos Santos<\/p>\n<p><b>7. Linha: Biotecnologia de bact\u00e9rias promotoras do crescimento vegetal na regi\u00e3o oeste do Paran\u00e1<\/b><br \/>\nDocentes Envolvidos: Prof.\u00aa Dr.\u00aa\u00a0Marise\u00a0Fonseca dos Santos<\/p>\n<p><b>8. Linha: Avalia\u00e7\u00e3o de par\u00e2metros f\u00edsico-qu\u00edmicos e qu\u00edmicos da cama de avi\u00e1rio da regi\u00e3o oeste do Paran\u00e1-Brasil: Avalia\u00e7\u00e3o de pH e am\u00f4nia<\/b><br \/>\nDocentes Envolvidos: Prof.\u00aa Dr.\u00aa\u00a0Marise\u00a0Fonseca dos Santos<\/p>\n<p><b>9<b>. Linha: Projeto de doutorado: Proteoma Diferencial da Bact\u00e9ria G<em>luconacetobacter diazotrophicus<\/em> em condi\u00e7\u00e3o de fixa\u00e7\u00e3o e n\u00e3o-fixa\u00e7\u00e3o de nitrog\u00eanio<\/b><br \/>\n<\/b>Docentes Envolvidos: Prof.\u00aa Dr.\u00aa\u00a0Marise\u00a0Fonseca dos Santos<\/p>\n<p><b>1<\/b><b>0. Linha:\u00a0Qu\u00edmica\u00a0de prote\u00ednas<\/b><br \/>\nDocentes Envolvidos: Prof.\u00aa Dr.\u00aa\u00a0Marise\u00a0Fonseca dos Santos<\/p>\n","protected":false},"excerpt":{"rendered":"<p>1. Linha: Biotecnologia Vegetal e Ambiental Docentes Envolvidos: Prof.\u00aa Dr.\u00aa Eliane Cristina Gruszka Vendruscolo Objetivos:\u00a0Avaliar entre os principais gen\u00f3tipos de trigo comerciais os de melhor resposta fisiol\u00f3gica e desempenho de produtividade quanto a associa\u00e7\u00e3o com a bact\u00e9ria diazotr\u00f3fica endof\u00edtica Herbaspirillum seropedica nas condi\u00e7\u00f5es de solo e clima da regi\u00e3o oeste do Paran\u00e1. Avaliar in vitro\u00a0e [&hellip;]<\/p>\n","protected":false},"author":1420,"featured_media":0,"parent":0,"menu_order":0,"comment_status":"closed","ping_status":"closed","template":"","meta":{"_acf_changed":false,"footnotes":""},"class_list":["post-124","page","type-page","status-publish","hentry"],"acf":[],"_links":{"self":[{"href":"https:\/\/palotina.ufpr.br\/labiogen\/wp-json\/wp\/v2\/pages\/124","targetHints":{"allow":["GET"]}}],"collection":[{"href":"https:\/\/palotina.ufpr.br\/labiogen\/wp-json\/wp\/v2\/pages"}],"about":[{"href":"https:\/\/palotina.ufpr.br\/labiogen\/wp-json\/wp\/v2\/types\/page"}],"author":[{"embeddable":true,"href":"https:\/\/palotina.ufpr.br\/labiogen\/wp-json\/wp\/v2\/users\/1420"}],"replies":[{"embeddable":true,"href":"https:\/\/palotina.ufpr.br\/labiogen\/wp-json\/wp\/v2\/comments?post=124"}],"version-history":[{"count":18,"href":"https:\/\/palotina.ufpr.br\/labiogen\/wp-json\/wp\/v2\/pages\/124\/revisions"}],"predecessor-version":[{"id":326,"href":"https:\/\/palotina.ufpr.br\/labiogen\/wp-json\/wp\/v2\/pages\/124\/revisions\/326"}],"wp:attachment":[{"href":"https:\/\/palotina.ufpr.br\/labiogen\/wp-json\/wp\/v2\/media?parent=124"}],"curies":[{"name":"wp","href":"https:\/\/api.w.org\/{rel}","templated":true}]}}