{"id":74,"date":"2017-11-14T15:14:52","date_gmt":"2017-11-14T17:14:52","guid":{"rendered":"https:\/\/palotina.ufpr.br\/labiogen\/?page_id=74"},"modified":"2017-11-19T16:27:27","modified_gmt":"2017-11-19T18:27:27","slug":"o-laboratorio","status":"publish","type":"page","link":"https:\/\/palotina.ufpr.br\/labiogen\/o-laboratorio\/","title":{"rendered":"O Laborat\u00f3rio"},"content":{"rendered":"<p><a href=\"https:\/\/palotina.ufpr.br\/labiogen\/historico\/\">Apresenta\u00e7\u00e3o<\/a><\/p>\n<p><a href=\"https:\/\/palotina.ufpr.br\/labiogen\/localizacao\/\">Localiza\u00e7\u00e3o<\/a><\/p>\n<p><a href=\"https:\/\/palotina.ufpr.br\/labiogen\/contato\/\">Contato<\/a><\/p>\n<p><a href=\"https:\/\/palotina.ufpr.br\/labiogen\/cqb\/\">CQB<\/a><\/p>\n","protected":false},"excerpt":{"rendered":"<p>Apresenta\u00e7\u00e3o Localiza\u00e7\u00e3o Contato CQB<\/p>\n","protected":false},"author":1420,"featured_media":0,"parent":0,"menu_order":0,"comment_status":"closed","ping_status":"closed","template":"","meta":{"_acf_changed":false,"footnotes":""},"class_list":["post-74","page","type-page","status-publish","hentry"],"acf":[],"_links":{"self":[{"href":"https:\/\/palotina.ufpr.br\/labiogen\/wp-json\/wp\/v2\/pages\/74","targetHints":{"allow":["GET"]}}],"collection":[{"href":"https:\/\/palotina.ufpr.br\/labiogen\/wp-json\/wp\/v2\/pages"}],"about":[{"href":"https:\/\/palotina.ufpr.br\/labiogen\/wp-json\/wp\/v2\/types\/page"}],"author":[{"embeddable":true,"href":"https:\/\/palotina.ufpr.br\/labiogen\/wp-json\/wp\/v2\/users\/1420"}],"replies":[{"embeddable":true,"href":"https:\/\/palotina.ufpr.br\/labiogen\/wp-json\/wp\/v2\/comments?post=74"}],"version-history":[{"count":6,"href":"https:\/\/palotina.ufpr.br\/labiogen\/wp-json\/wp\/v2\/pages\/74\/revisions"}],"predecessor-version":[{"id":300,"href":"https:\/\/palotina.ufpr.br\/labiogen\/wp-json\/wp\/v2\/pages\/74\/revisions\/300"}],"wp:attachment":[{"href":"https:\/\/palotina.ufpr.br\/labiogen\/wp-json\/wp\/v2\/media?parent=74"}],"curies":[{"name":"wp","href":"https:\/\/api.w.org\/{rel}","templated":true}]}}