{"id":76,"date":"2017-11-14T15:16:23","date_gmt":"2017-11-14T17:16:23","guid":{"rendered":"https:\/\/palotina.ufpr.br\/labiogen\/?page_id=76"},"modified":"2018-10-30T22:18:09","modified_gmt":"2018-10-31T01:18:09","slug":"historico","status":"publish","type":"page","link":"https:\/\/palotina.ufpr.br\/labiogen\/historico\/","title":{"rendered":"Apresenta\u00e7\u00e3o"},"content":{"rendered":"<p style=\"text-align: justify\">O <strong>LABIOGEN<\/strong>\u00a0(Laborat\u00f3rio de Bioqu\u00edmica e Gen\u00e9tica) iniciou as suas atividades na UFPR-Setor Palotina em mar\u00e7o de 2010 e tem o foco na pesquisa nas \u00e1reas de:<\/p>\n<ol style=\"text-align: justify\">\n<li>Bioqu\u00edmica &#8211; Estudos sobre a prote\u00f4mica da intera\u00e7\u00e3o planta x bact\u00e9ria, Estudos de atividades enzim\u00e1ticas da intera\u00e7\u00e3o planta x bact\u00e9ria, microrganismos de interesse agr\u00edcola;<\/li>\n<li>Gen\u00e9tica &#8211; Estudos sobre a gen\u00f4mica da microbiota de biodigestores, caracteriza\u00e7\u00e3o molecular de microrganismos de interesse biotecnol\u00f3gico, transforma\u00e7\u00e3o de plantas;<\/li>\n<li>Biotecnologia &#8211; Biotecnologia aplicada ao melhoramento de microrganismos de interesse industrial.<\/li>\n<\/ol>\n<p style=\"text-align: justify\">O Laborat\u00f3rio apoia os trabalhos de alunos da gradua\u00e7\u00e3o de diversos cursos do Setor Palotina e p\u00f3s-gradua\u00e7\u00e3o dos Programas de P\u00f3s-Gradua\u00e7\u00e3o em <strong>Tecnologias de Bioprodutos Agroindustriais<\/strong> e Programa de P\u00f3s-Gradua\u00e7\u00e3o Multic\u00eantrico em <strong>Bioqu\u00edmica e Biologia Molecular<\/strong>.<\/p>\n<p style=\"text-align: justify\">Miss\u00e3o do Labiogen:<\/p>\n<ol>\n<li style=\"text-align: justify\">Excel\u00eancia na Pesquisa;<\/li>\n<li style=\"text-align: justify\">Colabora\u00e7\u00e3o com outros profissionais;<\/li>\n<li style=\"text-align: justify\">Forma\u00e7\u00e3o acad\u00eamica e preparo para atividades profissionais na \u00e1rea.<\/li>\n<\/ol>\n","protected":false},"excerpt":{"rendered":"<p>O LABIOGEN\u00a0(Laborat\u00f3rio de Bioqu\u00edmica e Gen\u00e9tica) iniciou as suas atividades na UFPR-Setor Palotina em mar\u00e7o de 2010 e tem o foco na pesquisa nas \u00e1reas de: Bioqu\u00edmica &#8211; Estudos sobre a prote\u00f4mica da intera\u00e7\u00e3o planta x bact\u00e9ria, Estudos de atividades enzim\u00e1ticas da intera\u00e7\u00e3o planta x bact\u00e9ria, microrganismos de interesse agr\u00edcola; Gen\u00e9tica &#8211; Estudos sobre a [&hellip;]<\/p>\n","protected":false},"author":1420,"featured_media":0,"parent":0,"menu_order":0,"comment_status":"closed","ping_status":"closed","template":"","meta":{"_acf_changed":false,"footnotes":""},"class_list":["post-76","page","type-page","status-publish","hentry"],"acf":[],"_links":{"self":[{"href":"https:\/\/palotina.ufpr.br\/labiogen\/wp-json\/wp\/v2\/pages\/76","targetHints":{"allow":["GET"]}}],"collection":[{"href":"https:\/\/palotina.ufpr.br\/labiogen\/wp-json\/wp\/v2\/pages"}],"about":[{"href":"https:\/\/palotina.ufpr.br\/labiogen\/wp-json\/wp\/v2\/types\/page"}],"author":[{"embeddable":true,"href":"https:\/\/palotina.ufpr.br\/labiogen\/wp-json\/wp\/v2\/users\/1420"}],"replies":[{"embeddable":true,"href":"https:\/\/palotina.ufpr.br\/labiogen\/wp-json\/wp\/v2\/comments?post=76"}],"version-history":[{"count":8,"href":"https:\/\/palotina.ufpr.br\/labiogen\/wp-json\/wp\/v2\/pages\/76\/revisions"}],"predecessor-version":[{"id":508,"href":"https:\/\/palotina.ufpr.br\/labiogen\/wp-json\/wp\/v2\/pages\/76\/revisions\/508"}],"wp:attachment":[{"href":"https:\/\/palotina.ufpr.br\/labiogen\/wp-json\/wp\/v2\/media?parent=76"}],"curies":[{"name":"wp","href":"https:\/\/api.w.org\/{rel}","templated":true}]}}