{"id":78,"date":"2017-11-14T15:16:56","date_gmt":"2017-11-14T17:16:56","guid":{"rendered":"https:\/\/palotina.ufpr.br\/labiogen\/?page_id=78"},"modified":"2017-11-19T16:29:41","modified_gmt":"2017-11-19T18:29:41","slug":"localizacao","status":"publish","type":"page","link":"https:\/\/palotina.ufpr.br\/labiogen\/localizacao\/","title":{"rendered":"Localiza\u00e7\u00e3o"},"content":{"rendered":"<p>O Laborat\u00f3rio de Bioqu\u00edmica e Gen\u00e9tica \u2013 LABIOGEN, est\u00e1\u00a0vinculado ao Departamento de Bioci\u00eancias da Universidade Federal do Paran\u00e1 &#8211; Setor Palotina.<\/p>\n<p><em>Universidade Federal do Paran\u00e1,\u00a0<\/em><em>Departamento de Bioci\u00eancias<\/em><\/p>\n<p><em>Rua Pioneiro, 2153<\/em><\/p>\n<p><em>Jardim Dallas<br \/>\n<\/em><\/p>\n<p><em>Palotina \u2013 PR<br \/>\n<\/em><\/p>\n<p><em>CEP 85.950-000<\/em><em><br \/>\n<\/em><\/p>\n<p><em>Telefone: (44) 3211-1319 \/\u00a0(44) 3211-1326<\/em><\/p>\n<p>&nbsp;<\/p>\n<p><a href=\"https:\/\/www.google.com.br\/maps\/place\/Universidade+Federal+do+Paran%C3%A1+-+Setor+Palotina\/@-24.296142,-53.8453457,17z\/data=!3m1!4b1!4m5!3m4!1s0x94f36e153b263223:0x3cc18d560c9d36f9!8m2!3d-24.296142!4d-53.843157\" target=\"_blank\">Como Chegar<\/a><\/p>\n","protected":false},"excerpt":{"rendered":"<p>O Laborat\u00f3rio de Bioqu\u00edmica e Gen\u00e9tica \u2013 LABIOGEN, est\u00e1\u00a0vinculado ao Departamento de Bioci\u00eancias da Universidade Federal do Paran\u00e1 &#8211; Setor Palotina. Universidade Federal do Paran\u00e1,\u00a0Departamento de Bioci\u00eancias Rua Pioneiro, 2153 Jardim Dallas Palotina \u2013 PR CEP 85.950-000 Telefone: (44) 3211-1319 \/\u00a0(44) 3211-1326 &nbsp; Como Chegar<\/p>\n","protected":false},"author":1420,"featured_media":0,"parent":0,"menu_order":0,"comment_status":"closed","ping_status":"closed","template":"","meta":{"_acf_changed":false,"footnotes":""},"class_list":["post-78","page","type-page","status-publish","hentry"],"acf":[],"_links":{"self":[{"href":"https:\/\/palotina.ufpr.br\/labiogen\/wp-json\/wp\/v2\/pages\/78","targetHints":{"allow":["GET"]}}],"collection":[{"href":"https:\/\/palotina.ufpr.br\/labiogen\/wp-json\/wp\/v2\/pages"}],"about":[{"href":"https:\/\/palotina.ufpr.br\/labiogen\/wp-json\/wp\/v2\/types\/page"}],"author":[{"embeddable":true,"href":"https:\/\/palotina.ufpr.br\/labiogen\/wp-json\/wp\/v2\/users\/1420"}],"replies":[{"embeddable":true,"href":"https:\/\/palotina.ufpr.br\/labiogen\/wp-json\/wp\/v2\/comments?post=78"}],"version-history":[{"count":8,"href":"https:\/\/palotina.ufpr.br\/labiogen\/wp-json\/wp\/v2\/pages\/78\/revisions"}],"predecessor-version":[{"id":303,"href":"https:\/\/palotina.ufpr.br\/labiogen\/wp-json\/wp\/v2\/pages\/78\/revisions\/303"}],"wp:attachment":[{"href":"https:\/\/palotina.ufpr.br\/labiogen\/wp-json\/wp\/v2\/media?parent=78"}],"curies":[{"name":"wp","href":"https:\/\/api.w.org\/{rel}","templated":true}]}}