{"id":96,"date":"2017-11-14T21:46:24","date_gmt":"2017-11-14T23:46:24","guid":{"rendered":"https:\/\/palotina.ufpr.br\/labiogen\/?page_id=96"},"modified":"2018-02-05T18:12:25","modified_gmt":"2018-02-05T20:12:25","slug":"docentes-colaboradores","status":"publish","type":"page","link":"https:\/\/palotina.ufpr.br\/labiogen\/docentes-colaboradores\/","title":{"rendered":"Docentes Colaboradores"},"content":{"rendered":"<p><strong><img decoding=\"async\" class=\" wp-image-113 alignnone\" src=\"https:\/\/palotina.ufpr.br\/labiogen\/wp-content\/uploads\/sites\/17\/2017\/11\/ADRIANA-300x218.jpg\" alt=\"ADRIANA\" width=\"244\" height=\"177\" srcset=\"https:\/\/palotina.ufpr.br\/labiogen\/wp-content\/uploads\/sites\/17\/2017\/11\/ADRIANA-300x218.jpg 300w, https:\/\/palotina.ufpr.br\/labiogen\/wp-content\/uploads\/sites\/17\/2017\/11\/ADRIANA-768x558.jpg 768w, https:\/\/palotina.ufpr.br\/labiogen\/wp-content\/uploads\/sites\/17\/2017\/11\/ADRIANA-160x116.jpg 160w, https:\/\/palotina.ufpr.br\/labiogen\/wp-content\/uploads\/sites\/17\/2017\/11\/ADRIANA.jpg 960w\" sizes=\"(max-width: 244px) 100vw, 244px\" \/><\/strong><\/p>\n<p><strong>Prof.\u00aa Dr.\u00aa\u00a0Adriana Fiorini<\/strong><\/p>\n<p><a href=\"http:\/\/lattes.cnpq.br\/7752079608717875\" target=\"_blank\">Link para acessar o Curr\u00edculo Lattes<\/a><\/p>\n<p>Atua no Laborat\u00f3rio desde:\u00a02015<\/p>\n<p style=\"text-align: justify\">Breve Curr\u00edculo:\u00a0Professora Adjunta A da Universidade Federal do Paran\u00e1 &#8211; Setor Palotina. Possui Doutorado e Mestrado em Ci\u00eancias Biol\u00f3gicas, \u00e1rea de concentra\u00e7\u00e3o Biologia Celular e Molecular pela UEM, \u00e9 licenciada e bacharel em Ci\u00eancias Biol\u00f3gicas pela UEM. Realizou P\u00f3s-Doutorado pelo Programa Capes-PNPD, no laborat\u00f3rio de Micologia M\u00e9dica-UEM, trabalhando com gen\u00f4mica e prote\u00f4mica de leveduras de interesse m\u00e9dico. Realizou um P\u00f3s-Doutorado pelo Programa Capes-Cofecub, no Institut National de la Recherche Agronomique (INRA), Jouy en Josas, Fran\u00e7a, trabalhando com biologia molecular de bact\u00e9rias do \u00e1cido l\u00e1tico. Foi professora visitante no per\u00edodo de 2013-2015 na Universidade Federal do Paran\u00e1, UFPR-Setor Palotina, onde ministrou as disciplinas de Biologia Celular, Gen\u00e9tica e Melhoramento Gen\u00e9tico de Microrganismos de Interesse Industrial. Atualmente participa de projetos de identifica\u00e7\u00e3o de microrganismos (fungos e bact\u00e9rias), com \u00eanfase principalmente em t\u00e9cnicas de biologia molecular e microbiologia. Possui experi\u00eancia em an\u00e1lises microbiol\u00f3gicas e moleculares, atuando principalmente nos seguintes temas: caracteriza\u00e7\u00e3o molecular de microrganismos, constru\u00e7\u00e3o de microrganismos geneticamente modificados, express\u00e3o g\u00eanica de microrganismos recombinantes. Domina t\u00e9cnicas de biologia celular, biologia molecular, cultura de c\u00e9lulas, prote\u00f4mica, genotipagem de microrganismos, PCR e suas varia\u00e7\u00f5es e Western blot.<\/p>\n<p>&nbsp;<\/p>\n<p><strong><img fetchpriority=\"high\" decoding=\"async\" class=\" wp-image-115 alignnone\" src=\"https:\/\/palotina.ufpr.br\/labiogen\/wp-content\/uploads\/sites\/17\/2017\/11\/F\u00e1bio-300x300.jpg\" alt=\"F\u00e1bio\" width=\"231\" height=\"231\" srcset=\"https:\/\/palotina.ufpr.br\/labiogen\/wp-content\/uploads\/sites\/17\/2017\/11\/F\u00e1bio-300x300.jpg 300w, https:\/\/palotina.ufpr.br\/labiogen\/wp-content\/uploads\/sites\/17\/2017\/11\/F\u00e1bio-150x150.jpg 150w, https:\/\/palotina.ufpr.br\/labiogen\/wp-content\/uploads\/sites\/17\/2017\/11\/F\u00e1bio-120x120.jpg 120w, https:\/\/palotina.ufpr.br\/labiogen\/wp-content\/uploads\/sites\/17\/2017\/11\/F\u00e1bio.jpg 640w\" sizes=\"(max-width: 231px) 100vw, 231px\" \/><\/strong><\/p>\n<p><strong>Prof. Dr. F\u00e1bio\u00a0Rog\u00e9rio Rosado<\/strong><\/p>\n<p><a href=\"http:\/\/lattes.cnpq.br\/2173353919611485\" target=\"_blank\">Link para acessar o Curr\u00edculo Lattes<\/a><\/p>\n<p>Atua no Laborat\u00f3rio desde:\u00a02015<\/p>\n<p style=\"text-align: justify\">Graduado em Ci\u00eancias Biol\u00f3gicas (Licenciatura e Bacharelado) pela Universidade Estadual de Maring\u00e1 (1997) e doutorado em Ci\u00eancias Biol\u00f3gicas (Biologia Celular) pela Universidade Estadual de Maring\u00e1 em coopera\u00e7\u00e3o com a Universidade Federal do Paran\u00e1 &#8211; UFPR (2002). Participou na implanta\u00e7\u00e3o do Curso de Biomedicina do Centro Univesit\u00e1rio de Maring\u00e1, permanecendo na coordena\u00e7\u00e3o por tr\u00eas anos. Atuou como representante do Centro Universit\u00e1rio de Maring\u00e1 &#8211; Cesumar no COMDEMA (Conselho de Defesa do Meio Ambiente na cidade de Maring\u00e1) por quatro anos. Coordenou o curso de Especializa\u00e7\u00e3o \u00e0 dist\u00e2ncia em DNA Forense e Sorologia, em conv\u00eanio com a Universidade da Fl\u00f3rida. Atuou como coordenador de curso de Ci\u00eancias Biol\u00f3gicas por quatro anos e foi professor em v\u00e1rias disciplinas e institui\u00e7\u00f5es. Experi\u00eancia na \u00e1rea de Biologia Geral, Histologia e Embriologia, Bioqu\u00edmica e Biotecnologia. Dentre as disciplinas que j\u00e1 lecionou, destaque para biologia celular,histologia e embriologia, biotecnologia, gen\u00e9tica, bioqu\u00edmica e metodologia da pesquisa cient\u00edfica. Realizou um est\u00e1gio p\u00f3s doutoral pelo Programa Capes-Cofecub no Institut National de la Recherch Agronomique &#8211; INRA, trabalhando com prote\u00f4mica comparativa de Staphylococcus aureus isolados de hospedeiros bovinos e caprinos, na cidade de Rennes, Fran\u00e7a. Foi bolsista P\u00f3s-doutorado J\u00fanior (CNPq) trabalhando com estudos de intera\u00e7\u00e3o entre prote\u00ednas e regi\u00f5es curvas de DNA (bent DNA). Tem experi\u00eancia na \u00e1rea de processos biotecnol\u00f3gicos e bioqu\u00edmicos utilizando fungos basidiomicetes, determina\u00e7\u00e3o estrutural de polissacar\u00eddeos e exopolissacar\u00eddeos produzidos por fungos e produ\u00e7\u00e3o de basidiomicetes comest\u00edveis e medicinais, prote\u00f4mica e biologia molecular. Atualmente atua como professor Adjunto na Universidade Federal do Paran\u00e1 (Setor Palotina).<\/p>\n","protected":false},"excerpt":{"rendered":"<p>Prof.\u00aa Dr.\u00aa\u00a0Adriana Fiorini Link para acessar o Curr\u00edculo Lattes Atua no Laborat\u00f3rio desde:\u00a02015 Breve Curr\u00edculo:\u00a0Professora Adjunta A da Universidade Federal do Paran\u00e1 &#8211; Setor Palotina. Possui Doutorado e Mestrado em Ci\u00eancias Biol\u00f3gicas, \u00e1rea de concentra\u00e7\u00e3o Biologia Celular e Molecular pela UEM, \u00e9 licenciada e bacharel em Ci\u00eancias Biol\u00f3gicas pela UEM. Realizou P\u00f3s-Doutorado pelo Programa Capes-PNPD, [&hellip;]<\/p>\n","protected":false},"author":1420,"featured_media":0,"parent":0,"menu_order":0,"comment_status":"closed","ping_status":"closed","template":"","meta":{"_acf_changed":false,"footnotes":""},"class_list":["post-96","page","type-page","status-publish","hentry"],"acf":[],"_links":{"self":[{"href":"https:\/\/palotina.ufpr.br\/labiogen\/wp-json\/wp\/v2\/pages\/96","targetHints":{"allow":["GET"]}}],"collection":[{"href":"https:\/\/palotina.ufpr.br\/labiogen\/wp-json\/wp\/v2\/pages"}],"about":[{"href":"https:\/\/palotina.ufpr.br\/labiogen\/wp-json\/wp\/v2\/types\/page"}],"author":[{"embeddable":true,"href":"https:\/\/palotina.ufpr.br\/labiogen\/wp-json\/wp\/v2\/users\/1420"}],"replies":[{"embeddable":true,"href":"https:\/\/palotina.ufpr.br\/labiogen\/wp-json\/wp\/v2\/comments?post=96"}],"version-history":[{"count":11,"href":"https:\/\/palotina.ufpr.br\/labiogen\/wp-json\/wp\/v2\/pages\/96\/revisions"}],"predecessor-version":[{"id":333,"href":"https:\/\/palotina.ufpr.br\/labiogen\/wp-json\/wp\/v2\/pages\/96\/revisions\/333"}],"wp:attachment":[{"href":"https:\/\/palotina.ufpr.br\/labiogen\/wp-json\/wp\/v2\/media?parent=96"}],"curies":[{"name":"wp","href":"https:\/\/api.w.org\/{rel}","templated":true}]}}