{"id":170,"date":"2016-11-16T14:17:01","date_gmt":"2016-11-16T14:17:01","guid":{"rendered":"https:\/\/palotina.ufpr.br\/catprobio\/?page_id=170"},"modified":"2023-03-17T16:04:36","modified_gmt":"2023-03-17T16:04:36","slug":"eventos","status":"publish","type":"page","link":"https:\/\/palotina.ufpr.br\/labmater\/eventos\/","title":{"rendered":"Eventos"},"content":{"rendered":"<h2><strong>2023<\/strong><\/h2>\n<h4 class=\"text-white\"><strong>3\u00ba Congresso Brasileiro do Hidrog\u00eanio<\/strong><\/h4>\n<p><img fetchpriority=\"high\" decoding=\"async\" class=\"size-medium wp-image-1660 aligncenter\" src=\"https:\/\/palotina.ufpr.br\/labmater\/wp-content\/uploads\/sites\/7\/2023\/03\/WhatsApp-Image-2023-02-28-at-12.30.09-300x300.jpeg\" alt=\"\" width=\"300\" height=\"300\" srcset=\"https:\/\/palotina.ufpr.br\/labmater\/wp-content\/uploads\/sites\/7\/2023\/03\/WhatsApp-Image-2023-02-28-at-12.30.09-300x300.jpeg 300w, https:\/\/palotina.ufpr.br\/labmater\/wp-content\/uploads\/sites\/7\/2023\/03\/WhatsApp-Image-2023-02-28-at-12.30.09-1024x1024.jpeg 1024w, https:\/\/palotina.ufpr.br\/labmater\/wp-content\/uploads\/sites\/7\/2023\/03\/WhatsApp-Image-2023-02-28-at-12.30.09-150x150.jpeg 150w, https:\/\/palotina.ufpr.br\/labmater\/wp-content\/uploads\/sites\/7\/2023\/03\/WhatsApp-Image-2023-02-28-at-12.30.09-768x768.jpeg 768w, https:\/\/palotina.ufpr.br\/labmater\/wp-content\/uploads\/sites\/7\/2023\/03\/WhatsApp-Image-2023-02-28-at-12.30.09-1536x1536.jpeg 1536w, https:\/\/palotina.ufpr.br\/labmater\/wp-content\/uploads\/sites\/7\/2023\/03\/WhatsApp-Image-2023-02-28-at-12.30.09.jpeg 1600w\" sizes=\"(max-width: 300px) 100vw, 300px\" \/><\/p>\n<p><em>Clique <a href=\"https:\/\/abh2.org\/3-cbh2\">aqui<\/a>\u00a0para mais informa\u00e7\u00f5es.<\/em><\/p>\n<hr \/>\n<h4><\/h4>\n<h4 class=\"LC20lb MBeuO DKV0Md\"><strong>17\u00b0 Congresso Brasileiro de Pol\u00edmeros<\/strong><\/h4>\n<p><img decoding=\"async\" class=\"size-medium wp-image-1658 aligncenter\" src=\"https:\/\/palotina.ufpr.br\/labmater\/wp-content\/uploads\/sites\/7\/2023\/03\/WhatsApp-Image-2023-03-02-at-10.35.12-297x300.jpeg\" alt=\"\" width=\"297\" height=\"300\" srcset=\"https:\/\/palotina.ufpr.br\/labmater\/wp-content\/uploads\/sites\/7\/2023\/03\/WhatsApp-Image-2023-03-02-at-10.35.12-297x300.jpeg 297w, https:\/\/palotina.ufpr.br\/labmater\/wp-content\/uploads\/sites\/7\/2023\/03\/WhatsApp-Image-2023-03-02-at-10.35.12-768x776.jpeg 768w, https:\/\/palotina.ufpr.br\/labmater\/wp-content\/uploads\/sites\/7\/2023\/03\/WhatsApp-Image-2023-03-02-at-10.35.12.jpeg 1013w\" sizes=\"(max-width: 297px) 100vw, 297px\" \/><\/p>\n<p><em>Clique <a href=\"https:\/\/www.cbpol.com.br\/\">aqui<\/a>\u00a0para mais informa\u00e7\u00f5es.<\/em><\/p>\n<hr \/>\n<h4><strong>XXI Brazilian Materials Research Society (B-MRS)<\/strong><\/h4>\n<p><img decoding=\"async\" class=\"size-medium wp-image-1659 aligncenter\" src=\"https:\/\/palotina.ufpr.br\/labmater\/wp-content\/uploads\/sites\/7\/2023\/03\/WhatsApp-Image-2023-03-06-at-16.17.20-248x300.jpeg\" alt=\"\" width=\"248\" height=\"300\" srcset=\"https:\/\/palotina.ufpr.br\/labmater\/wp-content\/uploads\/sites\/7\/2023\/03\/WhatsApp-Image-2023-03-06-at-16.17.20-248x300.jpeg 248w, https:\/\/palotina.ufpr.br\/labmater\/wp-content\/uploads\/sites\/7\/2023\/03\/WhatsApp-Image-2023-03-06-at-16.17.20-768x928.jpeg 768w, https:\/\/palotina.ufpr.br\/labmater\/wp-content\/uploads\/sites\/7\/2023\/03\/WhatsApp-Image-2023-03-06-at-16.17.20.jpeg 847w\" sizes=\"(max-width: 248px) 100vw, 248px\" \/><\/p>\n<p><em>Clique <a href=\"https:\/\/www.sbpmat.org.br\/21encontro\/\">aqui<\/a>\u00a0para mais informa\u00e7\u00f5es.<\/em><\/p>\n<hr \/>\n<h2><strong>2019<\/strong><\/h2>\n<h4><strong>III Congresso Brasileiro de Ci\u00eancias e Tecnologias Ambientais<\/strong><\/h4>\n<p><img loading=\"lazy\" decoding=\"async\" class=\"aligncenter size-medium wp-image-347\" src=\"https:\/\/palotina.ufpr.br\/catprobio\/wp-content\/uploads\/sites\/7\/2016\/11\/IMG-20190701-WA0022-1-300x300.jpg\" alt=\"III-CBCT\" width=\"300\" height=\"300\" srcset=\"https:\/\/palotina.ufpr.br\/labmater\/wp-content\/uploads\/sites\/7\/2016\/11\/IMG-20190701-WA0022-1-300x300.jpg 300w, https:\/\/palotina.ufpr.br\/labmater\/wp-content\/uploads\/sites\/7\/2016\/11\/IMG-20190701-WA0022-1-150x150.jpg 150w, https:\/\/palotina.ufpr.br\/labmater\/wp-content\/uploads\/sites\/7\/2016\/11\/IMG-20190701-WA0022-1-768x768.jpg 768w, https:\/\/palotina.ufpr.br\/labmater\/wp-content\/uploads\/sites\/7\/2016\/11\/IMG-20190701-WA0022-1-120x120.jpg 120w, https:\/\/palotina.ufpr.br\/labmater\/wp-content\/uploads\/sites\/7\/2016\/11\/IMG-20190701-WA0022-1.jpg 800w\" sizes=\"(max-width: 300px) 100vw, 300px\" \/><\/p>\n<p><em>Clique <a href=\"https:\/\/midas.unioeste.br\/sgev\/eventos\/iiicbcta\" target=\"_blank\" rel=\"noopener\">aqui<\/a>\u00a0para mais informa\u00e7\u00f5es.<\/em><\/p>\n<hr \/>\n<h4><strong>I Congresso da Associa\u00e7\u00e3o Brasileira do Hidrog\u00eanio<\/strong><\/h4>\n<p><a href=\"http:\/\/www.abh2.org.br\/congresso\"><img loading=\"lazy\" decoding=\"async\" class=\"aligncenter size-medium wp-image-344\" src=\"https:\/\/palotina.ufpr.br\/catprobio\/wp-content\/uploads\/sites\/7\/2016\/11\/08_05_CongressoABH2_Face-300x300.png\" alt=\"08_05_CongressoABH2_Face\" width=\"300\" height=\"300\" srcset=\"https:\/\/palotina.ufpr.br\/labmater\/wp-content\/uploads\/sites\/7\/2016\/11\/08_05_CongressoABH2_Face-300x300.png 300w, https:\/\/palotina.ufpr.br\/labmater\/wp-content\/uploads\/sites\/7\/2016\/11\/08_05_CongressoABH2_Face-150x150.png 150w, https:\/\/palotina.ufpr.br\/labmater\/wp-content\/uploads\/sites\/7\/2016\/11\/08_05_CongressoABH2_Face-768x768.png 768w, https:\/\/palotina.ufpr.br\/labmater\/wp-content\/uploads\/sites\/7\/2016\/11\/08_05_CongressoABH2_Face-120x120.png 120w, https:\/\/palotina.ufpr.br\/labmater\/wp-content\/uploads\/sites\/7\/2016\/11\/08_05_CongressoABH2_Face.png 800w\" sizes=\"(max-width: 300px) 100vw, 300px\" \/><\/a><\/p>\n<p><em>Clique\u00a0<a href=\"http:\/\/www.abh2.org.br\/congresso\/index.php\/pt\/\" target=\"_blank\" rel=\"noopener\">aqui<\/a>\u00a0para mais informa\u00e7\u00f5es.<\/em><\/p>\n<div class=\"input_50 input_validation text\">\n<hr \/>\n<\/div>\n<h2><strong>2017<\/strong><\/h2>\n<h4><strong>I SIMPHI \u2013 Simp\u00f3sio Paranaense de Hidrog\u00eanio<\/strong><\/h4>\n<p><img loading=\"lazy\" decoding=\"async\" class=\"alignnone wp-image-280 size-large\" src=\"https:\/\/palotina.ufpr.br\/catprobio\/wp-content\/uploads\/sites\/7\/2016\/09\/logomarca_simphi-1024x461.jpg\" alt=\"logomarca_simphi\" width=\"1024\" height=\"461\" srcset=\"https:\/\/palotina.ufpr.br\/labmater\/wp-content\/uploads\/sites\/7\/2016\/09\/logomarca_simphi-1024x461.jpg 1024w, https:\/\/palotina.ufpr.br\/labmater\/wp-content\/uploads\/sites\/7\/2016\/09\/logomarca_simphi-300x135.jpg 300w, https:\/\/palotina.ufpr.br\/labmater\/wp-content\/uploads\/sites\/7\/2016\/09\/logomarca_simphi-768x346.jpg 768w, https:\/\/palotina.ufpr.br\/labmater\/wp-content\/uploads\/sites\/7\/2016\/09\/logomarca_simphi-160x72.jpg 160w\" sizes=\"(max-width: 1024px) 100vw, 1024px\" \/><br \/>\n<!--more--><\/p>\n<p style=\"text-align: justify\">No Estado do Paran\u00e1 existem muitas iniciativas voltadas \u00e0 pesquisa, desenvolvimento e inova\u00e7\u00e3o na tem\u00e1tica hidrog\u00eanio (H<sub>2<\/sub>), com \u00eanfase na produ\u00e7\u00e3o por diversas rotas, principalmente, eletrol\u00edtica, termoqu\u00edmica e biol\u00f3gica. O Paran\u00e1 \u00e9 reconhecidamente um dos principais Estados da Federa\u00e7\u00e3o com grande disponibilidade de recursos naturais (\u00e1guas superficiais, biomassa, etc) utilizados como fonte limpa para gera\u00e7\u00e3o de energia renov\u00e1vel.<\/p>\n<p style=\"text-align: justify\">Neste cen\u00e1rio, o H<sub>2 <\/sub>se destaca como um vetor energ\u00e9tico de grande capacidade de gera\u00e7\u00e3o de energia, sendo largamente empregado tamb\u00e9m como mat\u00e9ria prima na ind\u00fastria qu\u00edmica, em processamento de alimentos, em processos de hidrogena\u00e7\u00e3o, na produ\u00e7\u00e3o de am\u00f4nia e metanol, na s\u00edntese de Fischer-Tropsch, na ind\u00fastria farmac\u00eautica, entre outros. Entretanto, praticamente todo o H<sub>2<\/sub> produzido no mundo e no Brasil \u00e9 proveniente de fontes n\u00e3o-renov\u00e1veis como o g\u00e1s natural, sendo as pesquisas que envolvem a produ\u00e7\u00e3o de H<sub>2<\/sub> a partir de fontes renov\u00e1veis extremamente importantes para garantir o atendimento da demanda crescente pelo uso do mesmo de forma sustent\u00e1vel.<\/p>\n<p style=\"text-align: justify\">Surge ent\u00e3o a necessidade de aproximar os pesquisadores do Estado do Paran\u00e1 que atuam neste tema, de forma a integrar projetos, ideias e a\u00e7\u00f5es, sendo fundamental promover um evento que os re\u00fana e promova o debate dos principais problemas e poss\u00edveis solu\u00e7\u00f5es. A realiza\u00e7\u00e3o do \u201cI SIMPHI \u2013 SIMP\u00d3SIO PARANAENSE DE HIDROG\u00caNIO\u201d ser\u00e1 um marco inicial para promover a integra\u00e7\u00e3o entre os interessados pela tem\u00e1tica no Paran\u00e1, uma vez que o evento \u00e9 in\u00e9dito, buscando solu\u00e7\u00f5es conjuntas nos \u00e2mbitos da pesquisa e da inova\u00e7\u00e3o. A realiza\u00e7\u00e3o deste evento de elevado n\u00edvel objetiva ainda: discutir a cria\u00e7\u00e3o da \u201cRede Paranaense de Pesquisa em Hidrog\u00eanio (RPPH)\u201d; articular a\u00e7\u00f5es entre grupos de pesquisa que atuam na \u00e1rea, em sintonia com outras iniciativas j\u00e1 existentes no Estado no \u00e2mbito das Energias Renov\u00e1veis; despertar o interesse de Graduandos e de P\u00f3s-Graduandos pelo hidrog\u00eanio; promover a divulga\u00e7\u00e3o de trabalhos cient\u00edficos atuais; e aproximar empresas que atuam na \u00e1rea ou que tenham interesse pela mesma.<\/p>\n<p style=\"text-align: justify\">Ser\u00e1 realizada uma sele\u00e7\u00e3o dos trabalhos apresentados no I SIMPHI e os autores ser\u00e3o convidados para public\u00e1-los na forma de artigo cient\u00edfico na Revista Brasileira de Energias Renov\u00e1veis, em edi\u00e7\u00e3o especial.<\/p>\n<p>Cordialmente,<\/p>\n<p>Helton Jos\u00e9 Alves<\/p>\n<p>Presidente \u2013 I Simp\u00f3sio Paranaense de Hidrog\u00eanio<\/p>\n<p><em>Clique\u00a0<a href=\"http:\/\/www.simphi.com.br\/\" target=\"_blank\" rel=\"noopener\">aqui<\/a>\u00a0para mais informa\u00e7\u00f5es.<\/em><\/p>\n","protected":false},"excerpt":{"rendered":"<p>2023 3\u00ba Congresso Brasileiro do Hidrog\u00eanio Clique aqui\u00a0para mais informa\u00e7\u00f5es. 17\u00b0 Congresso Brasileiro de Pol\u00edmeros Clique aqui\u00a0para mais informa\u00e7\u00f5es. XXI Brazilian Materials Research Society (B-MRS) Clique aqui\u00a0para mais informa\u00e7\u00f5es. 2019 III Congresso Brasileiro de Ci\u00eancias e Tecnologias Ambientais Clique aqui\u00a0para mais informa\u00e7\u00f5es. I Congresso da Associa\u00e7\u00e3o Brasileira do Hidrog\u00eanio Clique\u00a0aqui\u00a0para mais informa\u00e7\u00f5es. 2017 I SIMPHI &hellip; <a href=\"https:\/\/palotina.ufpr.br\/labmater\/eventos\/\">Continue reading <span class=\"meta-nav\">&rarr;<\/span><\/a><\/p>\n","protected":false},"author":1407,"featured_media":280,"parent":0,"menu_order":0,"comment_status":"closed","ping_status":"closed","template":"","meta":{"_acf_changed":false,"footnotes":""},"class_list":["post-170","page","type-page","status-publish","has-post-thumbnail","hentry"],"acf":[],"_links":{"self":[{"href":"https:\/\/palotina.ufpr.br\/labmater\/wp-json\/wp\/v2\/pages\/170","targetHints":{"allow":["GET"]}}],"collection":[{"href":"https:\/\/palotina.ufpr.br\/labmater\/wp-json\/wp\/v2\/pages"}],"about":[{"href":"https:\/\/palotina.ufpr.br\/labmater\/wp-json\/wp\/v2\/types\/page"}],"author":[{"embeddable":true,"href":"https:\/\/palotina.ufpr.br\/labmater\/wp-json\/wp\/v2\/users\/1407"}],"replies":[{"embeddable":true,"href":"https:\/\/palotina.ufpr.br\/labmater\/wp-json\/wp\/v2\/comments?post=170"}],"version-history":[{"count":26,"href":"https:\/\/palotina.ufpr.br\/labmater\/wp-json\/wp\/v2\/pages\/170\/revisions"}],"predecessor-version":[{"id":1665,"href":"https:\/\/palotina.ufpr.br\/labmater\/wp-json\/wp\/v2\/pages\/170\/revisions\/1665"}],"wp:featuredmedia":[{"embeddable":true,"href":"https:\/\/palotina.ufpr.br\/labmater\/wp-json\/wp\/v2\/media\/280"}],"wp:attachment":[{"href":"https:\/\/palotina.ufpr.br\/labmater\/wp-json\/wp\/v2\/media?parent=170"}],"curies":[{"name":"wp","href":"https:\/\/api.w.org\/{rel}","templated":true}]}}