{"id":2,"date":"2016-07-28T14:31:59","date_gmt":"2016-07-28T14:31:59","guid":{"rendered":"https:\/\/palotina.ufpr.br\/catprobio\/?page_id=2"},"modified":"2026-01-26T13:00:25","modified_gmt":"2026-01-26T13:00:25","slug":"equipe","status":"publish","type":"page","link":"https:\/\/palotina.ufpr.br\/labmater\/equipe\/","title":{"rendered":"Equipe"},"content":{"rendered":"<h2><\/h2>\n<h2><strong>T\u00e9cnico<\/strong><\/h2>\n<div><img decoding=\"async\" class=\"aligncenter wp-image-1416\" src=\"https:\/\/palotina.ufpr.br\/labmater\/wp-content\/uploads\/sites\/7\/2022\/08\/Lazaro-e1661292760572-266x300.jpeg\" alt=\"\" width=\"165\" height=\"186\" srcset=\"https:\/\/palotina.ufpr.br\/labmater\/wp-content\/uploads\/sites\/7\/2022\/08\/Lazaro-e1661292760572-266x300.jpeg 266w, https:\/\/palotina.ufpr.br\/labmater\/wp-content\/uploads\/sites\/7\/2022\/08\/Lazaro-e1661292760572-907x1024.jpeg 907w, https:\/\/palotina.ufpr.br\/labmater\/wp-content\/uploads\/sites\/7\/2022\/08\/Lazaro-e1661292760572-768x867.jpeg 768w, https:\/\/palotina.ufpr.br\/labmater\/wp-content\/uploads\/sites\/7\/2022\/08\/Lazaro-e1661292760572.jpeg 1066w\" sizes=\"(max-width: 165px) 100vw, 165px\" \/><\/div>\n<div>\n<p><strong>L\u00e1zaro Jos\u00e9 Gasparrini\u00a0<\/strong><\/p>\n<\/div>\n<p><a href=\"http:\/\/lattes.cnpq.br\/6143699130930583\" target=\"_blank\" rel=\"noopener\">&gt;&gt; Curr\u00edculo Lattes<\/a><\/p>\n<div>\n<p>Gerente T\u00e9cnico de Laborat\u00f3rio \u2013 \u00c1rea de Qu\u00edmica da Universidade Federal do Paran\u00e1 (UFPR);<\/p>\n<p>Gradua\u00e7\u00e3o em Qu\u00edmica Licenciatura pela Universidade Estadual do Oeste do Paran\u00e1 (2016);<\/p>\n<p>Mestrado em Tecnologias de Bioprodutos Agroindustriais pela Universidade Federal do Paran\u00e1 (2018).<\/p>\n<p><strong>Contato:<\/strong><\/p>\n<p>+55 45 99912-2880 |\u00a0<a href=\"mailto:lazarogasparrini@gmail.com\" target=\"_blank\" rel=\"noopener\"><span style=\"color: #0000ff\">lazarogasparrini@gmail.com<\/span><\/a><\/p>\n<\/div>\n<hr \/>\n<h2><strong>Coordenador<\/strong><\/h2>\n<p><a href=\"https:\/\/palotina.ufpr.br\/catprobio\/wp-content\/uploads\/sites\/7\/2016\/07\/Helton.jpeg\"><img decoding=\"async\" class=\"aligncenter wp-image-497 size-full\" src=\"https:\/\/palotina.ufpr.br\/catprobio\/wp-content\/uploads\/sites\/7\/2016\/07\/Helton.jpeg\" alt=\"Helton\" width=\"165\" height=\"221\" \/><\/a><\/p>\n<p><strong>Prof. Dr. Helton Jos\u00e9 Alves<\/strong><\/p>\n<p><a href=\"http:\/\/lattes.cnpq.br\/5897443860808783\" target=\"_blank\" rel=\"noopener\">&gt;&gt; Curr\u00edculo Lattes<\/a><\/p>\n<p>Diretor T\u00e9cnico-Cient\u00edfico da Associa\u00e7\u00e3o Brasileira do Hidrog\u00eanio;<\/p>\n<p>Professor Associado N\u00edvel III da Universidade Federal do Paran\u00e1 (UFPR);<\/p>\n<p>Docente permanente dos Programas de P\u00f3s-gradua\u00e7\u00e3o\u00a0em Engenharia e Tecnologia Ambiental (PPGETA) pela UFPR , Engenharia Qu\u00edmica e Engenharia de Energia na Agricultura da UNIOESTE;<\/p>\n<p>Gradua\u00e7\u00e3o em Qu\u00edmica pela Universidade Estadual de Maring\u00e1 (2004);<\/p>\n<p>Mestrado em Engenharia de Materiais pela Universidade Federal de Santa Catarina (2005);<\/p>\n<p>Doutorado em Engenharia de Materiais pela Universidade Federal de S\u00e3o Carlos (2009).<\/p>\n<p><strong>Contato:<\/strong><\/p>\n<p><a href=\"mailto:helquimica@gmail.com\">helquimica@gmail.com<\/a><\/p>\n<hr \/>\n<h2><strong>Docente Associado<\/strong><\/h2>\n<p><img decoding=\"async\" class=\"aligncenter wp-image-1404\" src=\"https:\/\/palotina.ufpr.br\/labmater\/wp-content\/uploads\/sites\/7\/2022\/08\/Marcos.jpg\" alt=\"\" width=\"165\" height=\"211\" \/><\/p>\n<p><strong>Prof. Me. Marcos Antonio Schreiner<\/strong><\/p>\n<p><a href=\"http:\/\/lattes.cnpq.br\/4027673265033066\" target=\"_blank\" rel=\"noopener\">&gt;&gt; Curr\u00edculo Lattes<\/a><\/p>\n<p style=\"text-align: justify\">Docente Assistente da \u00c1rea de Ci\u00eancia da Computa\u00e7\u00e3o na Universidade Federal do Paran\u00e1 (UFPR) &#8211; Tem experi\u00eancia na \u00e1rea de Ci\u00eancia da Computa\u00e7\u00e3o, com \u00eanfase em Intelig\u00eancia Artificial, L\u00f3gica Matem\u00e1tica, Algoritmos e Estruturas de Dados e Programa\u00e7\u00e3o de Computadores.<\/p>\n<p style=\"text-align: justify\">Gradua\u00e7\u00e3o em Ci\u00eancias Cont\u00e1beis pela Universidade Estadual do Oeste do Paran\u00e1 (2008);<\/p>\n<p>Gradua\u00e7\u00e3o em Ci\u00eancias da Computa\u00e7\u00e3o pela Universidade Estadual do Oeste do Paran\u00e1 (2009);<\/p>\n<p>Mestrado em\u00a0Inform\u00e1tica pela Universidade Federal do Paran\u00e1 (2012).<\/p>\n<p><strong>Contato:<\/strong><\/p>\n<p>+55 (44) 3211-8567 | <a href=\"mailto:marcosantonio@ufpr.br\" target=\"_blank\" rel=\"noopener\">marcosantonio@ufpr.br<\/a><\/p>\n<hr \/>\n<h2><strong>Docente Efetivo<\/strong><\/h2>\n<p><img loading=\"lazy\" decoding=\"async\" class=\"aligncenter wp-image-1402\" src=\"https:\/\/palotina.ufpr.br\/labmater\/wp-content\/uploads\/sites\/7\/2022\/08\/Romani-266x300.jpg\" alt=\"\" width=\"165\" height=\"186\" srcset=\"https:\/\/palotina.ufpr.br\/labmater\/wp-content\/uploads\/sites\/7\/2022\/08\/Romani-266x300.jpg 266w, https:\/\/palotina.ufpr.br\/labmater\/wp-content\/uploads\/sites\/7\/2022\/08\/Romani.jpg 508w\" sizes=\"(max-width: 165px) 100vw, 165px\" \/><\/p>\n<p><strong>Prof. Dr. Maur\u00edcio Romani<\/strong><\/p>\n<p><a href=\"http:\/\/lattes.cnpq.br\/6998055584184002\" target=\"_blank\" rel=\"noopener\">&gt;&gt; Curr\u00edculo Lattes<\/a><\/p>\n<p style=\"text-align: justify\">Docente da \u00c1rea de Engenharia El\u00e9trica na Universidade Federal do Paran\u00e1 (UFPR) &#8211; linhas de atua\u00e7\u00e3o em Impactos da Gera\u00e7\u00e3o Distribu\u00edda em Sistemas El\u00e9tricos de Pot\u00eancia (mestrado), Modelagem da Eletrocoagula\u00e7\u00e3o no tratamento de efluentes (doutorado) e Avalia\u00e7\u00e3o do desempenho de C\u00e9lulas a Combust\u00edvel PEM alimentadas a Hidrog\u00eanio Verde pela rota do biog\u00e1s (atual).<\/p>\n<p>Gradua\u00e7\u00e3o em Engenharia El\u00e9trica pela Universidade Estadual do Oeste do Paran\u00e1 (2009);<\/p>\n<p>Mestrado em Engenharia El\u00e9trica pela Universidade Federal do Paran\u00e1 (2014);<\/p>\n<p>Doutorado em Engenharia Qu\u00edmica pela Universidade Estadual do Oeste do Paran\u00e1 (2020).<\/p>\n<p><strong>Contato:<\/strong><\/p>\n<p>+55 (44) 32118500 | <a href=\"mailto:romani@ufpr.br\" target=\"_blank\" rel=\"noopener\">romani@ufpr.br<\/a><\/p>\n<hr \/>\n<div>\n<h2><strong>Docente Associado<\/strong><\/h2>\n<p><img loading=\"lazy\" decoding=\"async\" class=\"aligncenter wp-image-1692\" src=\"https:\/\/palotina.ufpr.br\/labmater\/wp-content\/uploads\/sites\/7\/2023\/05\/WhatsApp-Image-2023-05-23-at-16.24.52-e1684870401315-189x300.jpeg\" alt=\"\" width=\"160\" height=\"254\" srcset=\"https:\/\/palotina.ufpr.br\/labmater\/wp-content\/uploads\/sites\/7\/2023\/05\/WhatsApp-Image-2023-05-23-at-16.24.52-e1684870401315-189x300.jpeg 189w, https:\/\/palotina.ufpr.br\/labmater\/wp-content\/uploads\/sites\/7\/2023\/05\/WhatsApp-Image-2023-05-23-at-16.24.52-e1684870401315-645x1024.jpeg 645w, https:\/\/palotina.ufpr.br\/labmater\/wp-content\/uploads\/sites\/7\/2023\/05\/WhatsApp-Image-2023-05-23-at-16.24.52-e1684870401315-768x1218.jpeg 768w, https:\/\/palotina.ufpr.br\/labmater\/wp-content\/uploads\/sites\/7\/2023\/05\/WhatsApp-Image-2023-05-23-at-16.24.52-e1684870401315.jpeg 897w\" sizes=\"(max-width: 160px) 100vw, 160px\" \/><\/p>\n<p><strong>Prof. Ma. Paola Cavalheiro Ponciano<\/strong><\/p>\n<p><a href=\"http:\/\/lattes.cnpq.br\/7464659185036293\">&gt;&gt; Curr\u00edculo Lattes<\/a><\/p>\n<p style=\"text-align: justify\">Docente de Ensino de Computa\u00e7\u00e3o da Universidade Federal do Paran\u00e1- Setor Palotina. Possui experi\u00eancia principalmente nas \u00e1reas de Educa\u00e7\u00e3o e Ci\u00eancias da Computa\u00e7\u00e3o Coordenadora do N\u00facleo de Tecnologias Educacionais &#8211; NTE . Desenvolve pesquisa denominada: Ressignifica\u00e7\u00f5es do Ensino de Computa\u00e7\u00e3o, com uso e produ\u00e7\u00e3o de REA. Suas \u00e1reas de interesse s\u00e3o: Educa\u00e7\u00e3o em Computa\u00e7\u00e3o e Fenomenologia, Automa\u00e7\u00e3o e Prototipagem para ensino de Computa\u00e7\u00e3o, Forma\u00e7\u00e3o de Professores em Computa\u00e7\u00e3o.<\/p>\n<\/div>\n<p style=\"text-align: justify\">Gradua\u00e7\u00e3o em Licenciatura em Computa\u00e7\u00e3o pelo Instituto Federal Farroupilha (2012);<\/p>\n<p style=\"text-align: justify\">Especializa\u00e7\u00e3o em P\u00f3s Gradua\u00e7\u00e3o em Gest\u00e3o Educacional pela Universidade Federal de Santa (2014);<\/p>\n<p style=\"text-align: justify\">Especializa\u00e7\u00e3o em Inform\u00e1tica Aplicada na Educa\u00e7\u00e3o pelo Instituto Federal Farroupilha (2014);<\/p>\n<p style=\"text-align: justify\">Mestrado profissional em Tecnologias Educacionais em Rede pela Universidade Federal de Santa Maria (2016).<\/p>\n<p><strong>Contato:\u00a0<\/strong><\/p>\n<p>+55 55 9962-1260 | <a href=\"paolaponciano@ufpr.br\">paolaponciano@ufpr.br<\/a><\/p>\n<div>\n<hr \/>\n<div><\/div>\n<\/div>\n<h2><strong>Alunos colaboradores<\/strong><\/h2>\n<p style=\"text-align: justify\"><span style=\"text-decoration: underline\">Inicia\u00e7\u00e3o cient\u00edfica<\/span><\/p>\n<p style=\"text-align: justify\"><strong><a href=\"http:\/\/lattes.cnpq.br\/5299492889517828\" target=\"_blank\" rel=\"noopener\">Aquila Oliveira Alencar<\/a>\u00a0<img loading=\"lazy\" decoding=\"async\" class=\"alignnone size-full wp-image-914\" src=\"https:\/\/palotina.ufpr.br\/labmater\/wp-content\/uploads\/sites\/7\/2020\/10\/icone-lattes-e1604149904407.png\" alt=\"icone lattes\" width=\"18\" height=\"22\" \/>.<\/strong> Produ\u00e7\u00e3o e uso de elementos filtrantes a base de quitosana em aplica\u00e7\u00f5es ambientais. Graduanda em Engenharia de Energia (UFPR).<\/p>\n<p style=\"text-align: justify\">Programa: Conselho Nacional de Desenvolvimento Cient\u00edfico e Tecnol\u00f3gico (CNPq).<\/p>\n<p style=\"text-align: justify\"><strong>Gabriel Marsaro Rufatto.<\/strong> Avalia\u00e7\u00e3o da produtividade de Hidrog\u00eanio eletrol\u00edtico renov\u00e1vel do processo de eletrocoagula\u00e7\u00e3o no tratamento de efluentes. Graduando em Engenharia de Energia (UFPR).<\/p>\n<p>Programa: Conselho Nacional de Desenvolvimento Cient\u00edfico e Tecnol\u00f3gico (CNPq).<\/p>\n<p style=\"text-align: justify\"><strong>Jo\u00e3o Francisco Oliveira de Alencar.<\/strong> Dessulfuriza\u00e7\u00e3o do biog\u00e1s utilizando diferentes t\u00e9cnicas. Graduando em Engenharia de Biotecnologia e Bioprocessos (UFPR).<\/p>\n<p style=\"text-align: justify\">Programa: Conselho Nacional de Desenvolvimento Cient\u00edfico e Tecnol\u00f3gico (CNPq).<\/p>\n<p><strong>Let\u00edcia Pires Rabelo.<\/strong> Aumento de escala na produ\u00e7\u00e3o de catalisadores para a reforma a seco do biog\u00e1s. Graduanda em Engenharia de Energia (UFPR).<\/p>\n<p>Programa: Companhia de Saneamento do Paran\u00e1 (SANEPAR).<\/p>\n<p><strong>Luiza Dalla Valle Fontana.<\/strong> Avalia\u00e7\u00e3o do desempenho de catalisadores escalados para a reforma do biog\u00e1s. Graduanda em Engenharia de Energia (UFPR).<\/p>\n<p>Programa: Next Chemical.<\/p>\n<hr \/>\n<p><span style=\"text-decoration: underline\">Mestrado<\/span><\/p>\n<p><strong><a href=\"http:\/\/lattes.cnpq.br\/3588531588216797\" target=\"_blank\" rel=\"noopener\">Bruna Machado<\/a>\u00a0<img loading=\"lazy\" decoding=\"async\" class=\"alignnone size-full wp-image-914\" src=\"https:\/\/palotina.ufpr.br\/labmater\/wp-content\/uploads\/sites\/7\/2020\/10\/icone-lattes-e1604148395287.png\" alt=\"icone lattes\" width=\"18\" height=\"22\" \/>. <\/strong>Separa\u00e7\u00e3o e purifica\u00e7\u00e3o de hidrog\u00eanio a partir do g\u00e1s de s\u00edntese obtido na reforma a seco do biog\u00e1s. Mestrado em Engenharia e Tecnologia Ambiental &#8211; Universidade Federal do Paran\u00e1 (UFPR).<\/p>\n<p style=\"text-align: justify\"><strong>Frederico Freitas de Carvalho.<\/strong> Aproveitamento do digestato para produ\u00e7\u00e3o de biofertilizantes no oeste do Paran\u00e1: An\u00e1lise de viabilidade t\u00e9cnica. Mestrado em Bioenergia &#8211; Universidade Federal do Paran\u00e1 (UFPR).<\/p>\n<p style=\"text-align: justify\"><strong>Gustavo Emanuel Cejas.<\/strong> Estudo de viabilidade econ\u00f4mica do hidrog\u00eancio no estado eo Paran\u00e1. Mestrado em Bioenergia &#8211; Universidade Federal Do Paran\u00e1 (UFPR).<\/p>\n<p style=\"text-align: justify\"><span class=\"transform\"><a href=\"http:\/\/lattes.cnpq.br\/8492579843128880\"><strong>Jessica Larissa Alves Santos<\/strong><\/a> <strong><img loading=\"lazy\" decoding=\"async\" class=\"alignnone size-full wp-image-914\" src=\"https:\/\/palotina.ufpr.br\/labmater\/wp-content\/uploads\/sites\/7\/2020\/10\/icone-lattes-e1604148395287.png\" alt=\"icone lattes\" width=\"18\" height=\"22\" \/>.<\/strong> Recupera\u00e7\u00e3o de hidrog\u00eanio da eletrocoagula\u00e7\u00e3o no tratamento de efluentes l\u00edquidos. Mestrado em Engenharia e Tecnologia Ambiental &#8211; Universidade Federal do Paran\u00e1 (UFPR), Funda\u00e7\u00e3o Arauc\u00e1ria de Apoio ao Desenvolvimento Cient\u00edfico e Tecnol\u00f3gico.<\/span><\/p>\n<p style=\"text-align: justify\"><strong>Jo\u00e3o Pedro Guimar\u00e3es Linhares.<\/strong> C\u00e9lula a Combust\u00edvel PEM movida a hidrog\u00eanio renov\u00e1vel integrada a rede el\u00e9trica: avalia\u00e7\u00e3o de desempenho em planta-piloto. <span class=\"transform\">Mestrado em Engenharia e Tecnologia Ambiental &#8211; Universidade Federal do Paran\u00e1 (UFPR)<\/span>.<\/p>\n<p style=\"text-align: justify\"><strong>Pedro Augusto Krieger.<\/strong> \u00e0 definir. Mestrado em Engenharia e Tecnologia Ambiental &#8211; Universidade Federal Do Paran\u00e1 (UFPR).<\/p>\n<div>\n<div><\/div>\n<\/div>\n<hr \/>\n<p><span style=\"text-decoration: underline\">Doutorado<\/span><\/p>\n<p style=\"text-align: justify\"><strong>Allana de Moura Netto.<\/strong> \u00e0 definir. Doutorado em Engenharia e Tecnologia Ambiental &#8211; Universidade Federal do Paran\u00e1 (UFPR), Universidade Polit\u00e9cnica de Bragan\u00e7a.<\/p>\n<p><strong><a href=\"http:\/\/lattes.cnpq.br\/0915710976467129\" target=\"_blank\" rel=\"noopener\">Carlos de Jesus de Oliveira<\/a>\u00a0<img loading=\"lazy\" decoding=\"async\" class=\"alignnone size-full wp-image-914\" src=\"https:\/\/palotina.ufpr.br\/labmater\/wp-content\/uploads\/sites\/7\/2020\/10\/icone-lattes-e1604149904407.png\" alt=\"icone lattes\" width=\"18\" height=\"22\" \/>.<\/strong> Desenvolvimento de materiais para a reforma a seco do biog\u00e1s visando a produ\u00e7\u00e3o de hidrog\u00eanio verde. Doutorado em Engenharia e Tecnologia Ambiental &#8211; Universidade Federal do Paran\u00e1 (UFPR).<\/p>\n<p><strong>Dagmara Beltrame de Assis.<\/strong> Produ\u00e7\u00e3o de hidrog\u00eanio eletrol\u00edtico renov\u00e1vel a partir de digestato de biodigestores. Doutorado em Engenharia e Tecnologia Ambiental &#8211; Universidade Federal do Paran\u00e1 (UFPR).<\/p>\n<p style=\"text-align: justify\"><strong><a href=\"http:\/\/lattes.cnpq.br\/0340287272152414\">Filipe Kalil da Silva Naves<\/a><\/strong> <strong><img loading=\"lazy\" decoding=\"async\" class=\"alignnone size-full wp-image-914\" src=\"https:\/\/palotina.ufpr.br\/labmater\/wp-content\/uploads\/sites\/7\/2020\/10\/icone-lattes-e1604149904407.png\" alt=\"icone lattes\" width=\"18\" height=\"22\" \/>.<\/strong> Desenvolvimento de catalisadores para a rea\u00e7\u00e3o de WGS. Doutorado em Engenharia Qu\u00edmica &#8211; Universidade Estadual do Oeste do Paran\u00e1 (UNIOESTE).<\/p>\n<p style=\"text-align: justify\"><span class=\"transform\"><strong><a href=\"http:\/\/lattes.cnpq.br\/9028202027746650\">Gabriel Matsuda<\/a><\/strong> <strong><img loading=\"lazy\" decoding=\"async\" class=\"alignnone size-full wp-image-914\" src=\"https:\/\/palotina.ufpr.br\/labmater\/wp-content\/uploads\/sites\/7\/2020\/10\/icone-lattes-e1604149904407.png\" alt=\"icone lattes\" width=\"18\" height=\"22\" \/>.<\/strong> Rota de produ\u00e7\u00e3o de hidrog\u00eanio renov\u00e1vel via eletr\u00f3lise da biomassa l\u00edquida residual oriunda de biodigest\u00e3o. Doutorado em Engenharia e Tecnologia Ambiental &#8211; Universidade Federal do Paran\u00e1 (UFPR).<\/span><\/p>\n<p style=\"text-align: justify\"><strong><a href=\"http:\/\/lattes.cnpq.br\/6143699130930583\">L\u00e1zaro Jos\u00e9 Gasparrini<\/a><\/strong> <strong><img loading=\"lazy\" decoding=\"async\" class=\"alignnone size-full wp-image-914\" src=\"https:\/\/palotina.ufpr.br\/labmater\/wp-content\/uploads\/sites\/7\/2020\/10\/icone-lattes-e1604149904407.png\" alt=\"icone lattes\" width=\"18\" height=\"22\" \/>.<\/strong> Separa\u00e7\u00e3o e purifica\u00e7\u00e3o de hidrog\u00eanio renov\u00e1vel obtido a partir da reforma a seco do biog\u00e1s. Doutorado em Engenharia e Tecnologia Ambiental &#8211; Universidade Federal do Paran\u00e1 (UFPR), Deutsche Gesellschaft f\u00fcr Internationale Zusammenarbeit (GIZ) Gmbh.<\/p>\n<p><strong><a href=\"http:\/\/lattes.cnpq.br\/7798581434373245\">Mylena Kellyn de Paula Rosetti<\/a><\/strong> <strong><img loading=\"lazy\" decoding=\"async\" class=\"alignnone size-full wp-image-914\" src=\"https:\/\/palotina.ufpr.br\/labmater\/wp-content\/uploads\/sites\/7\/2020\/10\/icone-lattes-e1604149904407.png\" alt=\"icone lattes\" width=\"18\" height=\"22\" \/>.<\/strong> Desenvolvimento de t\u00e9cnica para a dessulfuriza\u00e7\u00e3o do biog\u00e1s. Doutorado em Engenharia e Tecnologia Ambiental &#8211; Universidade Federal do Paran\u00e1 (UFPR).<\/p>\n<p style=\"text-align: justify\"><a href=\"http:\/\/lattes.cnpq.br\/5953579160502764\"><strong>Thais Gomes de Oliveira<\/strong><\/a> <strong><img loading=\"lazy\" decoding=\"async\" class=\"alignnone size-full wp-image-914\" src=\"https:\/\/palotina.ufpr.br\/labmater\/wp-content\/uploads\/sites\/7\/2020\/10\/icone-lattes-e1604149904407.png\" alt=\"icone lattes\" width=\"18\" height=\"22\" \/>.<\/strong> \u00e0 definir. Doutorado em Engenharia e Tecnologia Ambiental &#8211; Universidade Federal do Paran\u00e1. (Orientador).<\/p>\n<div class=\"layout-cell layout-cell-11\"><span class=\"transform\"><a href=\"http:\/\/lattes.cnpq.br\/7581199143967017\"><strong>Yasmin Milena Loth Bueno<\/strong><\/a> <strong><img loading=\"lazy\" decoding=\"async\" class=\"alignnone size-full wp-image-914\" src=\"https:\/\/palotina.ufpr.br\/labmater\/wp-content\/uploads\/sites\/7\/2020\/10\/icone-lattes-e1604149904407.png\" alt=\"icone lattes\" width=\"18\" height=\"22\" \/>.<\/strong> Desenvolvimento de catalisadores para a rea\u00e7\u00e3o de Water-Gas-Shift. Doutorado em Engenharia Qu\u00edmica &#8211; Universidade Estadual do Oeste do Paran\u00e1 (UNIOESTE).<\/span><\/div>\n<div><\/div>\n<div class=\"layout-cell layout-cell-11\">\n<hr \/>\n<p><span style=\"text-decoration: underline\">P\u00f3s &#8211; Doutorado<\/span><\/p>\n<\/div>\n<p><a href=\"http:\/\/lattes.cnpq.br\/7002872332418382\" target=\"_blank\" rel=\"noopener\"><strong>Guilherme Emanuel de Queiros Souza<\/strong><\/a> <strong><img loading=\"lazy\" decoding=\"async\" class=\"alignnone size-full wp-image-914\" src=\"https:\/\/palotina.ufpr.br\/labmater\/wp-content\/uploads\/sites\/7\/2020\/10\/icone-lattes-e1604148395287.png\" alt=\"icone lattes\" width=\"18\" height=\"22\" \/><\/strong>. In\u00edcio: 2024. Universidade Federal do Paran\u00e1 (UFPR), Financiadora de Estudos e Projetos.<\/p>\n<p style=\"text-align: justify\"><strong><a href=\"http:\/\/lattes.cnpq.br\/8384501572270280\" target=\"_blank\" rel=\"noopener\">L\u00edgia Gomes Oliveira<\/a>\u00a0<img loading=\"lazy\" decoding=\"async\" class=\"alignnone size-full wp-image-914\" src=\"https:\/\/palotina.ufpr.br\/labmater\/wp-content\/uploads\/sites\/7\/2020\/10\/icone-lattes-e1604148395287.png\" alt=\"icone lattes\" width=\"18\" height=\"22\" \/><\/strong>. In\u00edcio: 2025. Universidade Federal do Paran\u00e1 (UFPR), Funda\u00e7\u00e3o Arauc\u00e1ria.<\/p>\n<p><strong>Ricardo Jos\u00e9 Ferracin.<\/strong> In\u00edcio: 2025. Universidade Federal do Paran\u00e1 (UFPR), Funda\u00e7\u00e3o Arauc\u00e1ria de Apoio ao Desenvolvimento Cient\u00edfico e Tecnol\u00f3gico.<\/p>\n","protected":false},"excerpt":{"rendered":"<p>T\u00e9cnico L\u00e1zaro Jos\u00e9 Gasparrini\u00a0 &gt;&gt; Curr\u00edculo Lattes Gerente T\u00e9cnico de Laborat\u00f3rio \u2013 \u00c1rea de Qu\u00edmica da Universidade Federal do Paran\u00e1 (UFPR); Gradua\u00e7\u00e3o em Qu\u00edmica Licenciatura pela Universidade Estadual do Oeste do Paran\u00e1 (2016); Mestrado em Tecnologias de Bioprodutos Agroindustriais pela Universidade Federal do Paran\u00e1 (2018). Contato: +55 45 99912-2880 |\u00a0lazarogasparrini@gmail.com Coordenador Prof. Dr. Helton Jos\u00e9 &hellip; <a href=\"https:\/\/palotina.ufpr.br\/labmater\/equipe\/\">Continue reading <span class=\"meta-nav\">&rarr;<\/span><\/a><\/p>\n","protected":false},"author":1407,"featured_media":0,"parent":0,"menu_order":0,"comment_status":"closed","ping_status":"open","template":"","meta":{"_acf_changed":false,"footnotes":""},"class_list":["post-2","page","type-page","status-publish","hentry"],"acf":[],"_links":{"self":[{"href":"https:\/\/palotina.ufpr.br\/labmater\/wp-json\/wp\/v2\/pages\/2","targetHints":{"allow":["GET"]}}],"collection":[{"href":"https:\/\/palotina.ufpr.br\/labmater\/wp-json\/wp\/v2\/pages"}],"about":[{"href":"https:\/\/palotina.ufpr.br\/labmater\/wp-json\/wp\/v2\/types\/page"}],"author":[{"embeddable":true,"href":"https:\/\/palotina.ufpr.br\/labmater\/wp-json\/wp\/v2\/users\/1407"}],"replies":[{"embeddable":true,"href":"https:\/\/palotina.ufpr.br\/labmater\/wp-json\/wp\/v2\/comments?post=2"}],"version-history":[{"count":89,"href":"https:\/\/palotina.ufpr.br\/labmater\/wp-json\/wp\/v2\/pages\/2\/revisions"}],"predecessor-version":[{"id":1815,"href":"https:\/\/palotina.ufpr.br\/labmater\/wp-json\/wp\/v2\/pages\/2\/revisions\/1815"}],"wp:attachment":[{"href":"https:\/\/palotina.ufpr.br\/labmater\/wp-json\/wp\/v2\/media?parent=2"}],"curies":[{"name":"wp","href":"https:\/\/api.w.org\/{rel}","templated":true}]}}