{"id":218,"date":"2016-11-21T10:34:45","date_gmt":"2016-11-21T10:34:45","guid":{"rendered":"https:\/\/palotina.ufpr.br\/catprobio\/?page_id=218"},"modified":"2022-04-26T23:26:39","modified_gmt":"2022-04-26T23:26:39","slug":"sistema-de-reforma-a-seco","status":"publish","type":"page","link":"https:\/\/palotina.ufpr.br\/labmater\/linhas-de-pesquisa\/sistema-de-reforma-a-seco\/","title":{"rendered":"Sistema de reforma a seco"},"content":{"rendered":"<p style=\"text-align: justify\">Reforma do biog\u00e1s para a produ\u00e7\u00e3o de hidrog\u00eanio renov\u00e1vel:<\/p>\n<p style=\"text-align: justify\">\u00a0 \u00a0 \u00a0A produ\u00e7\u00e3o do Hidrog\u00eanio renov\u00e1vel atrav\u00e9s da reforma a seco do biog\u00e1s est\u00e1 sendo uma rota atrativa para obten\u00e7\u00e3o de energia limpa. O processo de reforma do biog\u00e1s ocorre entre 650 a 800 \u00b0C em press\u00e3o atmosf\u00e9rica. O projeto em parceria com a Companhia Paranaense de Energia tem o objetivo de sintetizar e validar catalisadores adequados para este tipo de rea\u00e7\u00e3o, al\u00e9m de avaliar o desempenho do reator ao longo deste processo. Os melhores resultados obtidos at\u00e9 o momento indicam valores de convers\u00e3o do biog\u00e1s acima de 97%, com produ\u00e7\u00e3o de hidrog\u00eanio de 30 litros por hora, sem forma\u00e7\u00e3o de coque.<\/p>\n<hr \/>\n<p><img fetchpriority=\"high\" decoding=\"async\" class=\"alignnone size-medium wp-image-947 aligncenter\" src=\"https:\/\/palotina.ufpr.br\/labmater\/wp-content\/uploads\/sites\/7\/2020\/11\/reator-de-reforma-a-seco-228x300.jpeg\" alt=\"reator de reforma a seco\" width=\"228\" height=\"300\" srcset=\"https:\/\/palotina.ufpr.br\/labmater\/wp-content\/uploads\/sites\/7\/2020\/11\/reator-de-reforma-a-seco-228x300.jpeg 228w, https:\/\/palotina.ufpr.br\/labmater\/wp-content\/uploads\/sites\/7\/2020\/11\/reator-de-reforma-a-seco.jpeg 248w\" sizes=\"(max-width: 228px) 100vw, 228px\" \/><\/p>\n","protected":false},"excerpt":{"rendered":"<p>Reforma do biog\u00e1s para a produ\u00e7\u00e3o de hidrog\u00eanio renov\u00e1vel: \u00a0 \u00a0 \u00a0A produ\u00e7\u00e3o do Hidrog\u00eanio renov\u00e1vel atrav\u00e9s da reforma a seco do biog\u00e1s est\u00e1 sendo uma rota atrativa para obten\u00e7\u00e3o de energia limpa. O processo de reforma do biog\u00e1s ocorre entre 650 a 800 \u00b0C em press\u00e3o atmosf\u00e9rica. O projeto em parceria com a Companhia &hellip; <a href=\"https:\/\/palotina.ufpr.br\/labmater\/linhas-de-pesquisa\/sistema-de-reforma-a-seco\/\">Continue reading <span class=\"meta-nav\">&rarr;<\/span><\/a><\/p>\n","protected":false},"author":1407,"featured_media":0,"parent":46,"menu_order":0,"comment_status":"closed","ping_status":"closed","template":"","meta":{"_acf_changed":false,"footnotes":""},"class_list":["post-218","page","type-page","status-publish","hentry"],"acf":[],"_links":{"self":[{"href":"https:\/\/palotina.ufpr.br\/labmater\/wp-json\/wp\/v2\/pages\/218","targetHints":{"allow":["GET"]}}],"collection":[{"href":"https:\/\/palotina.ufpr.br\/labmater\/wp-json\/wp\/v2\/pages"}],"about":[{"href":"https:\/\/palotina.ufpr.br\/labmater\/wp-json\/wp\/v2\/types\/page"}],"author":[{"embeddable":true,"href":"https:\/\/palotina.ufpr.br\/labmater\/wp-json\/wp\/v2\/users\/1407"}],"replies":[{"embeddable":true,"href":"https:\/\/palotina.ufpr.br\/labmater\/wp-json\/wp\/v2\/comments?post=218"}],"version-history":[{"count":5,"href":"https:\/\/palotina.ufpr.br\/labmater\/wp-json\/wp\/v2\/pages\/218\/revisions"}],"predecessor-version":[{"id":1316,"href":"https:\/\/palotina.ufpr.br\/labmater\/wp-json\/wp\/v2\/pages\/218\/revisions\/1316"}],"up":[{"embeddable":true,"href":"https:\/\/palotina.ufpr.br\/labmater\/wp-json\/wp\/v2\/pages\/46"}],"wp:attachment":[{"href":"https:\/\/palotina.ufpr.br\/labmater\/wp-json\/wp\/v2\/media?parent=218"}],"curies":[{"name":"wp","href":"https:\/\/api.w.org\/{rel}","templated":true}]}}