{"id":226,"date":"2016-11-21T10:41:00","date_gmt":"2016-11-21T10:41:00","guid":{"rendered":"https:\/\/palotina.ufpr.br\/catprobio\/?page_id=226"},"modified":"2022-04-26T23:31:15","modified_gmt":"2022-04-26T23:31:15","slug":"sistema-de-armazenamento-de-gases","status":"publish","type":"page","link":"https:\/\/palotina.ufpr.br\/labmater\/linhas-de-pesquisa\/sistema-de-armazenamento-de-gases\/","title":{"rendered":"Sistema de Armazenamento de Gases"},"content":{"rendered":"<p style=\"text-align: justify\">&nbsp; &nbsp; &nbsp;O LABMATER desenvolveu um prot\u00f3tipo de armazenamento de g\u00e1s na forma adsorvida, visando procurar uma alternativa tecnol\u00f3gica de armazenamento de energia renov\u00e1vel que seja de custos inferiores e de baixo consumo de energia envolvida, comparado a tecnologias de compress\u00e3o e liquefa\u00e7\u00e3o. O objetivo \u00e9 avaliar a capacidade de armazenamento de gases oriundos de combust\u00edveis renov\u00e1veis como biog\u00e1s, biometano, hythane e hidrog\u00eanio renov\u00e1vel utilizando s\u00f3lidos adsorventes. O sistema prot\u00f3tipo foi constru\u00eddo com revestimento em a\u00e7o inox e equipado com controladores de press\u00e3o e temperatura, v\u00e1lvulas agulha, linhas de g\u00e1s com engates e painel eletr\u00f4nico para controle de vaz\u00e3o.<\/p>\n<hr>\n<p><img fetchpriority=\"high\" decoding=\"async\" class=\"alignnone size-medium wp-image-227 aligncenter\" src=\"https:\/\/palotina.ufpr.br\/catprobio\/wp-content\/uploads\/sites\/7\/2016\/11\/IMG-20160905-WA0001-169x300.jpg\" alt=\"IMG-20160905-WA0001\" width=\"169\" height=\"300\" srcset=\"https:\/\/palotina.ufpr.br\/labmater\/wp-content\/uploads\/sites\/7\/2016\/11\/IMG-20160905-WA0001-169x300.jpg 169w, https:\/\/palotina.ufpr.br\/labmater\/wp-content\/uploads\/sites\/7\/2016\/11\/IMG-20160905-WA0001-575x1024.jpg 575w, https:\/\/palotina.ufpr.br\/labmater\/wp-content\/uploads\/sites\/7\/2016\/11\/IMG-20160905-WA0001-67x120.jpg 67w, https:\/\/palotina.ufpr.br\/labmater\/wp-content\/uploads\/sites\/7\/2016\/11\/IMG-20160905-WA0001.jpg 719w\" sizes=\"(max-width: 169px) 100vw, 169px\" \/><\/p>\n","protected":false},"excerpt":{"rendered":"<p>&nbsp; &nbsp; &nbsp;O LABMATER desenvolveu um prot\u00f3tipo de armazenamento de g\u00e1s na forma adsorvida, visando procurar uma alternativa tecnol\u00f3gica de armazenamento de energia renov\u00e1vel que seja de custos inferiores e de baixo consumo de energia envolvida, comparado a tecnologias de compress\u00e3o e liquefa\u00e7\u00e3o. O objetivo \u00e9 avaliar a capacidade de armazenamento de gases oriundos de &hellip; <a href=\"https:\/\/palotina.ufpr.br\/labmater\/linhas-de-pesquisa\/sistema-de-armazenamento-de-gases\/\">Continue reading <span class=\"meta-nav\">&rarr;<\/span><\/a><\/p>\n","protected":false},"author":1407,"featured_media":0,"parent":46,"menu_order":0,"comment_status":"closed","ping_status":"closed","template":"","meta":{"_acf_changed":false,"footnotes":""},"class_list":["post-226","page","type-page","status-publish","hentry"],"acf":[],"_links":{"self":[{"href":"https:\/\/palotina.ufpr.br\/labmater\/wp-json\/wp\/v2\/pages\/226","targetHints":{"allow":["GET"]}}],"collection":[{"href":"https:\/\/palotina.ufpr.br\/labmater\/wp-json\/wp\/v2\/pages"}],"about":[{"href":"https:\/\/palotina.ufpr.br\/labmater\/wp-json\/wp\/v2\/types\/page"}],"author":[{"embeddable":true,"href":"https:\/\/palotina.ufpr.br\/labmater\/wp-json\/wp\/v2\/users\/1407"}],"replies":[{"embeddable":true,"href":"https:\/\/palotina.ufpr.br\/labmater\/wp-json\/wp\/v2\/comments?post=226"}],"version-history":[{"count":8,"href":"https:\/\/palotina.ufpr.br\/labmater\/wp-json\/wp\/v2\/pages\/226\/revisions"}],"predecessor-version":[{"id":1322,"href":"https:\/\/palotina.ufpr.br\/labmater\/wp-json\/wp\/v2\/pages\/226\/revisions\/1322"}],"up":[{"embeddable":true,"href":"https:\/\/palotina.ufpr.br\/labmater\/wp-json\/wp\/v2\/pages\/46"}],"wp:attachment":[{"href":"https:\/\/palotina.ufpr.br\/labmater\/wp-json\/wp\/v2\/media?parent=226"}],"curies":[{"name":"wp","href":"https:\/\/api.w.org\/{rel}","templated":true}]}}