{"id":233,"date":"2016-11-21T13:21:14","date_gmt":"2016-11-21T13:21:14","guid":{"rendered":"https:\/\/palotina.ufpr.br\/catprobio\/?page_id=233"},"modified":"2020-08-10T23:13:41","modified_gmt":"2020-08-10T23:13:41","slug":"grupo-de-pesquisa","status":"publish","type":"page","link":"https:\/\/palotina.ufpr.br\/labmater\/grupo-de-pesquisa\/","title":{"rendered":"Grupo de Pesquisa"},"content":{"rendered":"<p style=\"text-align: justify\">O<strong> Grupo de Cat\u00e1lise e Produ\u00e7\u00e3o de Biocombust\u00edveis (GCatProBio)<\/strong> tem como objetivo principal promover o desenvolvimento de pesquisas envolvendo os processos catal\u00edticos aplicados \u00e0 produ\u00e7\u00e3o de biocombust\u00edveis, com \u00eanfase na s\u00edntese, caracteriza\u00e7\u00e3o e aplica\u00e7\u00e3o de catalisadores homog\u00eaneos e heterog\u00eaneos. O GCatProBio procura ainda atender \u00e0s necessidades de desenvolvimento de novos produtos, metodologias inovadoras e melhoria da qualidade dos biocombust\u00edveis (biodiesel, bioetanol, biog\u00e1s, hidrog\u00eanio, biohidrog\u00eanio, etc). O grupo possui a maior parte do seu n\u00facleo no Curso de Engenharia de Energias Renov\u00e1veis da UFPR \/ Setor Palotina, localizado no munic\u00edpio de Palotina (p\u00f3lo agr\u00edcola da regi\u00e3o oeste do Paran\u00e1), e conta com outros parceiros em diversas IES do Estado. V\u00e1rios de seus integrantes fazem parte do Programa de P\u00f3s-Gradua\u00e7\u00e3o em Bioenergia (Mestrado em rede no PR), que por sua vez possui a \u00e1rea de Biocombust\u00edveis como a principal do Programa.<\/p>\n<p>Conhe\u00e7a mais do GCatProBio no <a href=\"http:\/\/dgp.cnpq.br\/dgp\/espelhogrupo\/3583391096720880\" target=\"_blank\">Diret\u00f3rio dos Grupos de Pesquisa no Brasil<\/a>.<\/p>\n","protected":false},"excerpt":{"rendered":"<p>O Grupo de Cat\u00e1lise e Produ\u00e7\u00e3o de Biocombust\u00edveis (GCatProBio) tem como objetivo principal promover o desenvolvimento de pesquisas envolvendo os processos catal\u00edticos aplicados \u00e0 produ\u00e7\u00e3o de biocombust\u00edveis, com \u00eanfase na s\u00edntese, caracteriza\u00e7\u00e3o e aplica\u00e7\u00e3o de catalisadores homog\u00eaneos e heterog\u00eaneos. O GCatProBio procura ainda atender \u00e0s necessidades de desenvolvimento de novos produtos, metodologias inovadoras e melhoria &hellip; <a href=\"https:\/\/palotina.ufpr.br\/labmater\/grupo-de-pesquisa\/\">Continue reading <span class=\"meta-nav\">&rarr;<\/span><\/a><\/p>\n","protected":false},"author":1407,"featured_media":0,"parent":0,"menu_order":0,"comment_status":"closed","ping_status":"closed","template":"","meta":{"_acf_changed":false,"footnotes":""},"class_list":["post-233","page","type-page","status-publish","hentry"],"acf":[],"_links":{"self":[{"href":"https:\/\/palotina.ufpr.br\/labmater\/wp-json\/wp\/v2\/pages\/233","targetHints":{"allow":["GET"]}}],"collection":[{"href":"https:\/\/palotina.ufpr.br\/labmater\/wp-json\/wp\/v2\/pages"}],"about":[{"href":"https:\/\/palotina.ufpr.br\/labmater\/wp-json\/wp\/v2\/types\/page"}],"author":[{"embeddable":true,"href":"https:\/\/palotina.ufpr.br\/labmater\/wp-json\/wp\/v2\/users\/1407"}],"replies":[{"embeddable":true,"href":"https:\/\/palotina.ufpr.br\/labmater\/wp-json\/wp\/v2\/comments?post=233"}],"version-history":[{"count":6,"href":"https:\/\/palotina.ufpr.br\/labmater\/wp-json\/wp\/v2\/pages\/233\/revisions"}],"predecessor-version":[{"id":526,"href":"https:\/\/palotina.ufpr.br\/labmater\/wp-json\/wp\/v2\/pages\/233\/revisions\/526"}],"wp:attachment":[{"href":"https:\/\/palotina.ufpr.br\/labmater\/wp-json\/wp\/v2\/media?parent=233"}],"curies":[{"name":"wp","href":"https:\/\/api.w.org\/{rel}","templated":true}]}}