{"id":43,"date":"2016-09-05T12:31:51","date_gmt":"2016-09-05T12:31:51","guid":{"rendered":"https:\/\/palotina.ufpr.br\/catprobio\/?page_id=43"},"modified":"2021-09-20T17:06:54","modified_gmt":"2021-09-20T17:06:54","slug":"sobre","status":"publish","type":"page","link":"https:\/\/palotina.ufpr.br\/labmater\/","title":{"rendered":"Sobre"},"content":{"rendered":"<h2 style=\"text-align: justify\">Quem Somos<\/h2>\n<p style=\"text-align: justify\">O <strong>Laborat\u00f3rio de Materiais e Energias Renov\u00e1veis (Labmater)<\/strong> est\u00e1 localizado no Setor Palotina da Universidade Federal do Paran\u00e1, vinculado ao Departamento de Engenharias e Exatas (DEE), e tem a finalidade principal de contribuir para as atividades de ensino, de extens\u00e3o, de inova\u00e7\u00e3o, de pesquisa cient\u00edfica e tecnol\u00f3gica, de servi\u00e7os e consultoria t\u00e9cnica, a institui\u00e7\u00f5es p\u00fablicas ou privadas, em \u00e1reas de sua especialidade ou afins da UFPR, mediante parceria interna ou contratos, com aplica\u00e7\u00e3o do conhecimento gerado para o desenvolvimento da sociedade.<\/p>\n<hr \/>\n<h2 style=\"text-align: justify\">Descri\u00e7\u00e3o<\/h2>\n<p style=\"text-align: justify\">O \u00a0Labmater iniciou suas atividades no ano de 2011, e desde ent\u00e3o atua em projetos de P,D&amp;I e extens\u00e3o, principalmente, nas \u00e1reas de Materiais e Energia. Atualmente, o Labmater executa projetos nas seguintes tem\u00e1ticas: s\u00edntese, caracteriza\u00e7\u00e3o e aplica\u00e7\u00e3o de catalisadores heterog\u00eaneos na produ\u00e7\u00e3o de biocombust\u00edveis l\u00edquidos (biodiesel) e gasosos (g\u00e1s de s\u00edntese\/hidrog\u00eanio); utiliza\u00e7\u00e3o de biomassa para a produ\u00e7\u00e3o de Bio-H2; tecnologias de reforma do biog\u00e1s para a produ\u00e7\u00e3o de hidrog\u00eanio; purifica\u00e7\u00e3o do biog\u00e1s; armazenamento de gases (biog\u00e1s\/biometano) na forma adsorvida; obten\u00e7\u00e3o de biopol\u00edmeros (quitosana\/nanoquitosana) a partir de carapa\u00e7as de camar\u00e3o para aplica\u00e7\u00f5es como material multifuncional nas \u00e1reas de energias renov\u00e1veis (c\u00e9lulas a combust\u00edvel) e ambiental (elemento filtrante); s\u00edntese e caracteriza\u00e7\u00e3o de nanopart\u00edculas, dentre outras.<\/p>\n<p style=\"text-align: justify\">O Laborat\u00f3rio possui v\u00ednculo com o Laborat\u00f3rio Central de Nanotecnologia (LCNano) da UFPR, e tem executado projetos SIBRATEC com financiamento dos \u00f3rg\u00e3os FINEP\/MCTIC\/Empresas na \u00e1rea de nanomateriais.\u00a0\u00a0Al\u00e9m de estar credenciado junto a <a href=\"https:\/\/palotina.ufpr.br\/labmater\/wp-content\/uploads\/sites\/7\/2020\/08\/Publica\u00e7\u00e3o-no-DOU.pdf\" target=\"_blank\">Ag\u00eancia Nacional de Petr\u00f3leo, G\u00e1s Natural e Biocombust\u00edveis &#8211; ANP<\/a>. Tamb\u00e9m t\u00eam sido executados projetos de pesquisa financiados pela Funda\u00e7\u00e3o Arauc\u00e1ria-PR, COPEL (P&amp;D)\u00a0 e PTI\/ITAIPU, dentre outros. Al\u00e9m de ser credenciada a Ag\u00eancia Nacional de Petr\u00f3leo, G\u00e1s Natural e Biocombust\u00edveis<\/p>\n<hr \/>\n<h2 style=\"text-align: justify\">Miss\u00e3o<\/h2>\n<p style=\"text-align: justify\">O Labmater tem como miss\u00e3o\u00a0apoiar as atividades desenvolvidas nos cursos de gradua\u00e7\u00e3o e nos programas de p\u00f3s-gradua\u00e7\u00e3o da UFPR, no que se refere ao suporte \u00e0s disciplinas que necessitem de apoio para desenvolver atividades did\u00e1ticas e pedag\u00f3gicas, al\u00e9m de atender \u00e0s comunidades docente e discente dos cursos da UFPR na realiza\u00e7\u00e3o das atividades acad\u00eamicas de gradua\u00e7\u00e3o, de p\u00f3s-gradua\u00e7\u00e3o, e de pesquisa, extens\u00e3o e inova\u00e7\u00e3o, que demandem suporte t\u00e9cnico-cient\u00edfico.<\/p>\n<hr \/>\n<h2 style=\"text-align: justify\">Princ\u00edpios<\/h2>\n<p style=\"text-align: justify\">Constituem princ\u00edpios do Labmater:<\/p>\n<p style=\"text-align: justify\">I. buscar a excel\u00eancia em suas \u00e1reas de atua\u00e7\u00e3o;<\/p>\n<p style=\"text-align: justify\">II. aperfei\u00e7oar continuamente seu corpo t\u00e9cnico e cient\u00edfico, e sua infraestrutura;<\/p>\n<p style=\"text-align: justify\">III. proporcionar os meios necess\u00e1rios para o desenvolvimento de conhecimentos cient\u00edficos aos seus usu\u00e1rios atrav\u00e9s do exerc\u00edcio de suas habilidades;<\/p>\n<p style=\"text-align: justify\">IV. garantir a \u00e9tica e transpar\u00eancia em todas as suas a\u00e7\u00f5es;<\/p>\n<p style=\"text-align: justify\">V. garantir o sigilo de informa\u00e7\u00f5es de clientes, fornecedores e usu\u00e1rios, na forma da lei;<\/p>\n<p style=\"text-align: justify\">VI. disseminar sua experi\u00eancia na gest\u00e3o de projetos para outros laborat\u00f3rios da UFPR.<\/p>\n<hr \/>\n<h2 style=\"text-align: justify\">Objetivos<\/h2>\n<p style=\"text-align: justify\">S\u00e3o objetivos espec\u00edficos do Labmater:<\/p>\n<p style=\"text-align: justify\">I. incentivar e fomentar o desenvolvimento de projetos de Inicia\u00e7\u00e3o Cient\u00edfica e Tecnol\u00f3gica, Extens\u00e3o, Mestrado e Doutorado, relacionados \u00e0s demandas e aplica\u00e7\u00f5es tecnol\u00f3gicas nas \u00e1reas de especialidade do\u00a0Labmater para a sociedade;<\/p>\n<p style=\"text-align: justify\">II. desenvolver estudos de caso, consultorias e livre demanda de \u00f3rg\u00e3os p\u00fablicos e da iniciativa privada referente \u00e0s an\u00e1lises normatizadas, de metodologia desenvolvida internamente ou relacionadas \u00e0s especialidades doLabmater;<\/p>\n<p style=\"text-align: justify\">III. promover o fortalecimento e o desenvolvimento de inova\u00e7\u00e3o cient\u00edfica e tecnol\u00f3gica no \u00e2mbito das linhas de pesquisa e \u00e1reas de atua\u00e7\u00e3o do laborat\u00f3rio, especialmente junto aos Cursos de P\u00f3s-Gradua\u00e7\u00e3o da UFPR, outras IES, ICTs e empresas privadas parceiras;<\/p>\n<p style=\"text-align: justify\">IV. desenvolver e fomentar projetos interdisciplinares entre programas de p\u00f3s-gradua\u00e7\u00e3o da UFPR ou com outras IES ou ICTs;<\/p>\n<p style=\"text-align: justify\">V. desenvolver projetos em parceria com \u00f3rg\u00e3os p\u00fablicos e iniciativa privada, atendendo demandas em temas de compet\u00eancia do Labmater;<\/p>\n<p style=\"text-align: justify\">VI. promover a forma\u00e7\u00e3o de profissionais alinhados com a demanda de mercado, tanto do ponto de vista t\u00e9cnico quanto cient\u00edfico;<\/p>\n<p style=\"text-align: justify\">VII. contribuir para a gera\u00e7\u00e3o de produtos cient\u00edficos como artigos, disserta\u00e7\u00f5es e teses, relat\u00f3rios t\u00e9cnicos, relat\u00f3rios de ensaios, normas t\u00e9cnicas, metodologias internas, modelos de utilidade, desenhos industriais, prot\u00f3tipos, patentes de produto e de processo.<\/p>\n<hr \/>\n<h2 style=\"text-align: justify\">V\u00eddeo Institucional<\/h2>\n<p><iframe title=\"Institucional | LabMater: Laboratory of Materials and Renewable Energy\" width=\"600\" height=\"338\" src=\"https:\/\/www.youtube.com\/embed\/N0HD_NOe4KI?feature=oembed\" frameborder=\"0\" allow=\"accelerometer; autoplay; clipboard-write; encrypted-media; gyroscope; picture-in-picture; web-share\" referrerpolicy=\"strict-origin-when-cross-origin\" allowfullscreen><\/iframe><\/p>\n<hr \/>\n<p style=\"text-align: justify\"><a href=\"https:\/\/palotina.ufpr.br\/catprobio\/wp-content\/uploads\/sites\/7\/2016\/09\/LABMATER-versao-FINAL-aprovada-pelo-SPA.pdf\" target=\"_blank\">Regimento interno do Labmater<\/a><\/p>\n<p><a href=\"https:\/\/palotina.ufpr.br\/catprobio\/wp-content\/uploads\/sites\/7\/2016\/09\/SEI_23075.039680_2019_00.pdf\" target=\"_blank\">Extrato de Ata da aprova\u00e7\u00e3o<\/a><\/p>\n","protected":false},"excerpt":{"rendered":"<p>Quem Somos O Laborat\u00f3rio de Materiais e Energias Renov\u00e1veis (Labmater) est\u00e1 localizado no Setor Palotina da Universidade Federal do Paran\u00e1, vinculado ao Departamento de Engenharias e Exatas (DEE), e tem a finalidade principal de contribuir para as atividades de ensino, de extens\u00e3o, de inova\u00e7\u00e3o, de pesquisa cient\u00edfica e tecnol\u00f3gica, de servi\u00e7os e consultoria t\u00e9cnica, a &hellip; <a href=\"https:\/\/palotina.ufpr.br\/labmater\/\">Continue reading <span class=\"meta-nav\">&rarr;<\/span><\/a><\/p>\n","protected":false},"author":1395,"featured_media":0,"parent":0,"menu_order":0,"comment_status":"closed","ping_status":"closed","template":"","meta":{"_acf_changed":false,"footnotes":""},"class_list":["post-43","page","type-page","status-publish","hentry"],"acf":[],"_links":{"self":[{"href":"https:\/\/palotina.ufpr.br\/labmater\/wp-json\/wp\/v2\/pages\/43","targetHints":{"allow":["GET"]}}],"collection":[{"href":"https:\/\/palotina.ufpr.br\/labmater\/wp-json\/wp\/v2\/pages"}],"about":[{"href":"https:\/\/palotina.ufpr.br\/labmater\/wp-json\/wp\/v2\/types\/page"}],"author":[{"embeddable":true,"href":"https:\/\/palotina.ufpr.br\/labmater\/wp-json\/wp\/v2\/users\/1395"}],"replies":[{"embeddable":true,"href":"https:\/\/palotina.ufpr.br\/labmater\/wp-json\/wp\/v2\/comments?post=43"}],"version-history":[{"count":30,"href":"https:\/\/palotina.ufpr.br\/labmater\/wp-json\/wp\/v2\/pages\/43\/revisions"}],"predecessor-version":[{"id":1055,"href":"https:\/\/palotina.ufpr.br\/labmater\/wp-json\/wp\/v2\/pages\/43\/revisions\/1055"}],"wp:attachment":[{"href":"https:\/\/palotina.ufpr.br\/labmater\/wp-json\/wp\/v2\/media?parent=43"}],"curies":[{"name":"wp","href":"https:\/\/api.w.org\/{rel}","templated":true}]}}