{"id":593,"date":"2020-08-11T18:49:01","date_gmt":"2020-08-11T18:49:01","guid":{"rendered":"https:\/\/palotina.ufpr.br\/catprobio\/?page_id=593"},"modified":"2020-08-14T13:35:08","modified_gmt":"2020-08-14T13:35:08","slug":"perguntas-frequentes","status":"publish","type":"page","link":"https:\/\/palotina.ufpr.br\/labmater\/perguntas-frequentes\/","title":{"rendered":"Perguntas frequentes"},"content":{"rendered":"<p style=\"text-align: justify\"><strong>Quem pode operar os equipamentos?<\/strong><br \/>\nApenas os t\u00e9cnicos do Labmater ou pessoal treinado com autoriza\u00e7\u00e3o da Coordena\u00e7\u00e3o.<\/p>\n<hr \/>\n<p style=\"text-align: justify\"><strong>Como fa\u00e7o para ser atendido?<\/strong><br \/>\n\u00c9 necess\u00e1rio preencher o Formul\u00e1rio de Solicita\u00e7\u00e3o, conforme o servi\u00e7o desejado, aguardar a fila de espera e o contato dos t\u00e9cnicos do Labmater.<\/p>\n<hr \/>\n<p style=\"text-align: justify\"><strong>Depois de enviar a solicita\u00e7\u00e3o de servi\u00e7o, em quanto tempo serei atendido?<\/strong><br \/>\nIsto depender\u00e1 da demanda do equipamento e da disponibilidade de t\u00e9cnicos para atend\u00ea-lo.<\/p>\n<hr \/>\n<p style=\"text-align: justify\"><strong>Como \u00e9\u00a0organizada a ordem de atendimento?<\/strong><br \/>\nConforme ordem de data de entrega dos Formul\u00e1rios de Solicita\u00e7\u00e3o do Servi\u00e7o.<\/p>\n<hr \/>\n<p style=\"text-align: justify\"><strong>Quanto preciso pagar para usufruir dos servi\u00e7os do Labmater?<\/strong><br \/>\nOs valores dependem do tipo de projeto, do v\u00ednculo do solicitante e do tipo de servi\u00e7o. Os valores ser\u00e3o informados no endere\u00e7o\u00a0<a href=\"https:\/\/palotina.ufpr.br\/catprobio\/tecnicas-analiticas\/\" target=\"_blank\">https:\/\/palotina.ufpr.br\/catprobio\/tecnicas-analiticas\/<\/a><\/p>\n<hr \/>\n<p style=\"text-align: justify\"><strong>Posso solicitar a antecipa\u00e7\u00e3o do atendimento?<\/strong><br \/>\nN\u00e3o, todos devem respeitar a fila de espera.<\/p>\n","protected":false},"excerpt":{"rendered":"<p>Quem pode operar os equipamentos? Apenas os t\u00e9cnicos do Labmater ou pessoal treinado com autoriza\u00e7\u00e3o da Coordena\u00e7\u00e3o. Como fa\u00e7o para ser atendido? \u00c9 necess\u00e1rio preencher o Formul\u00e1rio de Solicita\u00e7\u00e3o, conforme o servi\u00e7o desejado, aguardar a fila de espera e o contato dos t\u00e9cnicos do Labmater. Depois de enviar a solicita\u00e7\u00e3o de servi\u00e7o, em quanto tempo &hellip; <a href=\"https:\/\/palotina.ufpr.br\/labmater\/perguntas-frequentes\/\">Continue reading <span class=\"meta-nav\">&rarr;<\/span><\/a><\/p>\n","protected":false},"author":1407,"featured_media":0,"parent":0,"menu_order":0,"comment_status":"closed","ping_status":"closed","template":"","meta":{"_acf_changed":false,"footnotes":""},"class_list":["post-593","page","type-page","status-publish","hentry"],"acf":[],"_links":{"self":[{"href":"https:\/\/palotina.ufpr.br\/labmater\/wp-json\/wp\/v2\/pages\/593","targetHints":{"allow":["GET"]}}],"collection":[{"href":"https:\/\/palotina.ufpr.br\/labmater\/wp-json\/wp\/v2\/pages"}],"about":[{"href":"https:\/\/palotina.ufpr.br\/labmater\/wp-json\/wp\/v2\/types\/page"}],"author":[{"embeddable":true,"href":"https:\/\/palotina.ufpr.br\/labmater\/wp-json\/wp\/v2\/users\/1407"}],"replies":[{"embeddable":true,"href":"https:\/\/palotina.ufpr.br\/labmater\/wp-json\/wp\/v2\/comments?post=593"}],"version-history":[{"count":2,"href":"https:\/\/palotina.ufpr.br\/labmater\/wp-json\/wp\/v2\/pages\/593\/revisions"}],"predecessor-version":[{"id":787,"href":"https:\/\/palotina.ufpr.br\/labmater\/wp-json\/wp\/v2\/pages\/593\/revisions\/787"}],"wp:attachment":[{"href":"https:\/\/palotina.ufpr.br\/labmater\/wp-json\/wp\/v2\/media?parent=593"}],"curies":[{"name":"wp","href":"https:\/\/api.w.org\/{rel}","templated":true}]}}