{"id":67,"date":"2016-09-05T17:50:15","date_gmt":"2016-09-05T17:50:15","guid":{"rendered":"https:\/\/palotina.ufpr.br\/catprobio\/?page_id=67"},"modified":"2025-05-22T19:02:46","modified_gmt":"2025-05-22T19:02:46","slug":"trabalhos-de-conclusao-de-curso","status":"publish","type":"page","link":"https:\/\/palotina.ufpr.br\/labmater\/trabalhos-de-conclusao-de-curso\/","title":{"rendered":"Trabalhos de Conclus\u00e3o de Curso"},"content":{"rendered":"<h2>2024<\/h2>\n<p><strong>Izadora Costa da Silva.<\/strong> ESTUDO DA VARIA\u00c7\u00c3O DE UMIDADE NA AN\u00c1LISE DE CATALISADORES UTILIZANDO SENSOR DE BAIXO CUSTO. 2024. Trabalho de Conclus\u00e3o de Curso. (Gradua\u00e7\u00e3o em Engenharia de Energia) &#8211; Universidade Federal do Paran\u00e1. Orientador: Helton Jos\u00e9 Alves.<\/p>\n<hr \/>\n<h2>2022<\/h2>\n<p><strong>Felipe Eduardo Bueno Silva.<\/strong> Estudo de Empregabilidade de Espuma de Quitosana para Remo\u00e7\u00e3o de Escherichia coli e Contaminantes Oleosos da \u00c1gua. 2022. Trabalho de Conclus\u00e3o de Curso. (Gradua\u00e7\u00e3o em Engenharia de Bioprocessos e Biotecnologia) &#8211; Universidade Federal do Paran\u00e1. Orientador: Helton Jos\u00e9 Alves.<\/p>\n<p><strong>Bruna Machado.<\/strong> Otimiza\u00e7\u00e3o das condi\u00e7\u00f5es operacionais de uma unidade experimental para purifica\u00e7\u00e3o do biog\u00e1s. 2022. Trabalho de Conclus\u00e3o de Curso. (Gradua\u00e7\u00e3o em Engenharia de Energia) &#8211; Universidade Federal do Paran\u00e1. Orientador: Helton Jos\u00e9 Alves.<\/p>\n<hr \/>\n<h2>2021<\/h2>\n<p style=\"text-align: justify\"><strong>Laressa Caciano.<\/strong> Efeito do tratamento de carv\u00e3o ativado comercial com KOH\/KNO3 sobre a remo\u00e7\u00e3o de H2S do biog\u00e1s. 2021. Trabalho de Conclus\u00e3o de Curso. (Gradua\u00e7\u00e3o em Engenharia de Energia) &#8211; Universidade Federal do Paran\u00e1. Orientador: Helton Jos\u00e9 Alves.<\/p>\n<hr \/>\n<h2 style=\"text-align: justify\">2019<\/h2>\n<p style=\"text-align: justify\"><strong>Eliane Soares da Silva.<\/strong> Estudos envolvendo a avalia\u00e7\u00e3o de carv\u00e3o ativado comercial para a remo\u00e7\u00e3o de H2S do biog\u00e1s. 2019. Trabalho de Conclus\u00e3o de Curso. (Gradua\u00e7\u00e3o em Engenharia de Energia) &#8211; Universidade Federal do Paran\u00e1. Orientador: Helton Jos\u00e9 Alves.<\/p>\n<hr \/>\n<h2 style=\"text-align: justify\">2017<\/h2>\n<p style=\"text-align: justify\"><strong>Maristela Furman.<\/strong> Produ\u00e7\u00e3o de hidrog\u00eanio por rota termoqu\u00edmica a partir do etanol. 2017. Trabalho de Conclus\u00e3o de Curso. (Gradua\u00e7\u00e3o em Curso de Tecnologia em Biocombust\u00edveis) &#8211; Universidade Federal do Paran\u00e1. Orientador: Helton Jos\u00e9 Alves.<\/p>\n<hr \/>\n<h2 style=\"text-align: justify\">2015<\/h2>\n<p style=\"text-align: justify\"><strong>Rodolfo de Andrade Schaffner.<\/strong> Efeito da Adi\u00e7\u00e3o de Mg na Atividade dos Catalisadores Ni\/Al2O3 e Ni\/MCM-41 na Reforma a Seco do Metano. 2015. Trabalho de Conclus\u00e3o de Curso. (Gradua\u00e7\u00e3o em Curso de Tecnologia em Biocombust\u00edveis) &#8211; Universidade Federal do Paran\u00e1. Orientador: Helton Jos\u00e9 Alves.<\/p>\n<hr \/>\n<h2 style=\"text-align: justify\">2014<\/h2>\n<p style=\"text-align: justify\"><strong>Jessica Vanessa Schaffer.<\/strong> APLICA\u00c7\u00c3O DE HIDROG\u00caNIO OBTIDO POR ELETR\u00d3LISE EM SISTEMAS DE BACKUP DE ENERGIA. 2014. Trabalho de Conclus\u00e3o de Curso. (Gradua\u00e7\u00e3o em Curso de Tecnologia em Biocombust\u00edveis) &#8211; Universidade Federal do Paran\u00e1. Orientador: Helton Jos\u00e9 Alves.<\/p>\n<hr \/>\n<h2 style=\"text-align: justify\">2013<\/h2>\n<p style=\"text-align: justify\"><strong>Diego Puzicski.<\/strong> POTENCIAL DE PRODU\u00c7\u00c3O DE HIDROG\u00caNIO PARA O ACIONAMENTO DE C\u00c9LULAS A COMBUST\u00cdVEL A PARTIR DA REFORMA DO BIOG\u00c1S: ESTUDOS DE CASO. 2013. Trabalho de Conclus\u00e3o de Curso. (Gradua\u00e7\u00e3o em Curso de Tecnologia em Biocombust\u00edveis) &#8211; Universidade Federal do Paran\u00e1. Orientador: Helton Jos\u00e9 Alves.<\/p>\n<p style=\"text-align: justify\"><strong>Carolline Rodrigues Ranucci.<\/strong> Atividade do Catalisador KF-SiO2 na Rea\u00e7\u00e3o de Transesterifica\u00e7\u00e3o. 2013. Trabalho de Conclus\u00e3o de Curso. (Gradua\u00e7\u00e3o em Curso de Tecnologia em Biocombust\u00edveis) &#8211; Universidade Federal do Paran\u00e1. Orientador: Helton Jos\u00e9 Alves.<\/p>\n<p style=\"text-align: justify\"><strong>Cristie Luis Kugelmeier.<\/strong> Catalisadores suportados em quitosana aplicados \u00e0 rea\u00e7\u00e3o de transesterifica\u00e7\u00e3o. 2013. Trabalho de Conclus\u00e3o de Curso. (Gradua\u00e7\u00e3o em Curso Superior de Tecnologia em Biocombust\u00edveis) &#8211; Universidade Federal do Paran\u00e1. Orientador: Helton Jos\u00e9 Alves.<\/p>\n<p style=\"text-align: justify\"><strong>Kenia Gabriela dos Santos.<\/strong> Atividade de catalisadores heterog\u00eaneos na transesterifica\u00e7\u00e3o met\u00edlica e et\u00edlica do \u00f3leo de soja. 2013. Trabalho de Conclus\u00e3o de Curso. (Gradua\u00e7\u00e3o em Curso Superior de Tecnologia em Biocombust\u00edveis) &#8211; Universidade Federal do Paran\u00e1. Orientador: Helton Jos\u00e9 Alves.<\/p>\n<p style=\"text-align: justify\"><strong>Eliana Wakassugui.<\/strong> S\u00edntese de Peneiras Moleculares MCM-41 Modificadas pela Adi\u00e7\u00e3o de KF in situ com Aplica\u00e7\u00e3o na Rea\u00e7\u00e3o de Transesterifica\u00e7\u00e3o. 2013. Trabalho de Conclus\u00e3o de Curso. (Gradua\u00e7\u00e3o em Curso de Tecnologia em Biocombust\u00edveis) &#8211; Universidade Federal do Paran\u00e1. Orientador: Helton Jos\u00e9 Alves.<\/p>\n<p style=\"text-align: justify\"><strong>Andr\u00e9 Marta da Rocha.<\/strong> Tratamento de Argila para Obten\u00e7\u00e3o de Catalisador com Atividade na Rea\u00e7\u00e3o de Transesterifica\u00e7\u00e3o. 2013. Trabalho de Conclus\u00e3o de Curso. (Gradua\u00e7\u00e3o em Curso de Tecnologia em Biocombust\u00edveis) &#8211; Universidade Federal do Paran\u00e1. Orientador: Helton Jos\u00e9 Alves.<\/p>\n<p style=\"text-align: justify\"><strong>Antonio Angheben.<\/strong> Combust\u00e3o de Hidrog\u00eanio com Blendagem a Combust\u00edvel Diesel Aplicado a Motores Ciclo Diesel. 2013. Trabalho de Conclus\u00e3o de Curso. (Gradua\u00e7\u00e3o em Curso de Tecnologia em Biocombust\u00edveis) &#8211; Universidade Federal do Paran\u00e1. Orientador: Helton Jos\u00e9 Alves.<\/p>\n<hr \/>\n<h2 style=\"text-align: justify\">2012<\/h2>\n<p style=\"text-align: justify\"><strong>Vin\u00edcius Kothe<\/strong>. Produ\u00e7\u00e3o de biodiesel via cat\u00e1lise heterog\u00eanea utilizando peneiras moleculares da fam\u00edlia M41S: otimiza\u00e7\u00e3o dos par\u00e2metros reacionais e avalia\u00e7\u00e3o da estabilidade. 2012. Trabalho de Conclus\u00e3o de Curso. (Gradua\u00e7\u00e3o em Curso Superior de Tecnologia em Biocombust\u00edveis) &#8211; Universidade Federal do Paran\u00e1. Orientador: Helton Jos\u00e9 Alves.<\/p>\n<p style=\"text-align: justify\"><strong>La\u00eds Pastre Dill.<\/strong> Obten\u00e7\u00e3o de \u00e9steres met\u00edlicos a partir de micelas etan\u00f3licas utilizando catalisadores heterog\u00eaneos qu\u00edmicos. 2012. Trabalho de Conclus\u00e3o de Curso. (Gradua\u00e7\u00e3o em Curso Superior de Tecnologia em Biocombust\u00edveis) &#8211; Universidade Federal do Paran\u00e1. Orientador: Helton Jos\u00e9 Alves.<\/p>\n","protected":false},"excerpt":{"rendered":"<p>2024 Izadora Costa da Silva. ESTUDO DA VARIA\u00c7\u00c3O DE UMIDADE NA AN\u00c1LISE DE CATALISADORES UTILIZANDO SENSOR DE BAIXO CUSTO. 2024. Trabalho de Conclus\u00e3o de Curso. (Gradua\u00e7\u00e3o em Engenharia de Energia) &#8211; Universidade Federal do Paran\u00e1. Orientador: Helton Jos\u00e9 Alves. 2022 Felipe Eduardo Bueno Silva. Estudo de Empregabilidade de Espuma de Quitosana para Remo\u00e7\u00e3o de Escherichia &hellip; <a href=\"https:\/\/palotina.ufpr.br\/labmater\/trabalhos-de-conclusao-de-curso\/\">Continue reading <span class=\"meta-nav\">&rarr;<\/span><\/a><\/p>\n","protected":false},"author":1407,"featured_media":0,"parent":0,"menu_order":0,"comment_status":"closed","ping_status":"closed","template":"","meta":{"_acf_changed":false,"footnotes":""},"class_list":["post-67","page","type-page","status-publish","hentry"],"acf":[],"_links":{"self":[{"href":"https:\/\/palotina.ufpr.br\/labmater\/wp-json\/wp\/v2\/pages\/67","targetHints":{"allow":["GET"]}}],"collection":[{"href":"https:\/\/palotina.ufpr.br\/labmater\/wp-json\/wp\/v2\/pages"}],"about":[{"href":"https:\/\/palotina.ufpr.br\/labmater\/wp-json\/wp\/v2\/types\/page"}],"author":[{"embeddable":true,"href":"https:\/\/palotina.ufpr.br\/labmater\/wp-json\/wp\/v2\/users\/1407"}],"replies":[{"embeddable":true,"href":"https:\/\/palotina.ufpr.br\/labmater\/wp-json\/wp\/v2\/comments?post=67"}],"version-history":[{"count":9,"href":"https:\/\/palotina.ufpr.br\/labmater\/wp-json\/wp\/v2\/pages\/67\/revisions"}],"predecessor-version":[{"id":1792,"href":"https:\/\/palotina.ufpr.br\/labmater\/wp-json\/wp\/v2\/pages\/67\/revisions\/1792"}],"wp:attachment":[{"href":"https:\/\/palotina.ufpr.br\/labmater\/wp-json\/wp\/v2\/media?parent=67"}],"curies":[{"name":"wp","href":"https:\/\/api.w.org\/{rel}","templated":true}]}}