{"id":32,"date":"2016-06-28T15:38:52","date_gmt":"2016-06-28T18:38:52","guid":{"rendered":"https:\/\/palotina.ufpr.br\/lpb\/?page_id=32"},"modified":"2022-08-29T16:32:54","modified_gmt":"2022-08-29T19:32:54","slug":"linhas-de-pesquisa","status":"publish","type":"page","link":"https:\/\/palotina.ufpr.br\/lpb\/linhas-de-pesquisa\/","title":{"rendered":"Linhas de Pesquisa"},"content":{"rendered":"<hr \/>\n<ul>\n<li><strong>Combust\u00edveis e energias renov\u00e1veis<\/strong>: Desenvolvimento cient\u00edfico das fontes de energias que estejam comprometidas com a viabilidade econ\u00f4mica e com menores impactos ambientais, garantindo desta forma a sustentabilidade.<\/li>\n<li><strong>Processos de convers\u00e3o e uso racional de energia<\/strong>: Estudos voltados ao desenvolvimento de novos sistemas de convers\u00e3o de energia e projetos de efici\u00eancia energ\u00e9tica.<\/li>\n<li><strong>Meio Ambiente e Sustentabilidade<\/strong>: Estudos e desenvolvimento de processos f\u00edsicos, qu\u00edmicos e biol\u00f3gicos para a remo\u00e7\u00e3o de poluentes oriundos das atividades agroindustriais e industriais.<\/li>\n<li><strong>Valora\u00e7\u00e3o de res\u00edduos agroindustriais<\/strong>: Desenvolvimento de t\u00e9cnicas e metodologias visando o tratamento e o aproveitamento dos res\u00edduos para obten\u00e7\u00e3o de energia e de materiais com valor agregado (biocarv\u00f5es, biofertilizantes, biomembranas, biocatalizador).<\/li>\n<\/ul>\n<hr \/>\n","protected":false},"excerpt":{"rendered":"<p>Combust\u00edveis e energias renov\u00e1veis: Desenvolvimento cient\u00edfico das fontes de energias que estejam comprometidas com a viabilidade econ\u00f4mica e com menores impactos ambientais, garantindo desta forma a sustentabilidade. Processos de convers\u00e3o e uso racional de energia: Estudos voltados ao desenvolvimento de novos sistemas de convers\u00e3o de energia e projetos de efici\u00eancia energ\u00e9tica. Meio Ambiente e Sustentabilidade: &hellip; <a href=\"https:\/\/palotina.ufpr.br\/lpb\/linhas-de-pesquisa\/\">Continue reading <span class=\"meta-nav\">&rarr;<\/span><\/a><\/p>\n","protected":false},"author":1397,"featured_media":0,"parent":0,"menu_order":0,"comment_status":"closed","ping_status":"closed","template":"","meta":{"_acf_changed":false,"footnotes":""},"class_list":["post-32","page","type-page","status-publish","hentry"],"acf":[],"_links":{"self":[{"href":"https:\/\/palotina.ufpr.br\/lpb\/wp-json\/wp\/v2\/pages\/32","targetHints":{"allow":["GET"]}}],"collection":[{"href":"https:\/\/palotina.ufpr.br\/lpb\/wp-json\/wp\/v2\/pages"}],"about":[{"href":"https:\/\/palotina.ufpr.br\/lpb\/wp-json\/wp\/v2\/types\/page"}],"author":[{"embeddable":true,"href":"https:\/\/palotina.ufpr.br\/lpb\/wp-json\/wp\/v2\/users\/1397"}],"replies":[{"embeddable":true,"href":"https:\/\/palotina.ufpr.br\/lpb\/wp-json\/wp\/v2\/comments?post=32"}],"version-history":[{"count":23,"href":"https:\/\/palotina.ufpr.br\/lpb\/wp-json\/wp\/v2\/pages\/32\/revisions"}],"predecessor-version":[{"id":776,"href":"https:\/\/palotina.ufpr.br\/lpb\/wp-json\/wp\/v2\/pages\/32\/revisions\/776"}],"wp:attachment":[{"href":"https:\/\/palotina.ufpr.br\/lpb\/wp-json\/wp\/v2\/media?parent=32"}],"curies":[{"name":"wp","href":"https:\/\/api.w.org\/{rel}","templated":true}]}}