{"id":587,"date":"2022-08-25T14:40:37","date_gmt":"2022-08-25T17:40:37","guid":{"rendered":"https:\/\/palotina.ufpr.br\/lpb\/?page_id=587"},"modified":"2024-11-29T10:08:06","modified_gmt":"2024-11-29T13:08:06","slug":"infraestrutura","status":"publish","type":"page","link":"https:\/\/palotina.ufpr.br\/lpb\/infraestrutura\/","title":{"rendered":"Infraestrutura"},"content":{"rendered":"\n<p>A infraestrutura f\u00edsica do Laborat\u00f3rio de Produ\u00e7\u00e3o de Biocombust\u00edveis est\u00e1 dividida em duas \u00e1reas:<\/p>\n\n\n\n<p>1) Planta Piloto de Produ\u00e7\u00e3o de etanol com \u00e1rea de 110 m<sup>2<\/sup>;<\/p>\n\n\n\n<p>2) Laborat\u00f3rio 2\u00ba Pavimento do Bloco VI com \u00e1rea de 73 m<sup>2<\/sup>.<\/p>\n\n\n\n<p>Principais Equipamentos dispon\u00edveis no Laborat\u00f3rio para realiza\u00e7\u00e3o de atividades de ensino, pesquisa, extens\u00e3o e presta\u00e7\u00e3o de servi\u00e7os s\u00e3o:<\/p>\n\n\n\n<ul class=\"wp-block-list\">\n<li>Agitadores de Peneiras;<\/li>\n\n\n\n<li>Agitadores magn\u00e9ticos com e sem aquecimento;<\/li>\n\n\n\n<li>Analisador de gases Testo 340 (O2, CO, NO e SO2);<\/li>\n\n\n\n<li>Anem\u00f4metro de fio quente;<\/li>\n\n\n\n<li>Autoclave;<\/li>\n\n\n\n<li>Balan\u00e7as: Anal\u00edtica e Semi-anal\u00edtica;<\/li>\n\n\n\n<li>Banho de Ultrassom;<\/li>\n\n\n\n<li>Banho Dubnoff;<\/li>\n\n\n\n<li>Banho Maria;<\/li>\n\n\n\n<li>Banho Termostatizado;<\/li>\n\n\n\n<li>Blocos Digestores;<\/li>\n\n\n\n<li>Bomba calorim\u00e9trica<\/li>\n\n\n\n<li>Bombas de v\u00e1cuo, centr\u00edfuga e deslocamento positivo;<\/li>\n\n\n\n<li>C\u00e2mera termogr\u00e1fica;<\/li>\n\n\n\n<li>Capelas;<\/li>\n\n\n\n<li>Centr\u00edfugas;<\/li>\n\n\n\n<li>Condutiv\u00edmetros;<\/li>\n\n\n\n<li>Destiladores de \u00e1gua;<\/li>\n\n\n\n<li>Destiladores de nitrog\u00eanio;<\/li>\n\n\n\n<li>Ebuli\u00f4metro;<\/li>\n\n\n\n<li>Espectrofot\u00f4metro;<\/li>\n\n\n\n<li>Estufa BOD;<\/li>\n\n\n\n<li>Estufa com circula\u00e7\u00e3o for\u00e7ada;<\/li>\n\n\n\n<li>Estufas de secagem;<\/li>\n\n\n\n<li>Estufas para biorreatores;<\/li>\n\n\n\n<li>Extrator Soxhlet;<\/li>\n\n\n\n<li>Freezers;<\/li>\n\n\n\n<li>Geladeiras;<\/li>\n\n\n\n<li>Jar Test;<\/li>\n\n\n\n<li>Medidores de pH;<\/li>\n\n\n\n<li>Microsc\u00f3pio binocular;<\/li>\n\n\n\n<li>Moinho de Facas;<\/li>\n\n\n\n<li>Muflas;<\/li>\n\n\n\n<li>pHmetros;<\/li>\n\n\n\n<li>Planta Piloto de Produ\u00e7\u00e3o de Etanol;<\/li>\n\n\n\n<li>Reator de Produ\u00e7\u00e3o de Biodiesel;<\/li>\n\n\n\n<li>Reatores de Produ\u00e7\u00e3o de biog\u00e1s (bio-hidrog\u00eanio e biometano);<\/li>\n\n\n\n<li>Refrat\u00f4metros;<\/li>\n\n\n\n<li>Shaker;<\/li>\n\n\n\n<li>Rota-evaporador;<\/li>\n\n\n\n<li>Triturador (forrageira);<\/li>\n\n\n\n<li>Turbid\u00edmetros.<\/li>\n<\/ul>\n","protected":false},"excerpt":{"rendered":"<p>A infraestrutura f\u00edsica do Laborat\u00f3rio de Produ\u00e7\u00e3o de Biocombust\u00edveis est\u00e1 dividida em duas \u00e1reas: 1) Planta Piloto de Produ\u00e7\u00e3o de etanol com \u00e1rea de 110 m2; 2) Laborat\u00f3rio 2\u00ba Pavimento do Bloco VI com \u00e1rea de 73 m2. Principais Equipamentos dispon\u00edveis no Laborat\u00f3rio para realiza\u00e7\u00e3o de atividades de ensino, pesquisa, extens\u00e3o e presta\u00e7\u00e3o de servi\u00e7os &hellip; <a href=\"https:\/\/palotina.ufpr.br\/lpb\/infraestrutura\/\">Continue reading <span class=\"meta-nav\">&rarr;<\/span><\/a><\/p>\n","protected":false},"author":16,"featured_media":0,"parent":0,"menu_order":0,"comment_status":"closed","ping_status":"closed","template":"","meta":{"_acf_changed":false,"footnotes":""},"class_list":["post-587","page","type-page","status-publish","hentry"],"acf":[],"_links":{"self":[{"href":"https:\/\/palotina.ufpr.br\/lpb\/wp-json\/wp\/v2\/pages\/587","targetHints":{"allow":["GET"]}}],"collection":[{"href":"https:\/\/palotina.ufpr.br\/lpb\/wp-json\/wp\/v2\/pages"}],"about":[{"href":"https:\/\/palotina.ufpr.br\/lpb\/wp-json\/wp\/v2\/types\/page"}],"author":[{"embeddable":true,"href":"https:\/\/palotina.ufpr.br\/lpb\/wp-json\/wp\/v2\/users\/16"}],"replies":[{"embeddable":true,"href":"https:\/\/palotina.ufpr.br\/lpb\/wp-json\/wp\/v2\/comments?post=587"}],"version-history":[{"count":7,"href":"https:\/\/palotina.ufpr.br\/lpb\/wp-json\/wp\/v2\/pages\/587\/revisions"}],"predecessor-version":[{"id":878,"href":"https:\/\/palotina.ufpr.br\/lpb\/wp-json\/wp\/v2\/pages\/587\/revisions\/878"}],"wp:attachment":[{"href":"https:\/\/palotina.ufpr.br\/lpb\/wp-json\/wp\/v2\/media?parent=587"}],"curies":[{"name":"wp","href":"https:\/\/api.w.org\/{rel}","templated":true}]}}