{"id":612,"date":"2022-08-26T08:21:53","date_gmt":"2022-08-26T11:21:53","guid":{"rendered":"https:\/\/palotina.ufpr.br\/lpb\/?page_id=612"},"modified":"2023-05-17T09:17:58","modified_gmt":"2023-05-17T12:17:58","slug":"publicacoes-2","status":"publish","type":"page","link":"https:\/\/palotina.ufpr.br\/lpb\/publicacoes-2\/","title":{"rendered":"Publica\u00e7\u00f5es"},"content":{"rendered":"\n<p><a href=\"https:\/\/periodicos.uem.br\/ojs\/index.php\/ActaSciTechnol\/article\/view\/57883\/751375155200\" target=\"_blank\" rel=\"noreferrer noopener\">Briquettes produced from the mixture of agro-industrial residues composed of eucalyptus sawdust with turnip or corn cob cake (2023).<\/a> <\/p>\n\n\n\n<p><a rel=\"noreferrer noopener\" href=\"https:\/\/onlinelibrary.wiley.com\/doi\/epdf\/10.1002\/cjce.24665\" target=\"_blank\">Influence of the glycerin content in the preparation of calcium diglyceroxide from eggshell applied in the residual oil transesterification (2022)<\/a><\/p>\n\n\n\n<p><a rel=\"noreferrer noopener\" href=\"http:\/\/static.sites.sbq.org.br\/rvq.sbq.org.br\/pdf\/v14n1a03.pdf\" target=\"_blank\">Evaluation of Commercial Bioplastic Degradation Poli (\u03b2-hydroxybutyrate) (PHB) Through Anaerobic Biodigestion in Different Ratios Inoculum\/Substrate (2022).<\/a><\/p>\n\n\n\n<p><a rel=\"noreferrer noopener\" href=\"https:\/\/brazilianjournals.com\/ojs\/index.php\/BRJD\/article\/view\/47157\/pdf\" target=\"_blank\">Sustainable energy in agroindustry: evaluation, homologation and operation of a photovoltaic solar energy system in distributed generation of Paran\u00e1 (2022)<\/a>.<\/p>\n\n\n\n<p><a href=\"https:\/\/www.researchgate.net\/publication\/366593429_Agronomic_economic_and_energy_performance_of_imidazolinone-_tolerant_soybean_with_csr1-2_gene\" target=\"_blank\" rel=\"noreferrer noopener\">Agronomic, economic and energy performance of imidazolinone- tolerant soybean (with csr1-2 gene) (2022).<\/a><\/p>\n\n\n\n<p><a rel=\"noreferrer noopener\" href=\"https:\/\/www.sciencedirect.com\/science\/article\/abs\/pii\/S0960148122011417\" target=\"_blank\">Production of biogas by microorganisms with saccharine sorghum straw as substrate with or without alkaline and citric pretreatment (2022)<\/a>.<\/p>\n\n\n\n<p><a href=\"http:\/\/static.sites.sbq.org.br\/rvq.sbq.org.br\/pdf\/v14n1a16.pdf\">A Influ\u00eancia de Pol\u00edticas P\u00fablicas para o Progresso da Gera\u00e7\u00e3o Solar Fotovoltaica e Diversifica\u00e7\u00e3o da Matriz Energ\u00e9tica Brasileira (2022).<\/a><\/p>\n\n\n\n<p><a href=\"https:\/\/www.scielo.br\/j\/babt\/a\/dkpgN4VyQRwgyFZCwZBF8nC\/?format=pdf&amp;lang=en\">Effect of Agitation on Anaerobic Co-Digestion of Swine Manure and Food Waste (2021)<\/a><\/p>\n\n\n\n<p><a rel=\"noreferrer noopener\" href=\"https:\/\/seer.tupa.unesp.br\/index.php\/BIOENG\/article\/view\/980\" target=\"_blank\">Utiliza\u00e7\u00e3o de subprodutos agroindustriais na produ\u00e7\u00e3o de briquetes (2021)<\/a>.<\/p>\n\n\n\n<p><a rel=\"noreferrer noopener\" href=\"https:\/\/www.sciencedirect.com\/science\/article\/pii\/S0301479720317795\" target=\"_blank\">Two-Stage anaerobic digestion in agroindustrial waste treatment: A review (2021).<\/a><\/p>\n\n\n\n<p><a rel=\"noreferrer noopener\" href=\"https:\/\/pubs.acs.org\/doi\/pdf\/10.1021\/acs.energyfuels.0c03805\" target=\"_blank\">Potential of Green Diesel To Complement the Brazilian Energy Production: A Review (2021)<\/a>.<\/p>\n\n\n\n<p><a rel=\"noreferrer noopener\" href=\"https:\/\/periodicos.uem.br\/ojs\/index.php\/ActaSciTechnol\/article\/view\/51303\" target=\"_blank\">Use of carbonized corn cob biomass to reduce acidity of residual frying oil (2021)<\/a>.<\/p>\n\n\n\n<p><a rel=\"noreferrer noopener\" href=\"https:\/\/periodicos.uem.br\/ojs\/index.php\/ActaSciTechnol\/article\/view\/51037\" target=\"_blank\">Drying of foods under intermittent supply of microwave energy: proposal for a mathematical model (2021)<\/a>.<\/p>\n\n\n\n<p><a href=\"https:\/\/www.researchgate.net\/publication\/354913840_REDUCAO_DE_DQO_E_TURBIDEZ_EM_EFLUENTE_DE_ABATEDOURO_DE_AVES_TRATADO_POR_ELETROCOAGULACAO\" target=\"_blank\" rel=\"noreferrer noopener\">Redu\u00e7\u00e3o de DQO e turbidez em efluente de abatedouro de aves tratado por eletrocoagula\u00e7\u00e3o (2021)<\/a>.<\/p>\n\n\n\n<p><a href=\"https:\/\/www.researchgate.net\/publication\/339824911_AVALIACAO_DA_PRODUCAO_DE_BIOGAS_ATRAVES_DE_BIODIGESTAO_ANAEROBIA_EM_DIFERENTES_RAZOES_INOCULOSUBSTRATO_DE_BIOPLASTICO_COMERCIAL_POLI_B-HIDROXIBUTIRATO_PHB\" target=\"_blank\" rel=\"noreferrer noopener\">Avalia\u00e7\u00e3o da produ\u00e7\u00e3o de biog\u00e1s atrav\u00e9s de biodigest\u00e3o anaer\u00f3bia em diferentes raz\u00f5es in\u00f3culo\/substrato de biopl\u00e1stico comercial poli (\u03b2-hidroxibutirato) (PHB) (2020)<\/a>.<\/p>\n\n\n\n<p><a href=\"https:\/\/www.researchgate.net\/publication\/339807815_AVALIACAO_DA_PRODUCAO_DE_BIOGAS_POR_DIGESTAO_ANAEROBIA_DE_BIOPOLIMERO_DE_AMIDO_DE_BATATA\" target=\"_blank\" rel=\"noreferrer noopener\">Avalia\u00e7\u00e3o da produ\u00e7\u00e3o de biog\u00e1s por digest\u00e3o anaer\u00f3bia de biopol\u00edmero de amido de batata (2020)<\/a>.<\/p>\n\n\n\n<p><a href=\"https:\/\/www.sciencedirect.com\/science\/article\/abs\/pii\/S0959652620308805\" target=\"_blank\" rel=\"noreferrer noopener\">Production of biohydrogen by a anaerobic digestion process using the residual glycerol from biodiesel production as additive to cassava wastewater (2020)<\/a>.<\/p>\n\n\n\n<p><a href=\"https:\/\/link.springer.com\/article\/10.1007\/s11356-020-08272-8\" target=\"_blank\" rel=\"noreferrer noopener\">Catalytic efficiency of the eggshell calcined and enriched with glycerin in the synthesis of biodiesel from frying residual oil (2020)<\/a>.<\/p>\n\n\n\n<p><a href=\"https:\/\/periodicos.uem.br\/ojs\/index.php\/RevTecnol\/article\/view\/52445\" target=\"_blank\" rel=\"noreferrer noopener\">Estudo da estabilidade oxidativa do biodiesel a partir do \u00f3leo de pequi ap\u00f3s diferentes tempos de fritura (2020)<\/a>.<\/p>\n\n\n\n<p><a href=\"https:\/\/www.sciencedirect.com\/science\/article\/abs\/pii\/S0926669020303873\" target=\"_blank\" rel=\"noreferrer noopener\">Effect of substrate concentrations on methane and hydrogen biogas production by anaerobic digestion of a cassava starch-based polymer (2020)<\/a>.<\/p>\n\n\n\n<p><a href=\"https:\/\/brazilianjournals.com\/ojs\/index.php\/BRJD\/article\/view\/9580\" target=\"_blank\" rel=\"noreferrer noopener\">Reduction of the acidity index through neutralization and esterification for biodiesel production (2020)<\/a>.<\/p>\n\n\n\n<p><a href=\"https:\/\/ascelibrary.org\/doi\/abs\/10.1061\/%28ASCE%29EE.1943-7870.0001764\" target=\"_blank\" rel=\"noreferrer noopener\">Assessment of the Anaerobic Digestion of Crude Glycerol, Stillage, and Swine Wastewater Mixtures (2020)<\/a>.<\/p>\n\n\n\n<p><a href=\"https:\/\/revistas.ufpr.br\/rber\/article\/view\/55916\" target=\"_blank\" rel=\"noreferrer noopener\">Comparativo de custos da altera\u00e7\u00e3o de um sistema fotovoltaico isolado para fotovoltaico interligado \u00e0 rede da concession\u00e1ria &#8211; estudo de caso (2019)<\/a>. <\/p>\n\n\n\n<p><a href=\"https:\/\/www.sciencedirect.com\/science\/article\/abs\/pii\/S0926669019307198\" target=\"_blank\" rel=\"noreferrer noopener\">Influence of inoculum to substrate ratio on the anaerobic digestion of a cassava starch polymer (2019)<\/a>.<\/p>\n\n\n\n<p><a href=\"https:\/\/www.sciencedirect.com\/science\/article\/abs\/pii\/S1364032117312200\" target=\"_blank\" rel=\"noreferrer noopener\">Scenarios and prospects of solid biofuel use in Brazil (2018)<\/a>.<\/p>\n\n\n\n<p><a href=\"https:\/\/www.tandfonline.com\/doi\/abs\/10.1080\/09593330.2017.1422807?journalCode=tent20\" target=\"_blank\" rel=\"noreferrer noopener\">Evaluation of different adsorbents for acidity reduction in residual oils (2018)<\/a>.<\/p>\n\n\n\n<p><a href=\"https:\/\/journals.scholarsportal.info\/details\/22133437\/v06i0004\/4988_eefworapwsba.xml&amp;sub=all\" target=\"_blank\" rel=\"noreferrer noopener\">Ethyl esters from waste oil: Reaction data of non-catalytic hydroesterification at pressurized conditions and purification with sugarcane bagasse ash (2018)<\/a>.<\/p>\n\n\n\n<p><a href=\"https:\/\/periodicos.uem.br\/ojs\/index.php\/ActaSciTechnol\/article\/view\/29406\" target=\"_blank\" rel=\"noreferrer noopener\">Oxidative stability of biodiesel blends derived from waste frying oils (2017)<\/a>. <\/p>\n\n\n\n<p><a href=\"https:\/\/www.sciencegate.app\/document\/10.1108\/meq-07-2015-0142\" target=\"_blank\" rel=\"noreferrer noopener\">Biogas production with co-digestion of sugarcane straw (2017)<\/a>.<\/p>\n\n\n\n<p><a href=\"https:\/\/www.sciencedirect.com\/science\/article\/abs\/pii\/S1364032117312194\" target=\"_blank\" rel=\"noreferrer noopener\">Brazilian poultry activity waste: Destinations and energetic potential (2017)<\/a>.<\/p>\n\n\n\n<p><a rel=\"noreferrer noopener\" href=\"https:\/\/www.tandfonline.com\/doi\/abs\/10.1080\/09593330.2017.1397772\" target=\"_blank\">Use of rice husk in waste cooking oil pretreatment (2017)<\/a>.<\/p>\n\n\n\n<p><a href=\"https:\/\/www.researchgate.net\/publication\/305486667_Biodigestao_anaerobia_de_polimero_organico_de_fecula_de_mandioca\" target=\"_blank\" rel=\"noreferrer noopener\">Biodigest\u00e3o anaer\u00f3bia de pol\u00edmero org\u00e2nico de f\u00e9cula de mandioca (2016)<\/a>.<\/p>\n\n\n\n<p><a href=\"https:\/\/www.sciencedirect.com\/science\/article\/abs\/pii\/S0926669016303089\" target=\"_blank\" rel=\"noreferrer noopener\">Oxidative stability of biodiesel blends derived from different fatty materials (2016)<\/a>.<\/p>\n\n\n\n<p><a href=\"https:\/\/www.researchgate.net\/publication\/308053425_Comparison_between_biodegradable_polymers_from_cassava_starch_and_glycerol_as_additives_to_biogas_production\" target=\"_blank\" rel=\"noreferrer noopener\">Comparison between biodegradable polymers from cassava starch and glycerol as additives to biogas production (2016)<\/a>. <\/p>\n\n\n\n<p><a href=\"https:\/\/www.sciencedirect.com\/science\/article\/abs\/pii\/S2213343716303384\" target=\"_blank\" rel=\"noreferrer noopener\">Sugarcane bagasse ash for waste cooking oil treatment applications (2016)<\/a>.<\/p>\n\n\n\n<p><a href=\"https:\/\/revistas.unibh.br\/dcet\/article\/view\/1934\" target=\"_blank\" rel=\"noreferrer noopener\">Produ\u00e7\u00e3o de biog\u00e1s a partir da codigest\u00e3o de \u00e1gua residu\u00e1ria de suinocultura, vinha\u00e7a e glicerol bruto em reator com alimenta\u00e7\u00e3o semicont\u00ednua (2016)<\/a>.<\/p>\n\n\n\n<p><a href=\"https:\/\/www.researchgate.net\/publication\/314278210_Producao_de_biogas_pelo_uso_de_glicerol_em_diferentes_residuos_agroindustriais\" target=\"_blank\" rel=\"noreferrer noopener\">Produ\u00e7\u00e3o de biog\u00e1s pelo uso de glicerol em diferentes res\u00edduos agroindustriais (2016)<\/a>.<\/p>\n\n\n\n<p><a href=\"https:\/\/www.researchgate.net\/publication\/318217984_BIODIGESTAO_ANAEROBIA_DE_RESIDUOS_LIQUIDOS_DE_FECULARIA_COM_ADICAO_DE_GLICEROL_EM_FASE_TERMOFILICA\" target=\"_blank\" rel=\"noreferrer noopener\">Biodigest\u00e3o anaer\u00f3bia de manipueira com adi\u00e7\u00e3o de glicerol em faixa termof\u00edlica (2016)<\/a>.<\/p>\n\n\n\n<p><a rel=\"noreferrer noopener\" href=\"https:\/\/www.sciencedirect.com\/science\/article\/abs\/pii\/S136403211401003X\" target=\"_blank\">Current scenario and prospects of use of liquid biofuels in South America (2015)<\/a>.<\/p>\n\n\n\n<p><a rel=\"noreferrer noopener\" href=\"https:\/\/www.sciencedirect.com\/science\/article\/abs\/pii\/S1364032114010442\" target=\"_blank\">Biofuels in Brazilian aviation: Current scenario and prospects (201<\/a><a href=\"https:\/\/www.sciencedirect.com\/science\/article\/abs\/pii\/S1364032114010442\" target=\"_blank\" rel=\"noreferrer noopener\">5<\/a><a rel=\"noreferrer noopener\" href=\"https:\/\/www.sciencedirect.com\/science\/article\/abs\/pii\/S1364032114010442\" target=\"_blank\">)<\/a>.<\/p>\n\n\n\n<p><a href=\"https:\/\/www.sciencedirect.com\/science\/article\/abs\/pii\/S1871678415000059\" target=\"_blank\" rel=\"noreferrer noopener\">Environmental, economic and social impact of aviation biofuel production in Brazil (2015)<\/a>.<\/p>\n\n\n\n<p><a href=\"https:\/\/revistas.ufpr.br\/rber\/article\/view\/40080\" target=\"_blank\" rel=\"noreferrer noopener\">Otimiza\u00e7\u00e3o do processo de destila\u00e7\u00e3o em planta piloto para produ\u00e7\u00e3o de etanol hidratado (2015)<\/a>.<\/p>\n\n\n\n<p><a href=\"https:\/\/revistas.ufpr.br\/rber\/article\/view\/40191\" target=\"_blank\" rel=\"noreferrer noopener\">Conscientiza\u00e7\u00e3o ambiental uma integra\u00e7\u00e3o sociedade e meio ambiente para reciclagem do \u00f3leo residual (2015)<\/a>.<\/p>\n\n\n\n<p><a href=\"https:\/\/periodicos.uem.br\/ojs\/index.php\/RevTecnol\/article\/view\/26007\" target=\"_blank\" rel=\"noreferrer noopener\">Avalia\u00e7\u00e3o da produ\u00e7\u00e3o de \u00e9steres met\u00edlicos e glicerol a partir das misturas de \u00f3leo residual, de soja e de canola (2015)<\/a>.<\/p>\n\n\n\n<p><a href=\"https:\/\/periodicos.uem.br\/ojs\/index.php\/RevTecnol\/article\/view\/26008\" target=\"_blank\" rel=\"noreferrer noopener\">Utiliza\u00e7\u00e3o do baga\u00e7o de cana-de-a\u00e7\u00facar como adsorvente na redu\u00e7\u00e3o da acidez de \u00f3leo residual para produ\u00e7\u00e3o de biodiesel (2015)<\/a>.<\/p>\n\n\n\n<p><a href=\"https:\/\/revistas.rcaap.pt\/rca\/article\/view\/16875\" target=\"_blank\" rel=\"noreferrer noopener\">Codigest\u00e3o de \u00e1gua residual de suinocultura e vinha\u00e7a sob diferentes condi\u00e7\u00f5es t\u00e9rmicas (2015)<\/a>.<\/p>\n\n\n\n<p><a href=\"https:\/\/periodicos.uem.br\/ojs\/index.php\/ActaSciTechnol\/article\/view\/25794\" target=\"_blank\" rel=\"noreferrer noopener\">Optimization of first generation alcoholic fermentation process with Saccharomyces cerevisiae (2015)<\/a>.<\/p>\n\n\n\n<p><a href=\"https:\/\/periodicos.uem.br\/ojs\/index.php\/RevTecnol\/article\/view\/28742\" target=\"_blank\" rel=\"noreferrer noopener\">Efeitos das condi\u00e7\u00f5es reacionais de transesterifica\u00e7\u00e3o alcalina a partir de \u00f3leos residuais (2015)<\/a>.<\/p>\n\n\n\n<p><a href=\"https:\/\/www.researchgate.net\/publication\/318220048_COMPARACAO_DA_VARIACAO_DO_INDICE_DE_PEROXIDO_E_MASSA_ESPECIFICA_DAS_MISTURAS_DE_ESTERES_A_PARTIR_DO_OLEO_DE_PEQUI_APOS_DIFERENTES_TEMPOS_DE_FRITURA\" target=\"_blank\" rel=\"noreferrer noopener\">Compara\u00e7\u00e3o da varia\u00e7\u00e3o do \u00edndice de per\u00f3xido e massa espec\u00edfica das misturas de \u00e9steres a partir do \u00f3leo de pequi ap\u00f3s diferentes tempos de fritura (2015)<\/a>.<\/p>\n\n\n\n<p><a href=\"https:\/\/www.researchgate.net\/publication\/318217984_BIODIGESTAO_ANAEROBIA_DE_RESIDUOS_LIQUIDOS_DE_FECULARIA_COM_ADICAO_DE_GLICEROL_EM_FASE_TERMOFILICA\" target=\"_blank\" rel=\"noreferrer noopener\">Biodigest\u00e3o anaer\u00f3bia de res\u00edduos l\u00edquidos de fecularia com adi\u00e7\u00e3o de glicerol em fase termof\u00edlica (2015)<\/a>.<\/p>\n\n\n\n<p><a href=\"https:\/\/www.researchgate.net\/publication\/318217985_UTILIZACAO_DA_ARGILA_BENTONITA_COMO_MATERIAL_ADSORVENTE_PARA_DIMINUICAO_DO_INDICE_DE_ACIDEZ_DOS_OLEOS_RESIDUAIS\" target=\"_blank\" rel=\"noreferrer noopener\">Utiliza\u00e7\u00e3o da argila bentonita como material adsorvente para diminui\u00e7\u00e3o do \u00edndice de acidez dos \u00f3leos residuais (2015)<\/a>.<\/p>\n\n\n\n<p><a href=\"https:\/\/www.researchgate.net\/publication\/318219806_POTENCIAL_DENDROENERGETICO_DE_COMBUSTIVEIS_SOLIDOS_DE_EUCALYPTUS_GRANDIS\" target=\"_blank\" rel=\"noreferrer noopener\">Potencial dendroenerg\u00e9tico de combust\u00edveis s\u00f3lidos de eucalyptus grandis (2015)<\/a>.<\/p>\n\n\n\n<p><a href=\"https:\/\/www.researchgate.net\/publication\/318217986_PERIODO_DE_INDUCAO_DE_BLENDAS_DE_BIODIESEL_DE_DIFERENTES_FONTES_GRAXAS\" target=\"_blank\" rel=\"noreferrer noopener\">Per\u00edodo de indu\u00e7\u00e3o de blendas de biodiesel de diferentes fontes graxas (2015)<\/a>.<\/p>\n\n\n\n<p><a rel=\"noreferrer noopener\" href=\"https:\/\/www.ajol.info\/index.php\/ajb\/article\/view\/118384\" target=\"_blank\">Fertigation of stillage in the culture of brown and golden linseed (Linum usitatissimum) (2014<\/a>).<\/p>\n","protected":false},"excerpt":{"rendered":"<p>Briquettes produced from the mixture of agro-industrial residues composed of eucalyptus sawdust with turnip or corn cob cake (2023). Influence of the glycerin content in the preparation of calcium diglyceroxide from eggshell applied in the residual oil transesterification (2022) Evaluation of Commercial Bioplastic Degradation Poli (\u03b2-hydroxybutyrate) (PHB) Through Anaerobic Biodigestion in Different Ratios Inoculum\/Substrate (2022). &hellip; <a href=\"https:\/\/palotina.ufpr.br\/lpb\/publicacoes-2\/\">Continue reading <span class=\"meta-nav\">&rarr;<\/span><\/a><\/p>\n","protected":false},"author":16,"featured_media":0,"parent":0,"menu_order":0,"comment_status":"closed","ping_status":"closed","template":"","meta":{"_acf_changed":false,"footnotes":""},"class_list":["post-612","page","type-page","status-publish","hentry"],"acf":[],"_links":{"self":[{"href":"https:\/\/palotina.ufpr.br\/lpb\/wp-json\/wp\/v2\/pages\/612","targetHints":{"allow":["GET"]}}],"collection":[{"href":"https:\/\/palotina.ufpr.br\/lpb\/wp-json\/wp\/v2\/pages"}],"about":[{"href":"https:\/\/palotina.ufpr.br\/lpb\/wp-json\/wp\/v2\/types\/page"}],"author":[{"embeddable":true,"href":"https:\/\/palotina.ufpr.br\/lpb\/wp-json\/wp\/v2\/users\/16"}],"replies":[{"embeddable":true,"href":"https:\/\/palotina.ufpr.br\/lpb\/wp-json\/wp\/v2\/comments?post=612"}],"version-history":[{"count":42,"href":"https:\/\/palotina.ufpr.br\/lpb\/wp-json\/wp\/v2\/pages\/612\/revisions"}],"predecessor-version":[{"id":815,"href":"https:\/\/palotina.ufpr.br\/lpb\/wp-json\/wp\/v2\/pages\/612\/revisions\/815"}],"wp:attachment":[{"href":"https:\/\/palotina.ufpr.br\/lpb\/wp-json\/wp\/v2\/media?parent=612"}],"curies":[{"name":"wp","href":"https:\/\/api.w.org\/{rel}","templated":true}]}}