{"id":615,"date":"2022-08-26T08:22:39","date_gmt":"2022-08-26T11:22:39","guid":{"rendered":"https:\/\/palotina.ufpr.br\/lpb\/?page_id=615"},"modified":"2023-05-17T09:09:59","modified_gmt":"2023-05-17T12:09:59","slug":"dissertacoes-e-teses","status":"publish","type":"page","link":"https:\/\/palotina.ufpr.br\/lpb\/dissertacoes-e-teses\/","title":{"rendered":"Teses e Disserta\u00e7\u00f5es"},"content":{"rendered":"\n<p><strong>TESES<\/strong><\/p>\n\n\n\n<p><a href=\"https:\/\/tede.unioeste.br\/bitstream\/tede\/4879\/2\/Thompson_Meier_2020.pdf\" target=\"_blank\" rel=\"noreferrer noopener\">Otimiza\u00e7\u00e3o da produ\u00e7\u00e3o de biohidrog\u00eanio e biometano a partir de manipueira com adi\u00e7\u00e3o de glicerol residual pela biodigest\u00e3o anaer\u00f3bia (2020)<\/a>.<\/p>\n\n\n\n<p><a href=\"https:\/\/tede.unioeste.br\/bitstream\/tede\/4473\/5\/Eduardo_Rossi_2019.pdf\" target=\"_blank\" rel=\"noreferrer noopener\">Pr\u00e9-tratamentos e digest\u00e3o anaer\u00f3bia da palha de sorgo sacarino (Sorghum bicolor (L.) Moench.) (2019)<\/a>.<\/p>\n\n\n\n<p>Digest\u00e3o de res\u00edduos agroindustriais aditivados com glicerol residual e fertirriga\u00e7\u00e3o em cultura da canola (Brassica napus L.) (2019).<\/p>\n\n\n\n<hr class=\"wp-block-separator has-css-opacity\" \/>\n\n\n\n<p><strong>DISSERTA\u00c7\u00d5ES<\/strong><\/p>\n\n\n\n<p><a href=\"http:\/\/chrome-extension:\/\/efaidnbmnnnibpcajpcglclefindmkaj\/https:\/\/acervodigital.ufpr.br\/bitstream\/handle\/1884\/82297\/R%20-%20D%20-%20LETICIA%20RENATA%20BOHN.pdf?sequence=1&amp;isAllowed=y\">Extra\u00e7\u00e3o de compostos fen\u00f3licos assistida por ultrassom do res\u00edduo da produ\u00e7\u00e3o de vinho (2023).<\/a><\/p>\n\n\n\n<p><a href=\"https:\/\/acervodigital.ufpr.br\/handle\/1884\/76259\">Estudo da queima de lodo flotado de esta\u00e7\u00e3o de tratamento de efluentes em caldeira a biomassa (2022).<\/a><\/p>\n\n\n\n<p><a rel=\"noreferrer noopener\" href=\"https:\/\/acervodigital.ufpr.br\/bitstream\/handle\/1884\/73530\/R%20-%20D%20-%20JAQUELINE%20ZANOVELLI%20NALEVAIKO.pdf?sequence=1&amp;isAllowed=y\" target=\"_blank\">Purifica\u00e7\u00e3o de \u00f3leo residual utilizando casca de coco como adsorvente (2021)<\/a>.<\/p>\n\n\n\n<p><a href=\"https:\/\/acervodigital.ufpr.br\/bitstream\/handle\/1884\/69584\/R%20-%20D%20-%20DANILO%20HUNGARO%20MICHELETTI.pdf?sequence=1&amp;isAllowed=y\" target=\"_blank\" rel=\"noreferrer noopener\">Implementa\u00e7\u00e3o de energia solar fotovoltaica na modalidade de minigera\u00e7\u00e3o distribu\u00edda: estudo de caso (2020)<\/a>.<\/p>\n\n\n\n<p><a href=\"https:\/\/acervodigital.ufpr.br\/bitstream\/handle\/1884\/70172\/R%20-%20D%20-%20LUAN%20FELIPE%20FEITOSA%20DA%20SILVA.pdf?sequence=1&amp;isAllowed=y\" target=\"_blank\" rel=\"noreferrer noopener\">An\u00e1lise da qualidade do carv\u00e3o vegetal produzido a partir dos res\u00edduos do manejo florestal sustent\u00e1vel no estado do Par\u00e1, para fins sider\u00fargicos (2020)<\/a>.<\/p>\n\n\n\n<p><a href=\"https:\/\/acervodigital.ufpr.br\/bitstream\/handle\/1884\/71828\/R%20-%20D%20-%20BRUNO%20OLIVEIRA%20ROVERE.pdf?sequence=1&amp;isAllowed=y\" target=\"_blank\" rel=\"noreferrer noopener\">Pr\u00e9-tratamento de \u00f3leos vegetais brutos e residual para produ\u00e7\u00e3o de biodiesel via transesterifica\u00e7\u00e3o alcalina (2020)<\/a>.<\/p>\n\n\n\n<p><a href=\"https:\/\/acervodigital.ufpr.br\/bitstream\/handle\/1884\/64941\/R%20-%20D%20-%20NATALIA%20LUCYK%20CALORY.pdf?sequence=1&amp;isAllowed=y\" target=\"_blank\" rel=\"noreferrer noopener\">Produ\u00e7\u00e3o de mudas de repolho em substratos org\u00e2nicos provenientes da compostagem de res\u00edduos agroindustriais (2019)<\/a>.<\/p>\n\n\n\n<p><a href=\"https:\/\/acervodigital.ufpr.br\/bitstream\/handle\/1884\/65520\/R%20-%20D%20-%20RAFAEL%20ANGELO%20SPECK.pdf?sequence=1&amp;isAllowed=y\" target=\"_blank\" rel=\"noreferrer noopener\">Gera\u00e7\u00e3o e aproveitamento energ\u00e9tico de biog\u00e1s pela biodigest\u00e3o de manipueira &#8211; um estudo de caso (2019)<\/a>.<\/p>\n\n\n\n<p><a href=\"https:\/\/acervodigital.ufpr.br\/bitstream\/handle\/1884\/65572\/R%20-%20D%20-%20VENICIO%20STEFFLER.pdf?sequence=1&amp;isAllowed=y\" target=\"_blank\" rel=\"noreferrer noopener\">Produ\u00e7\u00e3o de briquetes a partir de coprodutos agroindustriais: baga\u00e7o de cana de a\u00e7\u00facar, cama de avi\u00e1rio e res\u00edduo de aminodaria (2019)<\/a>.<\/p>\n\n\n\n<p><a href=\"https:\/\/acervodigital.ufpr.br\/bitstream\/handle\/1884\/55837\/R%20-%20D%20-%20FRANCISCO%20MARCON%20FRICK.pdf?sequence=1&amp;isAllowed=y\" target=\"_blank\" rel=\"noreferrer noopener\">Efeito da adi\u00e7\u00e3o fracionada de torta de filtro na digest\u00e3o anaerobia de vinha\u00e7a (2018)<\/a>.<\/p>\n\n\n\n<p><a href=\"https:\/\/acervodigital.ufpr.br\/bitstream\/handle\/1884\/55457\/R%20-%20D%20-%20CARLOS%20DE%20JESUS%20DE%20OLIVEIRA.pdf?sequence=1&amp;isAllowed=y\" target=\"_blank\" rel=\"noreferrer noopener\">Estudo da efici\u00eancia do diglicer\u00f3xido de c\u00e1lcio a partir da casca de ovo e glicerina bruta como catalisador na s\u00edntese de biodiesel de \u00f3leos residuais (2018)<\/a>.<\/p>\n\n\n\n<p><a href=\"https:\/\/acervodigital.ufpr.br\/bitstream\/handle\/1884\/57984\/R%20-%20D%20-%20EVERTON%20DUIM%20RUFATO.pdf?sequence=1&amp;isAllowed=y\" target=\"_blank\" rel=\"noreferrer noopener\">Estudo do processo de eletrocoagula\u00e7\u00e3o para o tratamento de efluentes de abatedouro de aves (2018)<\/a>.<\/p>\n\n\n\n<p><a href=\"https:\/\/acervodigital.ufpr.br\/bitstream\/handle\/1884\/49578\/R%20-%20D%20-%20ALINE%20BAVARESCO.pdf?sequence=1&amp;isAllowed=y\" target=\"_blank\" rel=\"noreferrer noopener\">Caracteriza\u00e7\u00e3o e utiliza\u00e7\u00e3o do carv\u00e3o de sabugo de milho como adsorvente na purifica\u00e7\u00e3o do \u00f3leo residual de fritura (2017)<\/a>.<\/p>\n\n\n\n<p><a href=\"https:\/\/acervodigital.ufpr.br\/bitstream\/handle\/1884\/49521\/R%20-%20D%20-%20MARCIO%20RICARDO%20GRAFF.pdf?sequence=1&amp;isAllowed=y\" target=\"_blank\" rel=\"noreferrer noopener\">Comparativo de custos da altera\u00e7\u00e3o do sistema fotovoltaico isolado para fotovoltaico interligado \u00e0 rede da concession\u00e1ria &#8211; estudo de caso (2017)<\/a>.<\/p>\n\n\n\n<p><a href=\"https:\/\/acervodigital.ufpr.br\/bitstream\/handle\/1884\/42423\/R%20-%20D%20-%20THOMPSON%20RICARDO%20WEISER%20MEIER.pdf?sequence=1\" target=\"_blank\" rel=\"noreferrer noopener\">Avalia\u00e7\u00e3o da produ\u00e7\u00e3o de biog\u00e1s empregando \u00e1gua residu\u00e1ria de su\u00ednos, vinha\u00e7a e glicerol bruto (2016)<\/a>.<\/p>\n\n\n\n<p><a href=\"https:\/\/tede.unioeste.br\/bitstream\/tede\/791\/1\/DissertacaoPauloCremonez.pdf\" target=\"_blank\" rel=\"noreferrer noopener\">Digest\u00e3o anaer\u00f3bia de pol\u00edmero org\u00e2nico \u00e0 base de f\u00e9cula de mandioca (2015)<\/a>.<\/p>\n\n\n\n<p><a href=\"https:\/\/tede.unioeste.br\/bitstream\/tede\/3499\/5\/Gabriela_Bonassa2017.pdf\" target=\"_blank\" rel=\"noreferrer noopener\">Tratamento de \u00f3leo residual com baga\u00e7o de cana de a\u00e7\u00facar para produ\u00e7\u00e3o de Biocombust\u00edveis (2015)<\/a>.<\/p>\n\n\n\n<p><a href=\"https:\/\/www5.unioeste.br\/portalunioeste\/arq\/files\/PPGEA\/Dissertacao_Lara_T_Schnider.pdf\" target=\"_blank\" rel=\"noreferrer noopener\">Tratamento de \u00f3leo residual com palha de arroz para produ\u00e7\u00e3o de Biocombust\u00edveis (2015)<\/a>.<\/p>\n","protected":false},"excerpt":{"rendered":"<p>TESES Otimiza\u00e7\u00e3o da produ\u00e7\u00e3o de biohidrog\u00eanio e biometano a partir de manipueira com adi\u00e7\u00e3o de glicerol residual pela biodigest\u00e3o anaer\u00f3bia (2020). Pr\u00e9-tratamentos e digest\u00e3o anaer\u00f3bia da palha de sorgo sacarino (Sorghum bicolor (L.) Moench.) (2019). Digest\u00e3o de res\u00edduos agroindustriais aditivados com glicerol residual e fertirriga\u00e7\u00e3o em cultura da canola (Brassica napus L.) (2019). DISSERTA\u00c7\u00d5ES Extra\u00e7\u00e3o &hellip; <a href=\"https:\/\/palotina.ufpr.br\/lpb\/dissertacoes-e-teses\/\">Continue reading <span class=\"meta-nav\">&rarr;<\/span><\/a><\/p>\n","protected":false},"author":16,"featured_media":0,"parent":0,"menu_order":0,"comment_status":"closed","ping_status":"closed","template":"","meta":{"_acf_changed":false,"footnotes":""},"class_list":["post-615","page","type-page","status-publish","hentry"],"acf":[],"_links":{"self":[{"href":"https:\/\/palotina.ufpr.br\/lpb\/wp-json\/wp\/v2\/pages\/615","targetHints":{"allow":["GET"]}}],"collection":[{"href":"https:\/\/palotina.ufpr.br\/lpb\/wp-json\/wp\/v2\/pages"}],"about":[{"href":"https:\/\/palotina.ufpr.br\/lpb\/wp-json\/wp\/v2\/types\/page"}],"author":[{"embeddable":true,"href":"https:\/\/palotina.ufpr.br\/lpb\/wp-json\/wp\/v2\/users\/16"}],"replies":[{"embeddable":true,"href":"https:\/\/palotina.ufpr.br\/lpb\/wp-json\/wp\/v2\/comments?post=615"}],"version-history":[{"count":18,"href":"https:\/\/palotina.ufpr.br\/lpb\/wp-json\/wp\/v2\/pages\/615\/revisions"}],"predecessor-version":[{"id":812,"href":"https:\/\/palotina.ufpr.br\/lpb\/wp-json\/wp\/v2\/pages\/615\/revisions\/812"}],"wp:attachment":[{"href":"https:\/\/palotina.ufpr.br\/lpb\/wp-json\/wp\/v2\/media?parent=615"}],"curies":[{"name":"wp","href":"https:\/\/api.w.org\/{rel}","templated":true}]}}