{"id":624,"date":"2022-08-26T08:33:42","date_gmt":"2022-08-26T11:33:42","guid":{"rendered":"https:\/\/palotina.ufpr.br\/lpb\/?page_id=624"},"modified":"2022-08-26T16:30:13","modified_gmt":"2022-08-26T19:30:13","slug":"grupo-de-pesquisa","status":"publish","type":"page","link":"https:\/\/palotina.ufpr.br\/lpb\/grupo-de-pesquisa\/","title":{"rendered":"Grupo de pesquisa"},"content":{"rendered":"\n<p><strong>Grupo de Pesquisa em Energias Renov\u00e1veis Alternativas (GERA)<\/strong><\/p>\n\n\n\n<p>O Grupo de Estudos tem como objetivo principal promover o desenvolvimento de pesquisas envolvendo os processos de gera\u00e7\u00e3o, distribui\u00e7\u00e3o e consumo de energias renov\u00e1veis alternativas. O GERA procura ainda atender \u00e0s necessidades de desenvolvimento de novos produtos, metodologias inovadoras e melhoria da qualidade dos biocombust\u00edveis (biodiesel, bioetanol, biog\u00e1s, biohidrog\u00eanio). O grupo possui a maior parte do seu n\u00facleo atuando no Curso de Engenharia de Energia da UFPR \/ Setor Palotina, localizado no munic\u00edpio de Palotina (p\u00f3lo agr\u00edcola da regi\u00e3o oeste do Paran\u00e1). Possui integrantes fazem parte do Programa de P\u00f3s-Gradua\u00e7\u00e3o em Bioenergia (Mestrado em rede no PR), do Programa de P\u00f3s-Gradua\u00e7\u00e3o em Engenharia e Tecnologia Ambiental (PPGETA), e tamb\u00e9m do Programa de Mestrado em Biotecnologia (PPB).<\/p>\n\n\n\n<p><a href=\"http:\/\/dgp.cnpq.br\/dgp\/espelhogrupo\/5816152181333106\" data-type=\"URL\" data-id=\"dgp.cnpq.br\/dgp\/espelhogrupo\/5816152181333106\">Saiba mais<\/a><\/p>\n","protected":false},"excerpt":{"rendered":"<p>Grupo de Pesquisa em Energias Renov\u00e1veis Alternativas (GERA) O Grupo de Estudos tem como objetivo principal promover o desenvolvimento de pesquisas envolvendo os processos de gera\u00e7\u00e3o, distribui\u00e7\u00e3o e consumo de energias renov\u00e1veis alternativas. O GERA procura ainda atender \u00e0s necessidades de desenvolvimento de novos produtos, metodologias inovadoras e melhoria da qualidade dos biocombust\u00edveis (biodiesel, bioetanol, &hellip; <a href=\"https:\/\/palotina.ufpr.br\/lpb\/grupo-de-pesquisa\/\">Continue reading <span class=\"meta-nav\">&rarr;<\/span><\/a><\/p>\n","protected":false},"author":16,"featured_media":0,"parent":0,"menu_order":0,"comment_status":"closed","ping_status":"closed","template":"","meta":{"_acf_changed":false,"footnotes":""},"class_list":["post-624","page","type-page","status-publish","hentry"],"acf":[],"_links":{"self":[{"href":"https:\/\/palotina.ufpr.br\/lpb\/wp-json\/wp\/v2\/pages\/624","targetHints":{"allow":["GET"]}}],"collection":[{"href":"https:\/\/palotina.ufpr.br\/lpb\/wp-json\/wp\/v2\/pages"}],"about":[{"href":"https:\/\/palotina.ufpr.br\/lpb\/wp-json\/wp\/v2\/types\/page"}],"author":[{"embeddable":true,"href":"https:\/\/palotina.ufpr.br\/lpb\/wp-json\/wp\/v2\/users\/16"}],"replies":[{"embeddable":true,"href":"https:\/\/palotina.ufpr.br\/lpb\/wp-json\/wp\/v2\/comments?post=624"}],"version-history":[{"count":3,"href":"https:\/\/palotina.ufpr.br\/lpb\/wp-json\/wp\/v2\/pages\/624\/revisions"}],"predecessor-version":[{"id":737,"href":"https:\/\/palotina.ufpr.br\/lpb\/wp-json\/wp\/v2\/pages\/624\/revisions\/737"}],"wp:attachment":[{"href":"https:\/\/palotina.ufpr.br\/lpb\/wp-json\/wp\/v2\/media?parent=624"}],"curies":[{"name":"wp","href":"https:\/\/api.w.org\/{rel}","templated":true}]}}