{"id":629,"date":"2022-08-26T08:39:19","date_gmt":"2022-08-26T11:39:19","guid":{"rendered":"https:\/\/palotina.ufpr.br\/lpb\/?page_id=629"},"modified":"2024-11-29T10:07:10","modified_gmt":"2024-11-29T13:07:10","slug":"analises-laboratoriais","status":"publish","type":"page","link":"https:\/\/palotina.ufpr.br\/lpb\/analises-laboratoriais\/","title":{"rendered":"An\u00e1lises laboratoriais"},"content":{"rendered":"\n<p>A equipe t\u00e9cnica do LPB atua na execu\u00e7\u00e3o de an\u00e1lises laboratoriais nas \u00e1reas de energias renov\u00e1veis, desenvolvimento tecnol\u00f3gico e meio ambiente.&nbsp;&nbsp;<\/p>\n\n\n\n<p>Na tabela abaixo \u00e9 apresentado o escopo de an\u00e1lises laboratoriais desenvolvidas no LPB:<\/p>\n\n\n\n<figure class=\"wp-block-table\"><table><tbody><tr><td><strong>Material a ser analisado<\/strong>&nbsp;<\/td><td><strong>Ensaios<\/strong>&nbsp;<\/td><td><strong>Valor da an\u00e1lise<\/strong>&nbsp;<\/td><\/tr><tr><td>S\u00f3lidos&nbsp;<\/td><td>Umidade&nbsp;<\/td><td>R$ 55&nbsp;<\/td><\/tr><tr><td>S\u00f3lidos&nbsp;<\/td><td>Carbono incombusto&nbsp;<\/td><td>R$ 90&nbsp;<\/td><\/tr><tr><td>S\u00f3lidos&nbsp;<\/td><td>An\u00e1lise imediata&nbsp;<\/td><td>R$ 95&nbsp;<\/td><\/tr><tr><td>S\u00f3lidos&nbsp;<\/td><td>Prepara\u00e7\u00e3o de amostra&nbsp;<\/td><td>R$ 65&nbsp;<\/td><\/tr><tr><td>S\u00f3lidos&nbsp;<\/td><td>Extrato Etereo&nbsp;<\/td><td>R$ 250&nbsp;<\/td><\/tr><tr><td>S\u00f3lidos&nbsp;<\/td><td>Teor de fibras&nbsp;<\/td><td>R$ 350&nbsp;<\/td><\/tr><tr><td>S\u00f3lidos ou l\u00edquidos&nbsp;<\/td><td>Teste \u00e9ber&nbsp;<\/td><td>R$ 30&nbsp;<\/td><\/tr><tr><td>S\u00f3lidos ou l\u00edquidos<\/td><td>Poder Calor\u00edfico<\/td><td>R$ 100<\/td><\/tr><tr><td>L\u00edquidos&nbsp;<\/td><td>Condutividade&nbsp;<\/td><td>R$ 45&nbsp;<\/td><\/tr><tr><td>L\u00edquidos&nbsp;<\/td><td>pH&nbsp;<\/td><td>R$ 45&nbsp;<\/td><\/tr><tr><td>L\u00edquidos&nbsp;<\/td><td>S\u00f3lidos&nbsp;<\/td><td>R$ 90&nbsp;<\/td><\/tr><tr><td>L\u00edquidos&nbsp;<\/td><td>Turbidez&nbsp;<\/td><td>R$ 45&nbsp;<\/td><\/tr><tr><td>L\u00edquidos&nbsp;<\/td><td>DQO&nbsp;<\/td><td>R$ 215&nbsp;<\/td><\/tr><tr><td>L\u00edquidos&nbsp;<\/td><td>Alcalinidade-Acidez&nbsp;<\/td><td>R$ 215&nbsp;<\/td><\/tr><tr><td>L\u00edquidos&nbsp;<\/td><td>Acidez&nbsp;<\/td><td>R$ 70&nbsp;<\/td><\/tr><tr><td>L\u00edquidos&nbsp;<\/td><td>Saponifica\u00e7\u00e3o&nbsp;<\/td><td>R$ 110&nbsp;<\/td><\/tr><tr><td>L\u00edquidos&nbsp;<\/td><td>Impurezas \u00c9ter&nbsp;<\/td><td>R$ 140&nbsp;<\/td><\/tr><tr><td>L\u00edquidos&nbsp;<\/td><td>Brix&nbsp;<\/td><td>R$ 45&nbsp;<\/td><\/tr><tr><td>L\u00edquidos&nbsp;<\/td><td>Teor etanol&nbsp;<\/td><td>R$ 100&nbsp;<\/td><\/tr><tr><td>L\u00edquidos&nbsp;<\/td><td>A\u00e7\u00facares redutores&nbsp;<\/td><td>R$ 205&nbsp;<\/td><\/tr><tr><td>L\u00edquidos&nbsp;<\/td><td>A\u00e7\u00facares totais&nbsp;<\/td><td>R$ 220&nbsp;<\/td><\/tr><tr><td>Gasosos&nbsp;<\/td><td>Composi\u00e7\u00e3o do biog\u00e1s&nbsp;<\/td><td>R$ 250&nbsp;<\/td><\/tr><\/tbody><\/table><\/figure>\n\n\n\n<p>Para contrata\u00e7\u00e3o de an\u00e1lises, agendamento ou mais informa\u00e7\u00f5es, entre em contato conosco.<\/p>\n","protected":false},"excerpt":{"rendered":"<p>A equipe t\u00e9cnica do LPB atua na execu\u00e7\u00e3o de an\u00e1lises laboratoriais nas \u00e1reas de energias renov\u00e1veis, desenvolvimento tecnol\u00f3gico e meio ambiente.&nbsp;&nbsp; Na tabela abaixo \u00e9 apresentado o escopo de an\u00e1lises laboratoriais desenvolvidas no LPB: Material a ser analisado&nbsp; Ensaios&nbsp; Valor da an\u00e1lise&nbsp; S\u00f3lidos&nbsp; Umidade&nbsp; R$ 55&nbsp; S\u00f3lidos&nbsp; Carbono incombusto&nbsp; R$ 90&nbsp; S\u00f3lidos&nbsp; An\u00e1lise imediata&nbsp; R$ &hellip; <a href=\"https:\/\/palotina.ufpr.br\/lpb\/analises-laboratoriais\/\">Continue reading <span class=\"meta-nav\">&rarr;<\/span><\/a><\/p>\n","protected":false},"author":16,"featured_media":0,"parent":0,"menu_order":0,"comment_status":"closed","ping_status":"closed","template":"","meta":{"_acf_changed":false,"footnotes":""},"class_list":["post-629","page","type-page","status-publish","hentry"],"acf":[],"_links":{"self":[{"href":"https:\/\/palotina.ufpr.br\/lpb\/wp-json\/wp\/v2\/pages\/629","targetHints":{"allow":["GET"]}}],"collection":[{"href":"https:\/\/palotina.ufpr.br\/lpb\/wp-json\/wp\/v2\/pages"}],"about":[{"href":"https:\/\/palotina.ufpr.br\/lpb\/wp-json\/wp\/v2\/types\/page"}],"author":[{"embeddable":true,"href":"https:\/\/palotina.ufpr.br\/lpb\/wp-json\/wp\/v2\/users\/16"}],"replies":[{"embeddable":true,"href":"https:\/\/palotina.ufpr.br\/lpb\/wp-json\/wp\/v2\/comments?post=629"}],"version-history":[{"count":6,"href":"https:\/\/palotina.ufpr.br\/lpb\/wp-json\/wp\/v2\/pages\/629\/revisions"}],"predecessor-version":[{"id":877,"href":"https:\/\/palotina.ufpr.br\/lpb\/wp-json\/wp\/v2\/pages\/629\/revisions\/877"}],"wp:attachment":[{"href":"https:\/\/palotina.ufpr.br\/lpb\/wp-json\/wp\/v2\/media?parent=629"}],"curies":[{"name":"wp","href":"https:\/\/api.w.org\/{rel}","templated":true}]}}