{"id":63,"date":"2016-06-28T15:57:21","date_gmt":"2016-06-28T18:57:21","guid":{"rendered":"https:\/\/palotina.ufpr.br\/lpb\/?page_id=63"},"modified":"2022-08-26T15:54:50","modified_gmt":"2022-08-26T18:54:50","slug":"contato","status":"publish","type":"page","link":"https:\/\/palotina.ufpr.br\/lpb\/contato\/","title":{"rendered":"Contato"},"content":{"rendered":"<hr \/>\n<h4 class=\"elementor-heading-title elementor-size-default\">Localiza\u00e7\u00e3o<\/h4>\n<p>Universidade Federal do Paran\u00e1 \u2013 Setor Palotina<br \/>\nLaborat\u00f3rio de Produ\u00e7\u00e3o de Biocombust\u00edveis (LPB)<br \/>\nRua Pioneiro, 2153 | Jardim Dallas | Palotina \u2013 PR | 85.950-000<\/p>\n<div class=\"elementor-element elementor-element-bd02ef0 elementor-widget elementor-widget-heading\">\n<div class=\"elementor-widget-container\">\n<h4 class=\"elementor-heading-title elementor-size-default\">Contatos<\/h4>\n<\/div>\n<\/div>\n<div class=\"elementor-element elementor-element-253cf75 elementor-widget elementor-widget-text-editor\">\n<div class=\"elementor-widget-container\">\n<div class=\"elementor-text-editor elementor-clearfix\">\n<p>Profa. Dra. Adriana Ferla de Oliveira<\/p>\n<p>e-mail: <em><span style=\"color: #000000\">adrianaferla@ufpr.br<\/span><\/em><\/p>\n<p>Profa. Dra. Dilcemara Cristina Zenatti<\/p>\n<p>e-mail: <em>dil.zenatti@ufpr.br<\/em><\/p>\n<p>Prof. Dr. Eduardo Lucas Konrad Burin<\/p>\n<p>e-mail: <em>eduardo.burin@ufpr.br<\/em><\/p>\n<p>Prof. Dr. Joel Gustavo Teleken<\/p>\n<p>e-mail: <em>joel.teleken@ufpr.br<\/em><\/p>\n<p>T\u00e9cnico Dr. Thompson Ricardo Weiser Meier<\/p>\n<p>e-mail: <em>thompson@ufpr.br<\/em><\/p>\n<\/div>\n<\/div>\n<\/div>\n<div class=\"elementor-element elementor-element-82a0ede elementor-widget elementor-widget-heading\">\n<div class=\"elementor-widget-container\"><\/div>\n<\/div>\n<div class=\"elementor-element elementor-element-8275511 elementor-widget elementor-widget-text-editor\">\n<div class=\"elementor-widget-container\">\n<div class=\"elementor-text-editor elementor-clearfix\">\n<h4>Funcionamento<\/h4>\n<p>Segunda \u00e0 Sexta: 8h \u00e0s 17h<\/p>\n<\/div>\n<\/div>\n<\/div>\n","protected":false},"excerpt":{"rendered":"<p>Localiza\u00e7\u00e3o Universidade Federal do Paran\u00e1 \u2013 Setor Palotina Laborat\u00f3rio de Produ\u00e7\u00e3o de Biocombust\u00edveis (LPB) Rua Pioneiro, 2153 | Jardim Dallas | Palotina \u2013 PR | 85.950-000 Contatos Profa. Dra. Adriana Ferla de Oliveira e-mail: adrianaferla@ufpr.br Profa. Dra. Dilcemara Cristina Zenatti e-mail: dil.zenatti@ufpr.br Prof. Dr. Eduardo Lucas Konrad Burin e-mail: eduardo.burin@ufpr.br Prof. Dr. Joel Gustavo Teleken &hellip; <a href=\"https:\/\/palotina.ufpr.br\/lpb\/contato\/\">Continue reading <span class=\"meta-nav\">&rarr;<\/span><\/a><\/p>\n","protected":false},"author":1397,"featured_media":0,"parent":0,"menu_order":0,"comment_status":"closed","ping_status":"closed","template":"","meta":{"_acf_changed":false,"footnotes":""},"class_list":["post-63","page","type-page","status-publish","hentry"],"acf":[],"_links":{"self":[{"href":"https:\/\/palotina.ufpr.br\/lpb\/wp-json\/wp\/v2\/pages\/63","targetHints":{"allow":["GET"]}}],"collection":[{"href":"https:\/\/palotina.ufpr.br\/lpb\/wp-json\/wp\/v2\/pages"}],"about":[{"href":"https:\/\/palotina.ufpr.br\/lpb\/wp-json\/wp\/v2\/types\/page"}],"author":[{"embeddable":true,"href":"https:\/\/palotina.ufpr.br\/lpb\/wp-json\/wp\/v2\/users\/1397"}],"replies":[{"embeddable":true,"href":"https:\/\/palotina.ufpr.br\/lpb\/wp-json\/wp\/v2\/comments?post=63"}],"version-history":[{"count":22,"href":"https:\/\/palotina.ufpr.br\/lpb\/wp-json\/wp\/v2\/pages\/63\/revisions"}],"predecessor-version":[{"id":716,"href":"https:\/\/palotina.ufpr.br\/lpb\/wp-json\/wp\/v2\/pages\/63\/revisions\/716"}],"wp:attachment":[{"href":"https:\/\/palotina.ufpr.br\/lpb\/wp-json\/wp\/v2\/media?parent=63"}],"curies":[{"name":"wp","href":"https:\/\/api.w.org\/{rel}","templated":true}]}}