{"id":108,"date":"2016-10-21T15:31:23","date_gmt":"2016-10-21T15:31:23","guid":{"rendered":"https:\/\/palotina.ufpr.br\/tetrahedron\/?page_id=108"},"modified":"2022-03-22T22:50:39","modified_gmt":"2022-03-22T22:50:39","slug":"contato","status":"publish","type":"page","link":"https:\/\/palotina.ufpr.br\/tetrahedron\/contato\/","title":{"rendered":"Contato"},"content":{"rendered":"<p><strong>Prof. Dr. Isac G. Rosset<\/strong><br \/>\nUniversidade Federal do Paran\u00e1 &#8211;\u00a0Setor Palotina<br \/>\nDepartamento de Engenharias e Exatas<br \/>\nGrupo de Qu\u00edmica Org\u00e2nica, Biol\u00f3gica e Computacional<br \/>\nRua Pioneiro, n. 2153, Jardim Dallas, Palotina, Paran\u00e1, Brazil.<br \/>\nCEP: 85950-000<br \/>\nBloco Did\u00e1tico II, Sala 01<br \/>\nTel. Sala. +55 (44) 3211-8560<br \/>\ne-mail: rosset@ufpr.br<br \/>\nsite:\u00a0www.tetrahedron.ufpr.br<\/p>\n","protected":false},"excerpt":{"rendered":"<p>Prof. Dr. Isac G. Rosset Universidade Federal do Paran\u00e1 &#8211;\u00a0Setor Palotina Departamento de Engenharias e Exatas Grupo de Qu\u00edmica Org\u00e2nica, Biol\u00f3gica e Computacional Rua Pioneiro, n. 2153, Jardim Dallas, Palotina, Paran\u00e1, Brazil. CEP: 85950-000 Bloco Did\u00e1tico II, Sala 01 Tel. Sala. +55 (44) 3211-8560 e-mail: rosset@ufpr.br site:\u00a0www.tetrahedron.ufpr.br<\/p>\n","protected":false},"author":1412,"featured_media":0,"parent":0,"menu_order":0,"comment_status":"closed","ping_status":"closed","template":"","meta":{"_acf_changed":false,"footnotes":""},"class_list":["post-108","page","type-page","status-publish","hentry","nodate","item-wrap"],"acf":[],"_links":{"self":[{"href":"https:\/\/palotina.ufpr.br\/tetrahedron\/wp-json\/wp\/v2\/pages\/108","targetHints":{"allow":["GET"]}}],"collection":[{"href":"https:\/\/palotina.ufpr.br\/tetrahedron\/wp-json\/wp\/v2\/pages"}],"about":[{"href":"https:\/\/palotina.ufpr.br\/tetrahedron\/wp-json\/wp\/v2\/types\/page"}],"author":[{"embeddable":true,"href":"https:\/\/palotina.ufpr.br\/tetrahedron\/wp-json\/wp\/v2\/users\/1412"}],"replies":[{"embeddable":true,"href":"https:\/\/palotina.ufpr.br\/tetrahedron\/wp-json\/wp\/v2\/comments?post=108"}],"version-history":[{"count":7,"href":"https:\/\/palotina.ufpr.br\/tetrahedron\/wp-json\/wp\/v2\/pages\/108\/revisions"}],"predecessor-version":[{"id":1126,"href":"https:\/\/palotina.ufpr.br\/tetrahedron\/wp-json\/wp\/v2\/pages\/108\/revisions\/1126"}],"wp:attachment":[{"href":"https:\/\/palotina.ufpr.br\/tetrahedron\/wp-json\/wp\/v2\/media?parent=108"}],"curies":[{"name":"wp","href":"https:\/\/api.w.org\/{rel}","templated":true}]}}