{"id":119,"date":"2016-10-21T15:44:13","date_gmt":"2016-10-21T15:44:13","guid":{"rendered":"https:\/\/palotina.ufpr.br\/tetrahedron\/?page_id=119"},"modified":"2025-03-20T18:29:15","modified_gmt":"2025-03-20T18:29:15","slug":"egressos","status":"publish","type":"page","link":"https:\/\/palotina.ufpr.br\/tetrahedron\/egressos\/","title":{"rendered":"Ex Membros"},"content":{"rendered":"\t\t<div data-elementor-type=\"wp-page\" data-elementor-id=\"119\" class=\"elementor elementor-119\">\n\t\t\t\t\t\t<section class=\"elementor-section elementor-top-section elementor-element elementor-element-3297e932 elementor-section-boxed elementor-section-height-default elementor-section-height-default\" data-id=\"3297e932\" data-element_type=\"section\" data-e-type=\"section\">\n\t\t\t\t\t\t<div class=\"elementor-container elementor-column-gap-default\">\n\t\t\t\t\t<div class=\"elementor-column elementor-col-100 elementor-top-column elementor-element elementor-element-fbe5f03\" data-id=\"fbe5f03\" data-element_type=\"column\" data-e-type=\"column\">\n\t\t\t<div class=\"elementor-widget-wrap elementor-element-populated\">\n\t\t\t\t\t\t<div class=\"elementor-element elementor-element-7f9119a8 elementor-widget elementor-widget-text-editor\" data-id=\"7f9119a8\" data-element_type=\"widget\" data-e-type=\"widget\" data-widget_type=\"text-editor.default\">\n\t\t\t\t<div class=\"elementor-widget-container\">\n\t\t\t\t\t\t\t\t\tEssa p\u00e1gina \u00e9 dedicada aos egressos do Grupo de Pesquisa em Qu\u00edmica Org\u00e2nica, Biol\u00f3gica e Computacional. A todos(as) ele(as), meu muito obrigado e desejo sucesso.\r\n\r\n&nbsp;\r\n\r\n<hr \/>\r\n\r\n11. <strong>Cassia R. Rambo<\/strong> (2\/2021)\r\n\r\n<img decoding=\"async\" class=\"wp-image-131 alignleft\" src=\"https:\/\/palotina.ufpr.br\/tetrahedron\/wp-content\/uploads\/sites\/14\/2016\/10\/Cassia.jpg\" alt=\"Cassia\" width=\"137\" height=\"186\" \/>Gradua\u00e7\u00e3o: Engenharia de Bioprocessos e Biotecnologia\r\n\r\nTCC Defendido:\u00a0Determina\u00e7\u00e3o da Configura\u00e7\u00e3o Relativa do Produto de Bioidroxila\u00e7\u00e3o da Progesterona atrav\u00e9s de C\u00e1lculos Qu\u00e2nticos\r\n\r\n&nbsp;\r\n\r\n&nbsp;\r\n\r\n&nbsp;\r\n\r\n&nbsp;\r\n\r\n&nbsp;\r\n\r\n&nbsp;\r\n\r\n<hr \/>\r\n\r\n10. <strong>Kleber N. Krug<\/strong> (2\/2021)\r\n\r\n<img decoding=\"async\" class=\"wp-image-312 alignleft\" src=\"https:\/\/palotina.ufpr.br\/tetrahedron\/wp-content\/uploads\/sites\/14\/2016\/10\/kleber-300x300.jpg\" alt=\"kleber\" width=\"136\" height=\"136\" srcset=\"https:\/\/palotina.ufpr.br\/tetrahedron\/wp-content\/uploads\/sites\/14\/2016\/10\/kleber-300x300.jpg 300w, https:\/\/palotina.ufpr.br\/tetrahedron\/wp-content\/uploads\/sites\/14\/2016\/10\/kleber-150x150.jpg 150w, https:\/\/palotina.ufpr.br\/tetrahedron\/wp-content\/uploads\/sites\/14\/2016\/10\/kleber-768x769.jpg 768w, https:\/\/palotina.ufpr.br\/tetrahedron\/wp-content\/uploads\/sites\/14\/2016\/10\/kleber.jpg 959w\" sizes=\"(max-width: 136px) 100vw, 136px\" \/>Gradua\u00e7\u00e3o: Engenharia de Bioprocessos e Biotecnologia\r\n\r\nTCC Defendido:\u00a0Aplica\u00e7\u00e3o da Biocat\u00e1lise em Rea\u00e7\u00f5es de Esterifica\u00e7\u00e3o para a Produ\u00e7\u00e3o de Biodiesel\r\n\r\n&nbsp;\r\n\r\n&nbsp;\r\n\r\n&nbsp;\r\n\r\n&nbsp;\r\n\r\n&nbsp;\r\n\r\n<hr \/>\r\n\r\n9. <strong>Luana E. Knaul<\/strong> (2\/2020)\r\n\r\n<img decoding=\"async\" class=\"wp-image-753 alignleft\" src=\"https:\/\/palotina.ufpr.br\/tetrahedron\/wp-content\/uploads\/sites\/14\/2016\/10\/WhatsApp-Image-2019-11-06-at-19.18.44-240x300.jpeg\" alt=\"WhatsApp Image 2019-11-06 at 19.18.44\" width=\"144\" height=\"180\" srcset=\"https:\/\/palotina.ufpr.br\/tetrahedron\/wp-content\/uploads\/sites\/14\/2016\/10\/WhatsApp-Image-2019-11-06-at-19.18.44-240x300.jpeg 240w, https:\/\/palotina.ufpr.br\/tetrahedron\/wp-content\/uploads\/sites\/14\/2016\/10\/WhatsApp-Image-2019-11-06-at-19.18.44.jpeg 720w\" sizes=\"(max-width: 144px) 100vw, 144px\" \/>Gradua\u00e7\u00e3o: Licenciatura em Ci\u00eancias Exatas (Qu\u00edmica)\r\n\r\nTCC Defendido: A influ\u00eancia de diferentes formas de aduba\u00e7\u00e3o da cultura de milho (<em>Zea mays<\/em> L.) a partir de an\u00e1lises fitoqu\u00edmicas.\r\n\r\n<a href=\"http:\/\/lattes.cnpq.br\/3381924905599137\">Curr\u00edculo Lattes<\/a>\r\n\r\n&nbsp;\r\n\r\n&nbsp;\r\n\r\n&nbsp;\r\n\r\n&nbsp;\r\n\r\n<hr \/>\r\n\r\n8. <strong>Cinthia Fa\u00e7anha Wendel<\/strong> (Mestrado 1\/2020)\r\n\r\n<img loading=\"lazy\" decoding=\"async\" class=\"wp-image-534 alignleft\" src=\"https:\/\/palotina.ufpr.br\/tetrahedron\/wp-content\/uploads\/sites\/14\/2016\/10\/WhatsApp-Image-2018-03-08-at-11.23.40-174x300.jpeg\" alt=\"WhatsApp Image 2018-03-08 at 11.23.40\" width=\"124\" height=\"214\" srcset=\"https:\/\/palotina.ufpr.br\/tetrahedron\/wp-content\/uploads\/sites\/14\/2016\/10\/WhatsApp-Image-2018-03-08-at-11.23.40-174x300.jpeg 174w, https:\/\/palotina.ufpr.br\/tetrahedron\/wp-content\/uploads\/sites\/14\/2016\/10\/WhatsApp-Image-2018-03-08-at-11.23.40.jpeg 217w\" sizes=\"(max-width: 124px) 100vw, 124px\" \/>Mestrado em Bioqu\u00edmica e Biologia Molecular\r\n\r\nDisserta\u00e7\u00e3o: Propriedades Eletr\u00f4nicas, Estruturais e Espectrosc\u00f3picas de Diazocetonas Atrav\u00e9s de C\u00e1lculos Qu\u00e2nticos e Estudo <em>In Silico<\/em> das Liga\u00e7\u00f5es Realizadas pela Mol\u00e9cula de Amurensinina no S\u00edtio de Liga\u00e7\u00e3o do Receptor Espec\u00edfico de N-Metil-D-Aspartato (NMDA)\r\n\r\n<a href=\"http:\/\/lattes.cnpq.br\/6121903900177893\">Curr\u00edculo Lattes<\/a>\r\n\r\n&nbsp;\r\n\r\n&nbsp;\r\n\r\n&nbsp;\r\n\r\n&nbsp;\r\n\r\n&nbsp;\r\n\r\n<hr \/>\r\n\r\n7. <strong>Cassia Rosana Rambo<\/strong> (Mestrado 2\/2019)\r\n\r\n<img loading=\"lazy\" decoding=\"async\" class=\"wp-image-131 alignleft\" src=\"https:\/\/palotina.ufpr.br\/tetrahedron\/wp-content\/uploads\/sites\/14\/2016\/10\/Cassia.jpg\" alt=\"Cassia\" width=\"132\" height=\"180\" \/>Mestrado em Bioqu\u00edmica e Biologia Molecular\r\n\r\nDisserta\u00e7\u00e3o: Estudo Fitoqu\u00edmico e Biol\u00f3gico de Extratos de Diferentes partes do Cedro (<em>Cedrella Fissilis<\/em> Vell.)\r\n\r\n<a href=\"http:\/\/lattes.cnpq.br\/3790427078336942\">Curr\u00edculo Lattes<\/a>\r\n\r\n&nbsp;\r\n\r\n&nbsp;\r\n\r\n&nbsp;\r\n\r\n&nbsp;\r\n\r\n&nbsp;\r\n\r\n<hr \/>\r\n\r\n6. <strong>Diheiny Camila Kemper<\/strong> (2\/2019)\r\n\r\n<img loading=\"lazy\" decoding=\"async\" class=\"wp-image-318 alignleft\" src=\"https:\/\/palotina.ufpr.br\/tetrahedron\/wp-content\/uploads\/sites\/14\/2016\/10\/diheiny-233x300.jpg\" alt=\"diheiny\" width=\"120\" height=\"155\" srcset=\"https:\/\/palotina.ufpr.br\/tetrahedron\/wp-content\/uploads\/sites\/14\/2016\/10\/diheiny-233x300.jpg 233w, https:\/\/palotina.ufpr.br\/tetrahedron\/wp-content\/uploads\/sites\/14\/2016\/10\/diheiny.jpg 744w\" sizes=\"(max-width: 120px) 100vw, 120px\" \/>Gradua\u00e7\u00e3o: Licenciatura em Ci\u00eancias Exatas (Qu\u00edmica)\r\n\r\nTCC Defendido:\u00a0Simula\u00e7\u00e3o Computacional de Espectros de Resson\u00e2ncia Magn\u00e9tica Nuclear de 1H\u00a0e 13C de Esteroides.\r\n\r\n<a href=\"http:\/\/lattes.cnpq.br\/9200472288541772\">Curr\u00edculo Lattes<\/a>\r\n\r\n&nbsp;\r\n\r\n&nbsp;\r\n\r\n&nbsp;\r\n\r\n<hr \/>\r\n\r\n5. <strong>Camila Eduardo de Oliveira<\/strong> (1\/2019)\r\n\r\n<img loading=\"lazy\" decoding=\"async\" class=\"wp-image-138 alignleft\" src=\"https:\/\/palotina.ufpr.br\/tetrahedron\/wp-content\/uploads\/sites\/14\/2016\/10\/camila-300x300.jpg\" alt=\"camila\" width=\"125\" height=\"125\" srcset=\"https:\/\/palotina.ufpr.br\/tetrahedron\/wp-content\/uploads\/sites\/14\/2016\/10\/camila-300x300.jpg 300w, https:\/\/palotina.ufpr.br\/tetrahedron\/wp-content\/uploads\/sites\/14\/2016\/10\/camila-150x150.jpg 150w, https:\/\/palotina.ufpr.br\/tetrahedron\/wp-content\/uploads\/sites\/14\/2016\/10\/camila.jpg 719w\" sizes=\"(max-width: 125px) 100vw, 125px\" \/>Gradua\u00e7\u00e3o: Tecnologia em\u00a0Biotecnologia\r\n\r\nTCC Defendido:\u00a0Propriedades Antioxidantes, Teor de Fen\u00f3is e Flavonoides em Extratos de <em>Myristica fragans<\/em>.\r\n\r\nCurr\u00edculo Lattes\r\n\r\n&nbsp;\r\n\r\n&nbsp;\r\n\r\n&nbsp;\r\n\r\n<hr \/>\r\n\r\n4. <strong>Everton Zuanazzi<\/strong> (1\/2018)\r\n\r\n<img loading=\"lazy\" decoding=\"async\" class=\"wp-image-588 alignleft\" src=\"https:\/\/palotina.ufpr.br\/tetrahedron\/wp-content\/uploads\/sites\/14\/2016\/10\/CIMG0574-200x300.jpg\" alt=\"CIMG0574\" width=\"121\" height=\"182\" srcset=\"https:\/\/palotina.ufpr.br\/tetrahedron\/wp-content\/uploads\/sites\/14\/2016\/10\/CIMG0574-200x300.jpg 200w, https:\/\/palotina.ufpr.br\/tetrahedron\/wp-content\/uploads\/sites\/14\/2016\/10\/CIMG0574-768x1152.jpg 768w, https:\/\/palotina.ufpr.br\/tetrahedron\/wp-content\/uploads\/sites\/14\/2016\/10\/CIMG0574-683x1024.jpg 683w, https:\/\/palotina.ufpr.br\/tetrahedron\/wp-content\/uploads\/sites\/14\/2016\/10\/CIMG0574.jpg 1109w\" sizes=\"(max-width: 121px) 100vw, 121px\" \/>Gradua\u00e7\u00e3o: Tecnologia em Biocombust\u00edveis\r\n\r\nTCC Defendido: An\u00e1lises da Gordura Su\u00edna para a Produ\u00e7\u00e3o de Biodiesel\r\n\r\nCurr\u00edculo Lattes\r\n\r\n&nbsp;\r\n\r\n&nbsp;\r\n\r\n&nbsp;\r\n\r\n&nbsp;\r\n\r\n&nbsp;\r\n\r\n<hr \/>\r\n\r\n3.\u00a0<strong>Caroline Santos de Lima Aguiar<\/strong>\u00a0(1\/2018)\r\n\r\n<img loading=\"lazy\" decoding=\"async\" class=\"wp-image-586 alignleft\" src=\"https:\/\/palotina.ufpr.br\/tetrahedron\/wp-content\/uploads\/sites\/14\/2016\/10\/Sem-t\u00edtulo-143x300.png\" alt=\"Sem t\u00edtulo\" width=\"84\" height=\"176\" srcset=\"https:\/\/palotina.ufpr.br\/tetrahedron\/wp-content\/uploads\/sites\/14\/2016\/10\/Sem-t\u00edtulo-143x300.png 143w, https:\/\/palotina.ufpr.br\/tetrahedron\/wp-content\/uploads\/sites\/14\/2016\/10\/Sem-t\u00edtulo.png 230w\" sizes=\"(max-width: 84px) 100vw, 84px\" \/>Gradua\u00e7\u00e3o: Tecnologia em\u00a0Biotecnologia\r\n\r\nTCC Defendido: Aplica\u00e7\u00e3o de Biomassa Tratada Termicamente Obtida a partir da Borra do Caf\u00e9 para a remo\u00e7\u00e3o da Acidez em \u00d3leos Res\u00edduais.\r\n\r\n<a href=\"http:\/\/lattes.cnpq.br\/8432462170707386\" target=\"_blank\" rel=\"noopener\">Curr\u00edculo Lattes<\/a>\r\n\r\n&nbsp;\r\n\r\n&nbsp;\r\n\r\n&nbsp;\r\n\r\n&nbsp;\r\n\r\n<hr \/>\r\n\r\n2. <strong>Cristhian Matheus Huf de Brito<\/strong> (1\/2017)\r\n\r\n<img loading=\"lazy\" decoding=\"async\" class=\"wp-image-505 alignleft\" src=\"https:\/\/palotina.ufpr.br\/tetrahedron\/wp-content\/uploads\/sites\/14\/2016\/10\/IMG_20171205_152622305-201x300.jpg\" alt=\"IMG_20171205_152622305\" width=\"110\" height=\"164\" srcset=\"https:\/\/palotina.ufpr.br\/tetrahedron\/wp-content\/uploads\/sites\/14\/2016\/10\/IMG_20171205_152622305-201x300.jpg 201w, https:\/\/palotina.ufpr.br\/tetrahedron\/wp-content\/uploads\/sites\/14\/2016\/10\/IMG_20171205_152622305.jpg 361w\" sizes=\"(max-width: 110px) 100vw, 110px\" \/>Gradua\u00e7\u00e3o: Tecnologia em Biotecnologia\r\n\r\n<strong>TCC Defendido<\/strong>: Estudo Te\u00f3rico de Diazocetonas a,b-insaturadas atrav\u00e9s de C\u00e1lculos de Deslocamentos Qu\u00edmicos de RMN 13C.\r\n\r\n<a href=\"http:\/\/lattes.cnpq.br\/8672447773719567\" target=\"_blank\" rel=\"noopener\">Curr\u00edculo Lattes<\/a>\r\n\r\n&nbsp;\r\n\r\n&nbsp;\r\n\r\n&nbsp;\r\n\r\n&nbsp;\r\n\r\n<hr \/>\r\n\r\n1.<strong> C\u00e1ssia Rosana Rambo <\/strong>(1\/2016)\r\n\r\n<img loading=\"lazy\" decoding=\"async\" class=\" wp-image-131 alignleft\" src=\"https:\/\/palotina.ufpr.br\/tetrahedron\/wp-content\/uploads\/sites\/14\/2016\/10\/Cassia.jpg\" alt=\"Cassia\" width=\"113\" height=\"154\" \/><strong>Gradua\u00e7\u00e3o<\/strong>: Tecnologia em Biotecnologia\r\n\r\n<strong>TCC Defendido<\/strong>:\u00a0A Import\u00e2ncia dos Testes de Bioequival\u00eancia de Medicamentos Gen\u00e9ricos no Tratamento da Hipertens\u00e3o Arterial\r\n\r\n<a href=\"http:\/\/lattes.cnpq.br\/3790427078336942\" target=\"_blank\" rel=\"noopener\">Curr\u00edculo Lattes<\/a>\r\n\r\n&nbsp;\r\n\r\n&nbsp;\r\n\r\n&nbsp;\r\n\r\n<hr \/>\r\n\r\n&nbsp;\r\n\r\n&nbsp;\t\t\t\t\t\t\t\t<\/div>\n\t\t\t\t<\/div>\n\t\t\t\t\t<\/div>\n\t\t<\/div>\n\t\t\t\t\t<\/div>\n\t\t<\/section>\n\t\t\t\t<section class=\"elementor-section elementor-top-section elementor-element elementor-element-5fae5e7 elementor-section-boxed elementor-section-height-default elementor-section-height-default\" data-id=\"5fae5e7\" data-element_type=\"section\" data-e-type=\"section\">\n\t\t\t\t\t\t<div class=\"elementor-container elementor-column-gap-default\">\n\t\t\t\t\t<div class=\"elementor-column elementor-col-100 elementor-top-column elementor-element elementor-element-2d7113f\" data-id=\"2d7113f\" data-element_type=\"column\" data-e-type=\"column\">\n\t\t\t<div class=\"elementor-widget-wrap elementor-element-populated\">\n\t\t\t\t\t\t<div class=\"elementor-element elementor-element-12cee97 elementor-widget elementor-widget-text-editor\" data-id=\"12cee97\" data-element_type=\"widget\" data-e-type=\"widget\" data-widget_type=\"text-editor.default\">\n\t\t\t\t<div class=\"elementor-widget-container\">\n\t\t\t\t\t\t\t\t\t<h4><strong>DOUTORADO<\/strong><\/h4>\t\t\t\t\t\t\t\t<\/div>\n\t\t\t\t<\/div>\n\t\t\t\t\t<\/div>\n\t\t<\/div>\n\t\t\t\t\t<\/div>\n\t\t<\/section>\n\t\t\t\t<section class=\"elementor-section elementor-top-section elementor-element elementor-element-6065905 elementor-section-boxed elementor-section-height-default elementor-section-height-default\" data-id=\"6065905\" data-element_type=\"section\" data-e-type=\"section\">\n\t\t\t\t\t\t<div class=\"elementor-container elementor-column-gap-default\">\n\t\t\t\t\t<div class=\"elementor-column elementor-col-33 elementor-top-column elementor-element elementor-element-b9facab\" data-id=\"b9facab\" data-element_type=\"column\" data-e-type=\"column\">\n\t\t\t<div class=\"elementor-widget-wrap\">\n\t\t\t\t\t\t\t<\/div>\n\t\t<\/div>\n\t\t\t\t<div class=\"elementor-column elementor-col-66 elementor-top-column elementor-element elementor-element-d918ae0\" data-id=\"d918ae0\" data-element_type=\"column\" data-e-type=\"column\">\n\t\t\t<div class=\"elementor-widget-wrap\">\n\t\t\t\t\t\t\t<\/div>\n\t\t<\/div>\n\t\t\t\t\t<\/div>\n\t\t<\/section>\n\t\t\t\t<section class=\"elementor-section elementor-top-section elementor-element elementor-element-1015a78 elementor-section-boxed elementor-section-height-default elementor-section-height-default\" data-id=\"1015a78\" data-element_type=\"section\" data-e-type=\"section\">\n\t\t\t\t\t\t<div class=\"elementor-container elementor-column-gap-default\">\n\t\t\t\t\t<div class=\"elementor-column elementor-col-100 elementor-top-column elementor-element elementor-element-816500a\" data-id=\"816500a\" data-element_type=\"column\" data-e-type=\"column\">\n\t\t\t<div class=\"elementor-widget-wrap elementor-element-populated\">\n\t\t\t\t\t\t<div class=\"elementor-element elementor-element-99f54fe elementor-widget-divider--view-line elementor-widget elementor-widget-divider\" data-id=\"99f54fe\" data-element_type=\"widget\" data-e-type=\"widget\" data-widget_type=\"divider.default\">\n\t\t\t\t<div class=\"elementor-widget-container\">\n\t\t\t\t\t\t\t<div class=\"elementor-divider\">\n\t\t\t<span class=\"elementor-divider-separator\">\n\t\t\t\t\t\t<\/span>\n\t\t<\/div>\n\t\t\t\t\t\t<\/div>\n\t\t\t\t<\/div>\n\t\t\t\t\t<\/div>\n\t\t<\/div>\n\t\t\t\t\t<\/div>\n\t\t<\/section>\n\t\t\t\t<section class=\"elementor-section elementor-top-section elementor-element elementor-element-2f5c10c elementor-section-boxed elementor-section-height-default elementor-section-height-default\" data-id=\"2f5c10c\" data-element_type=\"section\" data-e-type=\"section\">\n\t\t\t\t\t\t<div class=\"elementor-container elementor-column-gap-default\">\n\t\t\t\t\t<div class=\"elementor-column elementor-col-100 elementor-top-column elementor-element elementor-element-0076f34\" data-id=\"0076f34\" data-element_type=\"column\" data-e-type=\"column\">\n\t\t\t<div class=\"elementor-widget-wrap elementor-element-populated\">\n\t\t\t\t\t\t<div class=\"elementor-element elementor-element-7334ccb elementor-widget elementor-widget-text-editor\" data-id=\"7334ccb\" data-element_type=\"widget\" data-e-type=\"widget\" data-widget_type=\"text-editor.default\">\n\t\t\t\t<div class=\"elementor-widget-container\">\n\t\t\t\t\t\t\t\t\t<h4><strong>MESTRADO<\/strong><\/h4>\t\t\t\t\t\t\t\t<\/div>\n\t\t\t\t<\/div>\n\t\t\t\t\t<\/div>\n\t\t<\/div>\n\t\t\t\t\t<\/div>\n\t\t<\/section>\n\t\t\t\t<section class=\"elementor-section elementor-top-section elementor-element elementor-element-7ad6cc1 elementor-section-boxed elementor-section-height-default elementor-section-height-default\" data-id=\"7ad6cc1\" data-element_type=\"section\" data-e-type=\"section\">\n\t\t\t\t\t\t<div class=\"elementor-container elementor-column-gap-default\">\n\t\t\t\t\t<div class=\"elementor-column elementor-col-33 elementor-top-column elementor-element elementor-element-0627fe1\" data-id=\"0627fe1\" data-element_type=\"column\" data-e-type=\"column\">\n\t\t\t<div class=\"elementor-widget-wrap\">\n\t\t\t\t\t\t\t<\/div>\n\t\t<\/div>\n\t\t\t\t<div class=\"elementor-column elementor-col-66 elementor-top-column elementor-element elementor-element-de6eed9\" data-id=\"de6eed9\" data-element_type=\"column\" data-e-type=\"column\">\n\t\t\t<div class=\"elementor-widget-wrap\">\n\t\t\t\t\t\t\t<\/div>\n\t\t<\/div>\n\t\t\t\t\t<\/div>\n\t\t<\/section>\n\t\t\t\t<section class=\"elementor-section elementor-top-section elementor-element elementor-element-e70de50 elementor-section-boxed elementor-section-height-default elementor-section-height-default\" data-id=\"e70de50\" data-element_type=\"section\" data-e-type=\"section\">\n\t\t\t\t\t\t<div class=\"elementor-container elementor-column-gap-default\">\n\t\t\t\t\t<div class=\"elementor-column elementor-col-100 elementor-top-column elementor-element elementor-element-77dbde7\" data-id=\"77dbde7\" data-element_type=\"column\" data-e-type=\"column\">\n\t\t\t<div class=\"elementor-widget-wrap elementor-element-populated\">\n\t\t\t\t\t\t<div class=\"elementor-element elementor-element-a633e3f elementor-widget-divider--view-line elementor-widget elementor-widget-divider\" data-id=\"a633e3f\" data-element_type=\"widget\" data-e-type=\"widget\" data-widget_type=\"divider.default\">\n\t\t\t\t<div class=\"elementor-widget-container\">\n\t\t\t\t\t\t\t<div class=\"elementor-divider\">\n\t\t\t<span class=\"elementor-divider-separator\">\n\t\t\t\t\t\t<\/span>\n\t\t<\/div>\n\t\t\t\t\t\t<\/div>\n\t\t\t\t<\/div>\n\t\t\t\t\t<\/div>\n\t\t<\/div>\n\t\t\t\t\t<\/div>\n\t\t<\/section>\n\t\t\t\t<section class=\"elementor-section elementor-top-section elementor-element elementor-element-dc45ec1 elementor-section-boxed elementor-section-height-default elementor-section-height-default\" data-id=\"dc45ec1\" data-element_type=\"section\" data-e-type=\"section\">\n\t\t\t\t\t\t<div class=\"elementor-container elementor-column-gap-default\">\n\t\t\t\t\t<div class=\"elementor-column elementor-col-100 elementor-top-column elementor-element elementor-element-9b119f9\" data-id=\"9b119f9\" data-element_type=\"column\" data-e-type=\"column\">\n\t\t\t<div class=\"elementor-widget-wrap elementor-element-populated\">\n\t\t\t\t\t\t<div class=\"elementor-element elementor-element-e4a9814 elementor-widget elementor-widget-text-editor\" data-id=\"e4a9814\" data-element_type=\"widget\" data-e-type=\"widget\" data-widget_type=\"text-editor.default\">\n\t\t\t\t<div class=\"elementor-widget-container\">\n\t\t\t\t\t\t\t\t\t<h4><strong>INICIA\u00c7\u00c3O CIENT\u00cdFICA<\/strong><\/h4>\t\t\t\t\t\t\t\t<\/div>\n\t\t\t\t<\/div>\n\t\t\t\t\t<\/div>\n\t\t<\/div>\n\t\t\t\t\t<\/div>\n\t\t<\/section>\n\t\t\t\t<section class=\"elementor-section elementor-top-section elementor-element elementor-element-7cf97b4 elementor-section-boxed elementor-section-height-default elementor-section-height-default\" data-id=\"7cf97b4\" data-element_type=\"section\" data-e-type=\"section\">\n\t\t\t\t\t\t<div class=\"elementor-container elementor-column-gap-default\">\n\t\t\t\t\t<div class=\"elementor-column elementor-col-33 elementor-top-column elementor-element elementor-element-a304f3c\" data-id=\"a304f3c\" data-element_type=\"column\" data-e-type=\"column\">\n\t\t\t<div class=\"elementor-widget-wrap\">\n\t\t\t\t\t\t\t<\/div>\n\t\t<\/div>\n\t\t\t\t<div class=\"elementor-column elementor-col-66 elementor-top-column elementor-element elementor-element-1f3cd18\" data-id=\"1f3cd18\" data-element_type=\"column\" data-e-type=\"column\">\n\t\t\t<div class=\"elementor-widget-wrap\">\n\t\t\t\t\t\t\t<\/div>\n\t\t<\/div>\n\t\t\t\t\t<\/div>\n\t\t<\/section>\n\t\t\t\t<section class=\"elementor-section elementor-top-section elementor-element elementor-element-52f1e13 elementor-section-boxed elementor-section-height-default elementor-section-height-default\" data-id=\"52f1e13\" data-element_type=\"section\" data-e-type=\"section\">\n\t\t\t\t\t\t<div class=\"elementor-container elementor-column-gap-default\">\n\t\t\t\t\t<div class=\"elementor-column elementor-col-100 elementor-top-column elementor-element elementor-element-6900a3d\" data-id=\"6900a3d\" data-element_type=\"column\" data-e-type=\"column\">\n\t\t\t<div class=\"elementor-widget-wrap elementor-element-populated\">\n\t\t\t\t\t\t<div class=\"elementor-element elementor-element-ce1bb77 elementor-widget-divider--view-line elementor-widget elementor-widget-divider\" data-id=\"ce1bb77\" data-element_type=\"widget\" data-e-type=\"widget\" data-widget_type=\"divider.default\">\n\t\t\t\t<div class=\"elementor-widget-container\">\n\t\t\t\t\t\t\t<div class=\"elementor-divider\">\n\t\t\t<span class=\"elementor-divider-separator\">\n\t\t\t\t\t\t<\/span>\n\t\t<\/div>\n\t\t\t\t\t\t<\/div>\n\t\t\t\t<\/div>\n\t\t\t\t\t<\/div>\n\t\t<\/div>\n\t\t\t\t\t<\/div>\n\t\t<\/section>\n\t\t\t\t<section class=\"elementor-section elementor-top-section elementor-element elementor-element-863f693 elementor-section-boxed elementor-section-height-default elementor-section-height-default\" data-id=\"863f693\" data-element_type=\"section\" data-e-type=\"section\">\n\t\t\t\t\t\t<div class=\"elementor-container elementor-column-gap-default\">\n\t\t\t\t\t<div class=\"elementor-column elementor-col-100 elementor-top-column elementor-element elementor-element-9b5ec39\" data-id=\"9b5ec39\" data-element_type=\"column\" data-e-type=\"column\">\n\t\t\t<div class=\"elementor-widget-wrap elementor-element-populated\">\n\t\t\t\t\t\t<div class=\"elementor-element elementor-element-dd23e38 elementor-widget elementor-widget-text-editor\" data-id=\"dd23e38\" data-element_type=\"widget\" data-e-type=\"widget\" data-widget_type=\"text-editor.default\">\n\t\t\t\t<div class=\"elementor-widget-container\">\n\t\t\t\t\t\t\t\t\t<h4><strong>TRABALHO DE CONCLUS\u00c3O DE CURSO<\/strong><\/h4>\t\t\t\t\t\t\t\t<\/div>\n\t\t\t\t<\/div>\n\t\t\t\t\t<\/div>\n\t\t<\/div>\n\t\t\t\t\t<\/div>\n\t\t<\/section>\n\t\t\t\t<section class=\"elementor-section elementor-top-section elementor-element elementor-element-c76a2dc elementor-section-boxed elementor-section-height-default elementor-section-height-default\" data-id=\"c76a2dc\" data-element_type=\"section\" data-e-type=\"section\">\n\t\t\t\t\t\t<div class=\"elementor-container elementor-column-gap-default\">\n\t\t\t\t\t<div class=\"elementor-column elementor-col-33 elementor-top-column elementor-element elementor-element-2e445c9\" data-id=\"2e445c9\" data-element_type=\"column\" data-e-type=\"column\">\n\t\t\t<div class=\"elementor-widget-wrap\">\n\t\t\t\t\t\t\t<\/div>\n\t\t<\/div>\n\t\t\t\t<div class=\"elementor-column elementor-col-66 elementor-top-column elementor-element elementor-element-605f211\" data-id=\"605f211\" data-element_type=\"column\" data-e-type=\"column\">\n\t\t\t<div class=\"elementor-widget-wrap\">\n\t\t\t\t\t\t\t<\/div>\n\t\t<\/div>\n\t\t\t\t\t<\/div>\n\t\t<\/section>\n\t\t\t\t<\/div>\n\t\t","protected":false},"excerpt":{"rendered":"<p>Essa p\u00e1gina \u00e9 dedicada aos egressos do Grupo de Pesquisa em Qu\u00edmica Org\u00e2nica, Biol\u00f3gica e Computacional. A todos(as) ele(as), meu muito obrigado e desejo sucesso. &nbsp; 11. Cassia R. Rambo (2\/2021) Gradua\u00e7\u00e3o: Engenharia de Bioprocessos e Biotecnologia TCC Defendido:\u00a0Determina\u00e7\u00e3o da Configura\u00e7\u00e3o Relativa do Produto de Bioidroxila\u00e7\u00e3o da Progesterona atrav\u00e9s de C\u00e1lculos Qu\u00e2nticos &nbsp; &nbsp; &nbsp; &hellip; <\/p>\n<p><a class=\"more-link btn\" href=\"https:\/\/palotina.ufpr.br\/tetrahedron\/egressos\/\">Continue lendo<\/a><\/p>\n","protected":false},"author":1412,"featured_media":0,"parent":0,"menu_order":0,"comment_status":"closed","ping_status":"closed","template":"","meta":{"_acf_changed":false,"footnotes":""},"class_list":["post-119","page","type-page","status-publish","hentry","nodate","item-wrap"],"acf":[],"_links":{"self":[{"href":"https:\/\/palotina.ufpr.br\/tetrahedron\/wp-json\/wp\/v2\/pages\/119","targetHints":{"allow":["GET"]}}],"collection":[{"href":"https:\/\/palotina.ufpr.br\/tetrahedron\/wp-json\/wp\/v2\/pages"}],"about":[{"href":"https:\/\/palotina.ufpr.br\/tetrahedron\/wp-json\/wp\/v2\/types\/page"}],"author":[{"embeddable":true,"href":"https:\/\/palotina.ufpr.br\/tetrahedron\/wp-json\/wp\/v2\/users\/1412"}],"replies":[{"embeddable":true,"href":"https:\/\/palotina.ufpr.br\/tetrahedron\/wp-json\/wp\/v2\/comments?post=119"}],"version-history":[{"count":22,"href":"https:\/\/palotina.ufpr.br\/tetrahedron\/wp-json\/wp\/v2\/pages\/119\/revisions"}],"predecessor-version":[{"id":2458,"href":"https:\/\/palotina.ufpr.br\/tetrahedron\/wp-json\/wp\/v2\/pages\/119\/revisions\/2458"}],"wp:attachment":[{"href":"https:\/\/palotina.ufpr.br\/tetrahedron\/wp-json\/wp\/v2\/media?parent=119"}],"curies":[{"name":"wp","href":"https:\/\/api.w.org\/{rel}","templated":true}]}}