{"id":1817,"date":"2023-03-21T20:58:18","date_gmt":"2023-03-21T20:58:18","guid":{"rendered":"https:\/\/palotina.ufpr.br\/tetrahedron\/?page_id=1817"},"modified":"2026-03-16T13:32:13","modified_gmt":"2026-03-16T13:32:13","slug":"introducao-a-bioquimica","status":"publish","type":"page","link":"https:\/\/palotina.ufpr.br\/tetrahedron\/introducao-a-bioquimica\/","title":{"rendered":"Introdu\u00e7\u00e3o a Bioqu\u00edmica"},"content":{"rendered":"","protected":true},"excerpt":{"rendered":"","protected":true},"author":1412,"featured_media":0,"parent":0,"menu_order":0,"comment_status":"closed","ping_status":"closed","template":"","meta":{"_acf_changed":false,"footnotes":""},"class_list":["post-1817","page","type-page","status-publish","post-password-required","hentry","nodate","item-wrap"],"acf":[],"_links":{"self":[{"href":"https:\/\/palotina.ufpr.br\/tetrahedron\/wp-json\/wp\/v2\/pages\/1817","targetHints":{"allow":["GET"]}}],"collection":[{"href":"https:\/\/palotina.ufpr.br\/tetrahedron\/wp-json\/wp\/v2\/pages"}],"about":[{"href":"https:\/\/palotina.ufpr.br\/tetrahedron\/wp-json\/wp\/v2\/types\/page"}],"author":[{"embeddable":true,"href":"https:\/\/palotina.ufpr.br\/tetrahedron\/wp-json\/wp\/v2\/users\/1412"}],"replies":[{"embeddable":true,"href":"https:\/\/palotina.ufpr.br\/tetrahedron\/wp-json\/wp\/v2\/comments?post=1817"}],"version-history":[{"count":253,"href":"https:\/\/palotina.ufpr.br\/tetrahedron\/wp-json\/wp\/v2\/pages\/1817\/revisions"}],"predecessor-version":[{"id":2621,"href":"https:\/\/palotina.ufpr.br\/tetrahedron\/wp-json\/wp\/v2\/pages\/1817\/revisions\/2621"}],"wp:attachment":[{"href":"https:\/\/palotina.ufpr.br\/tetrahedron\/wp-json\/wp\/v2\/media?parent=1817"}],"curies":[{"name":"wp","href":"https:\/\/api.w.org\/{rel}","templated":true}]}}