{"id":30,"date":"2016-10-18T13:40:53","date_gmt":"2016-10-18T13:40:53","guid":{"rendered":"https:\/\/palotina.ufpr.br\/tetrahedron\/?page_id=30"},"modified":"2025-03-20T18:13:20","modified_gmt":"2025-03-20T18:13:20","slug":"extensao","status":"publish","type":"page","link":"https:\/\/palotina.ufpr.br\/tetrahedron\/extensao\/","title":{"rendered":"Extens\u00e3o"},"content":{"rendered":"\n<h2 class=\"wp-block-heading\">UFPRCast<\/h2>\n\n\n\n<figure class=\"wp-block-image size-large is-resized\"><img fetchpriority=\"high\" decoding=\"async\" width=\"1024\" height=\"555\" src=\"https:\/\/palotina.ufpr.br\/tetrahedron\/wp-content\/uploads\/sites\/14\/2024\/08\/logo-1-1024x555.png\" alt=\"\" class=\"wp-image-2162\" style=\"width:313px;height:auto\" srcset=\"https:\/\/palotina.ufpr.br\/tetrahedron\/wp-content\/uploads\/sites\/14\/2024\/08\/logo-1-1024x555.png 1024w, https:\/\/palotina.ufpr.br\/tetrahedron\/wp-content\/uploads\/sites\/14\/2024\/08\/logo-1-300x163.png 300w, https:\/\/palotina.ufpr.br\/tetrahedron\/wp-content\/uploads\/sites\/14\/2024\/08\/logo-1-768x416.png 768w, https:\/\/palotina.ufpr.br\/tetrahedron\/wp-content\/uploads\/sites\/14\/2024\/08\/logo-1-1536x833.png 1536w, https:\/\/palotina.ufpr.br\/tetrahedron\/wp-content\/uploads\/sites\/14\/2024\/08\/logo-1-2048x1110.png 2048w, https:\/\/palotina.ufpr.br\/tetrahedron\/wp-content\/uploads\/sites\/14\/2024\/08\/logo-1-870x472.png 870w\" sizes=\"(max-width: 1024px) 100vw, 1024px\" \/><\/figure>\n\n\n\n<p>O projeto&nbsp;<strong>UFPRCast<\/strong>,<strong>&nbsp;<\/strong>em uma primeira etapa, far\u00e1&nbsp;uma s\u00e9rie de podcasts, onde professores da UFPR compartilham suas pesquisas, experi\u00eancias acad\u00eamicas e perspectivas sobre o ensino superior. Com entrevistas din\u00e2micas e acess\u00edveis, o UFPRCast visa aproximar a comunidade acad\u00eamica e o p\u00fablico em geral do universo cient\u00edfico, promovendo a divulga\u00e7\u00e3o cient\u00edfica de maneira clara e envolvente. Cada epis\u00f3dio oferece uma oportunidade \u00fanica de conhecer os bastidores da pesquisa universit\u00e1ria e entender como o conhecimento produzido na UFPR impacta a sociedade. Sintonize-se e explore o fascinante mundo da ci\u00eancia com os principais especialistas da UFPR.<\/p>\n","protected":false},"excerpt":{"rendered":"<p>UFPRCast O projeto&nbsp;UFPRCast,&nbsp;em uma primeira etapa, far\u00e1&nbsp;uma s\u00e9rie de podcasts, onde professores da UFPR compartilham suas pesquisas, experi\u00eancias acad\u00eamicas e perspectivas sobre o ensino superior. Com entrevistas din\u00e2micas e acess\u00edveis, o UFPRCast visa aproximar a comunidade acad\u00eamica e o p\u00fablico em geral do universo cient\u00edfico, promovendo a divulga\u00e7\u00e3o cient\u00edfica de maneira clara e envolvente. Cada &hellip; <\/p>\n<p><a class=\"more-link btn\" href=\"https:\/\/palotina.ufpr.br\/tetrahedron\/extensao\/\">Continue lendo<\/a><\/p>\n","protected":false},"author":1412,"featured_media":0,"parent":0,"menu_order":0,"comment_status":"closed","ping_status":"closed","template":"","meta":{"_acf_changed":false,"footnotes":""},"class_list":["post-30","page","type-page","status-publish","hentry","nodate","item-wrap"],"acf":[],"_links":{"self":[{"href":"https:\/\/palotina.ufpr.br\/tetrahedron\/wp-json\/wp\/v2\/pages\/30","targetHints":{"allow":["GET"]}}],"collection":[{"href":"https:\/\/palotina.ufpr.br\/tetrahedron\/wp-json\/wp\/v2\/pages"}],"about":[{"href":"https:\/\/palotina.ufpr.br\/tetrahedron\/wp-json\/wp\/v2\/types\/page"}],"author":[{"embeddable":true,"href":"https:\/\/palotina.ufpr.br\/tetrahedron\/wp-json\/wp\/v2\/users\/1412"}],"replies":[{"embeddable":true,"href":"https:\/\/palotina.ufpr.br\/tetrahedron\/wp-json\/wp\/v2\/comments?post=30"}],"version-history":[{"count":15,"href":"https:\/\/palotina.ufpr.br\/tetrahedron\/wp-json\/wp\/v2\/pages\/30\/revisions"}],"predecessor-version":[{"id":2446,"href":"https:\/\/palotina.ufpr.br\/tetrahedron\/wp-json\/wp\/v2\/pages\/30\/revisions\/2446"}],"wp:attachment":[{"href":"https:\/\/palotina.ufpr.br\/tetrahedron\/wp-json\/wp\/v2\/media?parent=30"}],"curies":[{"name":"wp","href":"https:\/\/api.w.org\/{rel}","templated":true}]}}