{"id":640,"date":"2018-11-09T15:47:04","date_gmt":"2018-11-09T15:47:04","guid":{"rendered":"https:\/\/palotina.ufpr.br\/tetrahedron\/?page_id=640"},"modified":"2022-03-22T23:06:51","modified_gmt":"2022-03-22T23:06:51","slug":"fotos","status":"publish","type":"page","link":"https:\/\/palotina.ufpr.br\/tetrahedron\/fotos\/","title":{"rendered":"Fotos"},"content":{"rendered":"<p>&nbsp;<\/p>\n<hr \/>\n<p>Defesa de TCC da aluna Diheiny C. Kemper. 16\/12\/2019. Parab\u00e9ns Diheiny!!!<\/p>\n<p><img fetchpriority=\"high\" decoding=\"async\" class=\"alignnone size-medium wp-image-775\" src=\"https:\/\/palotina.ufpr.br\/tetrahedron\/wp-content\/uploads\/sites\/14\/2018\/11\/WhatsApp-Image-2019-12-16-at-21.59.46-300x169.jpeg\" alt=\"WhatsApp Image 2019-12-16 at 21.59.46\" width=\"300\" height=\"169\" srcset=\"https:\/\/palotina.ufpr.br\/tetrahedron\/wp-content\/uploads\/sites\/14\/2018\/11\/WhatsApp-Image-2019-12-16-at-21.59.46-300x169.jpeg 300w, https:\/\/palotina.ufpr.br\/tetrahedron\/wp-content\/uploads\/sites\/14\/2018\/11\/WhatsApp-Image-2019-12-16-at-21.59.46-768x431.jpeg 768w, https:\/\/palotina.ufpr.br\/tetrahedron\/wp-content\/uploads\/sites\/14\/2018\/11\/WhatsApp-Image-2019-12-16-at-21.59.46-1024x575.jpeg 1024w, https:\/\/palotina.ufpr.br\/tetrahedron\/wp-content\/uploads\/sites\/14\/2018\/11\/WhatsApp-Image-2019-12-16-at-21.59.46.jpeg 1280w\" sizes=\"(max-width: 300px) 100vw, 300px\" \/><\/p>\n<hr \/>\n<p>Defesa de Mestrado da primeira aluna do nosso Grupo, Cassia R. Rambo. 04\/12\/2019. Parab\u00e9ns Cassia!!!<\/p>\n<p><img decoding=\"async\" class=\"alignnone size-medium wp-image-772\" src=\"https:\/\/palotina.ufpr.br\/tetrahedron\/wp-content\/uploads\/sites\/14\/2018\/11\/WhatsApp-Image-2019-12-04-at-21.59.52-225x300.jpeg\" alt=\"WhatsApp Image 2019-12-04 at 21.59.52\" width=\"225\" height=\"300\" srcset=\"https:\/\/palotina.ufpr.br\/tetrahedron\/wp-content\/uploads\/sites\/14\/2018\/11\/WhatsApp-Image-2019-12-04-at-21.59.52-225x300.jpeg 225w, https:\/\/palotina.ufpr.br\/tetrahedron\/wp-content\/uploads\/sites\/14\/2018\/11\/WhatsApp-Image-2019-12-04-at-21.59.52-768x1025.jpeg 768w, https:\/\/palotina.ufpr.br\/tetrahedron\/wp-content\/uploads\/sites\/14\/2018\/11\/WhatsApp-Image-2019-12-04-at-21.59.52-767x1024.jpeg 767w, https:\/\/palotina.ufpr.br\/tetrahedron\/wp-content\/uploads\/sites\/14\/2018\/11\/WhatsApp-Image-2019-12-04-at-21.59.52.jpeg 959w\" sizes=\"(max-width: 225px) 100vw, 225px\" \/><\/p>\n<p>&nbsp;<\/p>\n<hr \/>\n<p>Aluna de IC Diheiny C. Kemper apresentando o seu trabalho na SBQSul &#8211; 2\/2019<\/p>\n<p><img decoding=\"async\" class=\"alignnone size-medium wp-image-766\" src=\"https:\/\/palotina.ufpr.br\/tetrahedron\/wp-content\/uploads\/sites\/14\/2018\/11\/WhatsApp-Image-2019-11-22-at-11.47.33-284x300.jpeg\" alt=\"WhatsApp Image 2019-11-22 at 11.47.33\" width=\"284\" height=\"300\" srcset=\"https:\/\/palotina.ufpr.br\/tetrahedron\/wp-content\/uploads\/sites\/14\/2018\/11\/WhatsApp-Image-2019-11-22-at-11.47.33-284x300.jpeg 284w, https:\/\/palotina.ufpr.br\/tetrahedron\/wp-content\/uploads\/sites\/14\/2018\/11\/WhatsApp-Image-2019-11-22-at-11.47.33.jpeg 739w\" sizes=\"(max-width: 284px) 100vw, 284px\" \/><\/p>\n<hr \/>\n<p>Defesa de TCC da aluna Camila E. Oliveira (24\/06\/2019)<\/p>\n<p><img loading=\"lazy\" decoding=\"async\" class=\"size-medium wp-image-692 alignleft\" src=\"https:\/\/palotina.ufpr.br\/tetrahedron\/wp-content\/uploads\/sites\/14\/2018\/11\/WhatsApp-Image-2019-06-25-at-10.29.11-300x182.jpeg\" alt=\"WhatsApp Image 2019-06-25 at 10.29.11\" width=\"300\" height=\"182\" srcset=\"https:\/\/palotina.ufpr.br\/tetrahedron\/wp-content\/uploads\/sites\/14\/2018\/11\/WhatsApp-Image-2019-06-25-at-10.29.11-300x182.jpeg 300w, https:\/\/palotina.ufpr.br\/tetrahedron\/wp-content\/uploads\/sites\/14\/2018\/11\/WhatsApp-Image-2019-06-25-at-10.29.11.jpeg 767w\" sizes=\"(max-width: 300px) 100vw, 300px\" \/><\/p>\n<p>&nbsp;<\/p>\n<p>&nbsp;<\/p>\n<p>&nbsp;<\/p>\n<p>&nbsp;<\/p>\n<p>&nbsp;<\/p>\n<p>&nbsp;<\/p>\n<p>&nbsp;<\/p>\n<p>&nbsp;<\/p>\n<hr \/>\n<p>Alunas de Mestrado Cinthia (esquerda) e Cassia (direita) apresentando seus trabalhos na Reuni\u00e3o Anual da Sociedade Brasileira de Bioqu\u00edmica e Biologia Molecular &#8211; SBBq &#8211; 1\/2019<\/p>\n<p><img loading=\"lazy\" decoding=\"async\" class=\"size-medium wp-image-684 alignleft\" src=\"https:\/\/palotina.ufpr.br\/tetrahedron\/wp-content\/uploads\/sites\/14\/2018\/11\/60349714_2240194682714006_2792651928440406016_n-243x300.jpg\" alt=\"60349714_2240194682714006_2792651928440406016_n\" width=\"243\" height=\"300\" srcset=\"https:\/\/palotina.ufpr.br\/tetrahedron\/wp-content\/uploads\/sites\/14\/2018\/11\/60349714_2240194682714006_2792651928440406016_n-243x300.jpg 243w, https:\/\/palotina.ufpr.br\/tetrahedron\/wp-content\/uploads\/sites\/14\/2018\/11\/60349714_2240194682714006_2792651928440406016_n-768x946.jpg 768w, https:\/\/palotina.ufpr.br\/tetrahedron\/wp-content\/uploads\/sites\/14\/2018\/11\/60349714_2240194682714006_2792651928440406016_n.jpg 779w\" sizes=\"(max-width: 243px) 100vw, 243px\" \/><\/p>\n<p>&nbsp;<\/p>\n<p>&nbsp;<\/p>\n<p>&nbsp;<\/p>\n<p>&nbsp;<\/p>\n<p>&nbsp;<\/p>\n<p>&nbsp;<\/p>\n<p>&nbsp;<\/p>\n<p>&nbsp;<\/p>\n<p>&nbsp;<\/p>\n<p>&nbsp;<\/p>\n<p>&nbsp;<\/p>\n<p>&nbsp;<\/p>\n<hr \/>\n<p>Alunas de IC e de mestrado participando e apresentando trabalhos no encontro da SBQSul &#8211; 2\/2018<\/p>\n<p><img loading=\"lazy\" decoding=\"async\" class=\"size-medium wp-image-641 alignleft\" src=\"https:\/\/palotina.ufpr.br\/tetrahedron\/wp-content\/uploads\/sites\/14\/2018\/11\/WhatsApp-Image-2018-11-08-at-18.40.37-300x225.jpeg\" alt=\"WhatsApp Image 2018-11-08 at 18.40.37\" width=\"300\" height=\"225\" srcset=\"https:\/\/palotina.ufpr.br\/tetrahedron\/wp-content\/uploads\/sites\/14\/2018\/11\/WhatsApp-Image-2018-11-08-at-18.40.37-300x225.jpeg 300w, https:\/\/palotina.ufpr.br\/tetrahedron\/wp-content\/uploads\/sites\/14\/2018\/11\/WhatsApp-Image-2018-11-08-at-18.40.37-768x575.jpeg 768w, https:\/\/palotina.ufpr.br\/tetrahedron\/wp-content\/uploads\/sites\/14\/2018\/11\/WhatsApp-Image-2018-11-08-at-18.40.37-1024x767.jpeg 1024w, https:\/\/palotina.ufpr.br\/tetrahedron\/wp-content\/uploads\/sites\/14\/2018\/11\/WhatsApp-Image-2018-11-08-at-18.40.37.jpeg 1280w\" sizes=\"(max-width: 300px) 100vw, 300px\" \/><\/p>\n<p>&nbsp;<\/p>\n<p>&nbsp;<\/p>\n<p>&nbsp;<\/p>\n<p>&nbsp;<\/p>\n<p>&nbsp;<\/p>\n<p>&nbsp;<\/p>\n<p>&nbsp;<\/p>\n<p>&nbsp;<\/p>\n<p>&nbsp;<\/p>\n<p>&nbsp;<\/p>\n<hr \/>\n<p>Reuni\u00f5es de Grupo<\/p>\n<p><img loading=\"lazy\" decoding=\"async\" class=\"size-medium wp-image-441 alignleft\" src=\"https:\/\/palotina.ufpr.br\/tetrahedron\/wp-content\/uploads\/sites\/14\/2016\/10\/21427315_1488122881254527_4159112838887413442_o-300x225.jpg\" alt=\"21427315_1488122881254527_4159112838887413442_o\" width=\"300\" height=\"225\" srcset=\"https:\/\/palotina.ufpr.br\/tetrahedron\/wp-content\/uploads\/sites\/14\/2016\/10\/21427315_1488122881254527_4159112838887413442_o-300x225.jpg 300w, https:\/\/palotina.ufpr.br\/tetrahedron\/wp-content\/uploads\/sites\/14\/2016\/10\/21427315_1488122881254527_4159112838887413442_o-768x576.jpg 768w, https:\/\/palotina.ufpr.br\/tetrahedron\/wp-content\/uploads\/sites\/14\/2016\/10\/21427315_1488122881254527_4159112838887413442_o-1024x768.jpg 1024w, https:\/\/palotina.ufpr.br\/tetrahedron\/wp-content\/uploads\/sites\/14\/2016\/10\/21427315_1488122881254527_4159112838887413442_o.jpg 1080w\" sizes=\"(max-width: 300px) 100vw, 300px\" \/><\/p>\n<p>&nbsp;<\/p>\n<p>&nbsp;<\/p>\n<p>&nbsp;<\/p>\n<p>&nbsp;<\/p>\n<p>&nbsp;<\/p>\n<p>&nbsp;<\/p>\n<p>&nbsp;<\/p>\n<p>&nbsp;<\/p>\n<p>&nbsp;<\/p>\n<p>&nbsp;<\/p>\n<hr \/>\n<p>Apresenta\u00e7\u00e3o de trabalho na 1a Escola de Modelagem Molecular da UNESP Araraquara.<\/p>\n<p><img loading=\"lazy\" decoding=\"async\" class=\"size-medium wp-image-187 alignleft\" src=\"https:\/\/palotina.ufpr.br\/tetrahedron\/wp-content\/uploads\/sites\/14\/2016\/10\/15977751_1261736637226487_4663957196083167610_n-300x225.jpg\" alt=\"15977751_1261736637226487_4663957196083167610_n\" width=\"300\" height=\"225\" srcset=\"https:\/\/palotina.ufpr.br\/tetrahedron\/wp-content\/uploads\/sites\/14\/2016\/10\/15977751_1261736637226487_4663957196083167610_n-300x225.jpg 300w, https:\/\/palotina.ufpr.br\/tetrahedron\/wp-content\/uploads\/sites\/14\/2016\/10\/15977751_1261736637226487_4663957196083167610_n-768x576.jpg 768w, https:\/\/palotina.ufpr.br\/tetrahedron\/wp-content\/uploads\/sites\/14\/2016\/10\/15977751_1261736637226487_4663957196083167610_n.jpg 960w\" sizes=\"(max-width: 300px) 100vw, 300px\" \/><\/p>\n<p>&nbsp;<\/p>\n<p>&nbsp;<\/p>\n<p>&nbsp;<\/p>\n<p>&nbsp;<\/p>\n<p>&nbsp;<\/p>\n<p>&nbsp;<\/p>\n<p>&nbsp;<\/p>\n<p>&nbsp;<\/p>\n<p>&nbsp;<\/p>\n<p>&nbsp;<\/p>\n<hr \/>\n<p>Defesa do TCC da Cassia R. Rambo 1\/2016<\/p>\n<p><img loading=\"lazy\" decoding=\"async\" class=\"size-medium wp-image-156 alignleft\" src=\"https:\/\/palotina.ufpr.br\/tetrahedron\/wp-content\/uploads\/sites\/14\/2016\/10\/defesa-cassia-169x300.jpg\" alt=\"defesa cassia\" width=\"169\" height=\"300\" srcset=\"https:\/\/palotina.ufpr.br\/tetrahedron\/wp-content\/uploads\/sites\/14\/2016\/10\/defesa-cassia-169x300.jpg 169w, https:\/\/palotina.ufpr.br\/tetrahedron\/wp-content\/uploads\/sites\/14\/2016\/10\/defesa-cassia.jpg 540w\" sizes=\"(max-width: 169px) 100vw, 169px\" \/><\/p>\n<p>&nbsp;<\/p>\n<p>&nbsp;<\/p>\n<p>&nbsp;<\/p>\n<p>&nbsp;<\/p>\n<p>&nbsp;<\/p>\n<p>&nbsp;<\/p>\n<p>&nbsp;<\/p>\n<p>&nbsp;<\/p>\n<p>&nbsp;<\/p>\n<p>&nbsp;<\/p>\n<p>&nbsp;<\/p>\n<p>&nbsp;<\/p>\n<hr \/>\n<p>Pr\u00eamio IndusLab 2\/2015<\/p>\n<p><img loading=\"lazy\" decoding=\"async\" class=\"size-medium wp-image-155 alignleft\" src=\"https:\/\/palotina.ufpr.br\/tetrahedron\/wp-content\/uploads\/sites\/14\/2016\/10\/premio-induslab-300x192.jpg\" alt=\"premio induslab\" width=\"300\" height=\"192\" srcset=\"https:\/\/palotina.ufpr.br\/tetrahedron\/wp-content\/uploads\/sites\/14\/2016\/10\/premio-induslab-300x192.jpg 300w, https:\/\/palotina.ufpr.br\/tetrahedron\/wp-content\/uploads\/sites\/14\/2016\/10\/premio-induslab.jpg 328w\" sizes=\"(max-width: 300px) 100vw, 300px\" \/><\/p>\n<p>&nbsp;<\/p>\n<p>&nbsp;<\/p>\n<p>&nbsp;<\/p>\n<p>&nbsp;<\/p>\n<p>&nbsp;<\/p>\n<p>&nbsp;<\/p>\n<p>&nbsp;<\/p>\n<p>&nbsp;<\/p>\n<hr \/>\n<p>Prof. Richmond Sarpong &#8211; UC Berkeley 1\/2014<\/p>\n<p><img loading=\"lazy\" decoding=\"async\" class=\"size-medium wp-image-151 alignleft\" src=\"https:\/\/palotina.ufpr.br\/tetrahedron\/wp-content\/uploads\/sites\/14\/2016\/10\/sarpong-300x225.jpg\" alt=\"sarpong\" width=\"300\" height=\"225\" srcset=\"https:\/\/palotina.ufpr.br\/tetrahedron\/wp-content\/uploads\/sites\/14\/2016\/10\/sarpong-300x225.jpg 300w, https:\/\/palotina.ufpr.br\/tetrahedron\/wp-content\/uploads\/sites\/14\/2016\/10\/sarpong-768x576.jpg 768w, https:\/\/palotina.ufpr.br\/tetrahedron\/wp-content\/uploads\/sites\/14\/2016\/10\/sarpong.jpg 960w\" sizes=\"(max-width: 300px) 100vw, 300px\" \/><\/p>\n<p>&nbsp;<\/p>\n<p>&nbsp;<\/p>\n<p>&nbsp;<\/p>\n<p>&nbsp;<\/p>\n<p>&nbsp;<\/p>\n<p>&nbsp;<\/p>\n<p>&nbsp;<\/p>\n<p>&nbsp;<\/p>\n<p>&nbsp;<\/p>\n<p>&nbsp;<\/p>\n<hr \/>\n<p>&#8220;O mais importante n\u00e3o \u00e9 fazer uma mol\u00e9cula apenas por fazer, o que importa \u00e9 a ideia nova que voc\u00ea est\u00e1 desenvolvendo&#8221; e para finalizar &#8220;Um bom trabalho no seu doutorado&#8221; Com E. J. Corey. Lembran\u00e7a boa de Harvard. 2\/2013.<\/p>\n<p><img loading=\"lazy\" decoding=\"async\" class=\"size-medium wp-image-148 alignleft\" src=\"https:\/\/palotina.ufpr.br\/tetrahedron\/wp-content\/uploads\/sites\/14\/2016\/10\/corey-300x225.jpg\" alt=\"corey\" width=\"300\" height=\"225\" srcset=\"https:\/\/palotina.ufpr.br\/tetrahedron\/wp-content\/uploads\/sites\/14\/2016\/10\/corey-300x225.jpg 300w, https:\/\/palotina.ufpr.br\/tetrahedron\/wp-content\/uploads\/sites\/14\/2016\/10\/corey-768x576.jpg 768w, https:\/\/palotina.ufpr.br\/tetrahedron\/wp-content\/uploads\/sites\/14\/2016\/10\/corey.jpg 960w\" sizes=\"(max-width: 300px) 100vw, 300px\" \/><\/p>\n<p>&nbsp;<\/p>\n","protected":false},"excerpt":{"rendered":"<p>&nbsp; Defesa de TCC da aluna Diheiny C. Kemper. 16\/12\/2019. Parab\u00e9ns Diheiny!!! Defesa de Mestrado da primeira aluna do nosso Grupo, Cassia R. Rambo. 04\/12\/2019. Parab\u00e9ns Cassia!!! &nbsp; Aluna de IC Diheiny C. Kemper apresentando o seu trabalho na SBQSul &#8211; 2\/2019 Defesa de TCC da aluna Camila E. Oliveira (24\/06\/2019) &nbsp; &nbsp; &nbsp; &nbsp; &hellip; <\/p>\n<p><a class=\"more-link btn\" href=\"https:\/\/palotina.ufpr.br\/tetrahedron\/fotos\/\">Continue lendo<\/a><\/p>\n","protected":false},"author":1412,"featured_media":0,"parent":0,"menu_order":0,"comment_status":"closed","ping_status":"closed","template":"","meta":{"_acf_changed":false,"footnotes":""},"class_list":["post-640","page","type-page","status-publish","hentry","nodate","item-wrap"],"acf":[],"_links":{"self":[{"href":"https:\/\/palotina.ufpr.br\/tetrahedron\/wp-json\/wp\/v2\/pages\/640","targetHints":{"allow":["GET"]}}],"collection":[{"href":"https:\/\/palotina.ufpr.br\/tetrahedron\/wp-json\/wp\/v2\/pages"}],"about":[{"href":"https:\/\/palotina.ufpr.br\/tetrahedron\/wp-json\/wp\/v2\/types\/page"}],"author":[{"embeddable":true,"href":"https:\/\/palotina.ufpr.br\/tetrahedron\/wp-json\/wp\/v2\/users\/1412"}],"replies":[{"embeddable":true,"href":"https:\/\/palotina.ufpr.br\/tetrahedron\/wp-json\/wp\/v2\/comments?post=640"}],"version-history":[{"count":11,"href":"https:\/\/palotina.ufpr.br\/tetrahedron\/wp-json\/wp\/v2\/pages\/640\/revisions"}],"predecessor-version":[{"id":1162,"href":"https:\/\/palotina.ufpr.br\/tetrahedron\/wp-json\/wp\/v2\/pages\/640\/revisions\/1162"}],"wp:attachment":[{"href":"https:\/\/palotina.ufpr.br\/tetrahedron\/wp-json\/wp\/v2\/media?parent=640"}],"curies":[{"name":"wp","href":"https:\/\/api.w.org\/{rel}","templated":true}]}}