{"id":730,"date":"2019-10-29T13:35:32","date_gmt":"2019-10-29T13:35:32","guid":{"rendered":"https:\/\/palotina.ufpr.br\/tetrahedron\/?page_id=730"},"modified":"2022-03-22T22:55:54","modified_gmt":"2022-03-22T22:55:54","slug":"artigos","status":"publish","type":"page","link":"https:\/\/palotina.ufpr.br\/tetrahedron\/artigos\/","title":{"rendered":"Artigos"},"content":{"rendered":"<h2><strong><span style=\"color: #0000ff\">Publica\u00e7\u00f5es de artigos em peri\u00f3dicos especializados<\/span><\/strong><\/h2>\n<hr \/>\n<p>23.\u00a0CARDOSO DE PAULA, SAMUEL FILIPE ; ROSSET, ISAC GEORGE ; MELEIRO PORTO, ANDR\u00c9 LUIZ . <strong>Hydroxylated steroids IN C-7 and C-15 positions from progesterone BIO-OXIDATION by the marine-derived fungus Penicillium oxalicum CBMAI 1996<\/strong>. BIOCATALYSIS AND AGRICULTURAL BIOTECHNOLOGY, v. 37, p. 102167, 2021.<\/p>\n<p><img fetchpriority=\"high\" decoding=\"async\" class=\"alignnone size-medium wp-image-1003\" src=\"https:\/\/palotina.ufpr.br\/tetrahedron\/wp-content\/uploads\/sites\/14\/2019\/10\/Imagem1-300x232.png\" alt=\"Imagem1\" width=\"300\" height=\"232\" srcset=\"https:\/\/palotina.ufpr.br\/tetrahedron\/wp-content\/uploads\/sites\/14\/2019\/10\/Imagem1-300x232.png 300w, https:\/\/palotina.ufpr.br\/tetrahedron\/wp-content\/uploads\/sites\/14\/2019\/10\/Imagem1.png 620w\" sizes=\"(max-width: 300px) 100vw, 300px\" \/><\/p>\n<hr \/>\n<p>22.\u00a0R\u00d3DIO, G. R.; ROSSET, I. G.; BRANDALIZE, A. P. C. <strong>Exposi\u00e7\u00e3o a agrot\u00f3xicos e suas consequ\u00eancias para a sa\u00fade humana<\/strong>. Research, Society and Development, v. 10, n. 8, 2021.<\/p>\n<p><img decoding=\"async\" class=\"alignnone size-medium wp-image-998\" src=\"https:\/\/palotina.ufpr.br\/tetrahedron\/wp-content\/uploads\/sites\/14\/2019\/10\/Pesticides-adverse-effects-on-human-health-related-as-different-living-systems-Modified-300x225.png\" alt=\"Pesticides-adverse-effects-on-human-health-related-as-different-living-systems-Modified\" width=\"300\" height=\"225\" srcset=\"https:\/\/palotina.ufpr.br\/tetrahedron\/wp-content\/uploads\/sites\/14\/2019\/10\/Pesticides-adverse-effects-on-human-health-related-as-different-living-systems-Modified-300x225.png 300w, https:\/\/palotina.ufpr.br\/tetrahedron\/wp-content\/uploads\/sites\/14\/2019\/10\/Pesticides-adverse-effects-on-human-health-related-as-different-living-systems-Modified-768x576.png 768w, https:\/\/palotina.ufpr.br\/tetrahedron\/wp-content\/uploads\/sites\/14\/2019\/10\/Pesticides-adverse-effects-on-human-health-related-as-different-living-systems-Modified.png 850w\" sizes=\"(max-width: 300px) 100vw, 300px\" \/><\/p>\n<hr \/>\n<p>21. BARBOZA, A. ; CHIAVEGATTI NETO, A. ; ROSSET, I. G. ; JARDIM, G. ; FERREIRA, M. A. B. . <strong>Synthesis of 3-Carbonyl Trisubstituted Furans via Pd-Catalyzed Aerobic Cycloisomerization Reaction: Development and Mechanistic Studies<\/strong>. JOURNAL OF ORGANIC CHEMISTRY, v. 87, p. 1, 2021.<\/p>\n<p><img decoding=\"async\" class=\"alignnone size-medium wp-image-949\" src=\"https:\/\/palotina.ufpr.br\/tetrahedron\/wp-content\/uploads\/sites\/14\/2019\/10\/Sem-t\u00edtulo-300x204.png\" alt=\"Sem t\u00edtulo\" width=\"300\" height=\"204\" srcset=\"https:\/\/palotina.ufpr.br\/tetrahedron\/wp-content\/uploads\/sites\/14\/2019\/10\/Sem-t\u00edtulo-300x204.png 300w, https:\/\/palotina.ufpr.br\/tetrahedron\/wp-content\/uploads\/sites\/14\/2019\/10\/Sem-t\u00edtulo-768x522.png 768w, https:\/\/palotina.ufpr.br\/tetrahedron\/wp-content\/uploads\/sites\/14\/2019\/10\/Sem-t\u00edtulo.png 1010w\" sizes=\"(max-width: 300px) 100vw, 300px\" \/><\/p>\n<hr \/>\n<p>20. COIMBRA-ARAUJO, C. ; SPECK, R. ; FERREIRA, G. ; BARTELMEBS, R. ; BERTICELLI, D. ; SANTOS, G. ; SCHREINER, M. ; MONTE-ALTO, H. ; TONEZER, C. ; ROSSET, I. G. ; BERGOLD, A. . <strong>A pesquisa em ensino de CTEM e sua intera\u00e7\u00e3o com aspectos da educa\u00e7\u00e3o n\u00e3o formal e espa\u00e7os n\u00e3o formais<\/strong>. CADERNO BRASILEIRO DE ENSINO DE F\u00cdSICA, v. 37, p. 315-331, 2020.<\/p>\n<p><img loading=\"lazy\" decoding=\"async\" class=\"alignnone size-medium wp-image-443\" src=\"https:\/\/palotina.ufpr.br\/tetrahedron\/wp-content\/uploads\/sites\/14\/2016\/10\/EDUCA\u00c7\u00c3O-CORPORATIVA-E-COMPET\u00caNCIAS-300x127.jpg\" alt=\"EDUCA\u00c7\u00c3O-CORPORATIVA-E-COMPET\u00caNCIAS\" width=\"300\" height=\"127\" srcset=\"https:\/\/palotina.ufpr.br\/tetrahedron\/wp-content\/uploads\/sites\/14\/2016\/10\/EDUCA\u00c7\u00c3O-CORPORATIVA-E-COMPET\u00caNCIAS-300x127.jpg 300w, https:\/\/palotina.ufpr.br\/tetrahedron\/wp-content\/uploads\/sites\/14\/2016\/10\/EDUCA\u00c7\u00c3O-CORPORATIVA-E-COMPET\u00caNCIAS.jpg 640w\" sizes=\"(max-width: 300px) 100vw, 300px\" \/><\/p>\n<hr \/>\n<p>19. FERREIRA, P. J. ; ZONETTI, P. C. ; ALBRECHT, A. J. P. ; ROSSET, I. G. ; SILVA, A. F. M. ; ALBRECHT, L. P. ; VIEIRA, A. H. ; PAULERT, R. <strong>Conyza sumatrensis allelopathy effect on Bidens pilosa (Asteraceae) seed germination<\/strong>. Botanical Sciences, v. 98, p. 01-19, 2020.<\/p>\n<p><img loading=\"lazy\" decoding=\"async\" class=\"alignnone size-medium wp-image-950\" src=\"https:\/\/palotina.ufpr.br\/tetrahedron\/wp-content\/uploads\/sites\/14\/2019\/10\/conyza-sumatrensis-834x399_0-300x144.jpg\" alt=\"conyza-sumatrensis-834x399_0\" width=\"300\" height=\"144\" srcset=\"https:\/\/palotina.ufpr.br\/tetrahedron\/wp-content\/uploads\/sites\/14\/2019\/10\/conyza-sumatrensis-834x399_0-300x144.jpg 300w, https:\/\/palotina.ufpr.br\/tetrahedron\/wp-content\/uploads\/sites\/14\/2019\/10\/conyza-sumatrensis-834x399_0-768x367.jpg 768w, https:\/\/palotina.ufpr.br\/tetrahedron\/wp-content\/uploads\/sites\/14\/2019\/10\/conyza-sumatrensis-834x399_0.jpg 834w\" sizes=\"(max-width: 300px) 100vw, 300px\" \/><\/p>\n<hr \/>\n<p>18. MOREIRA, H. T. ; GRANGE, L. ; ROSSET, I. G. ; MISSIO, R. F. . <strong>Identification and Quantification of Wheat Roots Flavonoids Inoculated With Native Rhizobacteria<\/strong>. International Journal of Research -GRANTHAALAYAH, v. 8, p. 350-356, 2020.<\/p>\n<p><img loading=\"lazy\" decoding=\"async\" class=\"alignnone size-medium wp-image-951\" src=\"https:\/\/palotina.ufpr.br\/tetrahedron\/wp-content\/uploads\/sites\/14\/2019\/10\/Sem-t\u00edtulo-1-300x143.png\" alt=\"Sem t\u00edtulo\" width=\"300\" height=\"143\" srcset=\"https:\/\/palotina.ufpr.br\/tetrahedron\/wp-content\/uploads\/sites\/14\/2019\/10\/Sem-t\u00edtulo-1-300x143.png 300w, https:\/\/palotina.ufpr.br\/tetrahedron\/wp-content\/uploads\/sites\/14\/2019\/10\/Sem-t\u00edtulo-1-768x365.png 768w, https:\/\/palotina.ufpr.br\/tetrahedron\/wp-content\/uploads\/sites\/14\/2019\/10\/Sem-t\u00edtulo-1-1024x487.png 1024w, https:\/\/palotina.ufpr.br\/tetrahedron\/wp-content\/uploads\/sites\/14\/2019\/10\/Sem-t\u00edtulo-1.png 1830w\" sizes=\"(max-width: 300px) 100vw, 300px\" \/><\/p>\n<hr \/>\n<p>17. ROSSET, I. G.; ANTONIO, D. C. ; AMANCIO, L. P. . <strong>Biocatalytic Ethanolysis of Waste Chicken Fat for Biodiesel Production<\/strong>. CATALYSIS LETTERS, v. 148, p. 3214-3222, 2018.<\/p>\n<p><img loading=\"lazy\" decoding=\"async\" class=\"alignnone size-medium wp-image-614\" src=\"https:\/\/palotina.ufpr.br\/tetrahedron\/wp-content\/uploads\/sites\/14\/2016\/10\/graphical-abstract-300x107.jpg\" alt=\"graphical abstract\" width=\"300\" height=\"107\" srcset=\"https:\/\/palotina.ufpr.br\/tetrahedron\/wp-content\/uploads\/sites\/14\/2016\/10\/graphical-abstract-300x107.jpg 300w, https:\/\/palotina.ufpr.br\/tetrahedron\/wp-content\/uploads\/sites\/14\/2016\/10\/graphical-abstract-768x275.jpg 768w, https:\/\/palotina.ufpr.br\/tetrahedron\/wp-content\/uploads\/sites\/14\/2016\/10\/graphical-abstract-1024x367.jpg 1024w, https:\/\/palotina.ufpr.br\/tetrahedron\/wp-content\/uploads\/sites\/14\/2016\/10\/graphical-abstract.jpg 1033w\" sizes=\"(max-width: 300px) 100vw, 300px\" \/><\/p>\n<hr \/>\n<p>16. COIMBRA-ARAUJO, C. ; BERGOLD, A. ; BERTICELLI, D. ; SANTOS, G. ; SCHREINER, M. ; MONTE-ALTO, H. ; SPECK, R. ; FERREIRA, G. ; TONEZER, C. ; ROSSET, I. G. ; BARTELMEBS, R.<strong> A\u00e7\u00f5es de divulga\u00e7\u00e3o e populariza\u00e7\u00e3o das Ci\u00eancias Exatas via ambientes virtuais e espa\u00e7os n\u00e3o formais de educa\u00e7\u00e3o<\/strong>. CADERNO BRASILEIRO DE ENSINO DE F\u00cdSICA, v. 34, p. 649-668, 2017.<\/p>\n<p><img loading=\"lazy\" decoding=\"async\" class=\"alignnone size-medium wp-image-952\" src=\"https:\/\/palotina.ufpr.br\/tetrahedron\/wp-content\/uploads\/sites\/14\/2019\/10\/O-poder-da-educac\u0327a\u0303o-300x116.png\" alt=\"O-poder-da-educac\u0327a\u0303o\" width=\"300\" height=\"116\" srcset=\"https:\/\/palotina.ufpr.br\/tetrahedron\/wp-content\/uploads\/sites\/14\/2019\/10\/O-poder-da-educac\u0327a\u0303o-300x116.png 300w, https:\/\/palotina.ufpr.br\/tetrahedron\/wp-content\/uploads\/sites\/14\/2019\/10\/O-poder-da-educac\u0327a\u0303o-768x297.png 768w, https:\/\/palotina.ufpr.br\/tetrahedron\/wp-content\/uploads\/sites\/14\/2019\/10\/O-poder-da-educac\u0327a\u0303o.png 930w\" sizes=\"(max-width: 300px) 100vw, 300px\" \/><\/p>\n<hr \/>\n<p>15. PAULERT, R. ; ZONETTI, P. ; ROSSET, I. G. . <strong>Aristolochia n\u00e3o \u00e9 planta medicinal de uso interno: uma revis\u00e3o<\/strong>. Rev. Bras. Pl. Med., v. 19, p. 415-424, 2017.<\/p>\n<p><img loading=\"lazy\" decoding=\"async\" class=\"alignnone size-medium wp-image-953\" src=\"https:\/\/palotina.ufpr.br\/tetrahedron\/wp-content\/uploads\/sites\/14\/2019\/10\/papo-de-peru-aristolochia-gigantea-1-3-300x207.jpg\" alt=\"papo-de-peru-aristolochia-gigantea-1-3\" width=\"300\" height=\"207\" srcset=\"https:\/\/palotina.ufpr.br\/tetrahedron\/wp-content\/uploads\/sites\/14\/2019\/10\/papo-de-peru-aristolochia-gigantea-1-3-300x207.jpg 300w, https:\/\/palotina.ufpr.br\/tetrahedron\/wp-content\/uploads\/sites\/14\/2019\/10\/papo-de-peru-aristolochia-gigantea-1-3.jpg 600w\" sizes=\"(max-width: 300px) 100vw, 300px\" \/><\/p>\n<hr \/>\n<p>14. KAWAMURA, M. ; TALERO, A. ; SANTIAGO, J. ; GARAMBEL-VILCA, E. ; ROSSET, I. G. ; BURTOLOSO, ANTONIO C. B. . <strong>Six-Step Syntheses of (-)-1-deoxyaltronojirimycin and (+)-1-deoxymannonojirimycin from N-Z-O-TBDPS-L-serinal<\/strong>. Journal of Organic Chemistry, v. 81, p. 10569-10575, 2016.<\/p>\n<p><img loading=\"lazy\" decoding=\"async\" class=\"alignnone size-medium wp-image-193\" src=\"https:\/\/palotina.ufpr.br\/tetrahedron\/wp-content\/uploads\/sites\/14\/2016\/10\/graphical2-300x99.jpg\" alt=\"graphical2\" width=\"300\" height=\"99\" srcset=\"https:\/\/palotina.ufpr.br\/tetrahedron\/wp-content\/uploads\/sites\/14\/2016\/10\/graphical2-300x99.jpg 300w, https:\/\/palotina.ufpr.br\/tetrahedron\/wp-content\/uploads\/sites\/14\/2016\/10\/graphical2.jpg 537w\" sizes=\"(max-width: 300px) 100vw, 300px\" \/><\/p>\n<hr \/>\n<p>13. FERREIRA, IRLON M. ; DE S. GANZELI, LUISA ; ROSSET, ISAC G. ; YOSHIOKA, S\u00c9RGIO A. ; PORTO, ANDR\u00c9 L. M. . <strong>Ethylic Biodiesel Production Using Lipase Immobilized in Silk Fibroin-Alginate Spheres by Encapsulation<\/strong>. Catalysis Letters, v. 147, p. 269-280, 2016.<\/p>\n<p><img loading=\"lazy\" decoding=\"async\" class=\"alignnone size-medium wp-image-192\" src=\"https:\/\/palotina.ufpr.br\/tetrahedron\/wp-content\/uploads\/sites\/14\/2016\/10\/graphical1-300x135.jpg\" alt=\"graphical1\" width=\"300\" height=\"135\" srcset=\"https:\/\/palotina.ufpr.br\/tetrahedron\/wp-content\/uploads\/sites\/14\/2016\/10\/graphical1-300x135.jpg 300w, https:\/\/palotina.ufpr.br\/tetrahedron\/wp-content\/uploads\/sites\/14\/2016\/10\/graphical1-768x346.jpg 768w, https:\/\/palotina.ufpr.br\/tetrahedron\/wp-content\/uploads\/sites\/14\/2016\/10\/graphical1.jpg 825w\" sizes=\"(max-width: 300px) 100vw, 300px\" \/><\/p>\n<hr \/>\n<p>12. FERREIRA, IRLON M. ; MEIRA, ELO\u00c1 B. ; ROSSET, ISAC G. ; Porto, Andr\u00e9 L.M. . <strong>Chemoselective biohydrogenation of \u03b1,\u03b2- and \u03b1,\u03b2,\u03b3,\u03b4-unsaturated ketones by the marine-derived fungus Penicillium citrinum CBMAI 1186 in a biphasic system<\/strong>. Journal of Molecular Catalysis. B, Enzymatic (Print), v. 115, p. 59-65, 2015.<\/p>\n<p><img loading=\"lazy\" decoding=\"async\" class=\"alignnone size-medium wp-image-196\" src=\"https:\/\/palotina.ufpr.br\/tetrahedron\/wp-content\/uploads\/sites\/14\/2016\/10\/graphical5-300x139.jpg\" alt=\"graphical5\" width=\"300\" height=\"139\" srcset=\"https:\/\/palotina.ufpr.br\/tetrahedron\/wp-content\/uploads\/sites\/14\/2016\/10\/graphical5-300x139.jpg 300w, https:\/\/palotina.ufpr.br\/tetrahedron\/wp-content\/uploads\/sites\/14\/2016\/10\/graphical5.jpg 492w\" sizes=\"(max-width: 300px) 100vw, 300px\" \/><\/p>\n<hr \/>\n<p>11. ROSSET, I. G.; PORTO, A. L. M. . <strong>Cat\u00e1lise Enzim\u00e1tica: Transesterifica\u00e7\u00e3o do \u00d3leo de Soja e Esterifica\u00e7\u00e3o do \u00c1cido Oleico via Lipases<\/strong>. Revista Brasileira de Energias Renov\u00e1veis, v. 4, p. 64-78, 2015.<\/p>\n<p><img loading=\"lazy\" decoding=\"async\" class=\"alignnone size-medium wp-image-194\" src=\"https:\/\/palotina.ufpr.br\/tetrahedron\/wp-content\/uploads\/sites\/14\/2016\/10\/graphical3-300x105.jpg\" alt=\"graphical3\" width=\"300\" height=\"105\" srcset=\"https:\/\/palotina.ufpr.br\/tetrahedron\/wp-content\/uploads\/sites\/14\/2016\/10\/graphical3-300x105.jpg 300w, https:\/\/palotina.ufpr.br\/tetrahedron\/wp-content\/uploads\/sites\/14\/2016\/10\/graphical3.jpg 600w\" sizes=\"(max-width: 300px) 100vw, 300px\" \/><\/p>\n<hr \/>\n<p>10. ROSSET, ISAC G.; DIAS, RAFAEL M. P. ; PINHO, VAGNER D. ; BURTOLOSO, ANTONIO CARLOS BENDER . <strong>A Three-Step Synthesis of (+\/-)-Preussin from Decanal<\/strong>. Journal of Organic Chemistry, v. 79, p. 6748-6753, 2014.<\/p>\n<p><img loading=\"lazy\" decoding=\"async\" class=\"alignnone size-medium wp-image-195\" src=\"https:\/\/palotina.ufpr.br\/tetrahedron\/wp-content\/uploads\/sites\/14\/2016\/10\/graphical4-300x70.jpg\" alt=\"graphical4\" width=\"300\" height=\"70\" srcset=\"https:\/\/palotina.ufpr.br\/tetrahedron\/wp-content\/uploads\/sites\/14\/2016\/10\/graphical4-300x70.jpg 300w, https:\/\/palotina.ufpr.br\/tetrahedron\/wp-content\/uploads\/sites\/14\/2016\/10\/graphical4.jpg 528w\" sizes=\"(max-width: 300px) 100vw, 300px\" \/><\/p>\n<hr \/>\n<p>9. G. ROSSET, ISAC; M. ASSAF, ELISABETE ; L. M. PORTO, ANDRE .<strong> Biocatalytic Production of Ethyl Esters (Biodiesel) by Enzymatic Transesterification from Synthetic Triolein<\/strong>. Current Catalysis, v. 2, p. 53-61, 2013.<\/p>\n<p><img loading=\"lazy\" decoding=\"async\" class=\"alignnone size-medium wp-image-197\" src=\"https:\/\/palotina.ufpr.br\/tetrahedron\/wp-content\/uploads\/sites\/14\/2016\/10\/graphical6-300x194.jpg\" alt=\"graphical6\" width=\"300\" height=\"194\" srcset=\"https:\/\/palotina.ufpr.br\/tetrahedron\/wp-content\/uploads\/sites\/14\/2016\/10\/graphical6-300x194.jpg 300w, https:\/\/palotina.ufpr.br\/tetrahedron\/wp-content\/uploads\/sites\/14\/2016\/10\/graphical6-768x497.jpg 768w, https:\/\/palotina.ufpr.br\/tetrahedron\/wp-content\/uploads\/sites\/14\/2016\/10\/graphical6-75x50.jpg 75w, https:\/\/palotina.ufpr.br\/tetrahedron\/wp-content\/uploads\/sites\/14\/2016\/10\/graphical6.jpg 809w\" sizes=\"(max-width: 300px) 100vw, 300px\" \/><\/p>\n<hr \/>\n<p>8. ROCHA, L. C. ; ROSSET, I. G. ; MELGAR, G. Z. ; RAMINELLI, C. ; PORTO, A. L. M. ; Jeller, A. H. . <strong>Chemoenzymatic Resolution of \u03b2-Azidophenylethanols by Candida antarctica and their Application for the Synthesis of Chiral Benzotriazoles<\/strong>. Journal of the Brazilian Chemical Society (Impresso), v. 24, p. 1427-1432, 2013.<\/p>\n<p><img loading=\"lazy\" decoding=\"async\" class=\"alignnone size-medium wp-image-198\" src=\"https:\/\/palotina.ufpr.br\/tetrahedron\/wp-content\/uploads\/sites\/14\/2016\/10\/graphical7-300x116.jpg\" alt=\"graphical7\" width=\"300\" height=\"116\" srcset=\"https:\/\/palotina.ufpr.br\/tetrahedron\/wp-content\/uploads\/sites\/14\/2016\/10\/graphical7-300x116.jpg 300w, https:\/\/palotina.ufpr.br\/tetrahedron\/wp-content\/uploads\/sites\/14\/2016\/10\/graphical7.jpg 617w\" sizes=\"(max-width: 300px) 100vw, 300px\" \/><\/p>\n<hr \/>\n<p>7. ROSSET, I. G.; TAVARES, M. C. H. ; Assaf, Elisabete M. ; PORTO, A. L. M. .<strong> Enzymatic Esterification of Oleic Acid with Aliphatic Alcohols for the Biodiesel Production by Candida antarctica Lipase<\/strong>. Catalysis Letters, v. 143, p. 863-872, 2013.<\/p>\n<p><img loading=\"lazy\" decoding=\"async\" class=\"alignnone size-medium wp-image-199\" src=\"https:\/\/palotina.ufpr.br\/tetrahedron\/wp-content\/uploads\/sites\/14\/2016\/10\/graphical8-300x254.jpg\" alt=\"graphical8\" width=\"300\" height=\"254\" srcset=\"https:\/\/palotina.ufpr.br\/tetrahedron\/wp-content\/uploads\/sites\/14\/2016\/10\/graphical8-300x254.jpg 300w, https:\/\/palotina.ufpr.br\/tetrahedron\/wp-content\/uploads\/sites\/14\/2016\/10\/graphical8.jpg 607w\" sizes=\"(max-width: 300px) 100vw, 300px\" \/><\/p>\n<hr \/>\n<p>6. ROSSET, ISAC G.; BURTOLOSO, ANTONIO CARLOS BENDER . <strong>Preparation of Z-alpha,beta-Unsaturated Diazoketones from Aldehydes. Application in the Construction of Substituted Dihydropyridin-3-one<\/strong>.. Journal of Organic Chemistry, v. 78, p. 9464-9470, 2013.<\/p>\n<p><img loading=\"lazy\" decoding=\"async\" class=\"alignnone size-medium wp-image-200\" src=\"https:\/\/palotina.ufpr.br\/tetrahedron\/wp-content\/uploads\/sites\/14\/2016\/10\/graphical9-300x82.jpg\" alt=\"graphical9\" width=\"300\" height=\"82\" srcset=\"https:\/\/palotina.ufpr.br\/tetrahedron\/wp-content\/uploads\/sites\/14\/2016\/10\/graphical9-300x82.jpg 300w, https:\/\/palotina.ufpr.br\/tetrahedron\/wp-content\/uploads\/sites\/14\/2016\/10\/graphical9.jpg 524w\" sizes=\"(max-width: 300px) 100vw, 300px\" \/><\/p>\n<hr \/>\n<p>5. SGOBBI, L. F. ; RAZZINO, C. A. ; ROSSET, I. G. ; BURTOLOSO, A. C. B. ; MACHADO, S. A. S. . <strong>Electrochemistry and UV-vis spectroscopy of synthetic thiocholine: Revisiting the electro-oxidation mechanism<\/strong>. Electrochimica Acta, v. 112, p. 500-504, 2013.<\/p>\n<p><img loading=\"lazy\" decoding=\"async\" class=\"alignnone size-medium wp-image-201\" src=\"https:\/\/palotina.ufpr.br\/tetrahedron\/wp-content\/uploads\/sites\/14\/2016\/10\/graphical10-300x125.jpg\" alt=\"graphical10\" width=\"300\" height=\"125\" srcset=\"https:\/\/palotina.ufpr.br\/tetrahedron\/wp-content\/uploads\/sites\/14\/2016\/10\/graphical10-300x125.jpg 300w, https:\/\/palotina.ufpr.br\/tetrahedron\/wp-content\/uploads\/sites\/14\/2016\/10\/graphical10.jpg 520w\" sizes=\"(max-width: 300px) 100vw, 300px\" \/><\/p>\n<hr \/>\n<p>4. BURTOLOSO, ANTONIO ; BERTONHA, ARIANE ; ROSSET, ISAC .<strong> Synthesis of Alkaloids: Recent Advances in the Synthesis of Phenanthroindolizidine Alkaloids<\/strong>. CURRENT TOPICS IN MEDICINAL CHEMISTRY, v. 14, p. 191-199, 2013.<\/p>\n<p><img loading=\"lazy\" decoding=\"async\" class=\"alignnone size-medium wp-image-202\" src=\"https:\/\/palotina.ufpr.br\/tetrahedron\/wp-content\/uploads\/sites\/14\/2016\/10\/graphical11-300x85.jpg\" alt=\"graphical11\" width=\"300\" height=\"85\" srcset=\"https:\/\/palotina.ufpr.br\/tetrahedron\/wp-content\/uploads\/sites\/14\/2016\/10\/graphical11-300x85.jpg 300w, https:\/\/palotina.ufpr.br\/tetrahedron\/wp-content\/uploads\/sites\/14\/2016\/10\/graphical11.jpg 754w\" sizes=\"(max-width: 300px) 100vw, 300px\" \/><\/p>\n<hr \/>\n<p>3. Rocha, Lenilson C. ; Luiz, Rodrigo F. ; ROSSET, I. G. ; Raminelli, Cristiano ; Seleghim, Mirna H. R. ; Sette, Lara Dur\u00e3es ; Porto, Andr\u00e9 L. M. . <strong>Bioconversion of Iodoacetophenones by Marine Fungi<\/strong>. Marine Biotechnology (Print), v. 14, p. 396-401, 2012.<\/p>\n<p><img loading=\"lazy\" decoding=\"async\" class=\"alignnone size-medium wp-image-203\" src=\"https:\/\/palotina.ufpr.br\/tetrahedron\/wp-content\/uploads\/sites\/14\/2016\/10\/graphical12-300x101.jpg\" alt=\"graphical12\" width=\"300\" height=\"101\" srcset=\"https:\/\/palotina.ufpr.br\/tetrahedron\/wp-content\/uploads\/sites\/14\/2016\/10\/graphical12-300x101.jpg 300w, https:\/\/palotina.ufpr.br\/tetrahedron\/wp-content\/uploads\/sites\/14\/2016\/10\/graphical12.jpg 544w\" sizes=\"(max-width: 300px) 100vw, 300px\" \/><\/p>\n<hr \/>\n<p>2. ROSSET, I. G.; Tavares, Maria Cec\u00edlia H. ; Assaf, Elisabete M. ; Porto, Andr\u00e9 Luiz M. . <strong>Catalytic ethanolysis of soybean oil with immobilized lipase from Candida antarctica and 1H NMR and GC quantification of the ethyl esters (biodiesel) produced<\/strong>. Applied Catalysis. A, General (Print), v. 392, p. 136-142, 2011.<\/p>\n<p><img loading=\"lazy\" decoding=\"async\" class=\"alignnone size-medium wp-image-205\" src=\"https:\/\/palotina.ufpr.br\/tetrahedron\/wp-content\/uploads\/sites\/14\/2016\/10\/graphical13-300x75.jpg\" alt=\"graphical13\" width=\"300\" height=\"75\" srcset=\"https:\/\/palotina.ufpr.br\/tetrahedron\/wp-content\/uploads\/sites\/14\/2016\/10\/graphical13-300x75.jpg 300w, https:\/\/palotina.ufpr.br\/tetrahedron\/wp-content\/uploads\/sites\/14\/2016\/10\/graphical13.jpg 611w\" sizes=\"(max-width: 300px) 100vw, 300px\" \/><\/p>\n<hr \/>\n<p>1. Rocha, Lenilson C. ; ROSSET, I. G. ; Luiz, Rodrigo F. ; Raminelli, Cristiano ; Porto, Andr\u00e9 L.M. . <strong>Kinetic resolution of iodophenylethanols by Candida antarctica lipase and their application for the synthesis of chiral biphenyl compounds<\/strong>. Tetrahedron: Asymmetry (Print), v. 21, p. 926-929, 2010.<\/p>\n<p><img loading=\"lazy\" decoding=\"async\" class=\"alignnone size-medium wp-image-204\" src=\"https:\/\/palotina.ufpr.br\/tetrahedron\/wp-content\/uploads\/sites\/14\/2016\/10\/graphical14-300x97.jpg\" alt=\"graphical14\" width=\"300\" height=\"97\" srcset=\"https:\/\/palotina.ufpr.br\/tetrahedron\/wp-content\/uploads\/sites\/14\/2016\/10\/graphical14-300x97.jpg 300w, https:\/\/palotina.ufpr.br\/tetrahedron\/wp-content\/uploads\/sites\/14\/2016\/10\/graphical14.jpg 466w\" sizes=\"(max-width: 300px) 100vw, 300px\" \/><\/p>\n<hr \/>\n<p>&nbsp;<\/p>\n","protected":false},"excerpt":{"rendered":"<p>Publica\u00e7\u00f5es de artigos em peri\u00f3dicos especializados 23.\u00a0CARDOSO DE PAULA, SAMUEL FILIPE ; ROSSET, ISAC GEORGE ; MELEIRO PORTO, ANDR\u00c9 LUIZ . Hydroxylated steroids IN C-7 and C-15 positions from progesterone BIO-OXIDATION by the marine-derived fungus Penicillium oxalicum CBMAI 1996. BIOCATALYSIS AND AGRICULTURAL BIOTECHNOLOGY, v. 37, p. 102167, 2021. 22.\u00a0R\u00d3DIO, G. R.; ROSSET, I. G.; BRANDALIZE, &hellip; <\/p>\n<p><a class=\"more-link btn\" href=\"https:\/\/palotina.ufpr.br\/tetrahedron\/artigos\/\">Continue lendo<\/a><\/p>\n","protected":false},"author":1412,"featured_media":0,"parent":0,"menu_order":0,"comment_status":"closed","ping_status":"closed","template":"","meta":{"_acf_changed":false,"footnotes":""},"class_list":["post-730","page","type-page","status-publish","hentry","nodate","item-wrap"],"acf":[],"_links":{"self":[{"href":"https:\/\/palotina.ufpr.br\/tetrahedron\/wp-json\/wp\/v2\/pages\/730","targetHints":{"allow":["GET"]}}],"collection":[{"href":"https:\/\/palotina.ufpr.br\/tetrahedron\/wp-json\/wp\/v2\/pages"}],"about":[{"href":"https:\/\/palotina.ufpr.br\/tetrahedron\/wp-json\/wp\/v2\/types\/page"}],"author":[{"embeddable":true,"href":"https:\/\/palotina.ufpr.br\/tetrahedron\/wp-json\/wp\/v2\/users\/1412"}],"replies":[{"embeddable":true,"href":"https:\/\/palotina.ufpr.br\/tetrahedron\/wp-json\/wp\/v2\/comments?post=730"}],"version-history":[{"count":10,"href":"https:\/\/palotina.ufpr.br\/tetrahedron\/wp-json\/wp\/v2\/pages\/730\/revisions"}],"predecessor-version":[{"id":1156,"href":"https:\/\/palotina.ufpr.br\/tetrahedron\/wp-json\/wp\/v2\/pages\/730\/revisions\/1156"}],"wp:attachment":[{"href":"https:\/\/palotina.ufpr.br\/tetrahedron\/wp-json\/wp\/v2\/media?parent=730"}],"curies":[{"name":"wp","href":"https:\/\/api.w.org\/{rel}","templated":true}]}}