{"id":866,"date":"2021-01-05T13:21:09","date_gmt":"2021-01-05T13:21:09","guid":{"rendered":"https:\/\/palotina.ufpr.br\/tetrahedron\/?page_id=866"},"modified":"2023-08-01T21:33:36","modified_gmt":"2023-08-01T21:33:36","slug":"produtos-naturais","status":"publish","type":"page","link":"https:\/\/palotina.ufpr.br\/tetrahedron\/produtos-naturais\/","title":{"rendered":"Qu\u00edmica Pr\u00e9-Bi\u00f3tica"},"content":{"rendered":"\t\t<div data-elementor-type=\"wp-page\" data-elementor-id=\"866\" class=\"elementor elementor-866\">\n\t\t\t\t\t\t<section class=\"elementor-section elementor-top-section elementor-element elementor-element-2cb41641 elementor-section-boxed elementor-section-height-default elementor-section-height-default\" data-id=\"2cb41641\" data-element_type=\"section\" data-e-type=\"section\">\n\t\t\t\t\t\t<div class=\"elementor-container elementor-column-gap-default\">\n\t\t\t\t\t<div class=\"elementor-column elementor-col-100 elementor-top-column elementor-element elementor-element-5f695a37\" data-id=\"5f695a37\" data-element_type=\"column\" data-e-type=\"column\">\n\t\t\t<div class=\"elementor-widget-wrap elementor-element-populated\">\n\t\t\t\t\t\t<div class=\"elementor-element elementor-element-1b571e7c elementor-widget elementor-widget-text-editor\" data-id=\"1b571e7c\" data-element_type=\"widget\" data-e-type=\"widget\" data-widget_type=\"text-editor.default\">\n\t\t\t\t<div class=\"elementor-widget-container\">\n\t\t\t\t\t\t\t\t\t<p><img fetchpriority=\"high\" decoding=\"async\" class=\"alignnone wp-image-2098 size-medium\" src=\"https:\/\/palotina.ufpr.br\/tetrahedron\/wp-content\/uploads\/sites\/14\/2023\/08\/prebioticChemicalRefugia-300x212.jpg\" alt=\"\" width=\"300\" height=\"212\" srcset=\"https:\/\/palotina.ufpr.br\/tetrahedron\/wp-content\/uploads\/sites\/14\/2023\/08\/prebioticChemicalRefugia-300x212.jpg 300w, https:\/\/palotina.ufpr.br\/tetrahedron\/wp-content\/uploads\/sites\/14\/2023\/08\/prebioticChemicalRefugia-768x544.jpg 768w, https:\/\/palotina.ufpr.br\/tetrahedron\/wp-content\/uploads\/sites\/14\/2023\/08\/prebioticChemicalRefugia-870x616.jpg 870w, https:\/\/palotina.ufpr.br\/tetrahedron\/wp-content\/uploads\/sites\/14\/2023\/08\/prebioticChemicalRefugia.jpg 884w\" sizes=\"(max-width: 300px) 100vw, 300px\" \/><\/p><h4><span style=\"font-weight: normal\">Nesta \u00e1rea, fazemos uso de ferramentas computacionais para simula\u00e7\u00e3o de rea\u00e7\u00f5es qu\u00edmicas que podem ter dado origem as principais biomol\u00e9culas essenciais a vida.<\/span><\/h4>\t\t\t\t\t\t\t\t<\/div>\n\t\t\t\t<\/div>\n\t\t\t\t\t<\/div>\n\t\t<\/div>\n\t\t\t\t\t<\/div>\n\t\t<\/section>\n\t\t\t\t<\/div>\n\t\t","protected":false},"excerpt":{"rendered":"<p>Nesta \u00e1rea, fazemos uso de ferramentas computacionais para simula\u00e7\u00e3o de rea\u00e7\u00f5es qu\u00edmicas que podem ter dado origem as principais biomol\u00e9culas essenciais a vida.<\/p>\n","protected":false},"author":1412,"featured_media":0,"parent":0,"menu_order":0,"comment_status":"closed","ping_status":"closed","template":"","meta":{"_acf_changed":false,"footnotes":""},"class_list":["post-866","page","type-page","status-publish","hentry","nodate","item-wrap"],"acf":[],"_links":{"self":[{"href":"https:\/\/palotina.ufpr.br\/tetrahedron\/wp-json\/wp\/v2\/pages\/866","targetHints":{"allow":["GET"]}}],"collection":[{"href":"https:\/\/palotina.ufpr.br\/tetrahedron\/wp-json\/wp\/v2\/pages"}],"about":[{"href":"https:\/\/palotina.ufpr.br\/tetrahedron\/wp-json\/wp\/v2\/types\/page"}],"author":[{"embeddable":true,"href":"https:\/\/palotina.ufpr.br\/tetrahedron\/wp-json\/wp\/v2\/users\/1412"}],"replies":[{"embeddable":true,"href":"https:\/\/palotina.ufpr.br\/tetrahedron\/wp-json\/wp\/v2\/comments?post=866"}],"version-history":[{"count":10,"href":"https:\/\/palotina.ufpr.br\/tetrahedron\/wp-json\/wp\/v2\/pages\/866\/revisions"}],"predecessor-version":[{"id":2106,"href":"https:\/\/palotina.ufpr.br\/tetrahedron\/wp-json\/wp\/v2\/pages\/866\/revisions\/2106"}],"wp:attachment":[{"href":"https:\/\/palotina.ufpr.br\/tetrahedron\/wp-json\/wp\/v2\/media?parent=866"}],"curies":[{"name":"wp","href":"https:\/\/api.w.org\/{rel}","templated":true}]}}