{"id":870,"date":"2021-01-05T13:22:31","date_gmt":"2021-01-05T13:22:31","guid":{"rendered":"https:\/\/palotina.ufpr.br\/tetrahedron\/?page_id=870"},"modified":"2025-03-20T18:10:09","modified_gmt":"2025-03-20T18:10:09","slug":"materiais-funcionais","status":"publish","type":"page","link":"https:\/\/palotina.ufpr.br\/tetrahedron\/materiais-funcionais\/","title":{"rendered":"Nanomateriais e Biomol\u00e9culas"},"content":{"rendered":"<h2><\/h2>\n<p><img decoding=\"async\" class=\"alignnone wp-image-2443 size-medium\" src=\"https:\/\/palotina.ufpr.br\/tetrahedron\/wp-content\/uploads\/sites\/14\/2025\/03\/Amino-acid-modifed-graphene-for-water-treatment-300x156.png\" alt=\"\" width=\"300\" height=\"156\" srcset=\"https:\/\/palotina.ufpr.br\/tetrahedron\/wp-content\/uploads\/sites\/14\/2025\/03\/Amino-acid-modifed-graphene-for-water-treatment-300x156.png 300w, https:\/\/palotina.ufpr.br\/tetrahedron\/wp-content\/uploads\/sites\/14\/2025\/03\/Amino-acid-modifed-graphene-for-water-treatment-1024x532.png 1024w, https:\/\/palotina.ufpr.br\/tetrahedron\/wp-content\/uploads\/sites\/14\/2025\/03\/Amino-acid-modifed-graphene-for-water-treatment-768x399.png 768w, https:\/\/palotina.ufpr.br\/tetrahedron\/wp-content\/uploads\/sites\/14\/2025\/03\/Amino-acid-modifed-graphene-for-water-treatment-1536x799.png 1536w, https:\/\/palotina.ufpr.br\/tetrahedron\/wp-content\/uploads\/sites\/14\/2025\/03\/Amino-acid-modifed-graphene-for-water-treatment-2048x1065.png 2048w, https:\/\/palotina.ufpr.br\/tetrahedron\/wp-content\/uploads\/sites\/14\/2025\/03\/Amino-acid-modifed-graphene-for-water-treatment-870x452.png 870w\" sizes=\"(max-width: 300px) 100vw, 300px\" \/><\/p>\n<h4>Nessa \u00e1rea de pesquisa usamos simula\u00e7\u00f5es computacionais para estudar a intera\u00e7\u00e3o de nanomateriais (grafeno, \u00f3xido de grafeno, ect) e biomol\u00e9culas (enzimas, prote\u00ednas, etc). Para isso, empregamos t\u00e9cnicas cl\u00e1ssicas e qu\u00e2nticas.<\/h4>\n","protected":false},"excerpt":{"rendered":"<p>Nessa \u00e1rea de pesquisa usamos simula\u00e7\u00f5es computacionais para estudar a intera\u00e7\u00e3o de nanomateriais (grafeno, \u00f3xido de grafeno, ect) e biomol\u00e9culas (enzimas, prote\u00ednas, etc). Para isso, empregamos t\u00e9cnicas cl\u00e1ssicas e qu\u00e2nticas.<\/p>\n","protected":false},"author":1412,"featured_media":0,"parent":0,"menu_order":0,"comment_status":"closed","ping_status":"closed","template":"","meta":{"_acf_changed":false,"footnotes":""},"class_list":["post-870","page","type-page","status-publish","hentry","nodate","item-wrap"],"acf":[],"_links":{"self":[{"href":"https:\/\/palotina.ufpr.br\/tetrahedron\/wp-json\/wp\/v2\/pages\/870","targetHints":{"allow":["GET"]}}],"collection":[{"href":"https:\/\/palotina.ufpr.br\/tetrahedron\/wp-json\/wp\/v2\/pages"}],"about":[{"href":"https:\/\/palotina.ufpr.br\/tetrahedron\/wp-json\/wp\/v2\/types\/page"}],"author":[{"embeddable":true,"href":"https:\/\/palotina.ufpr.br\/tetrahedron\/wp-json\/wp\/v2\/users\/1412"}],"replies":[{"embeddable":true,"href":"https:\/\/palotina.ufpr.br\/tetrahedron\/wp-json\/wp\/v2\/comments?post=870"}],"version-history":[{"count":4,"href":"https:\/\/palotina.ufpr.br\/tetrahedron\/wp-json\/wp\/v2\/pages\/870\/revisions"}],"predecessor-version":[{"id":2444,"href":"https:\/\/palotina.ufpr.br\/tetrahedron\/wp-json\/wp\/v2\/pages\/870\/revisions\/2444"}],"wp:attachment":[{"href":"https:\/\/palotina.ufpr.br\/tetrahedron\/wp-json\/wp\/v2\/media?parent=870"}],"curies":[{"name":"wp","href":"https:\/\/api.w.org\/{rel}","templated":true}]}}